{"id":624,"date":"2021-06-13T11:53:13","date_gmt":"2021-06-13T11:53:13","guid":{"rendered":"http:\/\/barzo.com.br\/shop\/?post_type=product&#038;p=624"},"modified":"2021-07-11T21:07:01","modified_gmt":"2021-07-11T21:07:01","slug":"smart-tv-crystal-uhd-4k-led-50-samsung-50tu8000-wi-fi-bluetooth-hdr-3-hdmi-2-usb-copia","status":"publish","type":"product","link":"https:\/\/barzo.com.br\/shop\/produto\/smart-tv-crystal-uhd-4k-led-50-samsung-50tu8000-wi-fi-bluetooth-hdr-3-hdmi-2-usb-copia\/","title":{"rendered":"[ENCERRADA]Smart TV Crystal UHD 4K LED 50\u201d Samsung &#8211; 50TU8000 Wi-Fi Bluetooth HDR 3 HDMI 2 USB (c\u00f3pia)"},"content":{"rendered":"<p><strong><span style=\"color: #000000;\">Descri\u00e7\u00e3o<\/span><\/strong><\/p>\n<p>Tenha uma tela de cinema no conforto da sua sala com a Smart TV, modelo 50TU8000, da Samsung. Ela traz resolu\u00e7\u00e3o 4K, que oferece uma experi\u00eancia \u00fanica com imagens mais realistas para voc\u00ea n\u00e3o perder nenhum detalhe, al\u00e9m de frequ\u00eancia 60Hz e tecnologia Crystal UHD. Com o HDR 10+ ela oferece cores mais apuradas e vivas e design superior com cabos escondidos e a tela mais fina. Com a tecnologia da tela LED, com 50&#8243;, ela permite uma verdadeira imers\u00e3o, independente da onde se olhe e a borda ultrafina com o design sofisticado com 3 bordas proporciona eleg\u00e2ncia ao ambiente. Suas 3 entradas HDMI, 2 de USB, Wi-Fi e Bluetooth possibilitam entretenimento ilimitado por horas e horas. Ela possui, ainda, m\u00faltiplos assistentes pessoais com compatibilidade com Alexia e Bixby e controle remoto \u00fanico para controlar diversos aparelhos conectados \u00e0 TV. Ela tamb\u00e9m \u00e9 perfeita para voc\u00ea que gosta de jogar, pois como o modo game, oferece o melhor tempo de resposta poss\u00edvel!<\/p>\n<p>&nbsp;<\/p>\n<p><strong>Ficha T\u00e9cnica<\/strong><\/p>\n<table class=\"tab ficha-tecnica\">\n<tbody>\n<tr class=\"element level1 odd\">\n<td class=\"name\">Informa\u00e7\u00f5es t\u00e9cnicas<\/td>\n<td class=\"element\">\n<table>\n<tbody>\n<tr class=\"attribute level2 odd\">\n<td>Marca<\/td>\n<td>Samsung<\/td>\n<\/tr>\n<tr class=\"attribute level2 even\">\n<td>Refer\u00eancia<\/td>\n<td>UN50TU8000GXZD<\/td>\n<\/tr>\n<tr class=\"attribute level2 odd\">\n<td>Modelo<\/td>\n<td>50TU8000<\/td>\n<\/tr>\n<\/tbody>\n<\/table>\n<\/td>\n<\/tr>\n<tr class=\"attribute level1 even\">\n<td class=\"name\">Polegadas<\/td>\n<td class=\"element\">50&#8243;<\/td>\n<\/tr>\n<tr class=\"attribute level1 odd\">\n<td class=\"name\">Resolu\u00e7\u00e3o<\/td>\n<td class=\"element\">4K<\/td>\n<\/tr>\n<tr class=\"attribute level1 even\">\n<td class=\"name\">Tecnologia<\/td>\n<td class=\"element\">&#8211; LED<br \/>\n&#8211; Crystal UHD<\/td>\n<\/tr>\n<tr class=\"attribute level1 odd\">\n<td class=\"name\">Recursos<\/td>\n<td class=\"element\">&#8211; PQI (Picture Quality Index) 2100<br \/>\n&#8211; HDR Premium<br \/>\n&#8211; HRD 10+<br \/>\n&#8211; Smart<\/td>\n<\/tr>\n<tr class=\"attribute level1 even\">\n<td class=\"name\">Frequ\u00eancia<\/td>\n<td class=\"element\">60Hz<\/td>\n<\/tr>\n<tr class=\"attribute level1 odd\">\n<td class=\"name\">Sistema operacional<\/td>\n<td class=\"element\">Tizen<\/td>\n<\/tr>\n<tr class=\"attribute level1 even\">\n<td class=\"name\">Conectividade<\/td>\n<td class=\"element\">&#8211; Wi-Fi<br \/>\n&#8211; Bluetooth 4.2<\/td>\n<\/tr>\n<tr class=\"attribute level1 odd\">\n<td class=\"name\">Conex\u00f5es<\/td>\n<td class=\"element\">&#8211; 3 HDMI<br \/>\n&#8211; 2 USB<br \/>\n&#8211; 1 Entrada composto (AV)<br \/>\n&#8211; 1 Ethernet (LAN)<br \/>\n&#8211; 1 Sa\u00edda de \u00c1udio Digital \u00d3ptica<br \/>\n&#8211; 1 Entrada de RF<\/td>\n<\/tr>\n<tr class=\"attribute level1 even\">\n<td class=\"name\">Processador<\/td>\n<td class=\"element\">Crystal UHD<\/td>\n<\/tr>\n<tr class=\"attribute level1 odd\">\n<td class=\"name\">Controle remoto<\/td>\n<td class=\"element\">Controle Remoto \u00danico<\/td>\n<\/tr>\n<tr class=\"attribute level1 even\">\n<td class=\"name\">Assistente virtual<\/td>\n<td class=\"element\">&#8211; Compat\u00edvel com Alexa<br \/>\n&#8211; Bixby<\/td>\n<\/tr>\n<tr class=\"attribute level1 odd\">\n<td class=\"name\">Modo game<\/td>\n<td class=\"element\">Sim<\/td>\n<\/tr>\n<tr class=\"attribute level1 even\">\n<td class=\"name\">Recursos exclusivos da marca<\/td>\n<td class=\"element\">Espelhamento por aproxima\u00e7\u00e3o<\/td>\n<\/tr>\n<tr class=\"element level1 odd\">\n<td class=\"name\">Tela<\/td>\n<td class=\"element\">\n<table>\n<tbody>\n<tr class=\"attribute level2 even\">\n<td>Resolu\u00e7\u00e3o (Pixels)<\/td>\n<td>3840&#215;2160<\/td>\n<\/tr>\n<\/tbody>\n<\/table>\n<\/td>\n<\/tr>\n<tr class=\"element level1 even\">\n<td class=\"name\">Som<\/td>\n<td class=\"element\">\n<table>\n<tbody>\n<tr class=\"attribute level2 odd\">\n<td>Pot\u00eancia dos Alto-falantes<\/td>\n<td>20W RMS<\/td>\n<\/tr>\n<tr class=\"attribute level2 even\">\n<td>Sistema de som<\/td>\n<td>2 Canais<\/td>\n<\/tr>\n<tr class=\"attribute level2 odd\">\n<td>Mute<\/td>\n<td>Sim<\/td>\n<\/tr>\n<\/tbody>\n<\/table>\n<\/td>\n<\/tr>\n<tr class=\"element level1 odd\">\n<td class=\"name\">Fun\u00e7\u00f5es<\/td>\n<td class=\"element\">\n<table>\n<tbody>\n<tr class=\"attribute level2 even\">\n<td>Closed caption<\/td>\n<td>Sim<\/td>\n<\/tr>\n<tr class=\"attribute level2 odd\">\n<td>Sleep timer<\/td>\n<td>Sim<\/td>\n<\/tr>\n<\/tbody>\n<\/table>\n<\/td>\n<\/tr>\n<tr class=\"attribute level1 even\">\n<td class=\"name\">P\u00e9s<\/td>\n<td class=\"element\">Sim<\/td>\n<\/tr>\n<tr class=\"element level1 odd\">\n<td class=\"name\">Energia<\/td>\n<td class=\"element\">\n<table>\n<tbody>\n<tr class=\"attribute level2 even\">\n<td>Voltagem<\/td>\n<td>Bivolt<\/td>\n<\/tr>\n<\/tbody>\n<\/table>\n<\/td>\n<\/tr>\n<tr class=\"attribute level1 even\">\n<td class=\"name\">Cor da base<\/td>\n<td class=\"element\">Preto<\/td>\n<\/tr>\n<tr class=\"attribute level1 odd\">\n<td class=\"name\">Cor da borda<\/td>\n<td class=\"element\">Preto<\/td>\n<\/tr>\n<tr class=\"attribute level1 even\">\n<td class=\"name\">Padr\u00e3o de fura\u00e7\u00e3o<\/td>\n<td class=\"element\">Vesa<\/td>\n<\/tr>\n<tr class=\"attribute level1 odd\">\n<td class=\"name\">INMETRO<\/td>\n<td class=\"element\">005993\/2017<\/td>\n<\/tr>\n<tr class=\"element level1 even\">\n<td class=\"name\">Peso aproximado<\/td>\n<td class=\"element\">\n<table>\n<tbody>\n<tr class=\"attribute level2 odd\">\n<td>\u00a0Peso do produto<\/td>\n<td>&#8211; Com suporte: 11,6kg<br \/>\n&#8211; Sem suporte: 11.4kg<\/td>\n<\/tr>\n<tr class=\"attribute level2 even\">\n<td>\u00a0Peso do produto com embalagem<\/td>\n<td>16kg<\/td>\n<\/tr>\n<\/tbody>\n<\/table>\n<\/td>\n<\/tr>\n<tr class=\"element level1 odd\">\n<td class=\"name\">Dimens\u00f5es do produto<\/td>\n<td class=\"element\">\n<table>\n<tbody>\n<tr class=\"attribute level2 odd\">\n<td>\u00a0Largura<\/td>\n<td>&#8211; Com suporte: 111,68cm<br \/>\n&#8211; Sem suporte: 111,68cm<\/td>\n<\/tr>\n<tr class=\"attribute level2 even\">\n<td>\u00a0Altura<\/td>\n<td>&#8211; Com suporte: 71,9cm<br \/>\n&#8211; Sem suporte: 64,4cm<\/td>\n<\/tr>\n<tr class=\"attribute level2 odd\">\n<td>\u00a0Profundidade<\/td>\n<td>&#8211; Com suporte: 25cm<br \/>\n&#8211; Sem suporte: 5,99cm<\/td>\n<\/tr>\n<\/tbody>\n<\/table>\n<\/td>\n<\/tr>\n<tr class=\"element level1 even\">\n<td class=\"name\">Dimens\u00f5es do produto com embalagem<\/td>\n<td class=\"element\">\n<table>\n<tbody>\n<tr class=\"attribute level2 even\">\n<td>\u00a0Largura<\/td>\n<td>126,4cm<\/td>\n<\/tr>\n<tr class=\"attribute level2 odd\">\n<td>\u00a0Altura<\/td>\n<td>78cm<\/td>\n<\/tr>\n<tr class=\"attribute level2 even\">\n<td>\u00a0Profundidade<\/td>\n<td>15cm<\/td>\n<\/tr>\n<\/tbody>\n<\/table>\n<\/td>\n<\/tr>\n<tr class=\"element level1 odd\">\n<td class=\"name\">Garantia<\/td>\n<td class=\"element\">\n<table>\n<tbody>\n<tr class=\"attribute level2 odd\">\n<td>Prazo de Garantia<\/td>\n<td>01 ano (3 meses de garantia legal e mais 9 meses de garantia especial concedida pelo fabricante).<\/td>\n<\/tr>\n<\/tbody>\n<\/table>\n<\/td>\n<\/tr>\n<tr class=\"attribute level1 even\">\n<td class=\"name\">SAC do fornecedor (E-mail)<\/td>\n<td class=\"element\">contato@samsung.com<\/td>\n<\/tr>\n<\/tbody>\n<\/table>\n<p><strong>Conte\u00fado da Embalagem<\/strong><\/p>\n<table class=\"tab conteudo-da-embalagem\">\n<tbody>\n<tr class=\"attribute level1\">\n<td>&#8211; 1 TV-Smart TV<br \/>\n&#8211; 1 Controle remoto (TM2050A)<br \/>\n&#8211; Baterias para controle remoto<br \/>\n&#8211; 1 Manual do usu\u00e1rio<br \/>\n&#8211; 1 Cabo de for\u00e7a<\/td>\n<\/tr>\n<\/tbody>\n<\/table>\n","protected":false},"excerpt":{"rendered":"<p>Tenha uma tela de cinema no conforto da sua sala com a Smart TV, modelo 50TU8000, da Samsung. Ela traz resolu\u00e7\u00e3o 4K, que oferece uma experi\u00eancia \u00fanica com imagens mais realistas para voc\u00ea n\u00e3o perder nenhum detalhe, al\u00e9m de frequ\u00eancia 60Hz e tecnologia Crystal UHD. Com o HDR 10+ ela oferece cores mais apuradas e vivas e design superior com cabos escondidos e a tela mais fina. Com a tecnologia da tela LED, com 50&#8243;, ela permite uma verdadeira imers\u00e3o, independente da onde se olhe e a borda ultrafina com o design sofisticado com 3 bordas proporciona eleg\u00e2ncia ao ambiente. Suas 3 entradas HDMI, 2 de USB, Wi-Fi e Bluetooth possibilitam entretenimento ilimitado por horas e horas. Ela possui, ainda, m\u00faltiplos assistentes pessoais com compatibilidade com Alexia e Bixby e controle remoto \u00fanico para controlar diversos aparelhos conectados \u00e0 TV. Ela tamb\u00e9m \u00e9 perfeita para voc\u00ea que gosta de jogar, pois como o modo game, oferece o melhor tempo de resposta poss\u00edvel!<\/p>\n","protected":false},"featured_media":608,"comment_status":"open","ping_status":"closed","template":"","meta":[],"product_brand":[],"product_cat":[22,50],"product_tag":[],"class_list":{"0":"post-624","1":"product","2":"type-product","3":"status-publish","4":"has-post-thumbnail","6":"product_cat-eletronicos-audio-e-video","7":"product_cat-tvs","9":"first","10":"instock","11":"sale","12":"shipping-taxable","13":"product-type-external"},"_links":{"self":[{"href":"https:\/\/barzo.com.br\/shop\/wp-json\/wp\/v2\/product\/624","targetHints":{"allow":["GET"]}}],"collection":[{"href":"https:\/\/barzo.com.br\/shop\/wp-json\/wp\/v2\/product"}],"about":[{"href":"https:\/\/barzo.com.br\/shop\/wp-json\/wp\/v2\/types\/product"}],"replies":[{"embeddable":true,"href":"https:\/\/barzo.com.br\/shop\/wp-json\/wp\/v2\/comments?post=624"}],"wp:featuredmedia":[{"embeddable":true,"href":"https:\/\/barzo.com.br\/shop\/wp-json\/wp\/v2\/media\/608"}],"wp:attachment":[{"href":"https:\/\/barzo.com.br\/shop\/wp-json\/wp\/v2\/media?parent=624"}],"wp:term":[{"taxonomy":"product_brand","embeddable":true,"href":"https:\/\/barzo.com.br\/shop\/wp-json\/wp\/v2\/product_brand?post=624"},{"taxonomy":"product_cat","embeddable":true,"href":"https:\/\/barzo.com.br\/shop\/wp-json\/wp\/v2\/product_cat?post=624"},{"taxonomy":"product_tag","embeddable":true,"href":"https:\/\/barzo.com.br\/shop\/wp-json\/wp\/v2\/product_tag?post=624"}],"curies":[{"name":"wp","href":"https:\/\/api.w.org\/{rel}","templated":true}]}}