{"id":61,"date":"2021-06-09T09:48:01","date_gmt":"2021-06-09T09:48:01","guid":{"rendered":"http:\/\/barzo.com.br\/shop\/?post_type=product&#038;p=61"},"modified":"2021-07-11T21:16:27","modified_gmt":"2021-07-11T21:16:27","slug":"lava-e-seca-samsung-wd6000-conectada-wi-fi-com-ecobubble-wd11j64e4ax-inox-look-11kg","status":"publish","type":"product","link":"https:\/\/barzo.com.br\/shop\/produto\/lava-e-seca-samsung-wd6000-conectada-wi-fi-com-ecobubble-wd11j64e4ax-inox-look-11kg\/","title":{"rendered":"Lava e Seca Samsung WD6000 Conectada (Wi-Fi) com Ecobubble\u2122 &#8211; Inox Look &#8211; 11kg"},"content":{"rendered":"<p>A Lava e Seca WD11J64E4AX da Samsung \u00e9 uma excelente op\u00e7\u00e3o para quem prioriza tecnologia e inova\u00e7\u00e3o no cuidado com as roupas. Com o moderno aplicativo Smart Things, voc\u00ea monitora e opera sua lava e seca via Wi-Fi.<\/p>\n<p>Esse eletrodom\u00e9stico \u00e9 moderno, simples de manusear e muito potente. S\u00e3o in\u00fameros recursos voltados para quem quer praticidade e economia de tempo e dinheiro.<\/p>\n<p>Com sua porta frontal, voc\u00ea ter\u00e1 um maior aproveitamento interno do cesto: Lava 11kg e Seca 7kg. Assim, permite lavar as pe\u00e7as mais volumosas, gra\u00e7as ao maior aproveitamento do espa\u00e7o interno da m\u00e1quina.<\/p>\n<p>Com design moderno, a lavadora possui exclusiva tecnologia Ecobubble, que lava melhor e economiza energia. Al\u00e9m disso, possui Lavagem a Seco Air Wash, com o frescor de roupas lavadas, livre de odores e bact\u00e9rias.<\/p>\n<p>Para as rotinas mais din\u00e2micas, ainda pode lavar e secar em 59 minutos; tudo isso com o Motor Digital Inverter que economiza mais energia e possui 10 anos de garantia.<\/p>\n<p>Completa, ela \u00e9 econ\u00f4mica, silenciosa e muito eficiente, j\u00e1 que conta com cesto interno 100% em a\u00e7o inox e parte externa robusta e dur\u00e1vel, com a nova porta frontal. Voc\u00ea ir\u00e1 se surpreender!<\/p>\n<div class=\"css-1jjcxt1 e1c9wg811\">\n<div class=\"css-1oycjaj e1c9wg812\">\n<div class=\"css-uirvwh e1uoxrcw0\">\n<section id=\"product-detail-accordion-0\" class=\"accordion css-a04tlh e1uc2v350\">\n<div class=\"css-30sx1f e1uc2v351\">\n<div id=\"product-detail-list-0\" class=\"css-oey16a e10iop990\"><\/div>\n<\/div>\n<\/section>\n<\/div>\n<\/div>\n<\/div>\n<div class=\"css-1jjcxt1 e1c9wg811\">\n<div class=\"css-1oycjaj e1c9wg812\">\n<div>\n<div class=\"css-cbpxly e6vr4j30\" data-testid=\"showcase-test-67376c2b-fd38-6af7-10ef-7d156ee76d06\"><\/div>\n<\/div>\n<\/div>\n<\/div>\n","protected":false},"excerpt":{"rendered":"<p>A Lava e Seca WD11J64E4AX da Samsung \u00e9 uma excelente op\u00e7\u00e3o para quem prioriza tecnologia e inova\u00e7\u00e3o no cuidado com as roupas. Com o moderno aplicativo Smart Things, voc\u00ea monitora e opera sua lava e seca via Wi-Fi&#8230;<\/p>\n","protected":false},"featured_media":48,"comment_status":"open","ping_status":"closed","template":"","meta":[],"product_brand":[],"product_cat":[20,45],"product_tag":[],"class_list":{"0":"post-61","1":"product","2":"type-product","3":"status-publish","4":"has-post-thumbnail","6":"product_cat-eletrodomesticos","7":"product_cat-lava-e-seca","9":"first","10":"instock","11":"sale","12":"shipping-taxable","13":"product-type-external"},"_links":{"self":[{"href":"https:\/\/barzo.com.br\/shop\/wp-json\/wp\/v2\/product\/61","targetHints":{"allow":["GET"]}}],"collection":[{"href":"https:\/\/barzo.com.br\/shop\/wp-json\/wp\/v2\/product"}],"about":[{"href":"https:\/\/barzo.com.br\/shop\/wp-json\/wp\/v2\/types\/product"}],"replies":[{"embeddable":true,"href":"https:\/\/barzo.com.br\/shop\/wp-json\/wp\/v2\/comments?post=61"}],"wp:featuredmedia":[{"embeddable":true,"href":"https:\/\/barzo.com.br\/shop\/wp-json\/wp\/v2\/media\/48"}],"wp:attachment":[{"href":"https:\/\/barzo.com.br\/shop\/wp-json\/wp\/v2\/media?parent=61"}],"wp:term":[{"taxonomy":"product_brand","embeddable":true,"href":"https:\/\/barzo.com.br\/shop\/wp-json\/wp\/v2\/product_brand?post=61"},{"taxonomy":"product_cat","embeddable":true,"href":"https:\/\/barzo.com.br\/shop\/wp-json\/wp\/v2\/product_cat?post=61"},{"taxonomy":"product_tag","embeddable":true,"href":"https:\/\/barzo.com.br\/shop\/wp-json\/wp\/v2\/product_tag?post=61"}],"curies":[{"name":"wp","href":"https:\/\/api.w.org\/{rel}","templated":true}]}}