{"id":591,"date":"2021-06-13T11:01:44","date_gmt":"2021-06-13T11:01:44","guid":{"rendered":"http:\/\/barzo.com.br\/shop\/?post_type=product&#038;p=591"},"modified":"2021-07-11T21:11:43","modified_gmt":"2021-07-11T21:11:43","slug":"toyota-corolla-sedan-1-8-dual-vvt-i-gli-aut-flex-2012","status":"publish","type":"product","link":"https:\/\/barzo.com.br\/shop\/produto\/toyota-corolla-sedan-1-8-dual-vvt-i-gli-aut-flex-2012\/","title":{"rendered":"Toyota Corolla Sedan 1.8 Dual VVT-i GLI (aut) (flex) \/ 2012"},"content":{"rendered":"<div class=\"small-12 large-4 cell\">\n<h2>Itens e opcionais<\/h2>\n<ul class=\"unstyled\">\n<li><i class=\"fas fa-check\"><\/i>\u00a0Air bag<\/li>\n<li><i class=\"fas fa-check\"><\/i>\u00a0Ar-condicionado<\/li>\n<li><i class=\"fas fa-check\"><\/i>\u00a0CD Player<\/li>\n<li><i class=\"fas fa-check\"><\/i>\u00a0Dire\u00e7\u00e3o hidr\u00e1ulica<\/li>\n<li><i class=\"fas fa-check\"><\/i>\u00a0Freio ABS<\/li>\n<li><i class=\"fas fa-check\"><\/i>\u00a0Travas el\u00e9tricas<\/li>\n<li><i class=\"fas fa-check\"><\/i>\u00a0Vidros el\u00e9tricos<\/li>\n<li><i class=\"fas fa-check\"><\/i>\u00a0Ar quente<\/li>\n<li><i class=\"fas fa-check\"><\/i>\u00a0Banco do motorista com ajuste<\/li>\n<li><i class=\"fas fa-check\"><\/i>\u00a0R\u00e1dio<\/li>\n<li><i class=\"fas fa-check\"><\/i>\u00a0CD e MP3 Player<\/li>\n<li><i class=\"fas fa-check\"><\/i>\u00a0Retrovisores el\u00e9tricos<\/li>\n<li><i class=\"fas fa-check\"><\/i>\u00a0Rodas de liga leve<\/li>\n<li><i class=\"fas fa-check\"><\/i>\u00a0Controle de tra\u00e7\u00e3o<\/li>\n<li><i class=\"fas fa-check\"><\/i>\u00a0Desemba\u00e7ador traseiro<\/li>\n<li><i class=\"fas fa-check\"><\/i>\u00a0Sensor de estacionamento<\/li>\n<li><i class=\"fas fa-check\"><\/i>\u00a0Encosto de cabe\u00e7a traseiro<\/li>\n<li><i class=\"fas fa-check\"><\/i>\u00a0Volante com regulagem de altura<\/li>\n<\/ul>\n<\/div>\n<div class=\"small-12 large-4 cell\">\n<h2>Observa\u00e7\u00f5es do vendedor<\/h2>\n<ul class=\"unstyled\">\n<li><i class=\"fas fa-check\"><\/i>\u00a0IPVA Pago<\/li>\n<li><i class=\"fas fa-check\"><\/i>\u00a0N\u00e3o aceito troca<\/li>\n<\/ul>\n<p>Lindo Carro, quem v\u00ea compra.<\/p>\n<\/div>\n<div class=\"small-12 large-4 cell\">\n<h2>Anunciante<\/h2>\n<p><i class=\"fas fa-user\"><\/i>\u00a0<strong>Roberto<\/strong><\/p>\n<p><i class=\"fas fa-map-marker-alt\"><\/i>\u00a0<a title=\"Carros a venda em Juiz de Fora (MG)\" href=\"https:\/\/salaodocarro.com.br\/comprar\/carros\/juiz-de-fora-mg\/\" target=\"_blank\" rel=\"noopener\">Juiz de Fora (MG)<\/a><\/p>\n<\/div>\n","protected":false},"excerpt":{"rendered":"<p>Itens e opcionais \u00a0Air bag \u00a0Ar-condicionado \u00a0CD Player \u00a0Dire\u00e7\u00e3o hidr\u00e1ulica \u00a0Freio ABS \u00a0Travas el\u00e9tricas \u00a0Vidros el\u00e9tricos \u00a0Ar quente \u00a0Banco do motorista com ajuste \u00a0R\u00e1dio \u00a0CD e MP3 Player \u00a0Retrovisores el\u00e9tricos \u00a0Rodas de liga leve \u00a0Controle de tra\u00e7\u00e3o \u00a0Desemba\u00e7ador traseiro \u00a0Sensor de estacionamento \u00a0Encosto de cabe\u00e7a traseiro \u00a0Volante com regulagem de altura Observa\u00e7\u00f5es do vendedor \u00a0IPVA [&hellip;]<\/p>\n","protected":false},"featured_media":592,"comment_status":"open","ping_status":"closed","template":"","meta":[],"product_brand":[],"product_cat":[510,511,512,516,552],"product_tag":[],"class_list":{"0":"post-591","1":"product","2":"type-product","3":"status-publish","4":"has-post-thumbnail","6":"product_cat-carros-e-outros-automoveis","7":"product_cat-fabricantes","8":"product_cat-localizacao","9":"product_cat-minas-gerais","10":"product_cat-toyota","12":"first","13":"instock","14":"shipping-taxable","15":"product-type-external"},"_links":{"self":[{"href":"https:\/\/barzo.com.br\/shop\/wp-json\/wp\/v2\/product\/591","targetHints":{"allow":["GET"]}}],"collection":[{"href":"https:\/\/barzo.com.br\/shop\/wp-json\/wp\/v2\/product"}],"about":[{"href":"https:\/\/barzo.com.br\/shop\/wp-json\/wp\/v2\/types\/product"}],"replies":[{"embeddable":true,"href":"https:\/\/barzo.com.br\/shop\/wp-json\/wp\/v2\/comments?post=591"}],"wp:featuredmedia":[{"embeddable":true,"href":"https:\/\/barzo.com.br\/shop\/wp-json\/wp\/v2\/media\/592"}],"wp:attachment":[{"href":"https:\/\/barzo.com.br\/shop\/wp-json\/wp\/v2\/media?parent=591"}],"wp:term":[{"taxonomy":"product_brand","embeddable":true,"href":"https:\/\/barzo.com.br\/shop\/wp-json\/wp\/v2\/product_brand?post=591"},{"taxonomy":"product_cat","embeddable":true,"href":"https:\/\/barzo.com.br\/shop\/wp-json\/wp\/v2\/product_cat?post=591"},{"taxonomy":"product_tag","embeddable":true,"href":"https:\/\/barzo.com.br\/shop\/wp-json\/wp\/v2\/product_tag?post=591"}],"curies":[{"name":"wp","href":"https:\/\/api.w.org\/{rel}","templated":true}]}}