{"id":4945,"date":"2023-04-25T03:21:28","date_gmt":"2023-04-25T06:21:28","guid":{"rendered":"https:\/\/barzo.com.br\/shop\/?post_type=product&#038;p=4945"},"modified":"2023-04-25T03:26:29","modified_gmt":"2023-04-25T06:26:29","slug":"conjunto-fondue-6-pecas-chocolate-brinox","status":"publish","type":"product","link":"https:\/\/barzo.com.br\/shop\/produto\/conjunto-fondue-6-pecas-chocolate-brinox\/","title":{"rendered":"Conjunto para Fondue, 6 pe\u00e7as, Chocolate, Brinox"},"content":{"rendered":"<div id=\"productOverview_feature_div\" class=\"celwidget\" data-feature-name=\"productOverview\" data-csa-c-type=\"widget\" data-csa-c-content-id=\"productOverview\" data-csa-c-slot-id=\"productOverview_feature_div\" data-csa-c-asin=\"B085PPMZWL\" data-csa-c-is-in-initial-active-row=\"false\" data-csa-c-id=\"6bep0z-u3x5g-grnal1-c3pm8l\" data-cel-widget=\"productOverview_feature_div\">\n<div class=\"a-section a-spacing-small a-spacing-top-small\">\n<div id=\"productDescription_feature_div\" class=\"celwidget\" data-feature-name=\"productDescription_NA\" data-csa-c-type=\"widget\" data-csa-c-content-id=\"productDescription_NA\" data-csa-c-slot-id=\"productDescription_feature_div\" data-csa-c-asin=\"\" data-csa-c-is-in-initial-active-row=\"false\" data-csa-c-id=\"ga7reb-rgo7ej-p4rit5-ko14wt\" data-cel-widget=\"productDescription_feature_div\">\n<div>\n<div id=\"productDescription_feature_div\" class=\"a-row feature\" data-feature-name=\"productDescription\" data-template-name=\"productDescription\" data-cel-widget=\"productDescription_feature_div\">\n<h2 class=\"default\">Descri\u00e7\u00e3o do produto<\/h2>\n<div id=\"productDescription\" class=\"a-section a-spacing-small\">\n<p>O Conjunto para fondue 6 pe\u00e7as da Brinox \u00e9 ideal para o preparo de Fondue de Queijo e chocolate. Possui 1 recipiente cer\u00e2mico de \u00d811,5cm de diam\u00eamtro e 7,5cm de altura com a cor externa branca com espampa de chocolate, interna pintura interna marrom. O kit possui uma base em a\u00e7o inox de ferro com \u00d810 com suporte para vela e 4 garfinhos em a\u00e7o inox com cabos em polipropileno, vermelhos. Torne o clima da sua casa aconchegante com o conjunto para fondue.<\/p>\n<\/div>\n<\/div>\n<\/div>\n<\/div>\n<div id=\"renewedProgramDescriptionBtf_feature_div\" class=\"celwidget\" data-feature-name=\"renewedProgramDescriptionBtf_NA\" data-csa-c-type=\"widget\" data-csa-c-content-id=\"renewedProgramDescriptionBtf_NA\" data-csa-c-slot-id=\"renewedProgramDescriptionBtf_feature_div\" data-csa-c-asin=\"\" data-csa-c-is-in-initial-active-row=\"false\" data-csa-c-id=\"wpmlh1-b3hadt-sqgl90-verhy4\" data-cel-widget=\"renewedProgramDescriptionBtf_feature_div\"><\/div>\n<div id=\"productDetails_feature_div\" class=\"celwidget\" data-feature-name=\"productDetails_NA\" data-csa-c-type=\"widget\" data-csa-c-content-id=\"productDetails_NA\" data-csa-c-slot-id=\"productDetails_feature_div\" data-csa-c-asin=\"\" data-csa-c-is-in-initial-active-row=\"false\" data-csa-c-id=\"lhq5dj-hyxm9m-9oblwi-x4sf8q\" data-cel-widget=\"productDetails_feature_div\"><a id=\"productDetails\" name=\"productDetails\"><\/a><\/p>\n<hr class=\"a-divider-normal\" aria-hidden=\"true\" \/>\n<div>\n<div id=\"prodDetails\" class=\"a-section\">\n<h2>Informa\u00e7\u00f5es sobre o produto<\/h2>\n<div class=\"a-row a-spacing-top-base\">\n<div class=\"a-column a-span6\">\n<div class=\"a-row a-spacing-base\">\n<div class=\"a-row a-expander-container a-expander-extend-container\">\n<div class=\"a-row\">\n<div class=\"a-column a-span6\">\n<h1 class=\"a-size-medium a-spacing-small\">Detalhes t\u00e9cnicos<\/h1>\n<\/div>\n<\/div>\n<div class=\"a-expander-content a-expander-extend-content\" aria-expanded=\"true\">\n<div class=\"a-row a-expander-container a-expander-inline-container\">\n<div class=\"a-expander-content a-expander-section-content a-section-expander-inner\" aria-expanded=\"true\">\n<table id=\"productDetails_techSpec_section_1\" class=\"a-keyvalue prodDetTable\" role=\"presentation\">\n<tbody>\n<tr>\n<th class=\"a-color-secondary a-size-base prodDetSectionEntry\">Nome da marca<\/th>\n<td class=\"a-size-base prodDetAttrValue\">\u200eBrinox<\/td>\n<\/tr>\n<tr>\n<th class=\"a-color-secondary a-size-base prodDetSectionEntry\">Fabricante<\/th>\n<td class=\"a-size-base prodDetAttrValue\">\u200eGrupo Brinox<\/td>\n<\/tr>\n<tr>\n<th class=\"a-color-secondary a-size-base prodDetSectionEntry\">Modelo<\/th>\n<td class=\"a-size-base prodDetAttrValue\">\u200e1256\/111<\/td>\n<\/tr>\n<tr>\n<th class=\"a-color-secondary a-size-base prodDetSectionEntry\">Cor<\/th>\n<td class=\"a-size-base prodDetAttrValue\">\u200eBranco<\/td>\n<\/tr>\n<tr>\n<th class=\"a-color-secondary a-size-base prodDetSectionEntry\">Registro no Inmetro<\/th>\n<td class=\"a-size-base prodDetAttrValue\">\u200eN\u00e3o aplic\u00e1vel<\/td>\n<\/tr>\n<tr>\n<th class=\"a-color-secondary a-size-base prodDetSectionEntry\">Nome do modelo<\/th>\n<td class=\"a-size-base prodDetAttrValue\">\u200eConjunto para Fondue, 6 pe\u00e7as, Chocolate, Brinox<\/td>\n<\/tr>\n<tr>\n<th class=\"a-color-secondary a-size-base prodDetSectionEntry\">Ano<\/th>\n<td class=\"a-size-base prodDetAttrValue\">\u200e2021<\/td>\n<\/tr>\n<tr>\n<th class=\"a-color-secondary a-size-base prodDetSectionEntry\">N\u00famero da pe\u00e7a<\/th>\n<td class=\"a-size-base prodDetAttrValue\">\u200e1256\/111<\/td>\n<\/tr>\n<tr>\n<th class=\"a-color-secondary a-size-base prodDetSectionEntry\">Pe\u00e7as para montagem<\/th>\n<td class=\"a-size-base prodDetAttrValue\">\u200eConjunto para Fondue, 6 pe\u00e7as, Chocolate, Brinox<\/td>\n<\/tr>\n<tr>\n<th class=\"a-color-secondary a-size-base prodDetSectionEntry\">N\u00famero de unidades<\/th>\n<td class=\"a-size-base prodDetAttrValue\">\u200e6<\/td>\n<\/tr>\n<tr>\n<th class=\"a-color-secondary a-size-base prodDetSectionEntry\">Tipo de fonte de energia<\/th>\n<td class=\"a-size-base prodDetAttrValue\">\u200eManual<\/td>\n<\/tr>\n<tr>\n<th class=\"a-color-secondary a-size-base prodDetSectionEntry\">Funciona com baterias<\/th>\n<td class=\"a-size-base prodDetAttrValue\">\u200eN\u00e3o<\/td>\n<\/tr>\n<tr>\n<th class=\"a-color-secondary a-size-base prodDetSectionEntry\">Tipo de material<\/th>\n<td class=\"a-size-base prodDetAttrValue\">\u200ePorcelana<\/td>\n<\/tr>\n<tr>\n<th class=\"a-color-secondary a-size-base prodDetSectionEntry\">Cont\u00e9m l\u00edquido?<\/th>\n<td class=\"a-size-base prodDetAttrValue\">\u200eN\u00e3o<\/td>\n<\/tr>\n<tr>\n<th class=\"a-color-secondary a-size-base prodDetSectionEntry\">Fabricante<\/th>\n<td class=\"a-size-base prodDetAttrValue\">\u200eGrupo Brinox<\/td>\n<\/tr>\n<tr>\n<th class=\"a-color-secondary a-size-base prodDetSectionEntry\">N\u00famero do modelo<\/th>\n<td class=\"a-size-base prodDetAttrValue\">\u200e1256\/111<\/td>\n<\/tr>\n<tr>\n<th class=\"a-color-secondary a-size-base prodDetSectionEntry\">Dimens\u00f5es do produto<\/th>\n<td class=\"a-size-base prodDetAttrValue\">\u200e11.5 x 11.5 x 13 cm; 540 g<\/td>\n<\/tr>\n<tr>\n<th class=\"a-color-secondary a-size-base prodDetSectionEntry\">ASIN<\/th>\n<td class=\"a-size-base prodDetAttrValue\">\u200eB085PPMZWL<\/td>\n<\/tr>\n<tr>\n<th class=\"a-color-secondary a-size-base prodDetSectionEntry\">EAN<\/th>\n<td class=\"a-size-base prodDetAttrValue\">\u200e7896502807239<\/td>\n<\/tr>\n<\/tbody>\n<\/table>\n<\/div>\n<\/div>\n<\/div>\n<\/div>\n<\/div>\n<div class=\"a-row a-spacing-base\"><\/div>\n<\/div>\n<div class=\"a-column a-span6 a-span-last\">\n<div class=\"a-row a-spacing-base\">\n<div id=\"productDetails_db_sections\" class=\"a-section\">\n<h1 class=\"a-size-medium a-spacing-small secHeader\">Informa\u00e7\u00f5es adicionais<\/h1>\n<div class=\"a-section table-padding\">\n<table id=\"productDetails_detailBullets_sections1\" class=\"a-keyvalue prodDetTable\" role=\"presentation\">\n<tbody>\n<tr>\n<th class=\"a-color-secondary a-size-base prodDetSectionEntry\">Dimens\u00f5es do pacote<\/th>\n<td class=\"a-size-base prodDetAttrValue\">16.4 x 14.2 x 14.2 cent\u00edmetros<\/td>\n<\/tr>\n<\/tbody>\n<\/table>\n<\/div>\n<\/div>\n<\/div>\n<\/div>\n<\/div>\n<\/div>\n<\/div>\n<\/div>\n<p>&nbsp;<\/p>\n<table class=\"a-normal a-spacing-micro\">\n<tbody>\n<tr class=\"a-spacing-small po-brand\">\n<td class=\"a-span3\"><span class=\"a-size-base a-text-bold\">Marca<\/span><\/td>\n<td class=\"a-span9\"><span class=\"a-size-base po-break-word\">Brinox<\/span><\/td>\n<\/tr>\n<tr class=\"a-spacing-small po-number_of_pieces\">\n<td class=\"a-span3\"><span class=\"a-size-base a-text-bold\">N\u00famero de pe\u00e7as<\/span><\/td>\n<td class=\"a-span9\"><span class=\"a-size-base po-break-word\">6<\/span><\/td>\n<\/tr>\n<tr class=\"a-spacing-small po-item_dimensions\">\n<td class=\"a-span3\"><span class=\"a-size-base a-text-bold\">Dimens\u00f5es do item C x L x A<\/span><\/td>\n<td class=\"a-span9\"><span class=\"a-size-base po-break-word\">11.5 x 11.5 x 13 cent\u00edmetros<\/span><\/td>\n<\/tr>\n<tr class=\"a-spacing-small po-material\">\n<td class=\"a-span3\"><span class=\"a-size-base a-text-bold\">Material<\/span><\/td>\n<td class=\"a-span9\"><span class=\"a-size-base po-break-word\">Porcelana<\/span><\/td>\n<\/tr>\n<tr class=\"a-spacing-small po-included_components\">\n<td class=\"a-span3\"><span class=\"a-size-base a-text-bold\">Componentes inclu\u00eddos<\/span><\/td>\n<td class=\"a-span9\"><span class=\"a-size-base po-break-word\">Conjunto para Fondue, 6 pe\u00e7as, Chocolate, Brinox<\/span><\/td>\n<\/tr>\n<\/tbody>\n<\/table>\n<\/div>\n<\/div>\n<div id=\"featurebullets_feature_div\" class=\"celwidget\" data-feature-name=\"featurebullets\" data-csa-c-type=\"widget\" data-csa-c-content-id=\"featurebullets\" data-csa-c-slot-id=\"featurebullets_feature_div\" data-csa-c-asin=\"B085PPMZWL\" data-csa-c-is-in-initial-active-row=\"false\" data-csa-c-id=\"87jwtp-g4y1ux-dk38z4-k8x951\" data-cel-widget=\"featurebullets_feature_div\">\n<div id=\"feature-bullets\" class=\"a-section a-spacing-medium a-spacing-top-small\">\n<hr \/>\n<h1 class=\"a-size-base-plus a-text-bold\">Sobre este item<\/h1>\n<ul class=\"a-unordered-list a-vertical a-spacing-mini\">\n<li><span class=\"a-list-item\">O Conjunto para fondue 6 pe\u00e7as da Brinox \u00e9 ideal para o preparo de Fondue de Queijo e chocolate.<\/span><\/li>\n<li><span class=\"a-list-item\">Possui 1 recipiente cer\u00e2mico de \u00d811,5cm de diam\u00eamtro e 7,5cm de altura com a cor externa branca com espampa de chocolate, interna pintura interna marrom.<\/span><\/li>\n<li><span class=\"a-list-item\">O kit possui uma base em a\u00e7o inox de ferro com \u00d810 com suporte para vela e 4 garfinhos em a\u00e7o inox com cabos em polipropileno, vermelhos. T<\/span><\/li>\n<li><span class=\"a-list-item\">orne o clima da sua casa aconchegante com o conjunto para fondue.<\/span><\/li>\n<\/ul>\n<p>&nbsp;<\/p>\n<\/div>\n<\/div>\n","protected":false},"excerpt":{"rendered":"<p>O Conjunto para fondue 6 pe\u00e7as da Brinox \u00e9 ideal para o preparo de Fondue de Queijo e chocolate. Possui 1 recipiente cer\u00e2mico de \u00d811,5cm de diam\u00eamtro e 7,5cm de altura com a cor externa branca com espampa de chocolate, interna pintura interna marrom. O kit possui uma base em a\u00e7o inox de ferro com \u00d810 com suporte para vela e 4 garfinhos em a\u00e7o inox com cabos em polipropileno, vermelhos. Torne o clima da sua casa aconchegante com o conjunto para fondue.<\/p>\n","protected":false},"featured_media":4940,"comment_status":"open","ping_status":"closed","template":"","meta":[],"product_brand":[],"product_cat":[899,613,605,151,127],"product_tag":[1142,1210,1208,1214,1215,1140,1104,1113,1112],"class_list":{"0":"post-4945","1":"product","2":"type-product","3":"status-publish","4":"has-post-thumbnail","6":"product_cat-achadinhos","7":"product_cat-amazon","8":"product_cat-lojas","9":"product_cat-rechaud-aparelho-de-fondue-e-acessorios","10":"product_cat-utilidades-domesticas","11":"product_tag-achadinho","12":"product_tag-aparelho-de-fondue","13":"product_tag-fondue","14":"product_tag-fondue-de-chocolate","15":"product_tag-fondue-doce","16":"product_tag-ideias-de-presente-de-casamento","17":"product_tag-noite-tematica","18":"product_tag-presente-de-bodas","19":"product_tag-presente-de-casamento","21":"first","22":"instock","23":"shipping-taxable","24":"product-type-external"},"_links":{"self":[{"href":"https:\/\/barzo.com.br\/shop\/wp-json\/wp\/v2\/product\/4945","targetHints":{"allow":["GET"]}}],"collection":[{"href":"https:\/\/barzo.com.br\/shop\/wp-json\/wp\/v2\/product"}],"about":[{"href":"https:\/\/barzo.com.br\/shop\/wp-json\/wp\/v2\/types\/product"}],"replies":[{"embeddable":true,"href":"https:\/\/barzo.com.br\/shop\/wp-json\/wp\/v2\/comments?post=4945"}],"wp:featuredmedia":[{"embeddable":true,"href":"https:\/\/barzo.com.br\/shop\/wp-json\/wp\/v2\/media\/4940"}],"wp:attachment":[{"href":"https:\/\/barzo.com.br\/shop\/wp-json\/wp\/v2\/media?parent=4945"}],"wp:term":[{"taxonomy":"product_brand","embeddable":true,"href":"https:\/\/barzo.com.br\/shop\/wp-json\/wp\/v2\/product_brand?post=4945"},{"taxonomy":"product_cat","embeddable":true,"href":"https:\/\/barzo.com.br\/shop\/wp-json\/wp\/v2\/product_cat?post=4945"},{"taxonomy":"product_tag","embeddable":true,"href":"https:\/\/barzo.com.br\/shop\/wp-json\/wp\/v2\/product_tag?post=4945"}],"curies":[{"name":"wp","href":"https:\/\/api.w.org\/{rel}","templated":true}]}}