{"id":4935,"date":"2023-04-25T02:47:03","date_gmt":"2023-04-25T05:47:03","guid":{"rendered":"https:\/\/barzo.com.br\/shop\/?post_type=product&#038;p=4935"},"modified":"2023-04-25T02:59:02","modified_gmt":"2023-04-25T05:59:02","slug":"kit-petisqueira-fcs-ac-molhe-garfos","status":"publish","type":"product","link":"https:\/\/barzo.com.br\/shop\/produto\/kit-petisqueira-fcs-ac-molhe-garfos\/","title":{"rendered":"Kit Petisqueira Redonda Madeira + 4 Facas Queijo + 4 Pe\u00e7as Vinho Com Molheira Ramekin e Garfinhos p\/Petisco"},"content":{"rendered":"<div id=\"productDescription_feature_div\" class=\"celwidget\" data-feature-name=\"productDescription_NA\" data-csa-c-type=\"widget\" data-csa-c-content-id=\"productDescription_NA\" data-csa-c-slot-id=\"productDescription_feature_div\" data-csa-c-asin=\"\" data-csa-c-is-in-initial-active-row=\"false\" data-csa-c-id=\"qn96so-wvdxz1-p42o49-owez1m\" data-cel-widget=\"productDescription_feature_div\">\n<div>\n<div id=\"productDescription_feature_div\" class=\"a-row feature\" data-feature-name=\"productDescription\" data-template-name=\"productDescription\" data-cel-widget=\"productDescription_feature_div\">\n<h2 class=\"default\">Descri\u00e7\u00e3o do produto<\/h2>\n<div id=\"productDescription\" class=\"a-section a-spacing-small\">\n<p>&nbsp;<\/p>\n<p>Tabua de Frios Petisqueira\u00a0 + 04 Pe\u00e7as p\/ Vinho + 04 Faquinhas p cortar Queijo +\u00a0 Molheira Ramekin de Cer\u00e2mica + 06 Garfinhos p\/ Petiscar<\/p>\n<p>&nbsp;<\/p>\n<p>Conhe\u00e7a nosso kit de happy hour que vai deixar suas noites e momentos de lazer ainda melhores.<\/p>\n<p>Nosso kit Petisco tem tudo pra voc\u00ea servir bem seus amigos e familiares, seja em uma noite de vinhos,no churrasco ou no jantar.<\/p>\n<p>&nbsp;<\/p>\n<p>Todos nosso produtos s\u00e3o a pronta-entrega. Pediu, chegou!<\/p>\n<p>&nbsp;<\/p>\n<p>Todos produtos acompanham Nota Fiscal!<\/p>\n<p>&nbsp;<\/p>\n<p>PRODUTO 01 &#8211; Kit Vinho 4 Pe\u00e7as<\/p>\n<p>&nbsp;<\/p>\n<p>&#8211; Dosador<\/p>\n<p>&#8211; Saca Rolha<\/p>\n<p>&#8211; Tampa<\/p>\n<p>&#8211; Anel Corta Pingos<\/p>\n<p>&#8211; Estojo para guardar todos os itens<\/p>\n<p>&#8211; Ideal para presentear<\/p>\n<p>&nbsp;<\/p>\n<p>PRODUTO 02 &#8211; Jogo de 4 utens\u00edlios para queijo<\/p>\n<p>&nbsp;<\/p>\n<p>1- Faca Queijo Macio<\/p>\n<p>2 &#8211; Faca Queijo Duro<\/p>\n<p>3 &#8211; Esp\u00e1tula<\/p>\n<p>4 &#8211; Garfo<\/p>\n<p>&nbsp;<\/p>\n<p>PRODUTO 03 &#8211; Petisqueira<\/p>\n<p>&nbsp;<\/p>\n<p>&#8211; Grande capacidade para servir queijos e frios<\/p>\n<p>&#8211; Excelente acabamento e design importado<\/p>\n<p>&#8211; F\u00e1cil de limpar e reutilizar<\/p>\n<p>&#8211; Di\u00e2metro de 26cm x 26cm<\/p>\n<p>&#8211; Material: MDF<\/p>\n<p>&nbsp;<\/p>\n<p>Ideal para queijos e frios numa deliciosa noite regada a vinho ou cerveja.<\/p>\n<p>&nbsp;<\/p>\n<p>PRODUTO 04 &#8211;\u00a0Ramekin Molheira de Cer\u00e2mica<\/p>\n<p>&nbsp;<\/p>\n<p>&#8211; Tradicional molheira estilo Ramekin<\/p>\n<p>&#8211; Cer\u00e2mica<\/p>\n<p>&#8211; Para todo tipo de molho<\/p>\n<p>&#8211; Capacidade de 100ml<\/p>\n<p>&#8211; Di\u00e2metro de 7,5cm<\/p>\n<p>&nbsp;<\/p>\n<p>PRODUTO 05 &#8211;\u00a0Kit com 06 Garfinhos para petiscar<\/p>\n<p>&nbsp;<\/p>\n<p>&#8211; Conjunto com 06 Pe\u00e7as<\/p>\n<p>&#8211; Inox<\/p>\n<p>&#8211; Garfinhos Coloridos e super pr\u00e1ticos<\/p>\n<p>-10 cm de comprimento cada garfinho<\/p>\n<p>&nbsp;<\/p>\n<p>ITENS INCLUSOS:<\/p>\n<p>&nbsp;<\/p>\n<p>PETISQUEIRA + 4 PE\u00c7AS VINHO + 4 FACAS P\/ QUEIJO + MOLHEIRA RAMEKIN + GARFINHOS<\/p>\n<p>&nbsp;<\/p>\n<p>D\u00favidas? fale conosco pelo chat, ficaremos felizes em atend\u00ea-los !<\/p>\n<p>&nbsp;<\/p>\n<p>Atenciosamente,<\/p>\n<p>&nbsp;<\/p>\n<p>Houme<\/p>\n<p>&nbsp;<\/p>\n<\/div>\n<\/div>\n<\/div>\n<\/div>\n<div id=\"renewedProgramDescriptionBtf_feature_div\" class=\"celwidget\" data-feature-name=\"renewedProgramDescriptionBtf_NA\" data-csa-c-type=\"widget\" data-csa-c-content-id=\"renewedProgramDescriptionBtf_NA\" data-csa-c-slot-id=\"renewedProgramDescriptionBtf_feature_div\" data-csa-c-asin=\"\" data-csa-c-is-in-initial-active-row=\"false\" data-csa-c-id=\"50x92a-r6kpxy-o3a5yv-tgrkjf\" data-cel-widget=\"renewedProgramDescriptionBtf_feature_div\"><\/div>\n<div id=\"productDetails_feature_div\" class=\"celwidget\" data-feature-name=\"productDetails_NA\" data-csa-c-type=\"widget\" data-csa-c-content-id=\"productDetails_NA\" data-csa-c-slot-id=\"productDetails_feature_div\" data-csa-c-asin=\"\" data-csa-c-is-in-initial-active-row=\"false\" data-csa-c-id=\"5rid74-efwsx7-gtid3b-fr5iu9\" data-cel-widget=\"productDetails_feature_div\"><a id=\"productDetails\" name=\"productDetails\"><\/a><\/p>\n<hr class=\"a-divider-normal\" aria-hidden=\"true\" \/>\n<div>\n<div id=\"prodDetails\" class=\"a-section\">\n<h2>Informa\u00e7\u00f5es sobre o produto<\/h2>\n<div class=\"a-row a-spacing-top-base\">\n<div class=\"a-column a-span6\">\n<div class=\"a-row a-spacing-base\">\n<div class=\"a-row a-expander-container a-expander-extend-container\">\n<div class=\"a-row\">\n<div class=\"a-column a-span6\">\n<h1 class=\"a-size-medium a-spacing-small\">Detalhes t\u00e9cnicos<\/h1>\n<\/div>\n<\/div>\n<div class=\"a-expander-content a-expander-extend-content\" aria-expanded=\"true\">\n<div class=\"a-row a-expander-container a-expander-inline-container\">\n<div class=\"a-expander-content a-expander-section-content a-section-expander-inner\" aria-expanded=\"true\">\n<table id=\"productDetails_techSpec_section_1\" class=\"a-keyvalue prodDetTable\" role=\"presentation\">\n<tbody>\n<tr>\n<th class=\"a-color-secondary a-size-base prodDetSectionEntry\">Nome da marca<\/th>\n<td class=\"a-size-base prodDetAttrValue\">\u200eHoume<\/td>\n<\/tr>\n<tr>\n<th class=\"a-color-secondary a-size-base prodDetSectionEntry\">Fabricante<\/th>\n<td class=\"a-size-base prodDetAttrValue\">\u200eTOP RIO COMERCIAL LTDA<\/td>\n<\/tr>\n<tr>\n<th class=\"a-color-secondary a-size-base prodDetSectionEntry\">Pe\u00e7as para montagem<\/th>\n<td class=\"a-size-base prodDetAttrValue\">\u200etampa<\/td>\n<\/tr>\n<tr>\n<th class=\"a-color-secondary a-size-base prodDetSectionEntry\">N\u00famero de unidades<\/th>\n<td class=\"a-size-base prodDetAttrValue\">\u200e5<\/td>\n<\/tr>\n<tr>\n<th class=\"a-color-secondary a-size-base prodDetSectionEntry\">Tipo de material<\/th>\n<td class=\"a-size-base prodDetAttrValue\">\u200eMadeira MDF<\/td>\n<\/tr>\n<tr>\n<th class=\"a-color-secondary a-size-base prodDetSectionEntry\">Fabricante<\/th>\n<td class=\"a-size-base prodDetAttrValue\">\u200eTOP RIO COMERCIAL LTDA<\/td>\n<\/tr>\n<tr>\n<th class=\"a-color-secondary a-size-base prodDetSectionEntry\">Dimens\u00f5es do produto<\/th>\n<td class=\"a-size-base prodDetAttrValue\">\u200e26 x 26 x 12 cm; 600 g<\/td>\n<\/tr>\n<tr>\n<th class=\"a-color-secondary a-size-base prodDetSectionEntry\">ASIN<\/th>\n<td class=\"a-size-base prodDetAttrValue\">\u200eB0B2XLSLJT<\/td>\n<\/tr>\n<tr>\n<th class=\"a-color-secondary a-size-base prodDetSectionEntry\">EAN<\/th>\n<td class=\"a-size-base prodDetAttrValue\">\u200e7895215135790<\/td>\n<\/tr>\n<\/tbody>\n<\/table>\n<\/div>\n<\/div>\n<\/div>\n<\/div>\n<\/div>\n<\/div>\n<\/div>\n<\/div>\n<\/div>\n<\/div>\n<p>&nbsp;<\/p>\n<table class=\"a-normal a-spacing-micro\">\n<tbody>\n<tr class=\"a-spacing-small po-material\">\n<td class=\"a-span3\"><span class=\"a-size-base a-text-bold\">Material<\/span><\/td>\n<td class=\"a-span9\"><span class=\"a-size-base po-break-word\">Madeira MDF<\/span><\/td>\n<\/tr>\n<tr class=\"a-spacing-small po-brand\">\n<td class=\"a-span3\"><span class=\"a-size-base a-text-bold\">Marca<\/span><\/td>\n<td class=\"a-span9\"><span class=\"a-size-base po-break-word\">Houme<\/span><\/td>\n<\/tr>\n<tr class=\"a-spacing-small po-pattern\">\n<td class=\"a-span3\"><span class=\"a-size-base a-text-bold\">Padr\u00e3o<\/span><\/td>\n<td class=\"a-span9\"><span class=\"a-size-base po-break-word\">Liso<\/span><\/td>\n<\/tr>\n<tr class=\"a-spacing-small po-collection\">\n<td class=\"a-span3\"><span class=\"a-size-base a-text-bold\">Cole\u00e7\u00e3o<\/span><\/td>\n<td class=\"a-span9\"><span class=\"a-size-base po-break-word\">Todos<\/span><\/td>\n<\/tr>\n<tr class=\"a-spacing-small po-occasion_type\">\n<td class=\"a-span3\"><span class=\"a-size-base a-text-bold\">Ocasi\u00e3o<\/span><\/td>\n<td class=\"a-span9\"><span class=\"a-size-base po-break-word\">A\u00e7\u00e3o de gra\u00e7as, anivers\u00e1rio, ano novo, casamento, celebra\u00e7\u00e3o, coquetel, natal, dia dos pais<\/span><\/td>\n<\/tr>\n<\/tbody>\n<\/table>\n","protected":false},"excerpt":{"rendered":"<p>Tabua de Frios Petisqueira\u00a0 + 04 Pe\u00e7as p\/ Vinho + 04 Faquinhas p cortar Queijo +\u00a0 Molheira Ramekin de Cer\u00e2mica + 06 Garfinhos p\/ Petiscar. Nosso kit Petisco tem tudo pra voc\u00ea servir bem seus amigos e familiares, seja em uma noite de vinhos,no churrasco ou no jantar.<\/p>\n","protected":false},"featured_media":4936,"comment_status":"open","ping_status":"closed","template":"","meta":[],"product_brand":[],"product_cat":[899,613,143,605,492,147,127],"product_tag":[1142,1107,1205,1140,1115,1113,1112,1109,1206,1044],"class_list":{"0":"post-4935","1":"product","2":"type-product","3":"status-publish","4":"has-post-thumbnail","6":"product_cat-achadinhos","7":"product_cat-amazon","8":"product_cat-bandejas-e-assadeiras","9":"product_cat-lojas","10":"product_cat-tabuas-de-corte-e-frios","11":"product_cat-utensilios-e-acessorios-domesticos","12":"product_cat-utilidades-domesticas","13":"product_tag-achadinho","14":"product_tag-aperitivos","15":"product_tag-frios-e-petiscos","16":"product_tag-ideias-de-presente-de-casamento","17":"product_tag-petisqueira","18":"product_tag-presente-de-bodas","19":"product_tag-presente-de-casamento","20":"product_tag-queijos-e-vinhos","21":"product_tag-ramekim","22":"product_tag-tabua-de-frios","24":"first","25":"instock","26":"shipping-taxable","27":"product-type-external"},"_links":{"self":[{"href":"https:\/\/barzo.com.br\/shop\/wp-json\/wp\/v2\/product\/4935","targetHints":{"allow":["GET"]}}],"collection":[{"href":"https:\/\/barzo.com.br\/shop\/wp-json\/wp\/v2\/product"}],"about":[{"href":"https:\/\/barzo.com.br\/shop\/wp-json\/wp\/v2\/types\/product"}],"replies":[{"embeddable":true,"href":"https:\/\/barzo.com.br\/shop\/wp-json\/wp\/v2\/comments?post=4935"}],"wp:featuredmedia":[{"embeddable":true,"href":"https:\/\/barzo.com.br\/shop\/wp-json\/wp\/v2\/media\/4936"}],"wp:attachment":[{"href":"https:\/\/barzo.com.br\/shop\/wp-json\/wp\/v2\/media?parent=4935"}],"wp:term":[{"taxonomy":"product_brand","embeddable":true,"href":"https:\/\/barzo.com.br\/shop\/wp-json\/wp\/v2\/product_brand?post=4935"},{"taxonomy":"product_cat","embeddable":true,"href":"https:\/\/barzo.com.br\/shop\/wp-json\/wp\/v2\/product_cat?post=4935"},{"taxonomy":"product_tag","embeddable":true,"href":"https:\/\/barzo.com.br\/shop\/wp-json\/wp\/v2\/product_tag?post=4935"}],"curies":[{"name":"wp","href":"https:\/\/api.w.org\/{rel}","templated":true}]}}