{"id":4910,"date":"2023-04-24T02:02:24","date_gmt":"2023-04-24T05:02:24","guid":{"rendered":"https:\/\/barzo.com.br\/shop\/?post_type=product&#038;p=4910"},"modified":"2023-04-24T02:09:46","modified_gmt":"2023-04-24T05:09:46","slug":"kit-banheiro-e-lavabo-5-pcs-ambar","status":"publish","type":"product","link":"https:\/\/barzo.com.br\/shop\/produto\/kit-banheiro-e-lavabo-5-pcs-ambar\/","title":{"rendered":"kit banheiro e lavabo com 5 pe\u00e7as bandeja dispenser cachepot \u00c2mbar"},"content":{"rendered":"<div id=\"productDescription_feature_div\" class=\"celwidget\" data-feature-name=\"productDescription_NA\" data-csa-c-type=\"widget\" data-csa-c-content-id=\"productDescription_NA\" data-csa-c-slot-id=\"productDescription_feature_div\" data-csa-c-asin=\"\" data-csa-c-is-in-initial-active-row=\"false\" data-csa-c-id=\"bkjvix-w6ooyy-1lftmn-4hnx9x\" data-cel-widget=\"productDescription_feature_div\">\n<div>\n<div id=\"productDescription_feature_div\" class=\"a-row feature\" data-feature-name=\"productDescription\" data-template-name=\"productDescription\" data-cel-widget=\"productDescription_feature_div\">\n<h2 class=\"default\">Descri\u00e7\u00e3o do produto<\/h2>\n<div id=\"productDescription\" class=\"a-section a-spacing-small\">\n<p>Kit para banheiro e lavabo com 5 pe\u00e7as \u00c2mbar Benef\u00edcios do produto: Material de alta durabilidade Acabamento impec\u00e1vel Acess\u00f3rios perfeitos para a decora\u00e7\u00e3o de seu banheiro. Design moderno Deixa o ambiente elegante e organizado<\/p>\n<p>Produto de f\u00e1cil limpeza<\/p>\n<p>Especifica\u00e7\u00f5es: 1 Porta escovas Material: Acr\u00edlico Di\u00e2metro: 8cm Altura: 21cm Comporta de 3 a 4 escovas de dente e 1 creme dental N\u00e3o tem Divis\u00f3rias Com mini Janelas para respiro 1 Dispenser (porta sabonete l\u00edquido); Material: Acr\u00edlico Di\u00e2metro: 8,3cm Altura: 17,5cm Capacidade: 380ml 1 Porta cotonetes Material: Acr\u00edlico Di\u00e2metro: 8,3cm Altura: 10,5cm Capacidade: 280ml 1Cachepot Material: Acr\u00edlico Altura: 10,5cm Di\u00e2metro: 8,3cm Capacidade: 280ml 1bandeja com al\u00e7a Material: Acr\u00edlico Altura: 19 cm Largura:19cm comprimento: 3,5cm Garantia: 30 dias contra defeito de fabrica\u00e7\u00e3o<\/p>\n<p>Disponibilidade e Envio: Somos Fabricantes temos todos os itens anunciados em estoque para envio imediato! O nosso kit lavabo proporciona a combina\u00e7\u00e3o ideal para os mais diversos estilos de decora\u00e7\u00e3o, combinando eleg\u00e2ncia e organiza\u00e7\u00e3o. Boas compras!<\/p>\n<\/div>\n<\/div>\n<\/div>\n<\/div>\n<div id=\"renewedProgramDescriptionBtf_feature_div\" class=\"celwidget\" data-feature-name=\"renewedProgramDescriptionBtf_NA\" data-csa-c-type=\"widget\" data-csa-c-content-id=\"renewedProgramDescriptionBtf_NA\" data-csa-c-slot-id=\"renewedProgramDescriptionBtf_feature_div\" data-csa-c-asin=\"\" data-csa-c-is-in-initial-active-row=\"false\" data-csa-c-id=\"vtymgg-cyqicp-464cpn-rxlg95\" data-cel-widget=\"renewedProgramDescriptionBtf_feature_div\"><\/div>\n<div id=\"productDetails_feature_div\" class=\"celwidget\" data-feature-name=\"productDetails_NA\" data-csa-c-type=\"widget\" data-csa-c-content-id=\"productDetails_NA\" data-csa-c-slot-id=\"productDetails_feature_div\" data-csa-c-asin=\"\" data-csa-c-is-in-initial-active-row=\"false\" data-csa-c-id=\"508pvw-8t84b6-3tvcht-861of4\" data-cel-widget=\"productDetails_feature_div\"><a id=\"productDetails\" name=\"productDetails\"><\/a><\/p>\n<hr class=\"a-divider-normal\" aria-hidden=\"true\" \/>\n<div>\n<div id=\"prodDetails\" class=\"a-section\">\n<h2>Informa\u00e7\u00f5es sobre o produto<\/h2>\n<div class=\"a-row a-spacing-top-base\">\n<div class=\"a-column a-span6\">\n<div class=\"a-row a-spacing-base\">\n<div class=\"a-row a-expander-container a-expander-extend-container\">\n<div class=\"a-row\">\n<div class=\"a-column a-span6\">\n<h1 class=\"a-size-medium a-spacing-small\">Detalhes t\u00e9cnicos<\/h1>\n<\/div>\n<\/div>\n<div class=\"a-expander-content a-expander-extend-content\" aria-expanded=\"true\">\n<div class=\"a-row a-expander-container a-expander-inline-container\">\n<div class=\"a-expander-content a-expander-section-content a-section-expander-inner\" aria-expanded=\"true\">\n<table id=\"productDetails_techSpec_section_1\" class=\"a-keyvalue prodDetTable\" role=\"presentation\">\n<tbody>\n<tr>\n<th class=\"a-color-secondary a-size-base prodDetSectionEntry\">Nome da marca<\/th>\n<td class=\"a-size-base prodDetAttrValue\">\u200eF\u00e1brica de Utilidades<\/td>\n<\/tr>\n<tr>\n<th class=\"a-color-secondary a-size-base prodDetSectionEntry\">Fabricante<\/th>\n<td class=\"a-size-base prodDetAttrValue\">\u200eMetalotec<\/td>\n<\/tr>\n<tr>\n<th class=\"a-color-secondary a-size-base prodDetSectionEntry\">Fabricante<\/th>\n<td class=\"a-size-base prodDetAttrValue\">\u200eMetalotec<\/td>\n<\/tr>\n<tr>\n<th class=\"a-color-secondary a-size-base prodDetSectionEntry\">ASIN<\/th>\n<td class=\"a-size-base prodDetAttrValue\">\u200eB09NQCVY8S<\/td>\n<\/tr>\n<\/tbody>\n<\/table>\n<\/div>\n<\/div>\n<\/div>\n<\/div>\n<\/div>\n<\/div>\n<\/div>\n<\/div>\n<\/div>\n<\/div>\n<ul class=\"a-unordered-list a-vertical a-spacing-mini\">\n<li><span class=\"a-list-item\">Design perfeito<\/span><\/li>\n<li><span class=\"a-list-item\">Acabamento impec\u00e1vel<\/span><\/li>\n<li><span class=\"a-list-item\">Alta durabilidade<\/span><\/li>\n<\/ul>\n","protected":false},"excerpt":{"rendered":"<p>Kit para banheiro e lavabo com 5 pe\u00e7as \u00c2mbar Benef\u00edcios do produto: Material de alta durabilidade Acabamento impec\u00e1vel Acess\u00f3rios perfeitos para a decora\u00e7\u00e3o de seu banheiro. Design moderno Deixa o ambiente elegante e organizado<\/p>\n","protected":false},"featured_media":4911,"comment_status":"open","ping_status":"closed","template":"","meta":[],"product_brand":[],"product_cat":[899,613,78,19,605],"product_tag":[1191,1142,1114,1140,1113,1112],"class_list":{"0":"post-4910","1":"product","2":"type-product","3":"status-publish","4":"has-post-thumbnail","6":"product_cat-achadinhos","7":"product_cat-amazon","8":"product_cat-banheiro","9":"product_cat-casa-e-jardim","10":"product_cat-lojas","11":"product_tag-acessorios-para-banheiro","12":"product_tag-achadinho","13":"product_tag-cha-da-casa-nova","14":"product_tag-ideias-de-presente-de-casamento","15":"product_tag-presente-de-bodas","16":"product_tag-presente-de-casamento","18":"first","19":"instock","20":"shipping-taxable","21":"product-type-external"},"_links":{"self":[{"href":"https:\/\/barzo.com.br\/shop\/wp-json\/wp\/v2\/product\/4910","targetHints":{"allow":["GET"]}}],"collection":[{"href":"https:\/\/barzo.com.br\/shop\/wp-json\/wp\/v2\/product"}],"about":[{"href":"https:\/\/barzo.com.br\/shop\/wp-json\/wp\/v2\/types\/product"}],"replies":[{"embeddable":true,"href":"https:\/\/barzo.com.br\/shop\/wp-json\/wp\/v2\/comments?post=4910"}],"wp:featuredmedia":[{"embeddable":true,"href":"https:\/\/barzo.com.br\/shop\/wp-json\/wp\/v2\/media\/4911"}],"wp:attachment":[{"href":"https:\/\/barzo.com.br\/shop\/wp-json\/wp\/v2\/media?parent=4910"}],"wp:term":[{"taxonomy":"product_brand","embeddable":true,"href":"https:\/\/barzo.com.br\/shop\/wp-json\/wp\/v2\/product_brand?post=4910"},{"taxonomy":"product_cat","embeddable":true,"href":"https:\/\/barzo.com.br\/shop\/wp-json\/wp\/v2\/product_cat?post=4910"},{"taxonomy":"product_tag","embeddable":true,"href":"https:\/\/barzo.com.br\/shop\/wp-json\/wp\/v2\/product_tag?post=4910"}],"curies":[{"name":"wp","href":"https:\/\/api.w.org\/{rel}","templated":true}]}}