{"id":4908,"date":"2023-04-24T01:50:21","date_gmt":"2023-04-24T04:50:21","guid":{"rendered":"https:\/\/barzo.com.br\/shop\/?post_type=product&#038;p=4908"},"modified":"2023-04-24T01:58:02","modified_gmt":"2023-04-24T04:58:02","slug":"conj-acessorios-banheiro-6p-cinza-homozy","status":"publish","type":"product","link":"https:\/\/barzo.com.br\/shop\/produto\/conj-acessorios-banheiro-6p-cinza-homozy\/","title":{"rendered":"Conjunto de Acess\u00f3rios para Banheiro 6 Pe\u00e7as &#8211; Copo, Porta-escovas, Saboneteira, Lixeira, Cinza homozy"},"content":{"rendered":"<div id=\"productOverview_feature_div\" class=\"celwidget\" data-feature-name=\"productOverview\" data-csa-c-type=\"widget\" data-csa-c-content-id=\"productOverview\" data-csa-c-slot-id=\"productOverview_feature_div\" data-csa-c-asin=\"B08QHNWKKG\" data-csa-c-is-in-initial-active-row=\"false\" data-cel-widget=\"productOverview_feature_div\" data-csa-c-id=\"aaqizj-9dzadq-em4gv6-5o7g90\">\n<div class=\"a-section a-spacing-small a-spacing-top-small\">\n<div id=\"productDescription_feature_div\" class=\"celwidget\" data-feature-name=\"productDescription_NA\" data-csa-c-type=\"widget\" data-csa-c-content-id=\"productDescription_NA\" data-csa-c-slot-id=\"productDescription_feature_div\" data-csa-c-asin=\"\" data-csa-c-is-in-initial-active-row=\"false\" data-cel-widget=\"productDescription_feature_div\" data-csa-c-id=\"98h9je-a5mh3k-5i1wdn-4iwwc3\">\n<div>\n<div id=\"productDescription_feature_div\" class=\"a-row feature\" data-feature-name=\"productDescription\" data-template-name=\"productDescription\" data-cel-widget=\"productDescription_feature_div\">\n<h2 class=\"default\">Descri\u00e7\u00e3o do produto<\/h2>\n<div id=\"productDescription\" class=\"a-section a-spacing-small\">\n<p>&nbsp;<\/p>\n<p><span class=\"a-text-bold\">Descri\u00e7\u00e3o do produto:<\/span><\/p>\n<p>O conjunto de acess\u00f3rios para banheiro de 6 pe\u00e7as inclui: 1 , 1 suporte para de , 1 distribuidor de lo\u00e7\u00e3o, 1 saboneteira, 1 lata de e 1 sanit\u00e1rio com suporte.<br \/>\nFabricado em pl\u00e1stico PP e madeira de bambu. Concebido num moderno, adaptando-se perfeitamente de modernas.<br \/>\nMantenha seu , arrumado e organizado.<br \/>\nGrande op\u00e7\u00e3o de para sua fam\u00edlia, e .<br \/>\nAdequado para resid\u00eancias, hot\u00e9is, edif\u00edcios de escrit\u00f3rios e outros usos.<\/p>\n<p><span class=\"a-text-bold\">Especifica\u00e7\u00f5es:<\/span><\/p>\n<p>Material: pl\u00e1stico PP, bambu<\/p>\n<p><span class=\"a-text-bold\">tamanho:<\/span><\/p>\n<p>de \u00e1gua: 7,5&#215;10,3cm \/ 2,95&#215;4,06 polegadas<br \/>\nSuporte para de : 7,4 x 11,3 cm \/ 2,91 x 4,45 polegadas<br \/>\nDistribuidor de lo\u00e7\u00e3o: 7,5&#215;16,5cm \/ 2,95&#215;6,49 polegadas<br \/>\nSaboneteira: 13.6&#215;8.5&#215;1.8cm \/ 5.35&#215;3.35&#215;0.71 inch<br \/>\nLixeira: 19,5 x 25 cm \/ 7,68 x 9,84 polegadas<br \/>\nsanit\u00e1ria com suporte: 10x36cm \/ 3,94&#215;14,17 polegadas<\/p>\n<p><span class=\"a-text-bold\">O pacote inclui:<\/span><\/p>\n<p>de 1 pe\u00e7a<br \/>\nSuporte para de de 1 pe\u00e7a<br \/>\nDistribuidor de lo\u00e7\u00e3o de 1 pe\u00e7a<br \/>\nSaboneteira de 1 pe\u00e7a<br \/>\nLata de de 1 pe\u00e7a<br \/>\nhigi\u00eanica de 1 pe\u00e7a com suporte<\/p>\n<p><span class=\"a-text-bold\">Nota:<\/span><\/p>\n<p>As cores ser \u00e0 exibi\u00e7\u00e3o do monitor .<br \/>\nPor favor, permita uma diferen\u00e7a no tamanho \u00e0 medi\u00e7\u00e3o manual.<\/p>\n<p>&nbsp;<\/p>\n<\/div>\n<\/div>\n<\/div>\n<\/div>\n<div id=\"renewedProgramDescriptionBtf_feature_div\" class=\"celwidget\" data-feature-name=\"renewedProgramDescriptionBtf_NA\" data-csa-c-type=\"widget\" data-csa-c-content-id=\"renewedProgramDescriptionBtf_NA\" data-csa-c-slot-id=\"renewedProgramDescriptionBtf_feature_div\" data-csa-c-asin=\"\" data-csa-c-is-in-initial-active-row=\"false\" data-cel-widget=\"renewedProgramDescriptionBtf_feature_div\" data-csa-c-id=\"hfmj5x-wzgxy1-2hxmk2-lyp55t\"><\/div>\n<div id=\"productDetails_feature_div\" class=\"celwidget\" data-feature-name=\"productDetails_NA\" data-csa-c-type=\"widget\" data-csa-c-content-id=\"productDetails_NA\" data-csa-c-slot-id=\"productDetails_feature_div\" data-csa-c-asin=\"\" data-csa-c-is-in-initial-active-row=\"false\" data-cel-widget=\"productDetails_feature_div\" data-csa-c-id=\"yf0pkl-fdm707-nfvttv-j3t1gw\">\n<p><a id=\"productDetails\" name=\"productDetails\"><\/a><\/p>\n<hr class=\"a-divider-normal\" aria-hidden=\"true\" \/>\n<div>\n<div id=\"prodDetails\" class=\"a-section\">\n<h2>Informa\u00e7\u00f5es sobre o produto<\/h2>\n<div class=\"a-row a-spacing-top-base\">\n<div class=\"a-column a-span6\">\n<div class=\"a-row a-spacing-base\">\n<div class=\"a-row a-expander-container a-expander-extend-container\">\n<div class=\"a-row\">\n<div class=\"a-column a-span6\">\n<h1 class=\"a-size-medium a-spacing-small\">Detalhes t\u00e9cnicos<\/h1>\n<\/div>\n<\/div>\n<div class=\"a-expander-content a-expander-extend-content\" aria-expanded=\"true\">\n<div class=\"a-row a-expander-container a-expander-inline-container\">\n<div class=\"a-expander-content a-expander-section-content a-section-expander-inner\" aria-expanded=\"true\">\n<table id=\"productDetails_techSpec_section_1\" class=\"a-keyvalue prodDetTable\" role=\"presentation\">\n<tbody>\n<tr>\n<th class=\"a-color-secondary a-size-base prodDetSectionEntry\">Cor<\/th>\n<td class=\"a-size-base prodDetAttrValue\">\u200eWhite<\/td>\n<\/tr>\n<tr>\n<th class=\"a-color-secondary a-size-base prodDetSectionEntry\">Tipo de material<\/th>\n<td class=\"a-size-base prodDetAttrValue\">\u200ePolipropileno, Pl\u00e1stico, Madeira<\/td>\n<\/tr>\n<tr>\n<th class=\"a-color-secondary a-size-base prodDetSectionEntry\">Tipos de acabamento<\/th>\n<td class=\"a-size-base prodDetAttrValue\">\u200eMadeira, pl\u00e1stico, bambu<\/td>\n<\/tr>\n<tr>\n<th class=\"a-color-secondary a-size-base prodDetSectionEntry\">N\u00famero de produtos<\/th>\n<td class=\"a-size-base prodDetAttrValue\">\u200e1<\/td>\n<\/tr>\n<tr>\n<th class=\"a-color-secondary a-size-base prodDetSectionEntry\">N\u00famero de Pe\u00e7as<\/th>\n<td class=\"a-size-base prodDetAttrValue\">\u200e1, 6<\/td>\n<\/tr>\n<tr>\n<th class=\"a-color-secondary a-size-base prodDetSectionEntry\">Componentes inclu\u00eddos<\/th>\n<td class=\"a-size-base prodDetAttrValue\">\u200eSaboneteira, Copo, Toothbru<\/td>\n<\/tr>\n<tr>\n<th class=\"a-color-secondary a-size-base prodDetSectionEntry\">Marca<\/th>\n<td class=\"a-size-base prodDetAttrValue\">\u200ehomozy<\/td>\n<\/tr>\n<tr>\n<th class=\"a-color-secondary a-size-base prodDetSectionEntry\">EAN<\/th>\n<td class=\"a-size-base prodDetAttrValue\">\u200e0743910965211<\/td>\n<\/tr>\n<\/tbody>\n<\/table>\n<\/div>\n<\/div>\n<\/div>\n<\/div>\n<\/div>\n<div class=\"a-row a-spacing-base\"><\/div>\n<\/div>\n<div class=\"a-column a-span6 a-span-last\">\n<div class=\"a-row a-spacing-base\">\n<div id=\"productDetails_db_sections\" class=\"a-section\">\n<h1 class=\"a-size-medium a-spacing-small secHeader\">Informa\u00e7\u00f5es adicionais<\/h1>\n<div class=\"a-section table-padding\">\n<table id=\"productDetails_detailBullets_sections1\" class=\"a-keyvalue prodDetTable\" role=\"presentation\">\n<tbody>\n<tr>\n<th class=\"a-color-secondary a-size-base prodDetSectionEntry\">N\u00famero do modelo<\/th>\n<td class=\"a-size-base prodDetAttrValue\">1e711f131fd58aa6cdf634c4809e8d8c<\/td>\n<\/tr>\n<tr>\n<th class=\"a-color-secondary a-size-base prodDetSectionEntry\">ASIN<\/th>\n<td class=\"a-size-base prodDetAttrValue\">B08QHNWKKG<\/td>\n<\/tr>\n<\/tbody>\n<\/table>\n<\/div>\n<\/div>\n<\/div>\n<\/div>\n<\/div>\n<\/div>\n<\/div>\n<\/div>\n<p>&nbsp;<\/p>\n<table class=\"a-normal a-spacing-micro\">\n<tbody>\n<tr class=\"a-spacing-small po-material\">\n<td class=\"a-span3\"><span class=\"a-size-base a-text-bold\">Material<\/span><\/td>\n<td class=\"a-span9\"><span class=\"a-size-base po-break-word\">Polipropileno, Pl\u00e1stico, Madeira<\/span><\/td>\n<\/tr>\n<tr class=\"a-spacing-small po-color\">\n<td class=\"a-span3\"><span class=\"a-size-base a-text-bold\">Cor<\/span><\/td>\n<td class=\"a-span9\"><span class=\"a-size-base po-break-word\">White<\/span><\/td>\n<\/tr>\n<tr class=\"a-spacing-small po-brand\">\n<td class=\"a-span3\"><span class=\"a-size-base a-text-bold\">Marca<\/span><\/td>\n<td class=\"a-span9\"><span class=\"a-size-base po-break-word\">homozy<\/span><\/td>\n<\/tr>\n<tr class=\"a-spacing-small po-style\">\n<td class=\"a-span3\"><span class=\"a-size-base a-text-bold\">Estilo<\/span><\/td>\n<td class=\"a-span9\"><span class=\"a-size-base po-break-word\">Moderna<\/span><\/td>\n<\/tr>\n<tr class=\"a-spacing-small po-included_components\">\n<td class=\"a-span3\"><span class=\"a-size-base a-text-bold\">Componentes inclu\u00eddos<\/span><\/td>\n<td class=\"a-span9\"><span class=\"a-size-base po-break-word\">Saboneteira, Copo, Toothbru<\/span><\/td>\n<\/tr>\n<\/tbody>\n<\/table>\n<\/div>\n<\/div>\n<div id=\"featurebullets_feature_div\" class=\"celwidget flavor-2981\" data-feature-name=\"featurebullets\" data-csa-c-type=\"widget\" data-csa-c-content-id=\"featurebullets\" data-csa-c-slot-id=\"featurebullets_feature_div\" data-csa-c-asin=\"B08QHNWKKG\" data-csa-c-is-in-initial-active-row=\"false\" data-cel-widget=\"featurebullets_feature_div\" data-csa-c-id=\"7gh7xy-5mb3g5-pxf1ax-391oxo\">\n<div id=\"feature-bullets\" class=\"a-section a-spacing-medium a-spacing-top-small\">\n<hr \/>\n<h1 class=\"a-size-base-plus a-text-bold\">Sobre este item<\/h1>\n<ul class=\"a-unordered-list a-vertical a-spacing-mini\">\n<li><span class=\"a-list-item\">\u3010Ampla aplica\u00e7\u00e3o\u3011: adequado para v\u00e1rias ocasi\u00f5es, como casa, banheiro, dormit\u00f3rio, hotel, apartamento, banheiro, etc.<\/span><\/li>\n<li><span class=\"a-list-item\">\u3010O jogo de banheiro inclui\u3011: 1 copo para escova de dentes, 1 porta-escova de dentes, 1 saboneteira, 1 lixeira, 1 escova de vaso sanit\u00e1rio, 1 frasco dispensador de lo\u00e7\u00e3o. O design elegante torna-o ideal para casas de banho modernas. Este conjunto de acess\u00f3rios para casa de banho ir\u00e1 adicionar glamour a qualquer casa de banho.<\/span><\/li>\n<li><span class=\"a-list-item\">\u3010GRANDE IDEIA DE PRESENTE\u3011: O conjunto de acess\u00f3rios de banheiro de 6 pe\u00e7as \u00e9 perfeito como presente de inaugura\u00e7\u00e3o, presente de casamento ou para quem deseja um conjunto de acess\u00f3rios \u00fateis para o banheiro.<\/span><\/li>\n<li><span class=\"a-list-item\">\u3010Mantenha-o arrumado\u3011: mantenha seu banheiro arrumado e organizado. Traga eleg\u00e2ncia e sofistica\u00e7\u00e3o para todo o seu banheiro com este acess\u00f3rio de jogo de banheiro.<\/span><\/li>\n<li><span class=\"a-list-item\">\u3010Alta qualidade\u3011: Feito de pl\u00e1stico PP e madeira de bambu. A superf\u00edcie lisa facilita a limpeza ou lavagem \u00e0 m\u00e3o. Basta lavar com \u00e1gua e sab\u00e3o e um pano macio para manter seus acess\u00f3rios pessoais higi\u00eanicos.<\/span><\/li>\n<\/ul>\n<p>&nbsp;<\/p>\n<\/div>\n<\/div>\n","protected":false},"excerpt":{"rendered":"<p>O conjunto de 6 pe\u00e7as para banheiro inclui: 1 , 1 suporte para de , 1 distribuidor de lo\u00e7\u00e3o, 1 saboneteira, 1 lata de e 1 sanit\u00e1rio com suporte.<br \/>\nFabricado em pl\u00e1stico PP e madeira de bambu. Concebido num moderno, adaptando-se perfeitamente de modernas.<br \/>\nMantenha seu , arrumado e organizado.<br \/>\nGrande op\u00e7\u00e3o de para sua fam\u00edlia, e .<br \/>\nAdequado para resid\u00eancias, hot\u00e9is, edif\u00edcios de escrit\u00f3rios e outros usos.<\/p>\n","protected":false},"featured_media":4906,"comment_status":"open","ping_status":"closed","template":"","meta":[],"product_brand":[],"product_cat":[899,613,78,19,605],"product_tag":[1191,1142,1140,1113,1112],"class_list":{"0":"post-4908","1":"product","2":"type-product","3":"status-publish","4":"has-post-thumbnail","6":"product_cat-achadinhos","7":"product_cat-amazon","8":"product_cat-banheiro","9":"product_cat-casa-e-jardim","10":"product_cat-lojas","11":"product_tag-acessorios-para-banheiro","12":"product_tag-achadinho","13":"product_tag-ideias-de-presente-de-casamento","14":"product_tag-presente-de-bodas","15":"product_tag-presente-de-casamento","17":"first","18":"instock","19":"shipping-taxable","20":"product-type-external"},"_links":{"self":[{"href":"https:\/\/barzo.com.br\/shop\/wp-json\/wp\/v2\/product\/4908","targetHints":{"allow":["GET"]}}],"collection":[{"href":"https:\/\/barzo.com.br\/shop\/wp-json\/wp\/v2\/product"}],"about":[{"href":"https:\/\/barzo.com.br\/shop\/wp-json\/wp\/v2\/types\/product"}],"replies":[{"embeddable":true,"href":"https:\/\/barzo.com.br\/shop\/wp-json\/wp\/v2\/comments?post=4908"}],"wp:featuredmedia":[{"embeddable":true,"href":"https:\/\/barzo.com.br\/shop\/wp-json\/wp\/v2\/media\/4906"}],"wp:attachment":[{"href":"https:\/\/barzo.com.br\/shop\/wp-json\/wp\/v2\/media?parent=4908"}],"wp:term":[{"taxonomy":"product_brand","embeddable":true,"href":"https:\/\/barzo.com.br\/shop\/wp-json\/wp\/v2\/product_brand?post=4908"},{"taxonomy":"product_cat","embeddable":true,"href":"https:\/\/barzo.com.br\/shop\/wp-json\/wp\/v2\/product_cat?post=4908"},{"taxonomy":"product_tag","embeddable":true,"href":"https:\/\/barzo.com.br\/shop\/wp-json\/wp\/v2\/product_tag?post=4908"}],"curies":[{"name":"wp","href":"https:\/\/api.w.org\/{rel}","templated":true}]}}