{"id":4898,"date":"2023-04-24T00:56:03","date_gmt":"2023-04-24T03:56:03","guid":{"rendered":"https:\/\/barzo.com.br\/shop\/?post_type=product&#038;p=4898"},"modified":"2023-04-24T01:16:43","modified_gmt":"2023-04-24T04:16:43","slug":"jogo-de-toalhas-banhao-5-pecas-berlim","status":"publish","type":"product","link":"https:\/\/barzo.com.br\/shop\/produto\/jogo-de-toalhas-banhao-5-pecas-berlim\/","title":{"rendered":"Jogo De Toalhas Banh\u00e3o 5 Pe\u00e7as Berlim 100% Algod\u00e3o Rosa Croch\u00ea + Gris"},"content":{"rendered":"<div id=\"productDescription_feature_div\" class=\"celwidget\" data-feature-name=\"productDescription_NA\" data-csa-c-type=\"widget\" data-csa-c-content-id=\"productDescription_NA\" data-csa-c-slot-id=\"productDescription_feature_div\" data-csa-c-asin=\"\" data-csa-c-is-in-initial-active-row=\"false\" data-csa-c-id=\"7ybqrt-wmqy9-5jafiy-elrjuv\" data-cel-widget=\"productDescription_feature_div\">\n<div>\n<div id=\"productDescription_feature_div\" class=\"a-row feature\" data-feature-name=\"productDescription\" data-template-name=\"productDescription\" data-cel-widget=\"productDescription_feature_div\">\n<h2 class=\"default\">Descri\u00e7\u00e3o do produto<\/h2>\n<div id=\"productDescription\" class=\"a-section a-spacing-small\">\n<p>A loja New B\u00e1sico leva at\u00e9 voc\u00ea qualidade e conforto com \u00f3timos pre\u00e7os, oferecendo assim o melhor custo X benef\u00edcio para as(os) nossas(os) clientes!<br \/>\nTrabalhamos apenas com produtos selecionados, a loja New B\u00e1sico \u00e9 especializada em produtos de Cama, Mesa e Banho.<br \/>\nEstamos prontos para lhe atender com atendimento super \u00e1gil e profissional.<\/p>\n<p>Conforto e comodidade para voc\u00ea, essa \u00e9 a proposta desse jogo de toalhas. Com o nosso jogo de toalhas, voc\u00ea ter\u00e1 muito mais conforto e maciez para relaxar ap\u00f3s um banho delicioso. O nosso jogo de toalhas \u00e9 feito 100% em algod\u00e3o e possui lindos efeitos decorativos.<\/p>\n<p>Cont\u00e9m 5 pe\u00e7as:<br \/>\n&#8211; 2 Toalhas Banh\u00e3o Berlim &#8211; New B\u00e1sico<br \/>\n&#8211; 2 toalhas de Rosto Berlim &#8211; New B\u00e1sico<br \/>\n&#8211; 1 Toalha de Piso para Banheiro &#8211; New B\u00e1sico<br \/>\n&#8211; Cor: Rosa Croch\u00ea + Gris<\/p>\n<p>Banh\u00e3o<br \/>\n&#8211; Medida: 75cm x 150cm<br \/>\n&#8211; Peso: 450 Gramas<br \/>\n&#8211; Gramatura: 400 G\/m\u00b2<\/p>\n<p>Rosto<br \/>\n&#8211; Medida: 48cm x 80cm<br \/>\n&#8211; Peso: 160 Gramas<br \/>\n&#8211; Gramatura: 400 G\/m\u00b2<\/p>\n<p>Piso<br \/>\n&#8211; Medida: 45cm x 75cm<br \/>\n&#8211; Peso: 126 Gramas<br \/>\n&#8211; Gramatura: 400 g\/m\u00b2<br \/>\n&#8211; Material: 100% Algod\u00e3o (exceto efeitos decorativos)<\/p>\n<p>Avisos &#8211; As toalhas dos jogos s\u00e3o embaladas avulsas no pacote para envio sem embalagem especial pr\u00f3pria do jogo. &#8211; As medidas informadas s\u00e3o valores aproximados e podem sofrer alguma varia\u00e7\u00e3o. &#8211; As cores podem sofrer uma pequena varia\u00e7\u00e3o, dependendo do lote do produto e das configura\u00e7\u00f5es do seu computador. &#8211; Imagem Ilustrativa.<\/p>\n<\/div>\n<\/div>\n<\/div>\n<\/div>\n<div id=\"renewedProgramDescriptionBtf_feature_div\" class=\"celwidget\" data-feature-name=\"renewedProgramDescriptionBtf_NA\" data-csa-c-type=\"widget\" data-csa-c-content-id=\"renewedProgramDescriptionBtf_NA\" data-csa-c-slot-id=\"renewedProgramDescriptionBtf_feature_div\" data-csa-c-asin=\"\" data-csa-c-is-in-initial-active-row=\"false\" data-csa-c-id=\"8l9jt8-ia5a6x-rr72x5-4a0gx6\" data-cel-widget=\"renewedProgramDescriptionBtf_feature_div\"><\/div>\n<div id=\"productDetails_feature_div\" class=\"celwidget\" data-feature-name=\"productDetails_NA\" data-csa-c-type=\"widget\" data-csa-c-content-id=\"productDetails_NA\" data-csa-c-slot-id=\"productDetails_feature_div\" data-csa-c-asin=\"\" data-csa-c-is-in-initial-active-row=\"false\" data-csa-c-id=\"g1a1ev-gxx0x6-3qoys5-rol487\" data-cel-widget=\"productDetails_feature_div\"><a id=\"productDetails\" name=\"productDetails\"><\/a><\/p>\n<hr class=\"a-divider-normal\" aria-hidden=\"true\" \/>\n<div>\n<div id=\"prodDetails\" class=\"a-section\">\n<h2>Informa\u00e7\u00f5es sobre o produto<\/h2>\n<div class=\"a-row a-spacing-top-base\">\n<div class=\"a-column a-span6\">\n<div class=\"a-row a-spacing-base\">\n<div class=\"a-row a-expander-container a-expander-extend-container\">\n<div class=\"a-row\">\n<div class=\"a-column a-span6\">\n<h1 class=\"a-size-medium a-spacing-small\">Detalhes t\u00e9cnicos<\/h1>\n<\/div>\n<\/div>\n<div class=\"a-expander-content a-expander-extend-content\" aria-expanded=\"true\">\n<div class=\"a-row a-expander-container a-expander-inline-container\">\n<div class=\"a-expander-content a-expander-section-content a-section-expander-inner\" aria-expanded=\"true\">\n<table id=\"productDetails_techSpec_section_1\" class=\"a-keyvalue prodDetTable\" role=\"presentation\">\n<tbody>\n<tr>\n<th class=\"a-color-secondary a-size-base prodDetSectionEntry\">Nome da marca<\/th>\n<td class=\"a-size-base prodDetAttrValue\">\u200eCentral<\/td>\n<\/tr>\n<tr>\n<th class=\"a-color-secondary a-size-base prodDetSectionEntry\">Fabricante<\/th>\n<td class=\"a-size-base prodDetAttrValue\">\u200eCentral<\/td>\n<\/tr>\n<tr>\n<th class=\"a-color-secondary a-size-base prodDetSectionEntry\">Cor<\/th>\n<td class=\"a-size-base prodDetAttrValue\">\u200eRosa Croch\u00ea + Gris<\/td>\n<\/tr>\n<tr>\n<th class=\"a-color-secondary a-size-base prodDetSectionEntry\">N\u00famero de unidades<\/th>\n<td class=\"a-size-base prodDetAttrValue\">\u200e5<\/td>\n<\/tr>\n<tr>\n<th class=\"a-color-secondary a-size-base prodDetSectionEntry\">Tipo de material<\/th>\n<td class=\"a-size-base prodDetAttrValue\">\u200eAlgod\u00e3o<\/td>\n<\/tr>\n<tr>\n<th class=\"a-color-secondary a-size-base prodDetSectionEntry\">Fabricante<\/th>\n<td class=\"a-size-base prodDetAttrValue\">\u200eCentral<\/td>\n<\/tr>\n<tr>\n<th class=\"a-color-secondary a-size-base prodDetSectionEntry\">Dimens\u00f5es da embalagem<\/th>\n<td class=\"a-size-base prodDetAttrValue\">\u200e37 x 25 x 14 cm; 2.15 Quilogramas<\/td>\n<\/tr>\n<tr>\n<th class=\"a-color-secondary a-size-base prodDetSectionEntry\">ASIN<\/th>\n<td class=\"a-size-base prodDetAttrValue\">\u200eB09H36TJG9<\/td>\n<\/tr>\n<tr>\n<th class=\"a-color-secondary a-size-base prodDetSectionEntry\">EAN<\/th>\n<td class=\"a-size-base prodDetAttrValue\">\u200e7804153358864<\/td>\n<\/tr>\n<\/tbody>\n<\/table>\n<\/div>\n<\/div>\n<\/div>\n<\/div>\n<\/div>\n<div class=\"a-row a-spacing-base\"><\/div>\n<\/div>\n<div class=\"a-column a-span6 a-span-last\">\n<div class=\"a-row a-spacing-base\">\n<div id=\"productDetails_db_sections\" class=\"a-section\">\n<h1 class=\"a-size-medium a-spacing-small secHeader\">Informa\u00e7\u00f5es adicionais<\/h1>\n<div class=\"a-section table-padding\">\n<table id=\"productDetails_detailBullets_sections1\" class=\"a-keyvalue prodDetTable\" role=\"presentation\">\n<tbody>\n<tr>\n<th class=\"a-color-secondary a-size-base prodDetSectionEntry\">Dimens\u00f5es do pacote<\/th>\n<td class=\"a-size-base prodDetAttrValue\">37 x 25 x 14 cent\u00edmetros<\/td>\n<\/tr>\n<\/tbody>\n<\/table>\n<p>&nbsp;<\/p>\n<\/div>\n<\/div>\n<\/div>\n<\/div>\n<\/div>\n<\/div>\n<\/div>\n<\/div>\n<div id=\"productOverview_feature_div\" class=\"celwidget\" data-feature-name=\"productOverview\" data-csa-c-type=\"widget\" data-csa-c-content-id=\"productOverview\" data-csa-c-slot-id=\"productOverview_feature_div\" data-csa-c-asin=\"B09H36TJG9\" data-csa-c-is-in-initial-active-row=\"false\" data-csa-c-id=\"d8pn41-kiw8pt-xpk6rk-lqx5a5\" data-cel-widget=\"productOverview_feature_div\">\n<div class=\"a-section a-spacing-small a-spacing-top-small\">\n<table class=\"a-normal a-spacing-micro\">\n<tbody>\n<tr class=\"a-spacing-small po-color\">\n<td class=\"a-span3\"><span class=\"a-size-base a-text-bold\">Cor<\/span><\/td>\n<td class=\"a-span9\"><span class=\"a-size-base po-break-word\">Rosa Croch\u00ea + Gris<\/span><\/td>\n<\/tr>\n<tr class=\"a-spacing-small po-brand\">\n<td class=\"a-span3\"><span class=\"a-size-base a-text-bold\">Marca<\/span><\/td>\n<td class=\"a-span9\"><span class=\"a-size-base po-break-word\">Central<\/span><\/td>\n<\/tr>\n<tr class=\"a-spacing-small po-material\">\n<td class=\"a-span3\"><span class=\"a-size-base a-text-bold\">Material<\/span><\/td>\n<td class=\"a-span9\"><span class=\"a-size-base po-break-word\">Algod\u00e3o<\/span><\/td>\n<\/tr>\n<tr class=\"a-spacing-small po-number_of_items\">\n<td class=\"a-span3\"><span class=\"a-size-base a-text-bold\">N\u00famero de itens<\/span><\/td>\n<td class=\"a-span9\"><span class=\"a-size-base po-break-word\">5<\/span><\/td>\n<\/tr>\n<tr class=\"a-spacing-small po-pattern\">\n<td class=\"a-span3\"><span class=\"a-size-base a-text-bold\">Padr\u00e3o<\/span><\/td>\n<td class=\"a-span9\"><span class=\"a-size-base po-break-word\">Liso<\/span><\/td>\n<\/tr>\n<\/tbody>\n<\/table>\n<\/div>\n<\/div>\n<div id=\"featurebullets_feature_div\" class=\"celwidget\" data-feature-name=\"featurebullets\" data-csa-c-type=\"widget\" data-csa-c-content-id=\"featurebullets\" data-csa-c-slot-id=\"featurebullets_feature_div\" data-csa-c-asin=\"B09H36TJG9\" data-csa-c-is-in-initial-active-row=\"false\" data-csa-c-id=\"o6wke7-yuizm1-qojno6-6tryev\" data-cel-widget=\"featurebullets_feature_div\">\n<div id=\"feature-bullets\" class=\"a-section a-spacing-medium a-spacing-top-small\">\n<hr \/>\n<h1 class=\"a-size-base-plus a-text-bold\">Sobre este item<\/h1>\n<ul class=\"a-unordered-list a-vertical a-spacing-mini\">\n<li><span class=\"a-list-item\">Medida: 75cm x 150cm<\/span><\/li>\n<li><span class=\"a-list-item\">Peso: 450 Gramas<\/span><\/li>\n<li><span class=\"a-list-item\">Gramatura: 400 G\/m\u00b2<\/span><\/li>\n<li><span class=\"a-list-item\">Material: 100% Algod\u00e3o<\/span><\/li>\n<li><span class=\"a-list-item\">Modelo: Berlim<\/span><\/li>\n<li><span class=\"a-list-item\">Cont\u00e9m: 2 Toalhas Banh\u00e3o Gigante, 2 Toalhas de Rosto e 1 Toalha de Piso<\/span><\/li>\n<\/ul>\n<p>&nbsp;<\/p>\n<\/div>\n<\/div>\n","protected":false},"excerpt":{"rendered":"<p>Conforto e comodidade para voc\u00ea, essa \u00e9 a proposta desse jogo de toalhas. Com o nosso jogo de toalhas, voc\u00ea ter\u00e1 muito mais conforto e maciez para relaxar ap\u00f3s um banho delicioso. O nosso jogo de toalhas \u00e9 feito 100% em algod\u00e3o e possui lindos efeitos decorativos.<\/p>\n","protected":false},"featured_media":4899,"comment_status":"open","ping_status":"closed","template":"","meta":[],"product_brand":[],"product_cat":[899,613,35,605,80],"product_tag":[1142,1140,1189,1113,1112,1190],"class_list":{"0":"post-4898","1":"product","2":"type-product","3":"status-publish","4":"has-post-thumbnail","6":"product_cat-achadinhos","7":"product_cat-amazon","8":"product_cat-cama-mesa-e-banho","9":"product_cat-lojas","10":"product_cat-toalhas-e-jogos-de-banho","11":"product_tag-achadinho","12":"product_tag-ideias-de-presente-de-casamento","13":"product_tag-jogo-de-toalhas","14":"product_tag-presente-de-bodas","15":"product_tag-presente-de-casamento","16":"product_tag-toalha-de-banho","18":"first","19":"instock","20":"shipping-taxable","21":"product-type-external"},"_links":{"self":[{"href":"https:\/\/barzo.com.br\/shop\/wp-json\/wp\/v2\/product\/4898","targetHints":{"allow":["GET"]}}],"collection":[{"href":"https:\/\/barzo.com.br\/shop\/wp-json\/wp\/v2\/product"}],"about":[{"href":"https:\/\/barzo.com.br\/shop\/wp-json\/wp\/v2\/types\/product"}],"replies":[{"embeddable":true,"href":"https:\/\/barzo.com.br\/shop\/wp-json\/wp\/v2\/comments?post=4898"}],"wp:featuredmedia":[{"embeddable":true,"href":"https:\/\/barzo.com.br\/shop\/wp-json\/wp\/v2\/media\/4899"}],"wp:attachment":[{"href":"https:\/\/barzo.com.br\/shop\/wp-json\/wp\/v2\/media?parent=4898"}],"wp:term":[{"taxonomy":"product_brand","embeddable":true,"href":"https:\/\/barzo.com.br\/shop\/wp-json\/wp\/v2\/product_brand?post=4898"},{"taxonomy":"product_cat","embeddable":true,"href":"https:\/\/barzo.com.br\/shop\/wp-json\/wp\/v2\/product_cat?post=4898"},{"taxonomy":"product_tag","embeddable":true,"href":"https:\/\/barzo.com.br\/shop\/wp-json\/wp\/v2\/product_tag?post=4898"}],"curies":[{"name":"wp","href":"https:\/\/api.w.org\/{rel}","templated":true}]}}