{"id":4896,"date":"2023-04-24T00:44:06","date_gmt":"2023-04-24T03:44:06","guid":{"rendered":"https:\/\/barzo.com.br\/shop\/?post_type=product&#038;p=4896"},"modified":"2023-04-24T00:53:43","modified_gmt":"2023-04-24T03:53:43","slug":"servico-jantar-cha-porcelana-20pcs-octog","status":"publish","type":"product","link":"https:\/\/barzo.com.br\/shop\/produto\/servico-jantar-cha-porcelana-20pcs-octog\/","title":{"rendered":"Servi\u00e7o de Jantar e Ch\u00e1 em Porcelana, 20 Pe\u00e7as, Modelo Octogonal Prisma, Branco, Porcelana Schmidt"},"content":{"rendered":"<div id=\"twister_feature_div\" class=\"celwidget\" data-feature-name=\"twister\" data-csa-c-type=\"widget\" data-csa-c-content-id=\"twister\" data-csa-c-slot-id=\"twister_feature_div\" data-csa-c-asin=\"B07CP65QZJ\" data-csa-c-is-in-initial-active-row=\"false\" data-csa-c-id=\"tp02ql-54zkzk-fp42nx-icuq0h\" data-cel-widget=\"twister_feature_div\">\n<div id=\"twister-plus-inline-twister-container\" class=\"a-cardui-deck inline-twister-container-margins\">\n<div id=\"twister-plus-inline-twister-card\" class=\"a-cardui inline-twister-card-padding\" data-a-card-type=\"basic\">\n<div class=\"a-cardui-body\">\n<div id=\"twister-plus-inline-twister\" class=\"a-section\">\n<div>\n<div id=\"aplus_feature_div\" class=\"celwidget\" data-feature-name=\"aplus\" data-csa-c-type=\"widget\" data-csa-c-content-id=\"aplus\" data-csa-c-slot-id=\"aplus_feature_div\" data-csa-c-asin=\"\" data-csa-c-is-in-initial-active-row=\"false\" data-csa-c-id=\"v5awwt-mfdfby-6djg5v-ycmikj\" data-cel-widget=\"aplus_feature_div\">\n<div id=\"aplus\" class=\"a-section a-spacing-large bucket\">\n<hr class=\"bucketDivider\" noshade=\"noshade\" size=\"1\" \/>\n<h2>Do fabricante<\/h2>\n<div class=\"aplus-v2 desktop celwidget\" data-csa-c-id=\"mcio3h-etcbx-otrv9s-9kr37u\" data-cel-widget=\"aplus\">\n<div class=\"celwidget aplus-module module-8 aplus-standard\" data-csa-c-id=\"gk2xz4-qe0618-8uhlvc-sz6gfk\" data-cel-widget=\"aplus-module-8\">\n<div class=\"aplus-module-wrapper apm-fixed-width\">\n<div class=\"apm-spacing\">\n<div class=\"apm-lefttwothirdswrap apm-floatleft\">\n<div class=\"apm-leftimage\"><img decoding=\"async\" class=\"a-spacing-mini\" src=\"https:\/\/m.media-amazon.com\/images\/S\/aplus-media\/vc\/db23cc1f-7f54-4336-98b5-32b36b9fa4e5._CR0,0,300,300_PT0_SX300__.jpg\" alt=\"Schmidt\" data-src=\"https:\/\/m.media-amazon.com\/images\/S\/aplus-media\/vc\/db23cc1f-7f54-4336-98b5-32b36b9fa4e5._CR0,0,300,300_PT0_SX300__.jpg\" \/><\/div>\n<div class=\"apm-centerthirdcol\">\n<h3 class=\"a-spacing-mini\">Porcelana Schmidt, h\u00e1 73 anos produzindo a verdadeira porcelana do Brasil<\/h3>\n<h5 class=\"a-spacing-mini a-color-secondary\">Sin\u00f4nimo de tradi\u00e7\u00e3o e cultura em diversos pa\u00edses, a porcelana \u00e9 um produto que encanta<\/h5>\n<p class=\"a-spacing-base\">Tecnicamente a porcelana \u00e9 um produto cer\u00e2mico de alta resist\u00eancia, vitrificada e de baixa absor\u00e7\u00e3o. Para ela ficar pronta, s\u00e3o necess\u00e1rias 2 ou at\u00e9 3 queimas.<\/p>\n<p class=\"a-spacing-base\">A produ\u00e7\u00e3o da porcelana, inclui diversas etapas manuais, como a aplica\u00e7\u00e3o dos decalques e dos filetes de acabamento. Neste setor trabalham verdadeiros artes\u00e3os, que representam e traduzem a delicadeza e a beleza da porcelana. Cada pe\u00e7a \u00e9 tratada como um \u00fanico objeto de arte e a cada passo, ela transforma-se em um objeto de puro desejo.<\/p>\n<h5 class=\"a-spacing-mini a-color-secondary\">Modelo Prisma<\/h5>\n<p class=\"a-spacing-base\">As linhas retas e oitavadas conferem a linha Prisma, um clima contempor\u00e2neo e jovem as pe\u00e7as.<\/p>\n<\/div>\n<\/div>\n<div class=\"apm-rightthirdcol\">\n<div class=\"apm-rightthirdcol-inner\"><\/div>\n<\/div>\n<\/div>\n<\/div>\n<div><\/div>\n<\/div>\n<\/div>\n<\/div>\n<\/div>\n<div id=\"legal_feature_div\" class=\"celwidget\" data-feature-name=\"legal_NA\" data-csa-c-type=\"widget\" data-csa-c-content-id=\"legal_NA\" data-csa-c-slot-id=\"legal_feature_div\" data-csa-c-asin=\"\" data-csa-c-is-in-initial-active-row=\"false\" data-csa-c-id=\"rl297v-7zwxbt-cmw8pf-ahv9d4\" data-cel-widget=\"legal_feature_div\"><\/div>\n<div id=\"productDescription_feature_div\" class=\"celwidget\" data-feature-name=\"productDescription_NA\" data-csa-c-type=\"widget\" data-csa-c-content-id=\"productDescription_NA\" data-csa-c-slot-id=\"productDescription_feature_div\" data-csa-c-asin=\"\" data-csa-c-is-in-initial-active-row=\"false\" data-csa-c-id=\"nnyj7d-xb9pu8-l0sclo-tgcx4l\" data-cel-widget=\"productDescription_feature_div\">\n<div><\/div>\n<\/div>\n<div id=\"renewedProgramDescriptionBtf_feature_div\" class=\"celwidget\" data-feature-name=\"renewedProgramDescriptionBtf_NA\" data-csa-c-type=\"widget\" data-csa-c-content-id=\"renewedProgramDescriptionBtf_NA\" data-csa-c-slot-id=\"renewedProgramDescriptionBtf_feature_div\" data-csa-c-asin=\"\" data-csa-c-is-in-initial-active-row=\"false\" data-csa-c-id=\"whoimt-jlxkjy-5a8v5s-szdv99\" data-cel-widget=\"renewedProgramDescriptionBtf_feature_div\"><\/div>\n<div id=\"productDetails_feature_div\" class=\"celwidget\" data-feature-name=\"productDetails_NA\" data-csa-c-type=\"widget\" data-csa-c-content-id=\"productDetails_NA\" data-csa-c-slot-id=\"productDetails_feature_div\" data-csa-c-asin=\"\" data-csa-c-is-in-initial-active-row=\"false\" data-csa-c-id=\"z5h823-zgm1wt-bps02g-w5ylrn\" data-cel-widget=\"productDetails_feature_div\"><a id=\"productDetails\" name=\"productDetails\"><\/a><\/p>\n<hr class=\"a-divider-normal\" aria-hidden=\"true\" \/>\n<div>\n<div id=\"prodDetails\" class=\"a-section\">\n<h2>Informa\u00e7\u00f5es sobre o produto<\/h2>\n<div class=\"a-row a-spacing-top-base\">\n<div class=\"a-column a-span6\">\n<div class=\"a-row a-spacing-base\">\n<div class=\"a-row a-expander-container a-expander-extend-container\">\n<div class=\"a-row\">\n<div class=\"a-column a-span6\">\n<h1 class=\"a-size-medium a-spacing-small\">Detalhes t\u00e9cnicos<\/h1>\n<\/div>\n<\/div>\n<div class=\"a-expander-content a-expander-extend-content\" aria-expanded=\"true\">\n<div class=\"a-row a-expander-container a-expander-inline-container\">\n<div class=\"a-expander-content a-expander-section-content a-section-expander-inner\" aria-expanded=\"true\">\n<table id=\"productDetails_techSpec_section_1\" class=\"a-keyvalue prodDetTable\" role=\"presentation\">\n<tbody>\n<tr>\n<th class=\"a-color-secondary a-size-base prodDetSectionEntry\">Nome da marca<\/th>\n<td class=\"a-size-base prodDetAttrValue\">\u200ePorcelana Schmidt<\/td>\n<\/tr>\n<tr>\n<th class=\"a-color-secondary a-size-base prodDetSectionEntry\">Fabricante<\/th>\n<td class=\"a-size-base prodDetAttrValue\">\u200ePorcelana Schmidt<\/td>\n<\/tr>\n<tr>\n<th class=\"a-color-secondary a-size-base prodDetSectionEntry\">Modelo<\/th>\n<td class=\"a-size-base prodDetAttrValue\">\u200e578 9 020 077 058 0000<\/td>\n<\/tr>\n<tr>\n<th class=\"a-color-secondary a-size-base prodDetSectionEntry\">Cor<\/th>\n<td class=\"a-size-base prodDetAttrValue\">\u200eBranca<\/td>\n<\/tr>\n<tr>\n<th class=\"a-color-secondary a-size-base prodDetSectionEntry\">Nome do modelo<\/th>\n<td class=\"a-size-base prodDetAttrValue\">\u200e578 9 020 077 058 0000<\/td>\n<\/tr>\n<tr>\n<th class=\"a-color-secondary a-size-base prodDetSectionEntry\">N\u00famero da pe\u00e7a<\/th>\n<td class=\"a-size-base prodDetAttrValue\">\u200e578 9 020 077 058 0000<\/td>\n<\/tr>\n<tr>\n<th class=\"a-color-secondary a-size-base prodDetSectionEntry\">Caracter\u00edsticas especiais<\/th>\n<td class=\"a-size-base prodDetAttrValue\">\u200ePode ir ao freezer, Pode ir ao micro-ondas, Pode ir \u00e0 lava-lou\u00e7a<\/td>\n<\/tr>\n<tr>\n<th class=\"a-color-secondary a-size-base prodDetSectionEntry\">Pe\u00e7as para montagem<\/th>\n<td class=\"a-size-base prodDetAttrValue\">\u200ePrato Raso 28 cm(4), Prato Sobremesa 20 cm(4), Prato Fundo 24 cm(4), X\u00edcara Ch\u00e1 200 ml(4), Pires Ch\u00e1 15,5 cm(4)<\/td>\n<\/tr>\n<tr>\n<th class=\"a-color-secondary a-size-base prodDetSectionEntry\">N\u00famero de unidades<\/th>\n<td class=\"a-size-base prodDetAttrValue\">\u200e20<\/td>\n<\/tr>\n<tr>\n<th class=\"a-color-secondary a-size-base prodDetSectionEntry\">Tipo de fonte de energia<\/th>\n<td class=\"a-size-base prodDetAttrValue\">\u200eN\u00e3o aplic\u00e1vel<\/td>\n<\/tr>\n<tr>\n<th class=\"a-color-secondary a-size-base prodDetSectionEntry\">Funciona com baterias<\/th>\n<td class=\"a-size-base prodDetAttrValue\">\u200eN\u00e3o<\/td>\n<\/tr>\n<tr>\n<th class=\"a-color-secondary a-size-base prodDetSectionEntry\">Tipo de material<\/th>\n<td class=\"a-size-base prodDetAttrValue\">\u200ePorcelana<\/td>\n<\/tr>\n<tr>\n<th class=\"a-color-secondary a-size-base prodDetSectionEntry\">Cont\u00e9m l\u00edquido?<\/th>\n<td class=\"a-size-base prodDetAttrValue\">\u200eN\u00e3o<\/td>\n<\/tr>\n<tr>\n<th class=\"a-color-secondary a-size-base prodDetSectionEntry\">Fabricante<\/th>\n<td class=\"a-size-base prodDetAttrValue\">\u200ePorcelana Schmidt<\/td>\n<\/tr>\n<tr>\n<th class=\"a-color-secondary a-size-base prodDetSectionEntry\">N\u00famero do modelo<\/th>\n<td class=\"a-size-base prodDetAttrValue\">\u200e578 9 020 077 058 0000<\/td>\n<\/tr>\n<tr>\n<th class=\"a-color-secondary a-size-base prodDetSectionEntry\">Dimens\u00f5es do produto<\/th>\n<td class=\"a-size-base prodDetAttrValue\">\u200e37 x 27.5 x 25 cm; 8.12 Quilogramas<\/td>\n<\/tr>\n<tr>\n<th class=\"a-color-secondary a-size-base prodDetSectionEntry\">ASIN<\/th>\n<td class=\"a-size-base prodDetAttrValue\">\u200eB07CP65QZJ<\/td>\n<\/tr>\n<tr>\n<th class=\"a-color-secondary a-size-base prodDetSectionEntry\">EAN<\/th>\n<td class=\"a-size-base prodDetAttrValue\">\u200e7891259606647<\/td>\n<\/tr>\n<\/tbody>\n<\/table>\n<\/div>\n<\/div>\n<\/div>\n<\/div>\n<\/div>\n<div class=\"a-row a-spacing-base\"><\/div>\n<\/div>\n<div class=\"a-column a-span6 a-span-last\">\n<div class=\"a-row a-spacing-base\">\n<div id=\"productDetails_db_sections\" class=\"a-section\">\n<h1 class=\"a-size-medium a-spacing-small secHeader\">Informa\u00e7\u00f5es adicionais<\/h1>\n<div class=\"a-section table-padding\">\n<table id=\"productDetails_detailBullets_sections1\" class=\"a-keyvalue prodDetTable\" role=\"presentation\">\n<tbody>\n<tr>\n<th class=\"a-color-secondary a-size-base prodDetSectionEntry\">Dimens\u00f5es do pacote<\/th>\n<td class=\"a-size-base prodDetAttrValue\">37 x 28 x 24.6 cent\u00edmetros<\/td>\n<\/tr>\n<\/tbody>\n<\/table>\n<p>&nbsp;<\/p>\n<\/div>\n<\/div>\n<\/div>\n<\/div>\n<\/div>\n<\/div>\n<\/div>\n<\/div>\n<\/div>\n<div id=\"inline-twister-singleton-header-color_name\" class=\"a-section a-spacing-none inline-twister-singleton-header\"><span class=\"a-size-base a-color-secondary inline-twister-dim-title\">Cor:<\/span><span id=\"inline-twister-expanded-dimension-text-color_name\" class=\"a-size-base inline-twister-dim-title-value-truncate a-text-bold\">Branca<\/span><\/div>\n<hr class=\"a-spacing-none a-divider-normal\" aria-hidden=\"true\" \/>\n<\/div>\n<\/div>\n<\/div>\n<\/div>\n<\/div>\n<div id=\"clickToContact_feature_div\" class=\"celwidget\" data-feature-name=\"clickToContact\" data-csa-c-type=\"widget\" data-csa-c-content-id=\"clickToContact\" data-csa-c-slot-id=\"clickToContact_feature_div\" data-csa-c-asin=\"B07CP65QZJ\" data-csa-c-is-in-initial-active-row=\"false\" data-csa-c-id=\"h0qc1b-n8zb8o-oq3csw-cy2nxy\" data-cel-widget=\"clickToContact_feature_div\"><\/div>\n<div id=\"amazonCertifiedBadge_feature_div\" class=\"celwidget\" data-feature-name=\"amazonCertifiedBadge\" data-csa-c-type=\"widget\" data-csa-c-content-id=\"amazonCertifiedBadge\" data-csa-c-slot-id=\"amazonCertifiedBadge_feature_div\" data-csa-c-asin=\"B07CP65QZJ\" data-csa-c-is-in-initial-active-row=\"false\" data-csa-c-id=\"qijgi8-l1i2yd-jzy46w-kt24k2\" data-cel-widget=\"amazonCertifiedBadge_feature_div\"><\/div>\n<div id=\"smartHomeWidget_feature_div\" class=\"celwidget\" data-feature-name=\"smartHomeWidget\" data-csa-c-type=\"widget\" data-csa-c-content-id=\"smartHomeWidget\" data-csa-c-slot-id=\"smartHomeWidget_feature_div\" data-csa-c-asin=\"B07CP65QZJ\" data-csa-c-is-in-initial-active-row=\"false\" data-csa-c-id=\"dcj3hj-ym2g36-8z0753-1nqzwt\" data-cel-widget=\"smartHomeWidget_feature_div\"><\/div>\n<div id=\"twisterPlusWWDesktop\" class=\"celwidget\" data-feature-name=\"twisterPlusWWDesktop\" data-csa-c-type=\"widget\" data-csa-c-content-id=\"twisterPlusWWDesktop\" data-csa-c-slot-id=\"twisterPlusWWDesktop\" data-csa-c-asin=\"B07CP65QZJ\" data-csa-c-is-in-initial-active-row=\"false\" data-csa-c-id=\"pizv9o-1cl753-90slaz-8od3so\" data-cel-widget=\"twisterPlusWWDesktop\"><\/div>\n<div id=\"productOverview_feature_div\" class=\"celwidget\" data-feature-name=\"productOverview\" data-csa-c-type=\"widget\" data-csa-c-content-id=\"productOverview\" data-csa-c-slot-id=\"productOverview_feature_div\" data-csa-c-asin=\"B07CP65QZJ\" data-csa-c-is-in-initial-active-row=\"false\" data-csa-c-id=\"y9bura-7fnf29-eubsfd-g3tfe3\" data-cel-widget=\"productOverview_feature_div\">\n<div class=\"a-section a-spacing-small a-spacing-top-small\">\n<table class=\"a-normal a-spacing-micro\">\n<tbody>\n<tr class=\"a-spacing-small po-color\">\n<td class=\"a-span3\"><span class=\"a-size-base a-text-bold\">Cor<\/span><\/td>\n<td class=\"a-span9\"><span class=\"a-size-base po-break-word\">Branca<\/span><\/td>\n<\/tr>\n<tr class=\"a-spacing-small po-material\">\n<td class=\"a-span3\"><span class=\"a-size-base a-text-bold\">Material<\/span><\/td>\n<td class=\"a-span9\"><span class=\"a-size-base po-break-word\">Porcelana<\/span><\/td>\n<\/tr>\n<tr class=\"a-spacing-small po-brand\">\n<td class=\"a-span3\"><span class=\"a-size-base a-text-bold\">Marca<\/span><\/td>\n<td class=\"a-span9\"><span class=\"a-size-base po-break-word\">Porcelana Schmidt<\/span><\/td>\n<\/tr>\n<tr class=\"a-spacing-small po-collection\">\n<td class=\"a-span3\"><span class=\"a-size-base a-text-bold\">Cole\u00e7\u00e3o<\/span><\/td>\n<td class=\"a-span9\"><span class=\"a-size-base po-break-word\">Todos<\/span><\/td>\n<\/tr>\n<tr class=\"a-spacing-small po-item_weight\">\n<td class=\"a-span3\"><span class=\"a-size-base a-text-bold\">Peso do produto<\/span><\/td>\n<td class=\"a-span9\"><span class=\"a-size-base po-break-word\">8124 Gramas<\/span><\/td>\n<\/tr>\n<\/tbody>\n<\/table>\n<\/div>\n<\/div>\n<div id=\"featurebullets_feature_div\" class=\"celwidget\" data-feature-name=\"featurebullets\" data-csa-c-type=\"widget\" data-csa-c-content-id=\"featurebullets\" data-csa-c-slot-id=\"featurebullets_feature_div\" data-csa-c-asin=\"B07CP65QZJ\" data-csa-c-is-in-initial-active-row=\"false\" data-csa-c-id=\"vof3sq-wnh6yi-rxi6yv-jwdowi\" data-cel-widget=\"featurebullets_feature_div\">\n<div id=\"feature-bullets\" class=\"a-section a-spacing-medium a-spacing-top-small\">\n<hr \/>\n<h1 class=\"a-size-base-plus a-text-bold\">Sobre este item<\/h1>\n<ul class=\"a-unordered-list a-vertical a-spacing-mini\">\n<li><span class=\"a-list-item\">A leg\u00edtima porcelana desde 1945<\/span><\/li>\n<li><span class=\"a-list-item\">Cont\u00e9m 20 pe\u00e7as<\/span><\/li>\n<li><span class=\"a-list-item\">Material: porcelana<\/span><\/li>\n<li><span class=\"a-list-item\">Modelo octogonal prisma<\/span><\/li>\n<li><span class=\"a-list-item\">Cor: branco<\/span><\/li>\n<\/ul>\n<\/div>\n<\/div>\n","protected":false},"excerpt":{"rendered":"<p>Servi\u00e7o de Jantar e Ch\u00e1 em Porcelana, 20 Pe\u00e7as, Modelo Octogonal Prisma, Branco, Porcelana Schmidt<\/p>\n","protected":false},"featured_media":4897,"comment_status":"open","ping_status":"closed","template":"","meta":[],"product_brand":[],"product_cat":[899,613,605,140,144,127],"product_tag":[1142,1185,1187,1188,1140,1113,1112],"class_list":{"0":"post-4896","1":"product","2":"type-product","3":"status-publish","4":"has-post-thumbnail","6":"product_cat-achadinhos","7":"product_cat-amazon","8":"product_cat-lojas","9":"product_cat-pratos-e-talheres","10":"product_cat-sobremesa-cafe-e-cha","11":"product_cat-utilidades-domesticas","12":"product_tag-achadinho","13":"product_tag-aparelho-de-jantar","14":"product_tag-aparelho-de-jantar-e-cafe","15":"product_tag-aparelho-de-jantar-e-cha","16":"product_tag-ideias-de-presente-de-casamento","17":"product_tag-presente-de-bodas","18":"product_tag-presente-de-casamento","20":"first","21":"instock","22":"shipping-taxable","23":"product-type-external"},"_links":{"self":[{"href":"https:\/\/barzo.com.br\/shop\/wp-json\/wp\/v2\/product\/4896","targetHints":{"allow":["GET"]}}],"collection":[{"href":"https:\/\/barzo.com.br\/shop\/wp-json\/wp\/v2\/product"}],"about":[{"href":"https:\/\/barzo.com.br\/shop\/wp-json\/wp\/v2\/types\/product"}],"replies":[{"embeddable":true,"href":"https:\/\/barzo.com.br\/shop\/wp-json\/wp\/v2\/comments?post=4896"}],"wp:featuredmedia":[{"embeddable":true,"href":"https:\/\/barzo.com.br\/shop\/wp-json\/wp\/v2\/media\/4897"}],"wp:attachment":[{"href":"https:\/\/barzo.com.br\/shop\/wp-json\/wp\/v2\/media?parent=4896"}],"wp:term":[{"taxonomy":"product_brand","embeddable":true,"href":"https:\/\/barzo.com.br\/shop\/wp-json\/wp\/v2\/product_brand?post=4896"},{"taxonomy":"product_cat","embeddable":true,"href":"https:\/\/barzo.com.br\/shop\/wp-json\/wp\/v2\/product_cat?post=4896"},{"taxonomy":"product_tag","embeddable":true,"href":"https:\/\/barzo.com.br\/shop\/wp-json\/wp\/v2\/product_tag?post=4896"}],"curies":[{"name":"wp","href":"https:\/\/api.w.org\/{rel}","templated":true}]}}