{"id":4894,"date":"2023-04-24T00:36:10","date_gmt":"2023-04-24T03:36:10","guid":{"rendered":"https:\/\/barzo.com.br\/shop\/?post_type=product&#038;p=4894"},"modified":"2023-04-24T00:43:44","modified_gmt":"2023-04-24T03:43:44","slug":"aparelho-de-jantar-e-cha-30-pcs-oxford","status":"publish","type":"product","link":"https:\/\/barzo.com.br\/shop\/produto\/aparelho-de-jantar-e-cha-30-pcs-oxford\/","title":{"rendered":"Aparelho de Jantar E Ch\u00e1 30 P\u00e7s Oxford Floreal Luiza"},"content":{"rendered":"<div id=\"productOverview_feature_div\" class=\"celwidget\" data-feature-name=\"productOverview\" data-csa-c-type=\"widget\" data-csa-c-content-id=\"productOverview\" data-csa-c-slot-id=\"productOverview_feature_div\" data-csa-c-asin=\"B0778Y1XYT\" data-csa-c-is-in-initial-active-row=\"false\" data-csa-c-id=\"b6q2if-h1zo3k-z521ig-o7j02y\" data-cel-widget=\"productOverview_feature_div\">\n<div class=\"a-section a-spacing-small a-spacing-top-small\">\n<div id=\"productDescription_feature_div\" class=\"celwidget\" data-feature-name=\"productDescription_NA\" data-csa-c-type=\"widget\" data-csa-c-content-id=\"productDescription_NA\" data-csa-c-slot-id=\"productDescription_feature_div\" data-csa-c-asin=\"\" data-csa-c-is-in-initial-active-row=\"false\" data-csa-c-id=\"os81lq-g75j81-76lybw-d6jsbb\" data-cel-widget=\"productDescription_feature_div\">\n<div>\n<div id=\"productDescription_feature_div\" class=\"a-row feature\" data-feature-name=\"productDescription\" data-template-name=\"productDescription\" data-cel-widget=\"productDescription_feature_div\">\n<h2 class=\"default\">Descri\u00e7\u00e3o do produto<\/h2>\n<div id=\"productDescription\" class=\"a-section a-spacing-small\">\n<p>1 Aparelho de Jantar e ch\u00e1 30 pe\u00e7as Floreal Luiza, serve at\u00e9 6 pessoas. Em meio \u00e0s constru\u00e7\u00f5es do centro hist\u00f3rico de S\u00e3o Lu\u00eds do Maranh\u00e3o encontramos as cores e formas que inspiraram essa decora\u00e7\u00e3o. A linha Floreal Luiza da Oxford Daily buscou refer\u00eancias nos azulejos coloridos e nas texturas diferenciadas presentes nos monumentos do local. Uma lou\u00e7a radiante, carregada de elementos culturais.<\/p>\n<\/div>\n<\/div>\n<\/div>\n<\/div>\n<div id=\"renewedProgramDescriptionBtf_feature_div\" class=\"celwidget\" data-feature-name=\"renewedProgramDescriptionBtf_NA\" data-csa-c-type=\"widget\" data-csa-c-content-id=\"renewedProgramDescriptionBtf_NA\" data-csa-c-slot-id=\"renewedProgramDescriptionBtf_feature_div\" data-csa-c-asin=\"\" data-csa-c-is-in-initial-active-row=\"false\" data-csa-c-id=\"a6xmfu-fmtkdi-4pdwd6-iszcq2\" data-cel-widget=\"renewedProgramDescriptionBtf_feature_div\"><\/div>\n<div id=\"productDetails_feature_div\" class=\"celwidget\" data-feature-name=\"productDetails_NA\" data-csa-c-type=\"widget\" data-csa-c-content-id=\"productDetails_NA\" data-csa-c-slot-id=\"productDetails_feature_div\" data-csa-c-asin=\"\" data-csa-c-is-in-initial-active-row=\"false\" data-csa-c-id=\"snyf6y-ieh77x-qy0xh5-q2x1a\" data-cel-widget=\"productDetails_feature_div\"><a id=\"productDetails\" name=\"productDetails\"><\/a><\/p>\n<hr class=\"a-divider-normal\" aria-hidden=\"true\" \/>\n<div>\n<div id=\"prodDetails\" class=\"a-section\">\n<h2>Informa\u00e7\u00f5es sobre o produto<\/h2>\n<div class=\"a-row a-spacing-top-base\">\n<div class=\"a-column a-span6\">\n<div class=\"a-row a-spacing-base\">\n<div class=\"a-row a-expander-container a-expander-extend-container\">\n<div class=\"a-row\">\n<div class=\"a-column a-span6\">\n<h1 class=\"a-size-medium a-spacing-small\">Detalhes t\u00e9cnicos<\/h1>\n<\/div>\n<\/div>\n<div class=\"a-expander-content a-expander-extend-content\" aria-expanded=\"true\">\n<div class=\"a-row a-expander-container a-expander-inline-container\">\n<div class=\"a-expander-content a-expander-section-content a-section-expander-inner\" aria-expanded=\"true\">\n<table id=\"productDetails_techSpec_section_1\" class=\"a-keyvalue prodDetTable\" role=\"presentation\">\n<tbody>\n<tr>\n<th class=\"a-color-secondary a-size-base prodDetSectionEntry\">Nome da marca<\/th>\n<td class=\"a-size-base prodDetAttrValue\">\u200eOxford<\/td>\n<\/tr>\n<tr>\n<th class=\"a-color-secondary a-size-base prodDetSectionEntry\">Fabricante<\/th>\n<td class=\"a-size-base prodDetAttrValue\">\u200eOxford Porcelanas<\/td>\n<\/tr>\n<tr>\n<th class=\"a-color-secondary a-size-base prodDetSectionEntry\">Modelo<\/th>\n<td class=\"a-size-base prodDetAttrValue\">\u200e005248<\/td>\n<\/tr>\n<tr>\n<th class=\"a-color-secondary a-size-base prodDetSectionEntry\">Cor<\/th>\n<td class=\"a-size-base prodDetAttrValue\">\u200eAmarelo<\/td>\n<\/tr>\n<tr>\n<th class=\"a-color-secondary a-size-base prodDetSectionEntry\">Registro no Inmetro<\/th>\n<td class=\"a-size-base prodDetAttrValue\">\u200eN\u00e3o aplic\u00e1vel<\/td>\n<\/tr>\n<tr>\n<th class=\"a-color-secondary a-size-base prodDetSectionEntry\">Nome do modelo<\/th>\n<td class=\"a-size-base prodDetAttrValue\">\u200eFloreal Luiza<\/td>\n<\/tr>\n<tr>\n<th class=\"a-color-secondary a-size-base prodDetSectionEntry\">N\u00famero da pe\u00e7a<\/th>\n<td class=\"a-size-base prodDetAttrValue\">\u200e005248<\/td>\n<\/tr>\n<tr>\n<th class=\"a-color-secondary a-size-base prodDetSectionEntry\">Caracter\u00edsticas especiais<\/th>\n<td class=\"a-size-base prodDetAttrValue\">\u200ePode ir \u00e0 lava-lou\u00e7a, Pode ir ao microondas<\/td>\n<\/tr>\n<tr>\n<th class=\"a-color-secondary a-size-base prodDetSectionEntry\">Pe\u00e7as para montagem<\/th>\n<td class=\"a-size-base prodDetAttrValue\">\u200ePrato Raso 26 cm (6)^Prato Fundo 22 cm (6)^Prato de sobremesa 19 cm (6)^X\u00edcara de ch\u00e1 (6)^Pires (6), 6 pratos raso\/ 6 pratos fundo\/ 6 pratos de sobremesa\/ 6 xicara de ch\u00e1\/ 6 pires<\/td>\n<\/tr>\n<tr>\n<th class=\"a-color-secondary a-size-base prodDetSectionEntry\">N\u00famero de unidades<\/th>\n<td class=\"a-size-base prodDetAttrValue\">\u200e1<\/td>\n<\/tr>\n<tr>\n<th class=\"a-color-secondary a-size-base prodDetSectionEntry\">Tipo de fonte de energia<\/th>\n<td class=\"a-size-base prodDetAttrValue\">\u200eN\u00e3o aplic\u00e1vel<\/td>\n<\/tr>\n<tr>\n<th class=\"a-color-secondary a-size-base prodDetSectionEntry\">Funciona com baterias<\/th>\n<td class=\"a-size-base prodDetAttrValue\">\u200eN\u00e3o<\/td>\n<\/tr>\n<tr>\n<th class=\"a-color-secondary a-size-base prodDetSectionEntry\">Tipo de material<\/th>\n<td class=\"a-size-base prodDetAttrValue\">\u200eCer\u00e2mica<\/td>\n<\/tr>\n<tr>\n<th class=\"a-color-secondary a-size-base prodDetSectionEntry\">Cont\u00e9m l\u00edquido?<\/th>\n<td class=\"a-size-base prodDetAttrValue\">\u200eN\u00e3o<\/td>\n<\/tr>\n<tr>\n<th class=\"a-color-secondary a-size-base prodDetSectionEntry\">Fabricante<\/th>\n<td class=\"a-size-base prodDetAttrValue\">\u200eOxford Porcelanas<\/td>\n<\/tr>\n<tr>\n<th class=\"a-color-secondary a-size-base prodDetSectionEntry\">N\u00famero do modelo<\/th>\n<td class=\"a-size-base prodDetAttrValue\">\u200e005248<\/td>\n<\/tr>\n<tr>\n<th class=\"a-color-secondary a-size-base prodDetSectionEntry\">Dimens\u00f5es do produto<\/th>\n<td class=\"a-size-base prodDetAttrValue\">\u200e38 x 34 x 34.2 cm; 370 g<\/td>\n<\/tr>\n<tr>\n<th class=\"a-color-secondary a-size-base prodDetSectionEntry\">ASIN<\/th>\n<td class=\"a-size-base prodDetAttrValue\">\u200eB0778Y1XYT<\/td>\n<\/tr>\n<tr>\n<th class=\"a-color-secondary a-size-base prodDetSectionEntry\">EAN<\/th>\n<td class=\"a-size-base prodDetAttrValue\">\u200e7891361897087<\/td>\n<\/tr>\n<\/tbody>\n<\/table>\n<\/div>\n<\/div>\n<\/div>\n<\/div>\n<\/div>\n<div class=\"a-row a-spacing-base\"><\/div>\n<\/div>\n<div class=\"a-column a-span6 a-span-last\">\n<div class=\"a-row a-spacing-base\">\n<div id=\"productDetails_db_sections\" class=\"a-section\">\n<h1 class=\"a-size-medium a-spacing-small secHeader\">Informa\u00e7\u00f5es adicionais<\/h1>\n<div class=\"a-section table-padding\">\n<table id=\"productDetails_detailBullets_sections1\" class=\"a-keyvalue prodDetTable\" role=\"presentation\">\n<tbody>\n<tr>\n<th class=\"a-color-secondary a-size-base prodDetSectionEntry\">Dimens\u00f5es do pacote<\/th>\n<td class=\"a-size-base prodDetAttrValue\">38.6 x 35 x 33 cent\u00edmetros<\/td>\n<\/tr>\n<\/tbody>\n<\/table>\n<p>&nbsp;<\/p>\n<\/div>\n<\/div>\n<\/div>\n<\/div>\n<\/div>\n<\/div>\n<\/div>\n<\/div>\n<table class=\"a-normal a-spacing-micro\">\n<tbody>\n<tr class=\"a-spacing-small po-color\">\n<td class=\"a-span3\"><span class=\"a-size-base a-text-bold\">Cor<\/span><\/td>\n<td class=\"a-span9\"><span class=\"a-size-base po-break-word\">Amarelo<\/span><\/td>\n<\/tr>\n<tr class=\"a-spacing-small po-material\">\n<td class=\"a-span3\"><span class=\"a-size-base a-text-bold\">Material<\/span><\/td>\n<td class=\"a-span9\"><span class=\"a-size-base po-break-word\">Cer\u00e2mica<\/span><\/td>\n<\/tr>\n<tr class=\"a-spacing-small po-brand\">\n<td class=\"a-span3\"><span class=\"a-size-base a-text-bold\">Marca<\/span><\/td>\n<td class=\"a-span9\"><span class=\"a-size-base po-break-word\">Oxford<\/span><\/td>\n<\/tr>\n<tr class=\"a-spacing-small po-pattern\">\n<td class=\"a-span3\"><span class=\"a-size-base a-text-bold\">Padr\u00e3o<\/span><\/td>\n<td class=\"a-span9\"><span class=\"a-size-base po-break-word\">Azulejo<\/span><\/td>\n<\/tr>\n<tr class=\"a-spacing-small po-collection\">\n<td class=\"a-span3\"><span class=\"a-size-base a-text-bold\">Cole\u00e7\u00e3o<\/span><\/td>\n<td class=\"a-span9\"><span class=\"a-size-base po-break-word\">Todos<\/span><\/td>\n<\/tr>\n<\/tbody>\n<\/table>\n<\/div>\n<\/div>\n<div id=\"featurebullets_feature_div\" class=\"celwidget\" data-feature-name=\"featurebullets\" data-csa-c-type=\"widget\" data-csa-c-content-id=\"featurebullets\" data-csa-c-slot-id=\"featurebullets_feature_div\" data-csa-c-asin=\"B0778Y1XYT\" data-csa-c-is-in-initial-active-row=\"false\" data-csa-c-id=\"8an5b-nn8g07-2j1iuz-keshm3\" data-cel-widget=\"featurebullets_feature_div\">\n<div id=\"feature-bullets\" class=\"a-section a-spacing-medium a-spacing-top-small\">\n<hr \/>\n<h1 class=\"a-size-base-plus a-text-bold\">Sobre este item<\/h1>\n<ul class=\"a-unordered-list a-vertical a-spacing-mini\">\n<li><span class=\"a-list-item\">Resistente a micro-ondas e lava-lou\u00e7as<\/span><\/li>\n<li><span class=\"a-list-item\">Modelo: Daily Floreal<\/span><\/li>\n<li><span class=\"a-list-item\">Serve at\u00e9 6 pessoas<\/span><\/li>\n<\/ul>\n<\/div>\n<\/div>\n<div id=\"provenanceCertifications_feature_div\" class=\"celwidget\" data-feature-name=\"provenanceCertifications\" data-csa-c-type=\"widget\" data-csa-c-content-id=\"provenanceCertifications\" data-csa-c-slot-id=\"provenanceCertifications_feature_div\" data-csa-c-asin=\"B0778Y1XYT\" data-csa-c-is-in-initial-active-row=\"false\" data-csa-c-id=\"fg0n4j-tzwdln-pxzk6t-ooiu5q\" data-cel-widget=\"provenanceCertifications_feature_div\"><\/div>\n<div id=\"customerReviewsAttribute_feature_div\" class=\"celwidget\" data-feature-name=\"customerReviewsAttribute\" data-csa-c-type=\"widget\" data-csa-c-content-id=\"customerReviewsAttribute\" data-csa-c-slot-id=\"customerReviewsAttribute_feature_div\" data-csa-c-asin=\"B0778Y1XYT\" data-csa-c-is-in-initial-active-row=\"false\" data-csa-c-id=\"yjutpx-dm2tyk-d57s1z-a6tnxz\" data-cel-widget=\"customerReviewsAttribute_feature_div\">\n<div class=\"cra-desktop-width \">\n<div class=\"a-row a-spacing-base\"><\/div>\n<\/div>\n<\/div>\n","protected":false},"excerpt":{"rendered":"<p>1 Aparelho de Jantar e ch\u00e1 30 pe\u00e7as Floreal Luiza, serve at\u00e9 6 pessoas. Em meio \u00e0s constru\u00e7\u00f5es do centro hist\u00f3rico de S\u00e3o Lu\u00eds do Maranh\u00e3o encontramos as cores e formas que inspiraram essa decora\u00e7\u00e3o. A linha Floreal Luiza da Oxford Daily buscou refer\u00eancias nos azulejos coloridos e nas texturas diferenciadas presentes nos monumentos do local. Uma lou\u00e7a radiante, carregada de elementos culturais.<\/p>\n","protected":false},"featured_media":4895,"comment_status":"open","ping_status":"closed","template":"","meta":[],"product_brand":[],"product_cat":[899,613,605,140,144,127],"product_tag":[1142,1185,1187,1012,1140,1186,1113,1112],"class_list":{"0":"post-4894","1":"product","2":"type-product","3":"status-publish","4":"has-post-thumbnail","6":"product_cat-achadinhos","7":"product_cat-amazon","8":"product_cat-lojas","9":"product_cat-pratos-e-talheres","10":"product_cat-sobremesa-cafe-e-cha","11":"product_cat-utilidades-domesticas","12":"product_tag-achadinho","13":"product_tag-aparelho-de-jantar","14":"product_tag-aparelho-de-jantar-e-cafe","15":"product_tag-cafe","16":"product_tag-ideias-de-presente-de-casamento","17":"product_tag-oxford","18":"product_tag-presente-de-bodas","19":"product_tag-presente-de-casamento","21":"first","22":"instock","23":"shipping-taxable","24":"product-type-external"},"_links":{"self":[{"href":"https:\/\/barzo.com.br\/shop\/wp-json\/wp\/v2\/product\/4894","targetHints":{"allow":["GET"]}}],"collection":[{"href":"https:\/\/barzo.com.br\/shop\/wp-json\/wp\/v2\/product"}],"about":[{"href":"https:\/\/barzo.com.br\/shop\/wp-json\/wp\/v2\/types\/product"}],"replies":[{"embeddable":true,"href":"https:\/\/barzo.com.br\/shop\/wp-json\/wp\/v2\/comments?post=4894"}],"wp:featuredmedia":[{"embeddable":true,"href":"https:\/\/barzo.com.br\/shop\/wp-json\/wp\/v2\/media\/4895"}],"wp:attachment":[{"href":"https:\/\/barzo.com.br\/shop\/wp-json\/wp\/v2\/media?parent=4894"}],"wp:term":[{"taxonomy":"product_brand","embeddable":true,"href":"https:\/\/barzo.com.br\/shop\/wp-json\/wp\/v2\/product_brand?post=4894"},{"taxonomy":"product_cat","embeddable":true,"href":"https:\/\/barzo.com.br\/shop\/wp-json\/wp\/v2\/product_cat?post=4894"},{"taxonomy":"product_tag","embeddable":true,"href":"https:\/\/barzo.com.br\/shop\/wp-json\/wp\/v2\/product_tag?post=4894"}],"curies":[{"name":"wp","href":"https:\/\/api.w.org\/{rel}","templated":true}]}}