{"id":4892,"date":"2023-04-24T00:24:15","date_gmt":"2023-04-24T03:24:15","guid":{"rendered":"https:\/\/barzo.com.br\/shop\/?post_type=product&#038;p=4892"},"modified":"2023-04-24T00:35:17","modified_gmt":"2023-04-24T03:35:17","slug":"jogo-12-copos-altos-250ml-long-drink","status":"publish","type":"product","link":"https:\/\/barzo.com.br\/shop\/produto\/jogo-12-copos-altos-250ml-long-drink\/","title":{"rendered":"Jogo Kit 12 Copos Altos 250ml Em Vidro Grosso Long Drink"},"content":{"rendered":"<div id=\"productOverview_feature_div\" class=\"celwidget\" data-feature-name=\"productOverview\" data-csa-c-type=\"widget\" data-csa-c-content-id=\"productOverview\" data-csa-c-slot-id=\"productOverview_feature_div\" data-csa-c-asin=\"B0BVC7GCCJ\" data-csa-c-is-in-initial-active-row=\"false\" data-cel-widget=\"productOverview_feature_div\" data-csa-c-id=\"79qmin-9fwj4k-isq2h4-tui711\">\n<div class=\"a-section a-spacing-small a-spacing-top-small\">\n<div id=\"productDescription_feature_div\" class=\"celwidget\" data-feature-name=\"productDescription_NA\" data-csa-c-type=\"widget\" data-csa-c-content-id=\"productDescription_NA\" data-csa-c-slot-id=\"productDescription_feature_div\" data-csa-c-asin=\"\" data-csa-c-is-in-initial-active-row=\"false\" data-cel-widget=\"productDescription_feature_div\" data-csa-c-id=\"p073yh-9naw79-rfhrg3-8xgncv\">\n<div>\n<div id=\"productDescription_feature_div\" class=\"a-row feature\" data-feature-name=\"productDescription\" data-template-name=\"productDescription\" data-cel-widget=\"productDescription_feature_div\">\n<h2 class=\"default\">Descri\u00e7\u00e3o do produto<\/h2>\n<div id=\"productDescription\" class=\"a-section a-spacing-small\">\n<p>Jogo com 12 Copos em Vidro de 250Ml At\u00e9 o utens\u00edlio mais simples da sua casa pode ter design e qualidade. Os copos s\u00e3o os itens mais utilizados em nosso dia a dia e esse jogo com 12 pe\u00e7as pode deixar a sua cozinha ainda mais com a sua cara. Sirva seus convidados com muito mais charme e eleg\u00e2ncia com o Conjunto de Copos Square. Perfeito para complementar a sua mesa de forma moderna e vers\u00e1til.<\/p>\n<p>Ele \u00e9 produzido em vidro ultra resistente, perfeito para o seu dia a dia, sem medo de quebrar na hora de lavar ou servir. Com capacidade de 250 ml, ideal para o suco, refrigerante ou \u00e1gua. Itens Inclusos: 12 Copos em Vidro de 250 mL Medidas: Altura: 13,5 cm Di\u00e2metro: 6 cm Espessura do Vidro: 3 mm<\/p>\n<\/div>\n<\/div>\n<\/div>\n<\/div>\n<div id=\"renewedProgramDescriptionBtf_feature_div\" class=\"celwidget\" data-feature-name=\"renewedProgramDescriptionBtf_NA\" data-csa-c-type=\"widget\" data-csa-c-content-id=\"renewedProgramDescriptionBtf_NA\" data-csa-c-slot-id=\"renewedProgramDescriptionBtf_feature_div\" data-csa-c-asin=\"\" data-csa-c-is-in-initial-active-row=\"false\" data-cel-widget=\"renewedProgramDescriptionBtf_feature_div\" data-csa-c-id=\"exs3cg-ywz38x-27rmgg-563sku\"><\/div>\n<div id=\"productDetails_feature_div\" class=\"celwidget\" data-feature-name=\"productDetails_NA\" data-csa-c-type=\"widget\" data-csa-c-content-id=\"productDetails_NA\" data-csa-c-slot-id=\"productDetails_feature_div\" data-csa-c-asin=\"\" data-csa-c-is-in-initial-active-row=\"false\" data-cel-widget=\"productDetails_feature_div\" data-csa-c-id=\"bz33ia-cwdtcf-4taujs-fifdw1\"><a id=\"productDetails\" name=\"productDetails\"><\/a><\/p>\n<hr class=\"a-divider-normal\" aria-hidden=\"true\" \/>\n<div>\n<div id=\"prodDetails\" class=\"a-section\">\n<h2>Informa\u00e7\u00f5es sobre o produto<\/h2>\n<div class=\"a-row a-spacing-top-base\">\n<div class=\"a-column a-span6\">\n<div class=\"a-row a-spacing-base\">\n<div class=\"a-row a-expander-container a-expander-extend-container\">\n<div class=\"a-row\">\n<div class=\"a-column a-span6\">\n<h1 class=\"a-size-medium a-spacing-small\">Detalhes t\u00e9cnicos<\/h1>\n<\/div>\n<\/div>\n<div class=\"a-expander-content a-expander-extend-content\" aria-expanded=\"true\">\n<div class=\"a-row a-expander-container a-expander-inline-container\">\n<div class=\"a-expander-content a-expander-section-content a-section-expander-inner\" aria-expanded=\"true\">\n<table id=\"productDetails_techSpec_section_1\" class=\"a-keyvalue prodDetTable\" role=\"presentation\">\n<tbody>\n<tr>\n<th class=\"a-color-secondary a-size-base prodDetSectionEntry\">Nome da marca<\/th>\n<td class=\"a-size-base prodDetAttrValue\">\u200eCampineira<\/td>\n<\/tr>\n<tr>\n<th class=\"a-color-secondary a-size-base prodDetSectionEntry\">Fabricante<\/th>\n<td class=\"a-size-base prodDetAttrValue\">\u200eHamsa Glass<\/td>\n<\/tr>\n<tr>\n<th class=\"a-color-secondary a-size-base prodDetSectionEntry\">Cor<\/th>\n<td class=\"a-size-base prodDetAttrValue\">\u200eTransparente<\/td>\n<\/tr>\n<tr>\n<th class=\"a-color-secondary a-size-base prodDetSectionEntry\">N\u00famero de unidades<\/th>\n<td class=\"a-size-base prodDetAttrValue\">\u200e12<\/td>\n<\/tr>\n<tr>\n<th class=\"a-color-secondary a-size-base prodDetSectionEntry\">Fabricante<\/th>\n<td class=\"a-size-base prodDetAttrValue\">\u200eHamsa Glass<\/td>\n<\/tr>\n<tr>\n<th class=\"a-color-secondary a-size-base prodDetSectionEntry\">Dimens\u00f5es do produto<\/th>\n<td class=\"a-size-base prodDetAttrValue\">\u200e6 x 6 x 13.5 cm; 4.37 Quilogramas<\/td>\n<\/tr>\n<tr>\n<th class=\"a-color-secondary a-size-base prodDetSectionEntry\">ASIN<\/th>\n<td class=\"a-size-base prodDetAttrValue\">\u200eB0BVC7GCCJ<\/td>\n<\/tr>\n<tr>\n<th class=\"a-color-secondary a-size-base prodDetSectionEntry\">EAN<\/th>\n<td class=\"a-size-base prodDetAttrValue\">\u200e7795379164868<\/td>\n<\/tr>\n<\/tbody>\n<\/table>\n<\/div>\n<\/div>\n<\/div>\n<\/div>\n<\/div>\n<div class=\"a-row a-spacing-base\"><\/div>\n<\/div>\n<div class=\"a-column a-span6 a-span-last\">\n<div class=\"a-row a-spacing-base\">\n<div id=\"productDetails_db_sections\" class=\"a-section\">\n<h1 class=\"a-size-medium a-spacing-small secHeader\">Informa\u00e7\u00f5es adicionais<\/h1>\n<div class=\"a-section table-padding\">\n<table id=\"productDetails_detailBullets_sections1\" class=\"a-keyvalue prodDetTable\" role=\"presentation\">\n<tbody>\n<tr>\n<th class=\"a-color-secondary a-size-base prodDetSectionEntry\">Dimens\u00f5es do pacote<\/th>\n<td class=\"a-size-base prodDetAttrValue\">42 x 15 x 14 cent\u00edmetros<\/td>\n<\/tr>\n<\/tbody>\n<\/table>\n<p>&nbsp;<\/p>\n<\/div>\n<\/div>\n<\/div>\n<\/div>\n<\/div>\n<\/div>\n<\/div>\n<\/div>\n<table class=\"a-normal a-spacing-micro\">\n<tbody>\n<tr class=\"a-spacing-small po-brand\">\n<td class=\"a-span3\"><span class=\"a-size-base a-text-bold\">Marca<\/span><\/td>\n<td class=\"a-span9\"><span class=\"a-size-base po-break-word\">Campineira<\/span><\/td>\n<\/tr>\n<tr class=\"a-spacing-small po-color\">\n<td class=\"a-span3\"><span class=\"a-size-base a-text-bold\">Cor<\/span><\/td>\n<td class=\"a-span9\"><span class=\"a-size-base po-break-word\">Transparente<\/span><\/td>\n<\/tr>\n<tr class=\"a-spacing-small po-capacity\">\n<td class=\"a-span3\"><span class=\"a-size-base a-text-bold\">Capacidade<\/span><\/td>\n<td class=\"a-span9\"><span class=\"a-size-base po-break-word\">250 Milliliters<\/span><\/td>\n<\/tr>\n<tr class=\"a-spacing-small po-occasion_type\">\n<td class=\"a-span3\"><span class=\"a-size-base a-text-bold\">Ocasi\u00e3o<\/span><\/td>\n<td class=\"a-span9\"><span class=\"a-size-base po-break-word\">Ano novo, Despedida de solteira<\/span><\/td>\n<\/tr>\n<tr class=\"a-spacing-small po-item_shape\">\n<td class=\"a-span3\"><span class=\"a-size-base a-text-bold\">Forma<\/span><\/td>\n<td class=\"a-span9\"><span class=\"a-size-base po-break-word\">C\u00f4nico<\/span><\/td>\n<\/tr>\n<\/tbody>\n<\/table>\n<\/div>\n<\/div>\n<div id=\"featurebullets_feature_div\" class=\"celwidget\" data-feature-name=\"featurebullets\" data-csa-c-type=\"widget\" data-csa-c-content-id=\"featurebullets\" data-csa-c-slot-id=\"featurebullets_feature_div\" data-csa-c-asin=\"B0BVC7GCCJ\" data-csa-c-is-in-initial-active-row=\"false\" data-cel-widget=\"featurebullets_feature_div\" data-csa-c-id=\"5lpj0n-j5y00c-ns9hpy-l9n9zb\">\n<div id=\"feature-bullets\" class=\"a-section a-spacing-medium a-spacing-top-small\">\n<hr \/>\n<h1 class=\"a-size-base-plus a-text-bold\">Sobre este item<\/h1>\n<ul class=\"a-unordered-list a-vertical a-spacing-mini\">\n<li><span class=\"a-list-item\">Espessura do Vidro: 3 mm<\/span><\/li>\n<li><span class=\"a-list-item\">Altura: 13,5 cm e Di\u00e2metro: 6 cm<\/span><\/li>\n<li><span class=\"a-list-item\">Vidro Ultra Resistente<\/span><\/li>\n<li><span class=\"a-list-item\">Pode ir na Lava Lou\u00e7a<\/span><\/li>\n<li><span class=\"a-list-item\">Com capacidade de 250 ml, ideal para o suco, refrigerante ou \u00e1gua<\/span><\/li>\n<\/ul>\n<\/div>\n<\/div>\n","protected":false},"excerpt":{"rendered":"<p>Jogo com 12 Copos em Vidro de 250Ml At\u00e9 o utens\u00edlio mais simples da sua casa pode ter design e qualidade. Os copos s\u00e3o os itens mais utilizados em nosso dia a dia e esse jogo com 12 pe\u00e7as pode deixar a sua cozinha ainda mais com a sua cara. Sirva seus convidados com muito mais charme e eleg\u00e2ncia com o Conjunto de Copos Square. Perfeito para complementar a sua mesa de forma moderna e vers\u00e1til. Ele \u00e9 produzido em vidro ultra resistente, perfeito para o seu dia a dia, sem medo de quebrar na hora de lavar ou servir.<\/p>\n","protected":false},"featured_media":4893,"comment_status":"open","ping_status":"closed","template":"","meta":[],"product_brand":[],"product_cat":[899,613,139,605,127],"product_tag":[1142,1140,1182,1183,1113,1112],"class_list":{"0":"post-4892","1":"product","2":"type-product","3":"status-publish","4":"has-post-thumbnail","6":"product_cat-achadinhos","7":"product_cat-amazon","8":"product_cat-copos-tacas-e-canecas","9":"product_cat-lojas","10":"product_cat-utilidades-domesticas","11":"product_tag-achadinho","12":"product_tag-ideias-de-presente-de-casamento","13":"product_tag-jogo-de-copos","14":"product_tag-longdrink","15":"product_tag-presente-de-bodas","16":"product_tag-presente-de-casamento","18":"first","19":"instock","20":"shipping-taxable","21":"product-type-external"},"_links":{"self":[{"href":"https:\/\/barzo.com.br\/shop\/wp-json\/wp\/v2\/product\/4892","targetHints":{"allow":["GET"]}}],"collection":[{"href":"https:\/\/barzo.com.br\/shop\/wp-json\/wp\/v2\/product"}],"about":[{"href":"https:\/\/barzo.com.br\/shop\/wp-json\/wp\/v2\/types\/product"}],"replies":[{"embeddable":true,"href":"https:\/\/barzo.com.br\/shop\/wp-json\/wp\/v2\/comments?post=4892"}],"wp:featuredmedia":[{"embeddable":true,"href":"https:\/\/barzo.com.br\/shop\/wp-json\/wp\/v2\/media\/4893"}],"wp:attachment":[{"href":"https:\/\/barzo.com.br\/shop\/wp-json\/wp\/v2\/media?parent=4892"}],"wp:term":[{"taxonomy":"product_brand","embeddable":true,"href":"https:\/\/barzo.com.br\/shop\/wp-json\/wp\/v2\/product_brand?post=4892"},{"taxonomy":"product_cat","embeddable":true,"href":"https:\/\/barzo.com.br\/shop\/wp-json\/wp\/v2\/product_cat?post=4892"},{"taxonomy":"product_tag","embeddable":true,"href":"https:\/\/barzo.com.br\/shop\/wp-json\/wp\/v2\/product_tag?post=4892"}],"curies":[{"name":"wp","href":"https:\/\/api.w.org\/{rel}","templated":true}]}}