{"id":4871,"date":"2023-04-23T02:11:24","date_gmt":"2023-04-23T05:11:24","guid":{"rendered":"https:\/\/barzo.com.br\/shop\/?post_type=product&#038;p=4871"},"modified":"2023-04-23T02:33:26","modified_gmt":"2023-04-23T05:33:26","slug":"jg-6-tacas-colibri-580ml-cristal-bohemia","status":"publish","type":"product","link":"https:\/\/barzo.com.br\/shop\/produto\/jg-6-tacas-colibri-580ml-cristal-bohemia\/","title":{"rendered":"Jogo de 6 Ta\u00e7as para \u00c1gua e Vinho Colibri 580ml Cristal Bohemia"},"content":{"rendered":"<div id=\"productDescription_feature_div\" class=\"celwidget\" data-feature-name=\"productDescription_NA\" data-csa-c-type=\"widget\" data-csa-c-content-id=\"productDescription_NA\" data-csa-c-slot-id=\"productDescription_feature_div\" data-csa-c-asin=\"\" data-csa-c-is-in-initial-active-row=\"false\" data-csa-c-id=\"v392kl-5eldfh-lsqun9-hj77if\" data-cel-widget=\"productDescription_feature_div\">\n<div>\n<div id=\"productDescription_feature_div\" class=\"a-row feature\" data-feature-name=\"productDescription\" data-template-name=\"productDescription\" data-cel-widget=\"productDescription_feature_div\">\n<h2 class=\"default\">Descri\u00e7\u00e3o do produto<\/h2>\n<div id=\"productDescription\" class=\"a-section a-spacing-small\">\n<p>&nbsp;<\/p>\n<p>Conjunto 6 ta\u00e7as de vinho Colibri Bohemia Cristal<\/p>\n<p>Com um alt\u00edssimo n\u00edvel de transpar\u00eancia o nosso conjunto lhe trar\u00e1 modernidade para sua casa, voc\u00ea servir\u00e1 seus amigos e familiares com estilo e glamour. Com material de Cristal, resist\u00eancia elevada e um corte fino que ir\u00e3o lhe proporcionar uma experi\u00eancia &#8220;profissional&#8221; na degusta\u00e7\u00e3o de seu vinho, pode ser usado para qualquer tipo de vinho e qualquer tipo de bebida.<\/p>\n<p>\u00c9 uns dos produtos que n\u00e3o pode faltar em sua casa!<\/p>\n<p>Informa\u00e7\u00f5es sobre o produto<\/p>\n<p>Altura: 23 cm;<\/p>\n<p>Di\u00e2metro da Base: 8 cm;<\/p>\n<p>Di\u00e2metro da Boca: 7 cm;<\/p>\n<p>Capacidade: 580ML.<\/p>\n<p>Material:Cristal de Soda.<\/p>\n<p>Cuidados:<\/p>\n<p>-Mantenha longe das crian\u00e7as;<\/p>\n<p>-Cuidado ao manusear, n\u00e3o segure com muita for\u00e7a;<\/p>\n<p>-N\u00e3o deixe em lugares altos;<\/p>\n<p>-Quando for lavar utilize apenas uma esponja macia e detergente neutro para n\u00e3o arranhar o produto;<\/p>\n<p>-Se o produto quebrar descarte-o imediatamente para que n\u00e3o ocorra acidentes.<\/p>\n<p>&nbsp;<\/p>\n<\/div>\n<\/div>\n<\/div>\n<\/div>\n<div id=\"renewedProgramDescriptionBtf_feature_div\" class=\"celwidget\" data-feature-name=\"renewedProgramDescriptionBtf_NA\" data-csa-c-type=\"widget\" data-csa-c-content-id=\"renewedProgramDescriptionBtf_NA\" data-csa-c-slot-id=\"renewedProgramDescriptionBtf_feature_div\" data-csa-c-asin=\"\" data-csa-c-is-in-initial-active-row=\"false\" data-csa-c-id=\"65catq-1jah0m-5bumms-do0c09\" data-cel-widget=\"renewedProgramDescriptionBtf_feature_div\"><\/div>\n<div id=\"productDetails_feature_div\" class=\"celwidget\" data-feature-name=\"productDetails_NA\" data-csa-c-type=\"widget\" data-csa-c-content-id=\"productDetails_NA\" data-csa-c-slot-id=\"productDetails_feature_div\" data-csa-c-asin=\"\" data-csa-c-is-in-initial-active-row=\"false\" data-csa-c-id=\"cchfqd-psws5h-xupc7o-9j4b20\" data-cel-widget=\"productDetails_feature_div\">\n<p><a id=\"productDetails\" name=\"productDetails\"><\/a><\/p>\n<hr class=\"a-divider-normal\" aria-hidden=\"true\" \/>\n<div>\n<div id=\"prodDetails\" class=\"a-section\">\n<h2>Informa\u00e7\u00f5es sobre o produto<\/h2>\n<table class=\"a-normal a-spacing-micro\">\n<tbody>\n<tr class=\"a-spacing-small po-brand\">\n<td class=\"a-span3\"><span class=\"a-size-base a-text-bold\">Marca<\/span><\/td>\n<td class=\"a-span9\"><span class=\"a-size-base po-break-word\">PRATTOS<\/span><\/td>\n<\/tr>\n<tr class=\"a-spacing-small po-capacity\">\n<td class=\"a-span3\"><span class=\"a-size-base a-text-bold\">Capacidade<\/span><\/td>\n<td class=\"a-span9\"><span class=\"a-size-base po-break-word\">580 Milliliters<\/span><\/td>\n<\/tr>\n<tr class=\"a-spacing-small po-occasion_type\">\n<td class=\"a-span3\"><span class=\"a-size-base a-text-bold\">Ocasi\u00e3o<\/span><\/td>\n<td class=\"a-span9\"><span class=\"a-size-base po-break-word\">Ano novo, Anivers\u00e1rio, Casamento<\/span><\/td>\n<\/tr>\n<tr class=\"a-spacing-small po-unit_count\">\n<td class=\"a-span3\"><span class=\"a-size-base a-text-bold\">Contagem de unidades<\/span><\/td>\n<td class=\"a-span9\"><span class=\"a-size-base po-break-word\">6 unidade<\/span><\/td>\n<\/tr>\n<tr class=\"a-spacing-small po-item_weight\">\n<td class=\"a-span3\"><span class=\"a-size-base a-text-bold\">Peso do produto<\/span><\/td>\n<td class=\"a-span9\"><span class=\"a-size-base po-break-word\">2200 Gramas<\/span><\/td>\n<\/tr>\n<\/tbody>\n<\/table>\n<div class=\"a-row a-spacing-top-base\">\n<div class=\"a-column a-span6\">\n<div class=\"a-row a-spacing-base\">\n<div class=\"a-row a-expander-container a-expander-extend-container\">\n<div class=\"a-row\">\n<div class=\"a-column a-span6\">\n<h1 class=\"a-size-medium a-spacing-small\">Detalhes t\u00e9cnicos<\/h1>\n<\/div>\n<\/div>\n<div class=\"a-expander-content a-expander-extend-content\" aria-expanded=\"true\">\n<div class=\"a-row a-expander-container a-expander-inline-container\">\n<div class=\"a-expander-content a-expander-section-content a-section-expander-inner\" aria-expanded=\"true\">\n<table id=\"productDetails_techSpec_section_1\" class=\"a-keyvalue prodDetTable\" role=\"presentation\">\n<tbody>\n<tr>\n<th class=\"a-color-secondary a-size-base prodDetSectionEntry\">Nome da marca<\/th>\n<td class=\"a-size-base prodDetAttrValue\">\u200ePRATTOS<\/td>\n<\/tr>\n<tr>\n<th class=\"a-color-secondary a-size-base prodDetSectionEntry\">Fabricante<\/th>\n<td class=\"a-size-base prodDetAttrValue\">\u200ePRATTOS<\/td>\n<\/tr>\n<tr>\n<th class=\"a-color-secondary a-size-base prodDetSectionEntry\">N\u00famero da pe\u00e7a<\/th>\n<td class=\"a-size-base prodDetAttrValue\">\u200e1584<\/td>\n<\/tr>\n<tr>\n<th class=\"a-color-secondary a-size-base prodDetSectionEntry\">Fabricante<\/th>\n<td class=\"a-size-base prodDetAttrValue\">\u200ePRATTOS<\/td>\n<\/tr>\n<tr>\n<th class=\"a-color-secondary a-size-base prodDetSectionEntry\">Refer\u00eancia do fabricante<\/th>\n<td class=\"a-size-base prodDetAttrValue\">\u200e1584<\/td>\n<\/tr>\n<tr>\n<th class=\"a-color-secondary a-size-base prodDetSectionEntry\">Dimens\u00f5es do produto<\/th>\n<td class=\"a-size-base prodDetAttrValue\">\u200e42 x 30 x 34 cm; 2.2 Quilogramas<\/td>\n<\/tr>\n<tr>\n<th class=\"a-color-secondary a-size-base prodDetSectionEntry\">ASIN<\/th>\n<td class=\"a-size-base prodDetAttrValue\">\u200eB09XS9SW4F<\/td>\n<\/tr>\n<tr>\n<th class=\"a-color-secondary a-size-base prodDetSectionEntry\">EAN<\/th>\n<td class=\"a-size-base prodDetAttrValue\">\u200e7908245914225<\/td>\n<\/tr>\n<\/tbody>\n<\/table>\n<\/div>\n<\/div>\n<\/div>\n<\/div>\n<\/div>\n<div class=\"a-row a-spacing-base\"><\/div>\n<\/div>\n<div class=\"a-column a-span6 a-span-last\">\n<div class=\"a-row a-spacing-base\">\n<div id=\"productDetails_db_sections\" class=\"a-section\">\n<h1 class=\"a-size-medium a-spacing-small secHeader\">Informa\u00e7\u00f5es adicionais<\/h1>\n<div class=\"a-section table-padding\">\n<table id=\"productDetails_detailBullets_sections1\" class=\"a-keyvalue prodDetTable\" role=\"presentation\">\n<tbody>\n<tr>\n<th class=\"a-color-secondary a-size-base prodDetSectionEntry\">Dimens\u00f5es do pacote<\/th>\n<td class=\"a-size-base prodDetAttrValue\">33 x 23 x 21.5 cent\u00edmetros<\/td>\n<\/tr>\n<\/tbody>\n<\/table>\n<\/div>\n<\/div>\n<\/div>\n<\/div>\n<\/div>\n<\/div>\n<\/div>\n<\/div>\n","protected":false},"excerpt":{"rendered":"<p>Com um alt\u00edssimo n\u00edvel de transpar\u00eancia o nosso conjunto de ta\u00e7as lhe trar\u00e1 modernidade para sua casa, voc\u00ea servir\u00e1 seus amigos e familiares com estilo e glamour. Com material de Cristal, resist\u00eancia elevada e um corte fino que ir\u00e3o lhe proporcionar uma experi\u00eancia &#8220;profissional&#8221; na degusta\u00e7\u00e3o de seu vinho, pode ser usado para qualquer tipo de vinho e qualquer tipo de bebida.<\/p>\n","protected":false},"featured_media":4872,"comment_status":"open","ping_status":"closed","template":"","meta":[],"product_brand":[],"product_cat":[899,613,139,605,127],"product_tag":[1151,1154,1157,1152,1156,1140,1153,1155,1113,1112,1149,1148,1150],"class_list":{"0":"post-4871","1":"product","2":"type-product","3":"status-publish","4":"has-post-thumbnail","6":"product_cat-achadinhos","7":"product_cat-amazon","8":"product_cat-copos-tacas-e-canecas","9":"product_cat-lojas","10":"product_cat-utilidades-domesticas","11":"product_tag-agua","12":"product_tag-ano-novo","13":"product_tag-bodas","14":"product_tag-cristal","15":"product_tag-dia-dos-namorados","16":"product_tag-ideias-de-presente-de-casamento","17":"product_tag-lar-doce-lar","18":"product_tag-natal","19":"product_tag-presente-de-bodas","20":"product_tag-presente-de-casamento","21":"product_tag-taca-de-vinho","22":"product_tag-tacas-de-cristal","23":"product_tag-vinho","25":"first","26":"instock","27":"shipping-taxable","28":"product-type-external"},"_links":{"self":[{"href":"https:\/\/barzo.com.br\/shop\/wp-json\/wp\/v2\/product\/4871","targetHints":{"allow":["GET"]}}],"collection":[{"href":"https:\/\/barzo.com.br\/shop\/wp-json\/wp\/v2\/product"}],"about":[{"href":"https:\/\/barzo.com.br\/shop\/wp-json\/wp\/v2\/types\/product"}],"replies":[{"embeddable":true,"href":"https:\/\/barzo.com.br\/shop\/wp-json\/wp\/v2\/comments?post=4871"}],"wp:featuredmedia":[{"embeddable":true,"href":"https:\/\/barzo.com.br\/shop\/wp-json\/wp\/v2\/media\/4872"}],"wp:attachment":[{"href":"https:\/\/barzo.com.br\/shop\/wp-json\/wp\/v2\/media?parent=4871"}],"wp:term":[{"taxonomy":"product_brand","embeddable":true,"href":"https:\/\/barzo.com.br\/shop\/wp-json\/wp\/v2\/product_brand?post=4871"},{"taxonomy":"product_cat","embeddable":true,"href":"https:\/\/barzo.com.br\/shop\/wp-json\/wp\/v2\/product_cat?post=4871"},{"taxonomy":"product_tag","embeddable":true,"href":"https:\/\/barzo.com.br\/shop\/wp-json\/wp\/v2\/product_tag?post=4871"}],"curies":[{"name":"wp","href":"https:\/\/api.w.org\/{rel}","templated":true}]}}