{"id":4867,"date":"2023-04-23T01:51:16","date_gmt":"2023-04-23T04:51:16","guid":{"rendered":"https:\/\/barzo.com.br\/shop\/?post_type=product&#038;p=4867"},"modified":"2023-04-23T03:01:58","modified_gmt":"2023-04-23T06:01:58","slug":"forma-polida-para-pizzas-e-assados-fulgor-28cm","status":"publish","type":"product","link":"https:\/\/barzo.com.br\/shop\/produto\/forma-polida-para-pizzas-e-assados-fulgor-28cm\/","title":{"rendered":"Forma Polida para Pizzas e Assados &#8211; Fulgor &#8211; 28cm"},"content":{"rendered":"<h1 class=\"a-size-base-plus a-text-bold\">Sobre este item<\/h1>\n<ul class=\"a-unordered-list a-vertical a-spacing-mini\">\n<li><span class=\"a-list-item\">A tradicional forma com tampa da Fulgor \u00e9 perfeita para o preparo de pratos de forma r\u00e1pida e pr\u00e1tica. Prepare deliciosas pizzas, parmigianas, legumes, beirutes, bacalhoada e outros pratos na forma com tampa da Fulgor.pode ir direto na chama do fog\u00e3o e possui tampa herm\u00e9tica com presilhas que mant\u00e9m a temperatura e agilizam o preparo dos pratos. O tempo para assar \u00e9 bem menor do que no forno.<\/span><\/li>\n<\/ul>\n<table class=\"a-normal a-spacing-micro\">\n<tbody>\n<tr class=\"a-spacing-small po-brand\">\n<td class=\"a-span3\"><span class=\"a-size-base a-text-bold\">Marca<\/span><\/td>\n<td class=\"a-span9\"><span class=\"a-size-base po-break-word\">Fulgor<\/span><\/td>\n<\/tr>\n<tr class=\"a-spacing-small po-color\">\n<td class=\"a-span3\"><span class=\"a-size-base a-text-bold\">Cor<\/span><\/td>\n<td class=\"a-span9\"><span class=\"a-size-base po-break-word\">Prateado<\/span><\/td>\n<\/tr>\n<tr class=\"a-spacing-small po-item_shape\">\n<td class=\"a-span3\"><span class=\"a-size-base a-text-bold\">Forma<\/span><\/td>\n<td class=\"a-span9\"><span class=\"a-size-base po-break-word\">Redonda<\/span><\/td>\n<\/tr>\n<tr class=\"a-spacing-small po-item_depth_width_height\">\n<td class=\"a-span3\"><span class=\"a-size-base a-text-bold\">Dimens\u00f5es do produto<\/span><\/td>\n<td class=\"a-span9\"><span class=\"a-size-base po-break-word\">30D x 32W x 10H cent\u00edmetros<\/span><\/td>\n<\/tr>\n<tr class=\"a-spacing-small po-specific_uses_for_product\">\n<td class=\"a-span3\"><span class=\"a-size-base a-text-bold\">Usos espec\u00edficos do produto<\/span><\/td>\n<td class=\"a-span9\"><span class=\"a-size-base po-break-word\">Assar, Forno seguro<\/span><\/td>\n<\/tr>\n<\/tbody>\n<\/table>\n<p>&nbsp;<\/p>\n<div id=\"productDescription_feature_div\" class=\"celwidget\" data-feature-name=\"productDescription_NA\" data-csa-c-type=\"widget\" data-csa-c-content-id=\"productDescription_NA\" data-csa-c-slot-id=\"productDescription_feature_div\" data-csa-c-asin=\"\" data-csa-c-is-in-initial-active-row=\"false\" data-csa-c-id=\"nhc0ef-79u56a-z7e6xq-c5bo9s\">\n<div>\n<div id=\"productDescription_feature_div\" class=\"a-row feature\" data-feature-name=\"productDescription\" data-template-name=\"productDescription\">\n<h2 class=\"default\">Descri\u00e7\u00e3o do produto<\/h2>\n<div id=\"productDescription\" class=\"a-section a-spacing-small\">\n<p>Forma Polida para Pizzas e Assados &#8211; Fulgor<\/p>\n<p>A tradicionalForma Polida para Pizzas e AssadosFulgor\u00e9 perfeita para o preparo de pratos de forma r\u00e1pida e pr\u00e1tica.Usando a chama do fog\u00e3o voc\u00eaeconomiza tempo e g\u00e1s pois a comida fica pronta em menor tempo do que se fosse feita no forno convencional.<\/p>\n<p>Caracter\u00edsticas da Forma:<\/p>\n<p>Al\u00e7as em baquelite que n\u00e3o queimam as m\u00e3os<br \/>\nPomel da tampa que n\u00e3o esquenta<br \/>\nAcompanha folheto de receitas!<br \/>\nEmbalagem de luxo para presentear amigos e familiares.<\/p>\n<p>&nbsp;<\/p>\n<p>Especifica\u00e7\u00f5es<\/p>\n<p>Modelo \/ C\u00f3digo: 1085-28<\/p>\n<p>Di\u00e2metro: 28 cm<\/p>\n<p>Altura: 4 cm<\/p>\n<p>Espessura: 1,5 mm<\/p>\n<p>Peso: 1,200 Kg<\/p>\n<p>Tampa: com Presilhas<\/p>\n<p>Al\u00e7as e Pomel: Baquelite<\/p>\n<p>Material: Alum\u00ednio (alto grau de pureza)<\/p>\n<p>Acabamento: Polido de alto brilho<\/p>\n<p>Garantia: 1 mesecontra defeitos de fabrica\u00e7\u00e3o<\/p>\n<p>Fabricante: Alum\u00ednio Fulgor<\/p>\n<p>&nbsp;<\/p>\n<p>&nbsp;<\/p>\n<p>&nbsp;<\/p>\n<\/div>\n<\/div>\n<\/div>\n<\/div>\n<div id=\"renewedProgramDescriptionBtf_feature_div\" class=\"celwidget\" data-feature-name=\"renewedProgramDescriptionBtf_NA\" data-csa-c-type=\"widget\" data-csa-c-content-id=\"renewedProgramDescriptionBtf_NA\" data-csa-c-slot-id=\"renewedProgramDescriptionBtf_feature_div\" data-csa-c-asin=\"\" data-csa-c-is-in-initial-active-row=\"false\" data-csa-c-id=\"rpsn-g4u6ud-4g5jys-qgi1as\"><\/div>\n<div id=\"productDetails_feature_div\" class=\"celwidget\" data-feature-name=\"productDetails_NA\" data-csa-c-type=\"widget\" data-csa-c-content-id=\"productDetails_NA\" data-csa-c-slot-id=\"productDetails_feature_div\" data-csa-c-asin=\"\" data-csa-c-is-in-initial-active-row=\"false\" data-csa-c-id=\"70rhrg-6439kt-417i3j-bc2lb6\"><a id=\"productDetails\" name=\"productDetails\"><\/a><\/p>\n<hr class=\"a-divider-normal\" aria-hidden=\"true\" \/>\n<div>\n<div id=\"prodDetails\" class=\"a-section\">\n<h2>Informa\u00e7\u00f5es sobre o produto<\/h2>\n<div class=\"a-row a-spacing-top-base\">\n<div class=\"a-column a-span6\">\n<div class=\"a-row a-spacing-base\">\n<div class=\"a-row a-expander-container a-expander-extend-container\">\n<div class=\"a-row\">\n<div class=\"a-column a-span6\">\n<h1 class=\"a-size-medium a-spacing-small\">Detalhes t\u00e9cnicos<\/h1>\n<\/div>\n<\/div>\n<div class=\"a-expander-content a-expander-extend-content\" aria-expanded=\"true\">\n<div class=\"a-row a-expander-container a-expander-inline-container\">\n<div class=\"a-expander-content a-expander-section-content a-section-expander-inner\" aria-expanded=\"true\">\n<table id=\"productDetails_techSpec_section_1\" class=\"a-keyvalue prodDetTable\" role=\"presentation\">\n<tbody>\n<tr>\n<th class=\"a-color-secondary a-size-base prodDetSectionEntry\">Nome da marca<\/th>\n<td class=\"a-size-base prodDetAttrValue\">\u200eFulgor<\/td>\n<\/tr>\n<tr>\n<th class=\"a-color-secondary a-size-base prodDetSectionEntry\">Fabricante<\/th>\n<td class=\"a-size-base prodDetAttrValue\">\u200eFulgor<\/td>\n<\/tr>\n<tr>\n<th class=\"a-color-secondary a-size-base prodDetSectionEntry\">Cor<\/th>\n<td class=\"a-size-base prodDetAttrValue\">\u200ePrateado<\/td>\n<\/tr>\n<tr>\n<th class=\"a-color-secondary a-size-base prodDetSectionEntry\">N\u00famero da pe\u00e7a<\/th>\n<td class=\"a-size-base prodDetAttrValue\">\u200eQUA1209<\/td>\n<\/tr>\n<tr>\n<th class=\"a-color-secondary a-size-base prodDetSectionEntry\">N\u00famero de unidades<\/th>\n<td class=\"a-size-base prodDetAttrValue\">\u200e1<\/td>\n<\/tr>\n<tr>\n<th class=\"a-color-secondary a-size-base prodDetSectionEntry\">Funciona com baterias<\/th>\n<td class=\"a-size-base prodDetAttrValue\">\u200eN\u00e3o<\/td>\n<\/tr>\n<tr>\n<th class=\"a-color-secondary a-size-base prodDetSectionEntry\">Fabricante<\/th>\n<td class=\"a-size-base prodDetAttrValue\">\u200eFulgor<\/td>\n<\/tr>\n<tr>\n<th class=\"a-color-secondary a-size-base prodDetSectionEntry\">Refer\u00eancia do fabricante<\/th>\n<td class=\"a-size-base prodDetAttrValue\">\u200eQUA1209<\/td>\n<\/tr>\n<tr>\n<th class=\"a-color-secondary a-size-base prodDetSectionEntry\">Dimens\u00f5es do produto<\/th>\n<td class=\"a-size-base prodDetAttrValue\">\u200e30 x 32 x 10 cm; 1.2 Quilogramas<\/td>\n<\/tr>\n<tr>\n<th class=\"a-color-secondary a-size-base prodDetSectionEntry\">ASIN<\/th>\n<td class=\"a-size-base prodDetAttrValue\">\u200eB07DVY46LJ<\/td>\n<\/tr>\n<tr>\n<th class=\"a-color-secondary a-size-base prodDetSectionEntry\">EAN<\/th>\n<td class=\"a-size-base prodDetAttrValue\">\u200e7896750085281<\/td>\n<\/tr>\n<\/tbody>\n<\/table>\n<\/div>\n<\/div>\n<\/div>\n<\/div>\n<\/div>\n<div class=\"a-row a-spacing-base\"><\/div>\n<\/div>\n<div class=\"a-column a-span6 a-span-last\">\n<div class=\"a-row a-spacing-base\">\n<div id=\"productDetails_db_sections\" class=\"a-section\">\n<h1 class=\"a-size-medium a-spacing-small secHeader\">Informa\u00e7\u00f5es adicionais<\/h1>\n<div class=\"a-section table-padding\">\n<table id=\"productDetails_detailBullets_sections1\" class=\"a-keyvalue prodDetTable\" role=\"presentation\">\n<tbody>\n<tr>\n<th class=\"a-color-secondary a-size-base prodDetSectionEntry\">Dimens\u00f5es do pacote<\/th>\n<td class=\"a-size-base prodDetAttrValue\">31.6 x 30.2 x 6 cent\u00edmetros<\/td>\n<\/tr>\n<\/tbody>\n<\/table>\n<p>&nbsp;<\/p>\n<\/div>\n<\/div>\n<\/div>\n<\/div>\n<\/div>\n<\/div>\n<\/div>\n<\/div>\n","protected":false},"excerpt":{"rendered":"<p>A tradicional forma com tampa da Fulgor \u00e9 perfeita para o preparo de pratos de forma r\u00e1pida e pr\u00e1tica. Prepare deliciosas pizzas, parmigianas, legumes, beirutes, bacalhoada e outros pratos na forma com tampa da Fulgor.pode ir direto na chama do fog\u00e3o e possui tampa herm\u00e9tica com presilhas que mant\u00e9m a temperatura e agilizam o preparo dos pratos. O tempo para assar \u00e9 bem menor do que no forno.<\/p>\n","protected":false},"featured_media":4869,"comment_status":"open","ping_status":"closed","template":"","meta":[],"product_brand":[],"product_cat":[899,613,143,605,141,127],"product_tag":[1142,1056,1007,1114,1031,1145,1140,1143,1104,1054,1144,1113,1112],"class_list":{"0":"post-4867","1":"product","2":"type-product","3":"status-publish","4":"has-post-thumbnail","6":"product_cat-achadinhos","7":"product_cat-amazon","8":"product_cat-bandejas-e-assadeiras","9":"product_cat-lojas","10":"product_cat-panelas","11":"product_cat-utilidades-domesticas","12":"product_tag-achadinho","13":"product_tag-barzo-indica","14":"product_tag-casa-pratica","15":"product_tag-cha-da-casa-nova","16":"product_tag-cozinha-pratica","17":"product_tag-economica","18":"product_tag-ideias-de-presente-de-casamento","19":"product_tag-noite-de-pizza","20":"product_tag-noite-tematica","21":"product_tag-pizza","22":"product_tag-praticidade","23":"product_tag-presente-de-bodas","24":"product_tag-presente-de-casamento","26":"first","27":"instock","28":"shipping-taxable","29":"product-type-external"},"_links":{"self":[{"href":"https:\/\/barzo.com.br\/shop\/wp-json\/wp\/v2\/product\/4867","targetHints":{"allow":["GET"]}}],"collection":[{"href":"https:\/\/barzo.com.br\/shop\/wp-json\/wp\/v2\/product"}],"about":[{"href":"https:\/\/barzo.com.br\/shop\/wp-json\/wp\/v2\/types\/product"}],"replies":[{"embeddable":true,"href":"https:\/\/barzo.com.br\/shop\/wp-json\/wp\/v2\/comments?post=4867"}],"wp:featuredmedia":[{"embeddable":true,"href":"https:\/\/barzo.com.br\/shop\/wp-json\/wp\/v2\/media\/4869"}],"wp:attachment":[{"href":"https:\/\/barzo.com.br\/shop\/wp-json\/wp\/v2\/media?parent=4867"}],"wp:term":[{"taxonomy":"product_brand","embeddable":true,"href":"https:\/\/barzo.com.br\/shop\/wp-json\/wp\/v2\/product_brand?post=4867"},{"taxonomy":"product_cat","embeddable":true,"href":"https:\/\/barzo.com.br\/shop\/wp-json\/wp\/v2\/product_cat?post=4867"},{"taxonomy":"product_tag","embeddable":true,"href":"https:\/\/barzo.com.br\/shop\/wp-json\/wp\/v2\/product_tag?post=4867"}],"curies":[{"name":"wp","href":"https:\/\/api.w.org\/{rel}","templated":true}]}}