{"id":4849,"date":"2023-04-12T00:17:35","date_gmt":"2023-04-12T03:17:35","guid":{"rendered":"https:\/\/barzo.com.br\/shop\/?post_type=product&#038;p=4849"},"modified":"2023-04-12T01:03:40","modified_gmt":"2023-04-12T04:03:40","slug":"cafeteira-cadence-o-clock-copo-extra","status":"publish","type":"product","link":"https:\/\/barzo.com.br\/shop\/produto\/cafeteira-cadence-o-clock-copo-extra\/","title":{"rendered":"Cafeteira El\u00e9trica Cadence O clock com 1 Copo Extra Black"},"content":{"rendered":"<div id=\"bylineInfo_feature_div\" class=\"celwidget\" data-feature-name=\"bylineInfo\" data-csa-c-type=\"widget\" data-csa-c-content-id=\"bylineInfo\" data-csa-c-slot-id=\"bylineInfo_feature_div\" data-csa-c-asin=\"B09K4H9KYB\" data-csa-c-is-in-initial-active-row=\"false\" data-csa-c-id=\"6qa4y8-kq7sxb-6oixd8-i1dfdz\" data-cel-widget=\"bylineInfo_feature_div\">\n<div class=\"a-section a-spacing-none\"><a id=\"bylineInfo\" class=\"a-link-normal\" href=\"https:\/\/www.amazon.com.br\/s\/ref=bl_dp_s_web_16957125011?ie=UTF8&amp;node=16957125011&amp;field-brandtextbin=Cadence\" target=\"_blank\" rel=\"noopener\">Marca: Cadence<\/a><\/div>\n<\/div>\n<p><a class=\"a-popover-trigger a-declarative\" role=\"button\"><i class=\"a-icon a-icon-star a-star-4\"><span class=\"a-icon-alt\">4,2 de 5 estrelas<\/span><\/i>\u00a0<\/a><\/p>\n<div id=\"productOverview_feature_div\" class=\"celwidget\" data-feature-name=\"productOverview\" data-csa-c-type=\"widget\" data-csa-c-content-id=\"productOverview\" data-csa-c-slot-id=\"productOverview_feature_div\" data-csa-c-asin=\"B09K4H9KYB\" data-csa-c-is-in-initial-active-row=\"false\" data-csa-c-id=\"vcd3qc-7izzw7-w6aymn-ci49sb\" data-cel-widget=\"productOverview_feature_div\">\n<div class=\"a-section a-spacing-small a-spacing-top-small\">\n<table class=\"a-normal a-spacing-micro\">\n<tbody>\n<tr class=\"a-spacing-small po-brand\">\n<td class=\"a-span3\"><span class=\"a-size-base a-text-bold\">Marca<\/span><\/td>\n<td class=\"a-span9\"><span class=\"a-size-base po-break-word\">Cadence<\/span><\/td>\n<\/tr>\n<tr class=\"a-spacing-small po-capacity\">\n<td class=\"a-span3\"><span class=\"a-size-base a-text-bold\">Capacidade<\/span><\/td>\n<td class=\"a-span9\"><span class=\"a-size-base po-break-word\">400 Milliliters<\/span><\/td>\n<\/tr>\n<tr class=\"a-spacing-small po-material\">\n<td class=\"a-span3\"><span class=\"a-size-base a-text-bold\">Material<\/span><\/td>\n<td class=\"a-span9\"><span class=\"a-size-base po-break-word\">Pl\u00e1stico, A\u00e7o inoxid\u00e1vel<\/span><\/td>\n<\/tr>\n<tr class=\"a-spacing-small po-filter_type\">\n<td class=\"a-span3\"><span class=\"a-size-base a-text-bold\">Tipo de filtro<\/span><\/td>\n<td class=\"a-span9\"><span class=\"a-size-base po-break-word\">Reutiliz\u00e1vel<\/span><\/td>\n<\/tr>\n<tr class=\"a-spacing-small po-specific_uses_for_product\">\n<td class=\"a-span3\"><span class=\"a-size-base a-text-bold\">Usos espec\u00edficos do produto<\/span><\/td>\n<td class=\"a-span9\"><span class=\"a-size-base po-break-word\">Cafe<\/span><\/td>\n<\/tr>\n<\/tbody>\n<\/table>\n<\/div>\n<\/div>\n<div id=\"featurebullets_feature_div\" class=\"celwidget\" data-feature-name=\"featurebullets\" data-csa-c-type=\"widget\" data-csa-c-content-id=\"featurebullets\" data-csa-c-slot-id=\"featurebullets_feature_div\" data-csa-c-asin=\"B09K4H9KYB\" data-csa-c-is-in-initial-active-row=\"false\" data-csa-c-id=\"rqf5ob-vrsa6e-zfzyn5-dtgm0r\" data-cel-widget=\"featurebullets_feature_div\">\n<div id=\"feature-bullets\" class=\"a-section a-spacing-medium a-spacing-top-small\">\n<hr \/>\n<h1 class=\"a-size-base-plus a-text-bold\">Sobre este item<\/h1>\n<ul class=\"a-unordered-list a-vertical a-spacing-mini\">\n<li><span class=\"a-list-item\">Este kit cont\u00e9m os seguintes produtos:<\/span><\/li>\n<li><span class=\"a-list-item\">TAMPA DA CANECA CAF201 &#8211; 171054<\/span><\/li>\n<li><span class=\"a-list-item\">Copo para Cafeteira Cadence To Go &#8211; 171055<\/span><\/li>\n<li><span class=\"a-list-item\">Cafeteira El\u00e9trica Cadence O\u2019clock com Copo T\u00e9rmico -CAF205<\/span><\/li>\n<\/ul>\n<\/div>\n<\/div>\n<div id=\"provenanceCertifications_feature_div\" class=\"celwidget\" data-feature-name=\"provenanceCertifications\" data-csa-c-type=\"widget\" data-csa-c-content-id=\"provenanceCertifications\" data-csa-c-slot-id=\"provenanceCertifications_feature_div\" data-csa-c-asin=\"B09K4H9KYB\" data-csa-c-is-in-initial-active-row=\"false\" data-csa-c-id=\"20xwmn-lfh3w9-40lw96-t7yb83\" data-cel-widget=\"provenanceCertifications_feature_div\"><\/div>\n<div id=\"customerReviewsAttribute_feature_div\" class=\"celwidget\" data-feature-name=\"customerReviewsAttribute\" data-csa-c-type=\"widget\" data-csa-c-content-id=\"customerReviewsAttribute\" data-csa-c-slot-id=\"customerReviewsAttribute_feature_div\" data-csa-c-asin=\"B09K4H9KYB\" data-csa-c-is-in-initial-active-row=\"false\" data-csa-c-id=\"6h0ky-q8vziq-3ms4a0-qm66fu\" data-cel-widget=\"customerReviewsAttribute_feature_div\">\n<div class=\"cra-desktop-width \">\n<div class=\"a-row a-spacing-base\">\n<h1 class=\"a-size-base-plus a-text-bold\">Classifica\u00e7\u00e3o do cliente por recurso<\/h1>\n<\/div>\n<div class=\"a-row a-spacing-none\">\n<div class=\"a-section a-spacing-none\">\n<div class=\"a-fixed-right-grid a-spacing-base\">\n<div class=\"a-fixed-right-grid-inner a-grid-vertical-align a-grid-center\">\n<div class=\"a-fixed-right-grid-col a-col-left\">\n<div class=\"a-row\"><span class=\"a-size-base a-color-base\">F\u00e1cil de limpar <\/span><i class=\"a-icon a-icon-star-small a-star-small-5 cra-review-stars\"><span class=\"a-icon-alt\">5,0<\/span><\/i>\u00a0\u00a0<span class=\"a-size-base a-color-tertiary\">5,0<\/span><\/div>\n<\/div>\n<\/div>\n<\/div>\n<\/div>\n<div class=\"a-section a-spacing-none\">\n<div class=\"a-fixed-right-grid a-spacing-base\">\n<div class=\"a-fixed-right-grid-inner a-grid-vertical-align a-grid-center\">\n<div class=\"a-fixed-right-grid-col a-col-left\">\n<div class=\"a-row\"><span class=\"a-size-base a-color-base\">Sabor <\/span><i class=\"a-icon a-icon-star-small a-star-small-4-5 cra-review-stars\"><span class=\"a-icon-alt\">4,7<\/span><\/i>\u00a0\u00a0<span class=\"a-size-base a-color-tertiary\">4,7<\/span><\/div>\n<\/div>\n<\/div>\n<\/div>\n<\/div>\n<div class=\"a-section a-spacing-none\">\n<div class=\"a-fixed-right-grid a-spacing-base\">\n<div class=\"a-fixed-right-grid-inner a-grid-vertical-align a-grid-center\">\n<div class=\"a-fixed-right-grid-col a-col-left\">\n<div class=\"a-row\"><span class=\"a-size-base a-color-base\">F\u00e1cil de usar <\/span><i class=\"a-icon a-icon-star-small a-star-small-4-5 cra-review-stars\"><span class=\"a-icon-alt\">4,6<\/span><\/i>\u00a0\u00a0<span class=\"a-size-base a-color-tertiary\">4,6<\/span><\/div>\n<\/div>\n<\/div>\n<\/div>\n<\/div>\n<div class=\"a-section a-spacing-none\">\n<div class=\"a-fixed-right-grid a-spacing-base\">\n<div class=\"a-fixed-right-grid-inner a-grid-vertical-align a-grid-center\">\n<div class=\"a-fixed-right-grid-col a-col-left\">\n<div class=\"a-row\"><span class=\"a-size-base a-color-base\">Calor <\/span><i class=\"a-icon a-icon-star-small a-star-small-4-5 cra-review-stars\"><span class=\"a-icon-alt\">4,3<\/span><\/i>\u00a0\u00a0<span class=\"a-size-base a-color-tertiary\">4,3<\/span><\/div>\n<\/div>\n<\/div>\n<\/div>\n<div>\n<div id=\"productDescription_feature_div\" class=\"celwidget\" data-feature-name=\"productDescription_NA\" data-csa-c-type=\"widget\" data-csa-c-content-id=\"productDescription_NA\" data-csa-c-slot-id=\"productDescription_feature_div\" data-csa-c-asin=\"\" data-csa-c-is-in-initial-active-row=\"false\" data-csa-c-id=\"cajzw6-7syuy5-n7u6dj-8qx8wv\" data-cel-widget=\"productDescription_feature_div\">\n<div>\n<div id=\"productDescription_feature_div\" class=\"a-row feature\" data-feature-name=\"productDescription\" data-template-name=\"productDescription\" data-cel-widget=\"productDescription_feature_div\">\n<h2 class=\"default\">Descri\u00e7\u00e3o do produto<\/h2>\n<div id=\"productDescription\" class=\"a-section a-spacing-small\">\n<p>Descri\u00e7\u00e3o do Produto Este kit cont\u00e9m os seguintes produtos:Cafeteira El\u00e9trica Cadence O\u2019clock com Copo T\u00e9rmico \u2013 CAF205- Caf\u00e9 para todo o seu dia, para todo lugar!- Design exclusivo Cadence: Muita praticidade, seja no trabalho, na faculdade ou nas viagens, com o exclusivo copo na cor vermelha.- Copo T\u00e9rmico: Cavidade interna de inox e cavidade externa de pl\u00e1stico. Utilize tamb\u00e9m a sua caneca favorita!<\/p>\n<p>O copo possui 14cm de altura.-<\/p>\n<p>Pot\u00eancia 700W-<\/p>\n<p>Praticidade e Comodidade: Pr\u00e1tica, acompanha o ritmo do dia a dia possibilitando saborear um caf\u00e9 fresquinho a caminho do trabalho, faculdade ou onde quiser. Capacidade para passar at\u00e9 400 ml de caf\u00e9.- Rapidez no dia a dia: A cafeteira possui filtro lav\u00e1vel e reutiliz\u00e1vel. \u00c9 pr\u00e1tica e simples para usar: Basta colocar a \u00e1gua, usar o p\u00f3 favorito ligar a cafeteira e pronto! Caf\u00e9 passado na medida e na hora, direto para o seu copo t\u00e9rmico ou x\u00edcara!-<\/p>\n<p>Dimens\u00f5es [LxAxP]: 180x245x130mm-<\/p>\n<p>Garantia: 12 meses<\/p>\n<p>Selo de Seguran\u00e7a OCP SGSCopo T\u00e9rmico para Cafeteira Cadence To Go &#8211; ACESSORIO04Diferenciais:- Copo t\u00e9rmico com tampa, com interior em inox, para manter o caf\u00e9 quentinho e levar para qualquer lugar- Modelo: CAF201 (compat\u00edvel com o modelo CAF205)- Garantia: 3 meses<\/p>\n<\/div>\n<\/div>\n<\/div>\n<\/div>\n<div id=\"renewedProgramDescriptionBtf_feature_div\" class=\"celwidget\" data-feature-name=\"renewedProgramDescriptionBtf_NA\" data-csa-c-type=\"widget\" data-csa-c-content-id=\"renewedProgramDescriptionBtf_NA\" data-csa-c-slot-id=\"renewedProgramDescriptionBtf_feature_div\" data-csa-c-asin=\"\" data-csa-c-is-in-initial-active-row=\"false\" data-csa-c-id=\"2inbu-g37aur-mroyei-dmw30s\" data-cel-widget=\"renewedProgramDescriptionBtf_feature_div\"><\/div>\n<div id=\"productDetails_feature_div\" class=\"celwidget\" data-feature-name=\"productDetails_NA\" data-csa-c-type=\"widget\" data-csa-c-content-id=\"productDetails_NA\" data-csa-c-slot-id=\"productDetails_feature_div\" data-csa-c-asin=\"\" data-csa-c-is-in-initial-active-row=\"false\" data-csa-c-id=\"yhw474-iwvcb6-dno44v-7p9xyc\" data-cel-widget=\"productDetails_feature_div\">\n<p><a id=\"productDetails\" name=\"productDetails\"><\/a><\/p>\n<hr class=\"a-divider-normal\" aria-hidden=\"true\" \/>\n<div>\n<div id=\"prodDetails\" class=\"a-section\">\n<h2>Informa\u00e7\u00f5es sobre o produto<\/h2>\n<div class=\"a-row a-spacing-top-base\">\n<div class=\"a-column a-span6\">\n<div class=\"a-row a-spacing-base\">\n<div class=\"a-row a-expander-container a-expander-extend-container\">\n<div class=\"a-row\">\n<div class=\"a-column a-span6\">\n<h1 class=\"a-size-medium a-spacing-small\">Detalhes t\u00e9cnicos<\/h1>\n<\/div>\n<\/div>\n<div class=\"a-expander-content a-expander-extend-content\" aria-expanded=\"true\">\n<div class=\"a-row a-expander-container a-expander-inline-container\">\n<div class=\"a-expander-content a-expander-section-content a-section-expander-inner\" aria-expanded=\"true\">\n<table id=\"productDetails_techSpec_section_1\" class=\"a-keyvalue prodDetTable\" role=\"presentation\">\n<tbody>\n<tr>\n<th class=\"a-color-secondary a-size-base prodDetSectionEntry\">Nome da marca<\/th>\n<td class=\"a-size-base prodDetAttrValue\">\u200eCadence<\/td>\n<\/tr>\n<tr>\n<th class=\"a-color-secondary a-size-base prodDetSectionEntry\">Fabricante<\/th>\n<td class=\"a-size-base prodDetAttrValue\">\u200eCadence<\/td>\n<\/tr>\n<tr>\n<th class=\"a-color-secondary a-size-base prodDetSectionEntry\">Modelo<\/th>\n<td class=\"a-size-base prodDetAttrValue\">\u200eKIT173<\/td>\n<\/tr>\n<tr>\n<th class=\"a-color-secondary a-size-base prodDetSectionEntry\">N\u00famero da pe\u00e7a<\/th>\n<td class=\"a-size-base prodDetAttrValue\">\u200e12586<\/td>\n<\/tr>\n<tr>\n<th class=\"a-color-secondary a-size-base prodDetSectionEntry\">Voltagem<\/th>\n<td class=\"a-size-base prodDetAttrValue\">\u200e127 Volts<\/td>\n<\/tr>\n<tr>\n<th class=\"a-color-secondary a-size-base prodDetSectionEntry\">Tipo de material<\/th>\n<td class=\"a-size-base prodDetAttrValue\">\u200ePl\u00e1stico, A\u00e7o inoxid\u00e1vel<\/td>\n<\/tr>\n<tr>\n<th class=\"a-color-secondary a-size-base prodDetSectionEntry\">Fabricante<\/th>\n<td class=\"a-size-base prodDetAttrValue\">\u200eCadence<\/td>\n<\/tr>\n<tr>\n<th class=\"a-color-secondary a-size-base prodDetSectionEntry\">N\u00famero do modelo<\/th>\n<td class=\"a-size-base prodDetAttrValue\">\u200eKIT173<\/td>\n<\/tr>\n<tr>\n<th class=\"a-color-secondary a-size-base prodDetSectionEntry\">Dimens\u00f5es do produto<\/th>\n<td class=\"a-size-base prodDetAttrValue\">\u200e51 x 46 x 38 cm; 1.14 Quilogramas<\/td>\n<\/tr>\n<tr>\n<th class=\"a-color-secondary a-size-base prodDetSectionEntry\">ASIN<\/th>\n<td class=\"a-size-base prodDetAttrValue\">\u200eB09K4H9KYB<\/td>\n<\/tr>\n<tr>\n<th class=\"a-color-secondary a-size-base prodDetSectionEntry\">EAN<\/th>\n<td class=\"a-size-base prodDetAttrValue\">\u200e7898700215595<\/td>\n<\/tr>\n<\/tbody>\n<\/table>\n<\/div>\n<\/div>\n<\/div>\n<\/div>\n<\/div>\n<div class=\"a-row a-spacing-base\"><\/div>\n<\/div>\n<div class=\"a-column a-span6 a-span-last\">\n<div class=\"a-row a-spacing-base\">\n<div id=\"productDetails_db_sections\" class=\"a-section\">\n<h1 class=\"a-size-medium a-spacing-small secHeader\">Informa\u00e7\u00f5es adicionais<\/h1>\n<div class=\"a-section table-padding\">\n<table id=\"productDetails_detailBullets_sections1\" class=\"a-keyvalue prodDetTable\" role=\"presentation\">\n<tbody>\n<tr>\n<th class=\"a-color-secondary a-size-base prodDetSectionEntry\">Dimens\u00f5es do pacote<\/th>\n<td class=\"a-size-base prodDetAttrValue\">51 x 46 x 38 cent\u00edmetros<\/td>\n<\/tr>\n<\/tbody>\n<\/table>\n<p>&nbsp;<\/p>\n<\/div>\n<\/div>\n<\/div>\n<\/div>\n<\/div>\n<\/div>\n<\/div>\n<\/div>\n<\/div>\n<div class=\"a-fixed-right-grid a-spacing-base\">\n<div class=\"a-fixed-right-grid-inner a-grid-vertical-align a-grid-center\">\n<div><\/div>\n<\/div>\n<\/div>\n<\/div>\n<\/div>\n<\/div>\n<\/div>\n","protected":false},"excerpt":{"rendered":"<p>Este kit cont\u00e9m os seguintes produtos:Cafeteira El\u00e9trica Cadence O\u2019clock com Copo T\u00e9rmico \u2013 CAF205- Caf\u00e9 para todo o seu dia, para todo lugar!- Design exclusivo Cadence: Muita praticidade, seja no trabalho, na faculdade ou nas viagens, com o exclusivo copo na cor vermelha.<\/p>\n","protected":false},"featured_media":4850,"comment_status":"open","ping_status":"closed","template":"","meta":[],"product_brand":[],"product_cat":[899,613,94,21,605],"product_tag":[1053,1068,1137,1012,1139,1138,1136,1113,1112],"class_list":{"0":"post-4849","1":"product","2":"type-product","3":"status-publish","4":"has-post-thumbnail","6":"product_cat-achadinhos","7":"product_cat-amazon","8":"product_cat-cafeteira","9":"product_cat-eletroportateis","10":"product_cat-lojas","11":"product_tag-amazon","12":"product_tag-amazon-prime","13":"product_tag-cadence","14":"product_tag-cafe","15":"product_tag-cafe-da-manha","16":"product_tag-cafe-da-tarde","17":"product_tag-cafeteira-eletrica","18":"product_tag-presente-de-bodas","19":"product_tag-presente-de-casamento","21":"first","22":"instock","23":"shipping-taxable","24":"product-type-external"},"_links":{"self":[{"href":"https:\/\/barzo.com.br\/shop\/wp-json\/wp\/v2\/product\/4849","targetHints":{"allow":["GET"]}}],"collection":[{"href":"https:\/\/barzo.com.br\/shop\/wp-json\/wp\/v2\/product"}],"about":[{"href":"https:\/\/barzo.com.br\/shop\/wp-json\/wp\/v2\/types\/product"}],"replies":[{"embeddable":true,"href":"https:\/\/barzo.com.br\/shop\/wp-json\/wp\/v2\/comments?post=4849"}],"wp:featuredmedia":[{"embeddable":true,"href":"https:\/\/barzo.com.br\/shop\/wp-json\/wp\/v2\/media\/4850"}],"wp:attachment":[{"href":"https:\/\/barzo.com.br\/shop\/wp-json\/wp\/v2\/media?parent=4849"}],"wp:term":[{"taxonomy":"product_brand","embeddable":true,"href":"https:\/\/barzo.com.br\/shop\/wp-json\/wp\/v2\/product_brand?post=4849"},{"taxonomy":"product_cat","embeddable":true,"href":"https:\/\/barzo.com.br\/shop\/wp-json\/wp\/v2\/product_cat?post=4849"},{"taxonomy":"product_tag","embeddable":true,"href":"https:\/\/barzo.com.br\/shop\/wp-json\/wp\/v2\/product_tag?post=4849"}],"curies":[{"name":"wp","href":"https:\/\/api.w.org\/{rel}","templated":true}]}}