{"id":4847,"date":"2023-04-11T21:22:56","date_gmt":"2023-04-12T00:22:56","guid":{"rendered":"https:\/\/barzo.com.br\/shop\/?post_type=product&#038;p=4847"},"modified":"2023-04-11T21:22:56","modified_gmt":"2023-04-12T00:22:56","slug":"petisqueira-madeira-ramequin-molho-pate","status":"publish","type":"product","link":"https:\/\/barzo.com.br\/shop\/produto\/petisqueira-madeira-ramequin-molho-pate\/","title":{"rendered":"Petisqueira Madeira com 3 Ramequins para Molho Pat\u00ea Mesa Posta"},"content":{"rendered":"<div id=\"bylineInfo_feature_div\" class=\"celwidget\" data-feature-name=\"bylineInfo\" data-csa-c-type=\"widget\" data-csa-c-content-id=\"bylineInfo\" data-csa-c-slot-id=\"bylineInfo_feature_div\" data-csa-c-asin=\"B0BSYZ9DRG\" data-csa-c-is-in-initial-active-row=\"false\" data-csa-c-id=\"ndojyk-j9yqu4-8n0icj-omrp4s\" data-cel-widget=\"bylineInfo_feature_div\">\n<div>\n<div id=\"productOverview_feature_div\" class=\"celwidget\" data-feature-name=\"productOverview\" data-csa-c-type=\"widget\" data-csa-c-content-id=\"productOverview\" data-csa-c-slot-id=\"productOverview_feature_div\" data-csa-c-asin=\"B0BSYZ9DRG\" data-csa-c-is-in-initial-active-row=\"false\" data-csa-c-id=\"l6bgrx-wpoqzu-ptx689-eew5hn\" data-cel-widget=\"productOverview_feature_div\">\n<div class=\"a-section a-spacing-small a-spacing-top-small\">\n<table class=\"a-normal a-spacing-micro\">\n<tbody>\n<tr class=\"a-spacing-small po-bowl.material_type\">\n<td class=\"a-span3\"><span class=\"a-size-base a-text-bold\">Material da tigela<\/span><\/td>\n<td class=\"a-span9\"><span class=\"a-size-base po-break-word\">Porcelana<\/span><\/td>\n<\/tr>\n<tr class=\"a-spacing-small po-number_of_pieces\">\n<td class=\"a-span3\"><span class=\"a-size-base a-text-bold\">N\u00famero de pe\u00e7as<\/span><\/td>\n<td class=\"a-span9\"><span class=\"a-size-base po-break-word\">1<\/span><\/td>\n<\/tr>\n<tr class=\"a-spacing-small po-brand\">\n<td class=\"a-span3\"><span class=\"a-size-base a-text-bold\">Marca<\/span><\/td>\n<td class=\"a-span9\"><span class=\"a-size-base po-break-word\">CARMISINI<\/span><\/td>\n<\/tr>\n<tr class=\"a-spacing-small po-is_dishwasher_safe\">\n<td class=\"a-span3\"><span class=\"a-size-base a-text-bold\">Pr\u00f3prio para lava-lou\u00e7as<\/span><\/td>\n<td class=\"a-span9\"><span class=\"a-size-base po-break-word\">N\u00e3o<\/span><\/td>\n<\/tr>\n<\/tbody>\n<\/table>\n<\/div>\n<\/div>\n<div id=\"featurebullets_feature_div\" class=\"celwidget\" data-feature-name=\"featurebullets\" data-csa-c-type=\"widget\" data-csa-c-content-id=\"featurebullets\" data-csa-c-slot-id=\"featurebullets_feature_div\" data-csa-c-asin=\"B0BSYZ9DRG\" data-csa-c-is-in-initial-active-row=\"false\" data-csa-c-id=\"ygh1i3-bi8jin-ci8uls-j8oa67\" data-cel-widget=\"featurebullets_feature_div\">\n<div id=\"feature-bullets\" class=\"a-section a-spacing-medium a-spacing-top-small\">\n<hr \/>\n<h1 class=\"a-size-base-plus a-text-bold\">Sobre este item<\/h1>\n<ul class=\"a-unordered-list a-vertical a-spacing-mini\">\n<li><span class=\"a-list-item\">Com esse kit maravilhoso, sua mesa posta far\u00e1 sucesso entre os convidados. Composto por 1 petisqueira Retangular com al\u00e7a em formato cora\u00e7\u00e3o + 1 porta molhos com 3 ramequins de 77ml cada. Um luxo na hora de servir. Dados T\u00e9cnicos: Petisqueira Retangular Cora\u00e7\u00e3o &#8211; Madeira Pinus &#8211; Tamanho: 39cm x 10cm &#8211; Espessura: 1,5cm. &#8211; Tr\u00eas rebaixos para petiscos. Porta Molhos Cora\u00e7\u00e3o &#8211; Madeira Pinus &#8211; Tamanho: 39cm x 10cm &#8211; Espessura: 1,5cm &#8211; 3 Ramequins para Molhos de 77ml em P<\/span><\/li>\n<\/ul>\n<\/div>\n<div id=\"productDescription_feature_div\" class=\"celwidget\" data-feature-name=\"productDescription_NA\" data-csa-c-type=\"widget\" data-csa-c-content-id=\"productDescription_NA\" data-csa-c-slot-id=\"productDescription_feature_div\" data-csa-c-asin=\"\" data-csa-c-is-in-initial-active-row=\"false\" data-csa-c-id=\"t8eyt9-4vphp0-183apl-2w2sao\" data-cel-widget=\"productDescription_feature_div\">\n<div>\n<div id=\"productDescription_feature_div\" class=\"a-row feature\" data-feature-name=\"productDescription\" data-template-name=\"productDescription\" data-cel-widget=\"productDescription_feature_div\">\n<h2 class=\"default\">Descri\u00e7\u00e3o do produto<\/h2>\n<div id=\"productDescription\" class=\"a-section a-spacing-small\">\n<p>Com esse kit maravilhoso, sua mesa posta far\u00e1 sucesso entre os convidados. Composto por 1 petisqueira Retangular com al\u00e7a em formato cora\u00e7\u00e3o + 1 porta molhos com 3 ramequins de 77ml cada. Um luxo na hora de servir. Dados T\u00e9cnicos: Petisqueira Retangular Cora\u00e7\u00e3o &#8211; Madeira Pinus &#8211; Tamanho: 39cm x 10cm &#8211; Espessura: 1,5cm. &#8211; Tr\u00eas rebaixos para petiscos. Porta Molhos Cora\u00e7\u00e3o &#8211; Madeira Pinus &#8211; Tamanho: 39cm x 10cm &#8211; Espessura: 1,5cm &#8211; 3 Ramequins para Molhos de 77ml em Porcelana Branca Itens incluso: 1 T\u00e1bua Petisqueira + 3 Ramequins com suporte Os ornamentos e guardanapos utilizados para ambientar os produtos n\u00e3o acompanham.<\/p>\n<p>Leia com aten\u00e7\u00e3o a descri\u00e7\u00e3o. Em caso de d\u00favidas estamos \u00e0 disposi\u00e7\u00e3o.<\/p>\n<p>Cuidados: &#8211; Ap\u00f3s o uso, limpe com pano \u00famido &#8211; N\u00e3o utilize \u00e1lcool para limpeza &#8211; Nunca seque a pe\u00e7a ao sol &#8211; N\u00e3o use esponja de a\u00e7o &#8211; Hidrate com \u00d3leo Mineral para maior durabilidade &#8211; N\u00e3o guarde a pe\u00e7a \u00famida &#8211; Evite alimentos que possam manchar &#8211; Guarde em local arejado &#8211; N\u00e3o levar ao micro-ondas e lava-lou\u00e7as A Carmisini \u00e9 fabricante de produtos em madeira de Pinus certificado FSC (MADEIRA DE REFLORESTAMENTO), classifica\u00e7\u00e3o A secados em estufa dando maior durabilidade e qualidade \u00e0s pe\u00e7as.<\/p>\n<p>Tags: Petisqueira, Petisqueira pinus, Porta Molhos, petisqueira madeira, petisqueira de madeira, petisqueira de frios, petisqueira de pinus, petisqueira cora\u00e7\u00e3o, t\u00e1bua de frios, t\u00e1bua de petiscos, t\u00e1bua petisqueira, t\u00e1bua de frios de madeira, tabua de frios, mesa posta, decora\u00e7\u00e3o com madeira, t\u00e1buas de servir, Petisqueira Pinus Cora\u00e7\u00e3o, Petisqueira Madeira Cora\u00e7\u00e3o, Petisqueira Cora\u00e7\u00e3o, Petisqueira Madeira Cora\u00e7\u00e3o, T\u00e1bua de Petiscos Cora\u00e7\u00e3o, T\u00e1bua de Frios Cora\u00e7\u00e3o Madeira Pinus Petisqueira, T\u00e1bua Petisqueira Madeira Frios, Petisqueira de Madeira, T\u00e1bua de Frios de Madeira, T\u00e1bua para Frios e Petiscos, T\u00e1bua de madeira para frios, Petisqueira madeira cora\u00e7\u00e3o, t\u00e1bua de petiscos, t\u00e1bua cora\u00e7\u00e3o, t\u00e1bua petisqueira<\/p>\n<\/div>\n<\/div>\n<\/div>\n<\/div>\n<div id=\"renewedProgramDescriptionBtf_feature_div\" class=\"celwidget\" data-feature-name=\"renewedProgramDescriptionBtf_NA\" data-csa-c-type=\"widget\" data-csa-c-content-id=\"renewedProgramDescriptionBtf_NA\" data-csa-c-slot-id=\"renewedProgramDescriptionBtf_feature_div\" data-csa-c-asin=\"\" data-csa-c-is-in-initial-active-row=\"false\" data-csa-c-id=\"f0v7n4-mlr3ru-4bpqdt-xhyzpo\" data-cel-widget=\"renewedProgramDescriptionBtf_feature_div\"><\/div>\n<div id=\"productDetails_feature_div\" class=\"celwidget\" data-feature-name=\"productDetails_NA\" data-csa-c-type=\"widget\" data-csa-c-content-id=\"productDetails_NA\" data-csa-c-slot-id=\"productDetails_feature_div\" data-csa-c-asin=\"\" data-csa-c-is-in-initial-active-row=\"false\" data-csa-c-id=\"bhy08u-90x9nj-yoh6uj-t0hkkr\" data-cel-widget=\"productDetails_feature_div\"><a id=\"productDetails\" name=\"productDetails\"><\/a><\/p>\n<hr class=\"a-divider-normal\" aria-hidden=\"true\" \/>\n<div>\n<div id=\"prodDetails\" class=\"a-section\">\n<h2>Informa\u00e7\u00f5es sobre o produto<\/h2>\n<div class=\"a-row a-spacing-top-base\">\n<div class=\"a-column a-span6\">\n<div class=\"a-row a-spacing-base\">\n<div class=\"a-row a-expander-container a-expander-extend-container\">\n<div class=\"a-row\">\n<div class=\"a-column a-span6\">\n<h1 class=\"a-size-medium a-spacing-small\">Detalhes t\u00e9cnicos<\/h1>\n<\/div>\n<\/div>\n<div class=\"a-expander-content a-expander-extend-content\" aria-expanded=\"true\">\n<div class=\"a-row a-expander-container a-expander-inline-container\">\n<div class=\"a-expander-content a-expander-section-content a-section-expander-inner\" aria-expanded=\"true\">\n<table id=\"productDetails_techSpec_section_1\" class=\"a-keyvalue prodDetTable\" role=\"presentation\">\n<tbody>\n<tr>\n<th class=\"a-color-secondary a-size-base prodDetSectionEntry\">Nome da marca<\/th>\n<td class=\"a-size-base prodDetAttrValue\">\u200eCARMISINI<\/td>\n<\/tr>\n<tr>\n<th class=\"a-color-secondary a-size-base prodDetSectionEntry\">N\u00famero de unidades<\/th>\n<td class=\"a-size-base prodDetAttrValue\">\u200e5<\/td>\n<\/tr>\n<tr>\n<th class=\"a-color-secondary a-size-base prodDetSectionEntry\">Dimens\u00f5es do produto<\/th>\n<td class=\"a-size-base prodDetAttrValue\">\u200e10 x 45 x 15 cm; 1 Quilogramas<\/td>\n<\/tr>\n<tr>\n<th class=\"a-color-secondary a-size-base prodDetSectionEntry\">ASIN<\/th>\n<td class=\"a-size-base prodDetAttrValue\">\u200eB0BSYZ9DRG<\/td>\n<\/tr>\n<tr>\n<th class=\"a-color-secondary a-size-base prodDetSectionEntry\">EAN<\/th>\n<td class=\"a-size-base prodDetAttrValue\">\u200e7807595340541<\/td>\n<\/tr>\n<\/tbody>\n<\/table>\n<\/div>\n<\/div>\n<\/div>\n<\/div>\n<\/div>\n<div class=\"a-row a-spacing-base\"><\/div>\n<\/div>\n<div class=\"a-column a-span6 a-span-last\">\n<div class=\"a-row a-spacing-base\">\n<div id=\"productDetails_db_sections\" class=\"a-section\">\n<h1 class=\"a-size-medium a-spacing-small secHeader\">Informa\u00e7\u00f5es adicionais<\/h1>\n<div class=\"a-section table-padding\">\n<table id=\"productDetails_detailBullets_sections1\" class=\"a-keyvalue prodDetTable\" role=\"presentation\">\n<tbody>\n<tr>\n<th class=\"a-color-secondary a-size-base prodDetSectionEntry\">Dimens\u00f5es do pacote<\/th>\n<td class=\"a-size-base prodDetAttrValue\">48.7 x 15 x 14.5 cent\u00edmetros<\/td>\n<\/tr>\n<\/tbody>\n<\/table>\n<\/div>\n<p>&nbsp;<\/p>\n<\/div>\n<\/div>\n<\/div>\n<\/div>\n<\/div>\n<\/div>\n<\/div>\n<\/div>\n<\/div>\n<div class=\"a-section a-spacing-none\"><a id=\"bylineInfo\" class=\"a-link-normal\" href=\"https:\/\/www.amazon.com.br\/s\/ref=bl_dp_s_web_16957125011?ie=UTF8&amp;node=16957125011&amp;field-brandtextbin=CARMISINI\" target=\"_blank\" rel=\"noopener\">Marca: CARMISINI<\/a><\/div>\n<\/div>\n<p><span class=\"a-declarative\" data-action=\"acrStarsLink-click-metrics\" data-csa-c-type=\"widget\" data-csa-c-func-deps=\"aui-da-acrStarsLink-click-metrics\" data-acrstarslink-click-metrics=\"{}\" data-csa-c-id=\"y3apy-xwvlc2-gehb44-22oho5\"><span id=\"acrPopover\" class=\"reviewCountTextLinkedHistogram noUnderline\" title=\"5,0 de 5 estrelas\"><a class=\"a-popover-trigger a-declarative\" role=\"button\"><i class=\"a-icon a-icon-star a-star-5\"><span class=\"a-icon-alt\">5,0 de 5 estrelas<\/span><\/i>\u00a0<i class=\"a-icon a-icon-popover\"><\/i><\/a>\u00a0\u00a0<\/span><\/span>\u00a0<span class=\"a-declarative\" data-action=\"acrLink-click-metrics\" data-csa-c-type=\"widget\" data-csa-c-func-deps=\"aui-da-acrLink-click-metrics\" data-acrlink-click-metrics=\"{}\" data-csa-c-id=\"rvfys-9cdno4-x1azsa-7gaemw\"><a id=\"acrCustomerReviewLink\" class=\"a-link-normal\" href=\"https:\/\/www.amazon.com.br\/Petisqueira-Madeira-Ramequin-Molho-Posta\/dp\/B0BSYZ9DRG\/ref=asc_df_B0BSYZ9DRG\/?tag=googleshopp00-20&amp;linkCode=df0&amp;hvadid=647522143903&amp;hvpos=&amp;hvnetw=g&amp;hvrand=5013991857229181645&amp;hvpone=&amp;hvptwo=&amp;hvqmt=&amp;hvdev=c&amp;hvdvcmdl=&amp;hvlocint=&amp;hvlocphy=9101184&amp;hvtargid=pla-1977136221039&amp;psc=1#customerReviews\" target=\"_blank\" rel=\"noopener\"><span id=\"acrCustomerReviewText\" class=\"a-size-base\">1 classifica\u00e7\u00e3o<\/span><\/a><\/span><\/p>\n","protected":false},"excerpt":{"rendered":"<p>Com esse kit maravilhoso, sua mesa posta far\u00e1 sucesso entre os convidados. Composto por 1 petisqueira Retangular com al\u00e7a em formato cora\u00e7\u00e3o + 1 porta molhos com 3 ramequins de 77ml cada. Um luxo na hora de servir. Com esse kit maravilhoso, sua mesa posta far\u00e1 sucesso entre os convidados. Composto por 1 petisqueira Retangular com al\u00e7a em formato cora\u00e7\u00e3o + 1 porta molhos com 3 ramequins de 77ml cada. Um luxo na hora de servir.<\/p>\n","protected":false},"featured_media":4848,"comment_status":"open","ping_status":"closed","template":"","meta":[],"product_brand":[],"product_cat":[899,613,605,492,147,127],"product_tag":[1110,1107,1007,1114,1126,1111,1108,1016,1106,1104,1105,1115,1122,1120,1119,1121,1118,1129,1116,1128,1117,1113,1112,1109,1135,1044,1131,1125,1134,1123,1130,1133,1124,1132,1127],"class_list":{"0":"post-4847","1":"product","2":"type-product","3":"status-publish","4":"has-post-thumbnail","6":"product_cat-achadinhos","7":"product_cat-amazon","8":"product_cat-lojas","9":"product_cat-tabuas-de-corte-e-frios","10":"product_cat-utensilios-e-acessorios-domesticos","11":"product_cat-utilidades-domesticas","12":"product_tag-amigos","13":"product_tag-aperitivos","14":"product_tag-casa-pratica","15":"product_tag-cha-da-casa-nova","16":"product_tag-decoracao-com-madeira","17":"product_tag-familia","18":"product_tag-frios","19":"product_tag-mesa-posta","20":"product_tag-molhos","21":"product_tag-noite-tematica","22":"product_tag-petiscos","23":"product_tag-petisqueira","24":"product_tag-petisqueira-coracao","25":"product_tag-petisqueira-de-frios","26":"product_tag-petisqueira-de-madeira","27":"product_tag-petisqueira-de-pinus","28":"product_tag-petisqueira-madeira","29":"product_tag-petisqueira-madeira-coracao","30":"product_tag-petisqueira-pinus","31":"product_tag-petisqueira-pinus-coracao","32":"product_tag-porta-molhos","33":"product_tag-presente-de-bodas","34":"product_tag-presente-de-casamento","35":"product_tag-queijos-e-vinhos","36":"product_tag-tabua-coracao","37":"product_tag-tabua-de-frios","38":"product_tag-tabua-de-frios-coracao-madeira-pinus-petisqueira","39":"product_tag-tabua-de-frios-de-madeira","40":"product_tag-tabua-de-madeira-para-frios","41":"product_tag-tabua-de-petiscos","42":"product_tag-tabua-de-petiscos-coracao","43":"product_tag-tabua-para-frios-e-petiscos","44":"product_tag-tabua-petisqueira","45":"product_tag-tabua-petisqueira-madeira-frios","46":"product_tag-tabuas-de-servir","48":"first","49":"instock","50":"shipping-taxable","51":"product-type-external"},"_links":{"self":[{"href":"https:\/\/barzo.com.br\/shop\/wp-json\/wp\/v2\/product\/4847","targetHints":{"allow":["GET"]}}],"collection":[{"href":"https:\/\/barzo.com.br\/shop\/wp-json\/wp\/v2\/product"}],"about":[{"href":"https:\/\/barzo.com.br\/shop\/wp-json\/wp\/v2\/types\/product"}],"replies":[{"embeddable":true,"href":"https:\/\/barzo.com.br\/shop\/wp-json\/wp\/v2\/comments?post=4847"}],"wp:featuredmedia":[{"embeddable":true,"href":"https:\/\/barzo.com.br\/shop\/wp-json\/wp\/v2\/media\/4848"}],"wp:attachment":[{"href":"https:\/\/barzo.com.br\/shop\/wp-json\/wp\/v2\/media?parent=4847"}],"wp:term":[{"taxonomy":"product_brand","embeddable":true,"href":"https:\/\/barzo.com.br\/shop\/wp-json\/wp\/v2\/product_brand?post=4847"},{"taxonomy":"product_cat","embeddable":true,"href":"https:\/\/barzo.com.br\/shop\/wp-json\/wp\/v2\/product_cat?post=4847"},{"taxonomy":"product_tag","embeddable":true,"href":"https:\/\/barzo.com.br\/shop\/wp-json\/wp\/v2\/product_tag?post=4847"}],"curies":[{"name":"wp","href":"https:\/\/api.w.org\/{rel}","templated":true}]}}