{"id":4835,"date":"2023-04-06T01:31:55","date_gmt":"2023-04-06T04:31:55","guid":{"rendered":"https:\/\/barzo.com.br\/shop\/?post_type=product&#038;p=4835"},"modified":"2023-04-06T01:31:55","modified_gmt":"2023-04-06T04:31:55","slug":"sabonete-artesanal-acafrao-depilatorio","status":"publish","type":"product","link":"https:\/\/barzo.com.br\/shop\/produto\/sabonete-artesanal-acafrao-depilatorio\/","title":{"rendered":"Sabonete Artesanal de A\u00e7afr\u00e3o Depilat\u00f3rio Natural 110g 6 Un"},"content":{"rendered":"<p>Sabonete Artesanal de A\u00e7afr\u00e3o Depilat\u00f3rio Natural 110g Kit com 3. Sabonete 100% natural e artesanal, produzido atrav\u00e9s do &#8220;cold process&#8221; ou ent\u00e3o saponifica\u00e7\u00e3o a frio, o que torna a barra duradoura e mais homog\u00eanea, mantendo as propriedades ben\u00e9ficas por n\u00e3o aquecer at\u00e9 altas temperaturas.<\/p>\n<p>&nbsp;<\/p>\n<table class=\"a-normal a-spacing-micro\">\n<tbody>\n<tr class=\"a-spacing-small po-item_form\">\n<td class=\"a-span3\"><span class=\"a-size-base a-text-bold\">Forma do produto<\/span><\/td>\n<td class=\"a-span9\"><span class=\"a-size-base po-break-word\">Barra<\/span><\/td>\n<\/tr>\n<tr class=\"a-spacing-small po-recommended_uses_for_product\">\n<td class=\"a-span3\"><span class=\"a-size-base a-text-bold\">Adequa\u00e7\u00e3o do controle por r\u00e1dio<\/span><\/td>\n<td class=\"a-span9\"><span class=\"a-size-base po-break-word\">Corpo<\/span><\/td>\n<\/tr>\n<tr class=\"a-spacing-small po-material_feature\">\n<td class=\"a-span3\"><span class=\"a-size-base a-text-bold\">Caracter\u00edstica do material<\/span><\/td>\n<td class=\"a-span9\"><span class=\"a-size-base po-break-word\">N\u00e3o testado em animais<\/span><\/td>\n<\/tr>\n<tr class=\"a-spacing-small po-material_type_free\">\n<td class=\"a-span3\"><span class=\"a-size-base a-text-bold\">Tipo de material livre<\/span><\/td>\n<td class=\"a-span9\"><span class=\"a-size-base po-break-word\">Isento de parabenos<\/span><\/td>\n<\/tr>\n<tr class=\"a-spacing-small po-skin_type\">\n<td class=\"a-span3\"><span class=\"a-size-base a-text-bold\">Tipo de Pele<\/span><\/td>\n<td class=\"a-span9\"><span class=\"a-size-base po-break-word\">Todos<\/span><\/td>\n<\/tr>\n<tr class=\"a-spacing-small po-brand\">\n<td class=\"a-span3\"><span class=\"a-size-base a-text-bold\">Marca<\/span><\/td>\n<td class=\"a-span9\"><span class=\"a-size-base po-break-word\">Generic<\/span><\/td>\n<\/tr>\n<tr class=\"a-spacing-small po-product_benefit\">\n<td class=\"a-span3\"><span class=\"a-size-base a-text-bold\">Vantagens do produto<\/span><\/td>\n<td class=\"a-span9\"><span class=\"a-size-base po-break-word\">Depilat\u00f3rio natural, antioxidante, hidratante, cicatrizante, anti-inflamat\u00f3rio, combate acnes<\/span><\/td>\n<\/tr>\n<tr class=\"a-spacing-small po-number_of_items\">\n<td class=\"a-span3\"><span class=\"a-size-base a-text-bold\">N\u00famero de itens<\/span><\/td>\n<td class=\"a-span9\"><span class=\"a-size-base po-break-word\">6<\/span><\/td>\n<\/tr>\n<tr class=\"a-spacing-small po-unit_count\">\n<td class=\"a-span3\"><span class=\"a-size-base a-text-bold\">Contagem de unidades<\/span><\/td>\n<td class=\"a-span9\"><span class=\"a-size-base po-break-word\">6.00 Itens<\/span><\/td>\n<\/tr>\n<tr class=\"a-spacing-small po-target_use_body_part\">\n<td class=\"a-span3\"><span class=\"a-size-base a-text-bold\">Usar para<\/span><\/td>\n<td class=\"a-span9\"><span class=\"a-size-base po-break-word\">Pele<\/span><\/td>\n<\/tr>\n<\/tbody>\n<\/table>\n<p>&nbsp;<\/p>\n<h1 class=\"a-size-base-plus a-text-bold\">Sobre este item<\/h1>\n<ul class=\"a-unordered-list a-vertical a-spacing-mini\">\n<li><span class=\"a-list-item\">Cont\u00e9m \u00e1cido mir\u00edstico, aumenta a abosor\u00e7\u00e3o da pele fazendo que os nutrientes interajam melhor aumentando a capacidade de limpeza e hidrata\u00e7\u00e3o.<\/span><\/li>\n<li><span class=\"a-list-item\">Cont\u00e9m \u00e1cido palm\u00edtico, um potente antioxidante que ajuda a fortalecer a fun\u00e7\u00e3o de barreira natural da pele.<\/span><\/li>\n<li><span class=\"a-list-item\">Cont\u00e9m \u00e1cido este\u00e1rico, facilmente absorvido pela pele, amacia e hidrata.<\/span><\/li>\n<li><span class=\"a-list-item\">Cont\u00e9m \u00e1cido oleico, rico e em vitaminas e sais minerais, ajuda na preven\u00e7\u00e3o de estrias.<\/span><\/li>\n<li><span class=\"a-list-item\">Cont\u00e9m \u00e1cido Linoleico, ajuda na elasticidade da pele, podendo auxiliar na diminui\u00e7\u00e3o da inflama\u00e7\u00e3o das c\u00e9lulas e promove a regenera\u00e7\u00e3o do tecido melhorando o aspecto f\u00edsico.<\/span><\/li>\n<\/ul>\n<div id=\"importantInformation_feature_div\" class=\"celwidget\" data-feature-name=\"importantInformation\" data-csa-c-type=\"widget\" data-csa-c-content-id=\"importantInformation\" data-csa-c-slot-id=\"importantInformation_feature_div\" data-csa-c-asin=\"\" data-csa-c-is-in-initial-active-row=\"false\" data-csa-c-id=\"d5o1gj-gcpk2-cqkin-8tb9hf\" data-cel-widget=\"importantInformation_feature_div\">\n<div id=\"important-information\" class=\"a-section a-spacing-extra-large bucket\">\n<h2>Informa\u00e7\u00f5es importantes<\/h2>\n<div class=\"a-section content\">\n<h4>Ingredientes<\/h4>\n<p>&nbsp;<\/p>\n<p>manteiga de palma, \u00f3leo de coco e a\u00e7afr\u00e3o<\/p>\n<p>&nbsp;<\/p>\n<\/div>\n<\/div>\n<\/div>\n<div id=\"productDescription_feature_div\" class=\"celwidget\" data-feature-name=\"productDescription\" data-csa-c-type=\"widget\" data-csa-c-content-id=\"productDescription\" data-csa-c-slot-id=\"productDescription_feature_div\" data-csa-c-asin=\"\" data-csa-c-is-in-initial-active-row=\"false\" data-csa-c-id=\"fm52gi-g8ossn-ak8qeu-tp0lci\" data-cel-widget=\"productDescription_feature_div\">\n<div>\n<div id=\"productDescription_feature_div\" class=\"a-row feature\" data-feature-name=\"productDescription\" data-template-name=\"productDescription\" data-cel-widget=\"productDescription_feature_div\">\n<div class=\"a-divider a-divider-section\">\n<div class=\"a-divider-inner\"><\/div>\n<\/div>\n<h2 class=\"default\">Descri\u00e7\u00e3o do produto<\/h2>\n<div id=\"productDescription\" class=\"a-section a-spacing-small\">\n<p>&nbsp;<\/p>\n<p>Sabonete Artesanal de A\u00e7afr\u00e3o Depilat\u00f3rio Natural 110g Kit com 3<\/p>\n<p>&nbsp;<\/p>\n<p>Sabonete 100% natural e artesanal, produzido atrav\u00e9s do &#8220;cold process&#8221; ou ent\u00e3o saponifica\u00e7\u00e3o a frio, o que torna a barra duradoura e mais homog\u00eanea, mantendo as propriedades ben\u00e9ficas por n\u00e3o aquecer at\u00e9 altas temperaturas.<\/p>\n<p>&nbsp;<\/p>\n<p>Os \u00f3leos utilizados para a composi\u00e7\u00e3o da base promovem limpeza profunda e hidrata\u00e7\u00e3o da pele, aumentando a barreira natural e eliminando bact\u00e9rias indesej\u00e1veis como as que desenvolvem a acne. Ajudam na elasticidade prevenindo estrias, melhorando assim o aspecto f\u00edsico da pele.<\/p>\n<p>&nbsp;<\/p>\n<p>&nbsp;<\/p>\n<p>&nbsp;<\/p>\n<p>Benef\u00edcios do a\u00e7afr\u00e3o<\/p>\n<p>A\u00e7\u00e3o cicatrizante, ajuda a secar a acne e a combater a oleosidade da pele e ainda atua em ferimentos causados por situa\u00e7\u00f5es diversas, auxiliando na velocidade e na qualidade da cicatriza\u00e7\u00e3o.<\/p>\n<p>A\u00e7\u00e3o anti-inflamat\u00f3ria,\u00a0 ajuda a melhorar a resposta anti-inflamat\u00f3ria natural de nosso corpo, gra\u00e7as \u00e0 curcumina, subst\u00e2ncia que garante a ele a sua cor amarela intensa, al\u00e9m do poder de bloquear mol\u00e9culas que promovem a inflama\u00e7\u00e3o em nosso organismo.<\/p>\n<p>A\u00e7\u00e3o antioxidante, possui os carotenoides conhecidos como crocina e safranal, que possuem a\u00e7\u00e3o antioxidante e promovem a prote\u00e7\u00e3o de c\u00e9lulas sadias contra a oxida\u00e7\u00e3o advinda dos radicais livres que, em outras circunst\u00e2ncias, impediriam a sua renova\u00e7\u00e3o.<\/p>\n<p>Presen\u00e7a de subst\u00e2ncias queratol\u00edticas, muito utilizadas em tratamentos para elimina\u00e7\u00e3o de verrugas e demais les\u00f5es da epiderme, os queratol\u00edticos s\u00e3o subst\u00e2ncias conhecidas por sua propriedade de dissolver e at\u00e9 mesmo destruir as camadas mais externas da pele, onde as c\u00e9lulas mortas s\u00e3o depositadas regularmente.<\/p>\n<p>&nbsp;<\/p>\n<p>&nbsp;<\/p>\n<p>Depila\u00e7\u00e3o natural<\/p>\n<p>Uma das bases que garante a efic\u00e1cia de uma depila\u00e7\u00e3o definitiva \u00e9 a a\u00e7\u00e3o do calor sobre os bulbos capilares. Esse processo fragi<\/p>\n<p>&nbsp;<\/p>\n<\/div>\n<\/div>\n<\/div>\n<\/div>\n<div id=\"renewedProgramDescriptionBtf_feature_div\" class=\"celwidget\" data-feature-name=\"renewedProgramDescriptionBtf\" data-csa-c-type=\"widget\" data-csa-c-content-id=\"renewedProgramDescriptionBtf\" data-csa-c-slot-id=\"renewedProgramDescriptionBtf_feature_div\" data-csa-c-asin=\"\" data-csa-c-is-in-initial-active-row=\"false\" data-csa-c-id=\"g3t443-d1pcl9-ze1il-dc63ly\" data-cel-widget=\"renewedProgramDescriptionBtf_feature_div\"><\/div>\n<div id=\"aplusBrandStory_feature_div\" class=\"celwidget\" data-feature-name=\"aplusBrandStory\" data-csa-c-type=\"widget\" data-csa-c-content-id=\"aplusBrandStory\" data-csa-c-slot-id=\"aplusBrandStory_feature_div\" data-csa-c-asin=\"\" data-csa-c-is-in-initial-active-row=\"false\" data-csa-c-id=\"8yz86f-gxr6e-dqznpj-4soe9w\" data-cel-widget=\"aplusBrandStory_feature_div\"><\/div>\n<div id=\"aplus_feature_div\" class=\"celwidget\" data-feature-name=\"aplus\" data-csa-c-type=\"widget\" data-csa-c-content-id=\"aplus\" data-csa-c-slot-id=\"aplus_feature_div\" data-csa-c-asin=\"\" data-csa-c-is-in-initial-active-row=\"false\" data-csa-c-id=\"qwcxa9-xgln2p-mp4wa6-gfe50d\" data-cel-widget=\"aplus_feature_div\"><\/div>\n<div id=\"productDetailsWithModules_feature_div\" class=\"celwidget\" data-feature-name=\"productDetailsWithModules\" data-csa-c-type=\"widget\" data-csa-c-content-id=\"productDetailsWithModules\" data-csa-c-slot-id=\"productDetailsWithModules_feature_div\" data-csa-c-asin=\"\" data-csa-c-is-in-initial-active-row=\"false\" data-csa-c-id=\"6b44je-h1efc1-5mi0zm-q7hogi\" data-cel-widget=\"productDetailsWithModules_feature_div\"><a id=\"productDetails\" name=\"productDetails\"><\/a><\/p>\n<hr class=\"a-divider-normal\" aria-hidden=\"true\" \/>\n<div>\n<div id=\"prodDetails\" class=\"a-section\">\n<h2>Informa\u00e7\u00f5es sobre o produto<\/h2>\n<div class=\"a-row a-spacing-top-base\">\n<div class=\"a-column a-span6\">\n<div class=\"a-row a-spacing-base\">\n<div class=\"a-row a-expander-container a-expander-extend-container\">\n<div class=\"a-row\">\n<div class=\"a-column a-span6\">\n<h1 class=\"a-size-medium a-spacing-small\">Detalhes t\u00e9cnicos<\/h1>\n<\/div>\n<\/div>\n<div class=\"a-expander-content a-expander-extend-content\" aria-expanded=\"true\">\n<div class=\"a-row a-expander-container a-expander-inline-container\">\n<div class=\"a-expander-content a-expander-section-content a-section-expander-inner\" aria-expanded=\"true\">\n<table id=\"productDetails_techSpec_section_1\" class=\"a-keyvalue prodDetTable\" role=\"presentation\">\n<tbody>\n<tr>\n<th class=\"a-color-secondary a-size-base prodDetSectionEntry\">N\u00famero de unidades<\/th>\n<td class=\"a-size-base prodDetAttrValue\">\u200e6<\/td>\n<\/tr>\n<tr>\n<th class=\"a-color-secondary a-size-base prodDetSectionEntry\">Tipo de Pele<\/th>\n<td class=\"a-size-base prodDetAttrValue\">\u200eTodos<\/td>\n<\/tr>\n<tr>\n<th class=\"a-color-secondary a-size-base prodDetSectionEntry\">Dimens\u00f5es do produto<\/th>\n<td class=\"a-size-base prodDetAttrValue\">\u200e11 x 17 x 12 cm; 800 g<\/td>\n<\/tr>\n<tr>\n<th class=\"a-color-secondary a-size-base prodDetSectionEntry\">ASIN<\/th>\n<td class=\"a-size-base prodDetAttrValue\">\u200eB09WZNS8BC<\/td>\n<\/tr>\n<tr>\n<th class=\"a-color-secondary a-size-base prodDetSectionEntry\">EAN<\/th>\n<td class=\"a-size-base prodDetAttrValue\">\u200e7803470875672<\/td>\n<\/tr>\n<tr>\n<th class=\"a-color-secondary a-size-base prodDetSectionEntry\">Marca<\/th>\n<td class=\"a-size-base prodDetAttrValue\">\u200eGeneric<\/td>\n<\/tr>\n<\/tbody>\n<\/table>\n<\/div>\n<\/div>\n<\/div>\n<\/div>\n<\/div>\n<div class=\"a-row a-spacing-base\"><\/div>\n<\/div>\n<div class=\"a-column a-span6 a-span-last\">\n<div class=\"a-row a-spacing-base\">\n<div id=\"productDetails_db_sections\" class=\"a-section\">\n<h1 class=\"a-size-medium a-spacing-small secHeader\">Informa\u00e7\u00f5es adicionais<\/h1>\n<div class=\"a-section table-padding\">\n<table id=\"productDetails_detailBullets_sections1\" class=\"a-keyvalue prodDetTable\" role=\"presentation\">\n<tbody>\n<tr>\n<th class=\"a-color-secondary a-size-base prodDetSectionEntry\">Dimens\u00f5es do pacote<\/th>\n<td class=\"a-size-base prodDetAttrValue\">17 x 12 x 11 cent\u00edmetros<\/td>\n<\/tr>\n<\/tbody>\n<\/table>\n<hr class=\"a-divider-normal bucketDivider\" aria-hidden=\"true\" \/>\n<h2>Detalhes do produto<\/h2>\n<div id=\"detailBullets_feature_div\">\n<ul class=\"a-unordered-list a-nostyle a-vertical a-spacing-none detail-bullet-list\">\n<li><span class=\"a-list-item\"><span class=\"a-text-bold\">Dimens\u00f5es do produto \u200f : \u200e\u00a0<\/span>11 x 17 x 12 cm; 800 g<\/span><\/li>\n<li><span class=\"a-list-item\"><span class=\"a-text-bold\">ASIN \u200f : \u200e\u00a0<\/span>B09WZNS8BC<\/span><\/li>\n<\/ul>\n<\/div>\n<\/div>\n<\/div>\n<\/div>\n<\/div>\n<\/div>\n<\/div>\n<\/div>\n<\/div>\n","protected":false},"excerpt":{"rendered":"<p>Sabonete Artesanal de A\u00e7afr\u00e3o Depilat\u00f3rio Natural 110g Kit com 3. Sabonete 100% natural e artesanal, produzido atrav\u00e9s do &#8220;cold process&#8221; ou ent\u00e3o saponifica\u00e7\u00e3o a frio, o que torna a barra duradoura e mais homog\u00eanea, mantendo as propriedades ben\u00e9ficas por n\u00e3o aquecer at\u00e9 altas temperaturas.<\/p>\n<p>&nbsp;<\/p>\n","protected":false},"featured_media":4836,"comment_status":"open","ping_status":"closed","template":"","meta":[],"product_brand":[],"product_cat":[613,16,422,605],"product_tag":[1053,1068,1090,1089],"class_list":{"0":"post-4835","1":"product","2":"type-product","3":"status-publish","4":"has-post-thumbnail","6":"product_cat-amazon","7":"product_cat-beleza-bem-estar-e-saude","8":"product_cat-cuidados-com-a-pele","9":"product_cat-lojas","10":"product_tag-amazon","11":"product_tag-amazon-prime","12":"product_tag-cuidados-corporais","13":"product_tag-sabonte-artesanal","15":"first","16":"instock","17":"shipping-taxable","18":"product-type-external"},"_links":{"self":[{"href":"https:\/\/barzo.com.br\/shop\/wp-json\/wp\/v2\/product\/4835","targetHints":{"allow":["GET"]}}],"collection":[{"href":"https:\/\/barzo.com.br\/shop\/wp-json\/wp\/v2\/product"}],"about":[{"href":"https:\/\/barzo.com.br\/shop\/wp-json\/wp\/v2\/types\/product"}],"replies":[{"embeddable":true,"href":"https:\/\/barzo.com.br\/shop\/wp-json\/wp\/v2\/comments?post=4835"}],"wp:featuredmedia":[{"embeddable":true,"href":"https:\/\/barzo.com.br\/shop\/wp-json\/wp\/v2\/media\/4836"}],"wp:attachment":[{"href":"https:\/\/barzo.com.br\/shop\/wp-json\/wp\/v2\/media?parent=4835"}],"wp:term":[{"taxonomy":"product_brand","embeddable":true,"href":"https:\/\/barzo.com.br\/shop\/wp-json\/wp\/v2\/product_brand?post=4835"},{"taxonomy":"product_cat","embeddable":true,"href":"https:\/\/barzo.com.br\/shop\/wp-json\/wp\/v2\/product_cat?post=4835"},{"taxonomy":"product_tag","embeddable":true,"href":"https:\/\/barzo.com.br\/shop\/wp-json\/wp\/v2\/product_tag?post=4835"}],"curies":[{"name":"wp","href":"https:\/\/api.w.org\/{rel}","templated":true}]}}