{"id":4829,"date":"2023-04-06T01:06:28","date_gmt":"2023-04-06T04:06:28","guid":{"rendered":"https:\/\/barzo.com.br\/shop\/?post_type=product&#038;p=4829"},"modified":"2023-04-06T01:06:28","modified_gmt":"2023-04-06T04:06:28","slug":"kit-3-sais-de-banho-3-espumas-banheira-hidromassagem-ofuro","status":"publish","type":"product","link":"https:\/\/barzo.com.br\/shop\/produto\/kit-3-sais-de-banho-3-espumas-banheira-hidromassagem-ofuro\/","title":{"rendered":"Kit 3 Sais De Banho + 3 Espumas para Banheira Hidromassagem Ofur\u00f4 com Aromas"},"content":{"rendered":"<div id=\"productDescription_feature_div\" class=\"celwidget\" data-feature-name=\"productDescription\" data-csa-c-type=\"widget\" data-csa-c-content-id=\"productDescription\" data-csa-c-slot-id=\"productDescription_feature_div\" data-csa-c-asin=\"\" data-csa-c-is-in-initial-active-row=\"false\" data-csa-c-id=\"aft170-95hb8g-bl3m3s-l9kbka\" data-cel-widget=\"productDescription_feature_div\">\n<div>\n<div id=\"productDescription_feature_div\" class=\"a-row feature\" data-feature-name=\"productDescription\" data-template-name=\"productDescription\" data-cel-widget=\"productDescription_feature_div\">\n<h2 class=\"default\">Descri\u00e7\u00e3o do produto<\/h2>\n<div id=\"productDescription\" class=\"a-section a-spacing-small\">\n<p>&nbsp;<\/p>\n<p>Sais Para Banho &#8211; relaxa e suaviza a pele do corpo, tornando seu banho um momento de prazer e repondo suas energias. Quando em infus\u00e3o na banheira, proporciona uma forte sensa\u00e7\u00e3o relaxante e calmante.<\/p>\n<p>&nbsp;<\/p>\n<p>Espuma para Banheira &#8211; proporciona espuma cremosa, duradoura e uma agrad\u00e1vel fragr\u00e2ncia.<\/p>\n<p>&nbsp;<\/p>\n<p>CAPIM LIM\u00c3O &#8211; Estimulante, c\u00edtrico, refrescante &amp; revitalizante<\/p>\n<p>&nbsp;<\/p>\n<p>VERBENA &#8211; Aroma c\u00edtrico, com notas frescas e verdes. Relaxante,uma agrad\u00e1vel sensa\u00e7\u00e3o de bem estar e frescor.<\/p>\n<p>&nbsp;<\/p>\n<p>ALECRIM &#8211;\u00a0 Estimula a mem\u00f3ria, concentra\u00e7\u00e3o, motiva\u00e7\u00e3o, traz vitalidade e energia para atividades f\u00edsicas e mentais.<\/p>\n<p>&nbsp;<\/p>\n<p>Modo de usar: Coloque quantidade suficiente em \u00e1gua morna dos Sais para Banho Capim Lim\u00e3o ou Verbena, deixe-se relaxar e sinta seus benef\u00edcios.<\/p>\n<p>&nbsp;<\/p>\n<p>Espuma de Banho 250ml.<\/p>\n<p>Relaxa e suaviza a pele do corpo, tornando seu banho num momento de prazer, repondo suas energias.<\/p>\n<p>&nbsp;<\/p>\n<p>Quando em infus\u00e3o na banheira, proporciona uma forte sensa\u00e7\u00e3o relaxante e calmante.<\/p>\n<p>&nbsp;<\/p>\n<p>Modo de usar: Coloque quantidade suficiente em \u00e1gua morna, deixe-se relaxar e sinta seus benef\u00edcios.<\/p>\n<p>&nbsp;<\/p>\n<p>Kit Acompanha:<\/p>\n<p>1 Sal De Banho para Banheira Verbena 250g<\/p>\n<p>1 Sal De Banho para Banheira Capim Lim\u00e3o 250g<\/p>\n<p>1 Sal De Banho para Banheira Alecrim 250g<\/p>\n<p>1 Espuma De Banho e Banheira Verbena 250ml<\/p>\n<p>1 Espuma De Banho e Banheira Capim Lim\u00e3o 250ml<\/p>\n<p>1 Espuma De Banho e Banheira Alecrim 250ml<\/p>\n<p>&nbsp;<\/p>\n<p>Produto n\u00e3o testado em animais.<\/p>\n<p>&nbsp;<\/p>\n<\/div>\n<\/div>\n<\/div>\n<\/div>\n<div id=\"renewedProgramDescriptionBtf_feature_div\" class=\"celwidget\" data-feature-name=\"renewedProgramDescriptionBtf\" data-csa-c-type=\"widget\" data-csa-c-content-id=\"renewedProgramDescriptionBtf\" data-csa-c-slot-id=\"renewedProgramDescriptionBtf_feature_div\" data-csa-c-asin=\"\" data-csa-c-is-in-initial-active-row=\"false\" data-csa-c-id=\"nmltzk-dk7ynh-vntck1-fu57gn\" data-cel-widget=\"renewedProgramDescriptionBtf_feature_div\"><\/div>\n<div id=\"aplusBrandStory_feature_div\" class=\"celwidget\" data-feature-name=\"aplusBrandStory\" data-csa-c-type=\"widget\" data-csa-c-content-id=\"aplusBrandStory\" data-csa-c-slot-id=\"aplusBrandStory_feature_div\" data-csa-c-asin=\"\" data-csa-c-is-in-initial-active-row=\"false\" data-csa-c-id=\"x2nqtl-kc0ovk-qrxmwx-tqw96v\" data-cel-widget=\"aplusBrandStory_feature_div\"><\/div>\n<div id=\"aplus_feature_div\" class=\"celwidget\" data-feature-name=\"aplus\" data-csa-c-type=\"widget\" data-csa-c-content-id=\"aplus\" data-csa-c-slot-id=\"aplus_feature_div\" data-csa-c-asin=\"\" data-csa-c-is-in-initial-active-row=\"false\" data-csa-c-id=\"hmkjvd-ybtmxp-dg9rfb-jfk44\" data-cel-widget=\"aplus_feature_div\"><\/div>\n<div id=\"productDetailsWithModules_feature_div\" class=\"celwidget\" data-feature-name=\"productDetailsWithModules\" data-csa-c-type=\"widget\" data-csa-c-content-id=\"productDetailsWithModules\" data-csa-c-slot-id=\"productDetailsWithModules_feature_div\" data-csa-c-asin=\"\" data-csa-c-is-in-initial-active-row=\"false\" data-csa-c-id=\"wgrbew-s8v6sk-a0ms2g-in61vp\" data-cel-widget=\"productDetailsWithModules_feature_div\"><a id=\"productDetails\" name=\"productDetails\"><\/a><\/p>\n<hr class=\"a-divider-normal\" aria-hidden=\"true\" \/>\n<div>\n<div id=\"prodDetails\" class=\"a-section\">\n<h2>Informa\u00e7\u00f5es sobre o produto<\/h2>\n<div class=\"a-row a-spacing-top-base\">\n<div class=\"a-column a-span6\">\n<div class=\"a-row a-spacing-base\">\n<div class=\"a-row a-expander-container a-expander-extend-container\">\n<div class=\"a-row\">\n<div class=\"a-column a-span6\">\n<h1 class=\"a-size-medium a-spacing-small\">Detalhes t\u00e9cnicos<\/h1>\n<\/div>\n<\/div>\n<div class=\"a-expander-content a-expander-extend-content\" aria-expanded=\"true\">\n<div class=\"a-row a-expander-container a-expander-inline-container\">\n<div class=\"a-expander-content a-expander-section-content a-section-expander-inner\" aria-expanded=\"true\">\n<table id=\"productDetails_techSpec_section_1\" class=\"a-keyvalue prodDetTable\" role=\"presentation\">\n<tbody>\n<tr>\n<th class=\"a-color-secondary a-size-base prodDetSectionEntry\">Dimens\u00f5es do produto<\/th>\n<td class=\"a-size-base prodDetAttrValue\">\u200e25 x 20 x 12 cm; 1.2 Quilogramas<\/td>\n<\/tr>\n<tr>\n<th class=\"a-color-secondary a-size-base prodDetSectionEntry\">ASIN<\/th>\n<td class=\"a-size-base prodDetAttrValue\">\u200eB0BBW3N4GF<\/td>\n<\/tr>\n<tr>\n<th class=\"a-color-secondary a-size-base prodDetSectionEntry\">EAN<\/th>\n<td class=\"a-size-base prodDetAttrValue\">\u200e7898367538792<\/td>\n<\/tr>\n<tr>\n<th class=\"a-color-secondary a-size-base prodDetSectionEntry\">Marca<\/th>\n<td class=\"a-size-base prodDetAttrValue\">\u200eBagnare Cosm\u00e9ticos<\/td>\n<\/tr>\n<\/tbody>\n<\/table>\n<\/div>\n<\/div>\n<\/div>\n<\/div>\n<\/div>\n<div class=\"a-row a-spacing-base\"><\/div>\n<\/div>\n<div class=\"a-column a-span6 a-span-last\">\n<div class=\"a-row a-spacing-base\">\n<div id=\"productDetails_db_sections\" class=\"a-section\">\n<h1 class=\"a-size-medium a-spacing-small secHeader\">Informa\u00e7\u00f5es adicionais<\/h1>\n<div class=\"a-section table-padding\">\n<table id=\"productDetails_detailBullets_sections1\" class=\"a-keyvalue prodDetTable\" role=\"presentation\">\n<tbody>\n<tr>\n<th class=\"a-color-secondary a-size-base prodDetSectionEntry\">Dimens\u00f5es do pacote<\/th>\n<td class=\"a-size-base prodDetAttrValue\">21 x 15.4 x 12.7 cent\u00edmetros<\/td>\n<\/tr>\n<\/tbody>\n<\/table>\n<div id=\"productDetailsWithModules_feature_div\" class=\"celwidget\" data-feature-name=\"productDetailsWithModules\" data-csa-c-type=\"widget\" data-csa-c-content-id=\"productDetailsWithModules\" data-csa-c-slot-id=\"productDetailsWithModules_feature_div\" data-csa-c-asin=\"\" data-csa-c-is-in-initial-active-row=\"false\" data-csa-c-id=\"wgrbew-s8v6sk-a0ms2g-in61vp\" data-cel-widget=\"productDetailsWithModules_feature_div\">\n<div>\n<div id=\"prodDetails\" class=\"a-section\">\n<div class=\"a-row a-spacing-top-base\">\n<div class=\"a-column a-span6 a-span-last\">\n<div class=\"a-row a-spacing-base\">\n<div id=\"productDetails_db_sections\" class=\"a-section\">\n<div class=\"a-section table-padding\">\n<table id=\"productDetails_detailBullets_sections1\" class=\"a-keyvalue prodDetTable\" role=\"presentation\">\n<tbody>\n<tr>\n<td><\/td>\n<\/tr>\n<\/tbody>\n<\/table>\n<\/div>\n<\/div>\n<\/div>\n<div class=\"a-row a-spacing-base\"><\/div>\n<div class=\"a-row\"><\/div>\n<\/div>\n<\/div>\n<\/div>\n<\/div>\n<\/div>\n<div id=\"detailBulletsWithExceptions_feature_div\" class=\"celwidget\" data-feature-name=\"detailBulletsWithExceptions\" data-csa-c-type=\"widget\" data-csa-c-content-id=\"detailBulletsWithExceptions\" data-csa-c-slot-id=\"detailBulletsWithExceptions_feature_div\" data-csa-c-asin=\"\" data-csa-c-is-in-initial-active-row=\"false\" data-csa-c-id=\"o702vz-fq1tnd-5jvhtl-1t4rl7\" data-cel-widget=\"detailBulletsWithExceptions_feature_div\">\n<div id=\"detailBulletsWrapper_feature_div\" class=\"a-section feature detail-bullets-wrapper bucket\" data-feature-name=\"detailBullets\" data-template-name=\"detailBullets\" data-cel-widget=\"detailBulletsWrapper_feature_div\">\n<hr class=\"a-divider-normal bucketDivider\" aria-hidden=\"true\" \/>\n<h2>Detalhes do produto<\/h2>\n<div id=\"detailBullets_feature_div\">\n<ul class=\"a-unordered-list a-nostyle a-vertical a-spacing-none detail-bullet-list\">\n<li><span class=\"a-list-item\"><span class=\"a-text-bold\">Dimens\u00f5es do produto \u200f : \u200e\u00a0<\/span>25 x 20 x 12 cm; 1.2 Quilogramas<\/span><\/li>\n<li><span class=\"a-list-item\"><span class=\"a-text-bold\">ASIN \u200f : \u200e\u00a0<\/span>B0BBW3N4GF<\/span><\/li>\n<\/ul>\n<\/div>\n<ul class=\"a-unordered-list a-nostyle a-vertical a-spacing-none detail-bullet-list\">\n<li><span class=\"a-list-item\"><span class=\"a-text-bold\">Avalia\u00e7\u00f5es dos clientes:\u00a0<\/span><\/span>\n<div id=\"detailBullets_averageCustomerReviews\" data-asin=\"B0BBW3N4GF\" data-ref=\"dpx_acr_pop_\"><span class=\"a-declarative\" data-action=\"acrStarsLink-click-metrics\" data-csa-c-type=\"widget\" data-csa-c-func-deps=\"aui-da-acrStarsLink-click-metrics\" data-acrstarslink-click-metrics=\"{}\" data-csa-c-id=\"2ugl46-lmv8-hdhtux-g7v2mh\"><span id=\"acrPopover\" class=\"reviewCountTextLinkedHistogram noUnderline\" title=\"5,0 de 5 estrelas\"><a class=\"a-popover-trigger a-declarative\" role=\"button\"><i class=\"a-icon a-icon-star a-star-5\"><span class=\"a-icon-alt\">5,0 de 5 estrelas<\/span><\/i>\u00a0<i class=\"a-icon a-icon-popover\"><\/i><\/a>\u00a0\u00a0<\/span><\/span><\/div>\n<\/li>\n<\/ul>\n<\/div>\n<\/div>\n<\/div>\n<\/div>\n<\/div>\n<\/div>\n<\/div>\n<\/div>\n<\/div>\n<\/div>\n","protected":false},"excerpt":{"rendered":"<p>Sais de banho e espuma para banheira. Sais Para Banho &#8211; relaxa e suaviza a pele do corpo, tornando seu banho um momento de prazer e repondo suas energias. Quando em infus\u00e3o na banheira, proporciona uma forte sensa\u00e7\u00e3o relaxante e calmante. Espuma para Banheira &#8211; proporciona espuma cremosa, duradoura e uma agrad\u00e1vel fragr\u00e2ncia.<\/p>\n","protected":false},"featured_media":4830,"comment_status":"open","ping_status":"closed","template":"","meta":[],"product_brand":[],"product_cat":[605,613,16,467,422,36,424],"product_tag":[1053,1068,1082,1084,1083],"class_list":{"0":"post-4829","1":"product","2":"type-product","3":"status-publish","4":"has-post-thumbnail","6":"product_cat-lojas","7":"product_cat-amazon","8":"product_cat-beleza-bem-estar-e-saude","9":"product_cat-corporal","10":"product_cat-cuidados-com-a-pele","11":"product_cat-dermocosmeticos-e-tratamentos","12":"product_cat-nutricosmeticos","13":"product_tag-amazon","14":"product_tag-amazon-prime","15":"product_tag-corporal","16":"product_tag-espuma-de-banho","17":"product_tag-sais-de-banho","19":"first","20":"instock","21":"shipping-taxable","22":"product-type-external"},"_links":{"self":[{"href":"https:\/\/barzo.com.br\/shop\/wp-json\/wp\/v2\/product\/4829","targetHints":{"allow":["GET"]}}],"collection":[{"href":"https:\/\/barzo.com.br\/shop\/wp-json\/wp\/v2\/product"}],"about":[{"href":"https:\/\/barzo.com.br\/shop\/wp-json\/wp\/v2\/types\/product"}],"replies":[{"embeddable":true,"href":"https:\/\/barzo.com.br\/shop\/wp-json\/wp\/v2\/comments?post=4829"}],"wp:featuredmedia":[{"embeddable":true,"href":"https:\/\/barzo.com.br\/shop\/wp-json\/wp\/v2\/media\/4830"}],"wp:attachment":[{"href":"https:\/\/barzo.com.br\/shop\/wp-json\/wp\/v2\/media?parent=4829"}],"wp:term":[{"taxonomy":"product_brand","embeddable":true,"href":"https:\/\/barzo.com.br\/shop\/wp-json\/wp\/v2\/product_brand?post=4829"},{"taxonomy":"product_cat","embeddable":true,"href":"https:\/\/barzo.com.br\/shop\/wp-json\/wp\/v2\/product_cat?post=4829"},{"taxonomy":"product_tag","embeddable":true,"href":"https:\/\/barzo.com.br\/shop\/wp-json\/wp\/v2\/product_tag?post=4829"}],"curies":[{"name":"wp","href":"https:\/\/api.w.org\/{rel}","templated":true}]}}