{"id":4825,"date":"2023-04-06T00:28:41","date_gmt":"2023-04-06T03:28:41","guid":{"rendered":"https:\/\/barzo.com.br\/shop\/?post_type=product&#038;p=4825"},"modified":"2023-04-06T00:28:41","modified_gmt":"2023-04-06T03:28:41","slug":"oleo-capilar-cachos-karite-jaborandi","status":"publish","type":"product","link":"https:\/\/barzo.com.br\/shop\/produto\/oleo-capilar-cachos-karite-jaborandi\/","title":{"rendered":"\u00d3leo Capilar Cachos Definidos e Hidratados Com Manteiga de Karit\u00e9 e Jaborandi 120ml"},"content":{"rendered":"<div id=\"productOverview_feature_div\" class=\"celwidget\" data-feature-name=\"productOverview\" data-csa-c-type=\"widget\" data-csa-c-content-id=\"productOverview\" data-csa-c-slot-id=\"productOverview_feature_div\" data-csa-c-asin=\"B0BHL2BD4T\" data-csa-c-is-in-initial-active-row=\"false\" data-csa-c-id=\"6s0wrx-e9910o-se8spw-43gytk\" data-cel-widget=\"productOverview_feature_div\">\n<div id=\"poExpander\" class=\"a-expander-collapsed-height a-row a-expander-container a-spacing-none a-expander-partial-collapse-container\" data-a-expander-name=\"product_overview\" data-a-expander-collapsed-height=\"210\">\n<div class=\"a-expander-content a-expander-partial-collapse-content a-expander-content-expanded\" aria-expanded=\"true\">\n<div class=\"a-section a-spacing-small a-spacing-top-small\">\n<table class=\"a-normal a-spacing-micro\">\n<tbody>\n<tr class=\"a-spacing-small po-product_benefit\">\n<td class=\"a-span3\"><span class=\"a-size-base a-text-bold\">Vantagens do produto<\/span><\/td>\n<td class=\"a-span9\"><span class=\"a-size-base po-break-word\">Cachos definidos, hidrata\u00e7\u00e3o profunda, blindagem fio a fio<\/span><\/td>\n<\/tr>\n<tr class=\"a-spacing-small po-hair_type\">\n<td class=\"a-span3\"><span class=\"a-size-base a-text-bold\">Tipo de cabelo<\/span><\/td>\n<td class=\"a-span9\"><span class=\"a-size-base po-break-word\">Cacheado<\/span><\/td>\n<\/tr>\n<tr class=\"a-spacing-small po-material_type_free\">\n<td class=\"a-span3\"><span class=\"a-size-base a-text-bold\">Tipo de material livre<\/span><\/td>\n<td class=\"a-span9\"><span class=\"a-size-base po-break-word\">Sem petroqu\u00edmicos<\/span><\/td>\n<\/tr>\n<tr class=\"a-spacing-small po-scent\">\n<td class=\"a-span3\"><span class=\"a-size-base a-text-bold\">Aroma<\/span><\/td>\n<td class=\"a-span9\"><span class=\"a-size-base po-break-word\">Sem perfume<\/span><\/td>\n<\/tr>\n<tr class=\"a-spacing-small po-liquid_volume\">\n<td class=\"a-span3\"><span class=\"a-size-base a-text-bold\">Volume l\u00edquido<\/span><\/td>\n<td class=\"a-span9\"><span class=\"a-size-base po-break-word\">120 Mililitros<\/span><\/td>\n<\/tr>\n<tr class=\"a-spacing-small po-item_form\">\n<td class=\"a-span3\"><span class=\"a-size-base a-text-bold\">Forma do produto<\/span><\/td>\n<td class=\"a-span9\"><span class=\"a-size-base po-break-word\">\u00d3leo<\/span><\/td>\n<\/tr>\n<tr class=\"a-spacing-small po-brand\">\n<td class=\"a-span3\"><span class=\"a-size-base a-text-bold\">Marca<\/span><\/td>\n<td class=\"a-span9\"><span class=\"a-size-base po-break-word\">Generic<\/span><\/td>\n<\/tr>\n<tr class=\"a-spacing-small po-number_of_items\">\n<td class=\"a-span3\"><span class=\"a-size-base a-text-bold\">N\u00famero de itens<\/span><\/td>\n<td class=\"a-span9\"><span class=\"a-size-base po-break-word\">1<\/span><\/td>\n<\/tr>\n<tr class=\"a-spacing-small po-unit_count\">\n<td class=\"a-span3\"><span class=\"a-size-base a-text-bold\">Contagem de unidades<\/span><\/td>\n<td class=\"a-span9\"><span class=\"a-size-base po-break-word\">1.00 Itens<\/span><\/td>\n<\/tr>\n<\/tbody>\n<\/table>\n<\/div>\n<\/div>\n<div id=\"poToggleButton\" class=\"a-expander-header a-expander-partial-collapse-header\"><a class=\"a-declarative\" role=\"button\" data-csa-c-func-deps=\"aui-da-a-expander-toggle\" data-csa-c-type=\"widget\" data-csa-interaction-events=\"click\" aria-expanded=\"true\" data-action=\"a-expander-toggle\" data-a-expander-toggle=\"{&quot;allowLinkDefault&quot;:true, &quot;expand_prompt&quot;:&quot;Ver mais&quot;, &quot;collapse_prompt&quot;:&quot;Ver menos&quot;}\" data-csa-c-id=\"m5z06f-si21tw-yu4rzd-kin6hz\"><i class=\"a-icon a-icon-extender-collapse\"><\/i><span class=\"a-expander-prompt\">Ver menos<\/span><\/a><\/div>\n<\/div>\n<\/div>\n<div id=\"featurebullets_feature_div\" class=\"celwidget\" data-feature-name=\"featurebullets\" data-csa-c-type=\"widget\" data-csa-c-content-id=\"featurebullets\" data-csa-c-slot-id=\"featurebullets_feature_div\" data-csa-c-asin=\"B0BHL2BD4T\" data-csa-c-is-in-initial-active-row=\"false\" data-csa-c-id=\"vla242-lqv8f8-52u7xi-6ypcp8\" data-cel-widget=\"featurebullets_feature_div\">\n<div id=\"feature-bullets\" class=\"a-section a-spacing-medium a-spacing-top-small\">\n<hr \/>\n<h1 class=\"a-size-base-plus a-text-bold\">Sobre este item<\/h1>\n<ul class=\"a-unordered-list a-vertical a-spacing-mini\">\n<li><span class=\"a-list-item\">&#8211; Brilho e movimento natural;<\/span><\/li>\n<li><span class=\"a-list-item\">&#8211; Hidrata\u00e7\u00e3o e nutri\u00e7\u00e3o;<\/span><\/li>\n<li><span class=\"a-list-item\">&#8211; Pel\u00edcula de prote\u00e7\u00e3o do fio;<\/span><\/li>\n<li><span class=\"a-list-item\">&#8211; Cachos definidos.<\/span><\/li>\n<li><span class=\"a-list-item\">&#8211; Natural e vegano<\/span><\/li>\n<\/ul>\n<div id=\"importantInformation_feature_div\" class=\"celwidget\" data-feature-name=\"importantInformation\" data-csa-c-type=\"widget\" data-csa-c-content-id=\"importantInformation\" data-csa-c-slot-id=\"importantInformation_feature_div\" data-csa-c-asin=\"\" data-csa-c-is-in-initial-active-row=\"false\" data-csa-c-id=\"aui4wo-4pyeoz-fh9gqk-trh28q\" data-cel-widget=\"importantInformation_feature_div\">\n<div id=\"important-information\" class=\"a-section a-spacing-extra-large bucket\">\n<h2>Informa\u00e7\u00f5es importantes<\/h2>\n<div class=\"a-section content\">\n<h4>Ingredientes<\/h4>\n<p>&nbsp;<\/p>\n<p>manteiga de karit\u00e9 e \u00f3leo de jaborandi<\/p>\n<p>&nbsp;<\/p>\n<\/div>\n<\/div>\n<\/div>\n<div id=\"productDescription_feature_div\" class=\"celwidget\" data-feature-name=\"productDescription\" data-csa-c-type=\"widget\" data-csa-c-content-id=\"productDescription\" data-csa-c-slot-id=\"productDescription_feature_div\" data-csa-c-asin=\"\" data-csa-c-is-in-initial-active-row=\"false\" data-csa-c-id=\"1gbsfn-897i7d-wol353-601qp\" data-cel-widget=\"productDescription_feature_div\">\n<div>\n<div id=\"productDescription_feature_div\" class=\"a-row feature\" data-feature-name=\"productDescription\" data-template-name=\"productDescription\" data-cel-widget=\"productDescription_feature_div\">\n<div class=\"a-divider a-divider-section\">\n<div class=\"a-divider-inner\"><\/div>\n<\/div>\n<h2 class=\"default\">Descri\u00e7\u00e3o do produto<\/h2>\n<div id=\"productDescription\" class=\"a-section a-spacing-small\">\n<p>&nbsp;<\/p>\n<p>Mix de Manteiga de Karit\u00e9 e Jaborandi<\/p>\n<p>&#8211; \u00d3leos 100% naturais e prensados a frio<\/p>\n<p>&nbsp;<\/p>\n<p>&nbsp;<\/p>\n<p>Cachos e ondas? Fizemos essa mistura para voc\u00ea. Deixe seus cachos ainda mais incr\u00edveis com este blend que re\u00fane as manteigas vegetais mais hidratantes e emolientes que existem no mercado. Seus cachos v\u00e3o ficar impec\u00e1veis, sem frizz e com brilho intenso. Atrav\u00e9s do incr\u00edvel efeito de selagem, seus fios ficar\u00e3o blindados e fortes com o volume controlado. Tamb\u00e9m repara danos causados por tinturas e qu\u00edmicas. Ideal no processo de transi\u00e7\u00e3o capilar. Protege naturalmente os cabelos da a\u00e7\u00e3o de calor de secadores e de raios solares.<\/p>\n<p>&nbsp;<\/p>\n<p>&nbsp;<\/p>\n<p>Manteiga de Karit\u00e9<\/p>\n<p>A manteiga de karit\u00e9 \u00e9 um dos ativos que mais aparecem em produtos para o cabelo, mas muita gente n\u00e3o sabe quais s\u00e3o os benef\u00edcios dela e tamb\u00e9m como usar. Se voc\u00ea est\u00e1 em busca de cabelos mais brilhantes, macios, cheio de movimento e realmente saud\u00e1veis e nutridos, n\u00e3o deixe de conferir abaixo tudo sobre a manteiga de karit\u00e9, que realmente \u00e9 poderosa!<\/p>\n<p>&nbsp;<\/p>\n<p>&#8211; Brilho e movimento natural;<\/p>\n<p>&#8211; Hidrata\u00e7\u00e3o e nutri\u00e7\u00e3o;<\/p>\n<p>&#8211; Pelicula de prote\u00e7\u00e3o do fio;<\/p>\n<p>&#8211; Cachos definidos.<\/p>\n<p>&nbsp;<\/p>\n<p>&nbsp;<\/p>\n<p>Jaborandi<\/p>\n<p>O jaborandi \u00e9 rico em pilocarpina, subst\u00e2ncia que fortalece os cabelos, evitando a queda, estimulando o crescimento dos fios e recuperando a textura capilar. O ch\u00e1 da planta tamb\u00e9m \u00e9 muito utilizado, podendo ser aplicado diretamente nos fios e no couro cabeludo.<\/p>\n<p>&nbsp;<\/p>\n<p>&#8211; Reduz a queda de cabelo:<\/p>\n<p>&#8211; Combate a caspa;<\/p>\n<p>&#8211; Estimula o crescimento dos fios;<\/p>\n<p>&#8211; Age como emoliente;<\/p>\n<p>&nbsp;<\/p>\n<p>&nbsp;<\/p>\n<p>&nbsp;<\/p>\n<p>Modo de aplica\u00e7\u00e3o.<\/p>\n<p>Aplique diretamente sobre os cabelos massegando as mechas para aumentar a umect\u00e7\u00e3o. Pode ser misturado ao seu creme condicionador ou \u00e0 sua m\u00e1scara capilar favorita.<\/p>\n<p>&nbsp;<\/p>\n<p>&#8211; Cabelos \u00famidos<\/p>\n<p>&nbsp;<\/p>\n<\/div>\n<\/div>\n<\/div>\n<\/div>\n<div id=\"renewedProgramDescriptionBtf_feature_div\" class=\"celwidget\" data-feature-name=\"renewedProgramDescriptionBtf\" data-csa-c-type=\"widget\" data-csa-c-content-id=\"renewedProgramDescriptionBtf\" data-csa-c-slot-id=\"renewedProgramDescriptionBtf_feature_div\" data-csa-c-asin=\"\" data-csa-c-is-in-initial-active-row=\"false\" data-csa-c-id=\"tynhs4-yp77bm-j8v3ve-aix2o4\" data-cel-widget=\"renewedProgramDescriptionBtf_feature_div\"><\/div>\n<div id=\"aplusBrandStory_feature_div\" class=\"celwidget\" data-feature-name=\"aplusBrandStory\" data-csa-c-type=\"widget\" data-csa-c-content-id=\"aplusBrandStory\" data-csa-c-slot-id=\"aplusBrandStory_feature_div\" data-csa-c-asin=\"\" data-csa-c-is-in-initial-active-row=\"false\" data-csa-c-id=\"stxre8-n64xeq-3y0tpy-a7klxq\" data-cel-widget=\"aplusBrandStory_feature_div\"><\/div>\n<div id=\"aplus_feature_div\" class=\"celwidget\" data-feature-name=\"aplus\" data-csa-c-type=\"widget\" data-csa-c-content-id=\"aplus\" data-csa-c-slot-id=\"aplus_feature_div\" data-csa-c-asin=\"\" data-csa-c-is-in-initial-active-row=\"false\" data-csa-c-id=\"f74m60-o7cnzr-rfad4p-waaykc\" data-cel-widget=\"aplus_feature_div\"><\/div>\n<div id=\"productDetailsWithModules_feature_div\" class=\"celwidget\" data-feature-name=\"productDetailsWithModules\" data-csa-c-type=\"widget\" data-csa-c-content-id=\"productDetailsWithModules\" data-csa-c-slot-id=\"productDetailsWithModules_feature_div\" data-csa-c-asin=\"\" data-csa-c-is-in-initial-active-row=\"false\" data-csa-c-id=\"vwzdu4-22xiim-8lhbu2-l41kmk\" data-cel-widget=\"productDetailsWithModules_feature_div\"><a id=\"productDetails\" name=\"productDetails\"><\/a><\/p>\n<hr class=\"a-divider-normal\" aria-hidden=\"true\" \/>\n<div>\n<div id=\"prodDetails\" class=\"a-section\">\n<h2>Informa\u00e7\u00f5es sobre o produto<\/h2>\n<div class=\"a-row a-spacing-top-base\">\n<div class=\"a-column a-span6\">\n<div class=\"a-row a-spacing-base\">\n<div class=\"a-row a-expander-container a-expander-extend-container\">\n<div class=\"a-row\">\n<div class=\"a-column a-span6\">\n<h1 class=\"a-size-medium a-spacing-small\">Detalhes t\u00e9cnicos<\/h1>\n<\/div>\n<\/div>\n<div class=\"a-expander-content a-expander-extend-content\" aria-expanded=\"true\">\n<div class=\"a-row a-expander-container a-expander-inline-container\">\n<div class=\"a-expander-content a-expander-section-content a-section-expander-inner\" aria-expanded=\"true\">\n<table id=\"productDetails_techSpec_section_1\" class=\"a-keyvalue prodDetTable\" role=\"presentation\">\n<tbody>\n<tr>\n<th class=\"a-color-secondary a-size-base prodDetSectionEntry\">N\u00famero de unidades<\/th>\n<td class=\"a-size-base prodDetAttrValue\">\u200e1<\/td>\n<\/tr>\n<tr>\n<th class=\"a-color-secondary a-size-base prodDetSectionEntry\">Tipo de Cabelo<\/th>\n<td class=\"a-size-base prodDetAttrValue\">\u200eCacheado<\/td>\n<\/tr>\n<tr>\n<th class=\"a-color-secondary a-size-base prodDetSectionEntry\">Dimens\u00f5es do produto<\/th>\n<td class=\"a-size-base prodDetAttrValue\">\u200e6 x 16 x 11 cm; 250 g<\/td>\n<\/tr>\n<tr>\n<th class=\"a-color-secondary a-size-base prodDetSectionEntry\">ASIN<\/th>\n<td class=\"a-size-base prodDetAttrValue\">\u200eB0BHL2BD4T<\/td>\n<\/tr>\n<tr>\n<th class=\"a-color-secondary a-size-base prodDetSectionEntry\">EAN<\/th>\n<td class=\"a-size-base prodDetAttrValue\">\u200e7793442357643<\/td>\n<\/tr>\n<tr>\n<th class=\"a-color-secondary a-size-base prodDetSectionEntry\">Marca<\/th>\n<td class=\"a-size-base prodDetAttrValue\">\u200eGeneric<\/td>\n<\/tr>\n<\/tbody>\n<\/table>\n<\/div>\n<\/div>\n<\/div>\n<\/div>\n<\/div>\n<div class=\"a-row a-spacing-base\"><\/div>\n<\/div>\n<div class=\"a-column a-span6 a-span-last\">\n<div class=\"a-row a-spacing-base\">\n<div id=\"productDetails_db_sections\" class=\"a-section\">\n<h1 class=\"a-size-medium a-spacing-small secHeader\">Informa\u00e7\u00f5es adicionais<\/h1>\n<div class=\"a-section table-padding\">\n<table id=\"productDetails_detailBullets_sections1\" class=\"a-keyvalue prodDetTable\" role=\"presentation\">\n<tbody>\n<tr>\n<th class=\"a-color-secondary a-size-base prodDetSectionEntry\">Dimens\u00f5es do pacote<\/th>\n<td class=\"a-size-base prodDetAttrValue\">16 x 11 x 6 cent\u00edmetros<\/td>\n<\/tr>\n<\/tbody>\n<\/table>\n<hr class=\"a-divider-normal bucketDivider\" aria-hidden=\"true\" \/>\n<h2>Detalhes do produto<\/h2>\n<div id=\"detailBullets_feature_div\">\n<ul class=\"a-unordered-list a-nostyle a-vertical a-spacing-none detail-bullet-list\">\n<li><span class=\"a-list-item\"><span class=\"a-text-bold\">Dimens\u00f5es do produto \u200f : \u200e\u00a0<\/span>6 x 16 x 11 cm; 250 g<\/span><\/li>\n<li><span class=\"a-list-item\"><span class=\"a-text-bold\">ASIN \u200f : \u200e\u00a0<\/span>B0BHL2BD4T<\/span><\/li>\n<\/ul>\n<p>&nbsp;<\/p>\n<\/div>\n<\/div>\n<\/div>\n<\/div>\n<\/div>\n<\/div>\n<\/div>\n<\/div>\n<\/div>\n<\/div>\n<\/div>\n","protected":false},"excerpt":{"rendered":"<p>Mix de Manteiga de Karit\u00e9 e Jaborandi; \u00d3leos 100% naturais e prensados a frio. Cachos e ondas? Fizemos essa mistura para voc\u00ea. Deixe seus cachos ainda mais incr\u00edveis com este blend que re\u00fane as manteigas vegetais mais hidratantes e emolientes que existem no mercado. Seus cachos v\u00e3o ficar impec\u00e1veis, sem frizz e com brilho intenso. Atrav\u00e9s do incr\u00edvel efeito de selagem, seus fios ficar\u00e3o blindados e fortes com o volume controlado. Tamb\u00e9m repara danos causados por tinturas e qu\u00edmicas.<\/p>\n","protected":false},"featured_media":4826,"comment_status":"open","ping_status":"closed","template":"","meta":[],"product_brand":[],"product_cat":[605,613,16,37,443],"product_tag":[1053,1068,1078,1077],"class_list":{"0":"post-4825","1":"product","2":"type-product","3":"status-publish","4":"has-post-thumbnail","6":"product_cat-lojas","7":"product_cat-amazon","8":"product_cat-beleza-bem-estar-e-saude","9":"product_cat-cabelos","10":"product_cat-outros-produtos-para-cabelo","11":"product_tag-amazon","12":"product_tag-amazon-prime","13":"product_tag-cachos-definidos","14":"product_tag-oleo-capilar","16":"first","17":"instock","18":"shipping-taxable","19":"product-type-external"},"_links":{"self":[{"href":"https:\/\/barzo.com.br\/shop\/wp-json\/wp\/v2\/product\/4825","targetHints":{"allow":["GET"]}}],"collection":[{"href":"https:\/\/barzo.com.br\/shop\/wp-json\/wp\/v2\/product"}],"about":[{"href":"https:\/\/barzo.com.br\/shop\/wp-json\/wp\/v2\/types\/product"}],"replies":[{"embeddable":true,"href":"https:\/\/barzo.com.br\/shop\/wp-json\/wp\/v2\/comments?post=4825"}],"wp:featuredmedia":[{"embeddable":true,"href":"https:\/\/barzo.com.br\/shop\/wp-json\/wp\/v2\/media\/4826"}],"wp:attachment":[{"href":"https:\/\/barzo.com.br\/shop\/wp-json\/wp\/v2\/media?parent=4825"}],"wp:term":[{"taxonomy":"product_brand","embeddable":true,"href":"https:\/\/barzo.com.br\/shop\/wp-json\/wp\/v2\/product_brand?post=4825"},{"taxonomy":"product_cat","embeddable":true,"href":"https:\/\/barzo.com.br\/shop\/wp-json\/wp\/v2\/product_cat?post=4825"},{"taxonomy":"product_tag","embeddable":true,"href":"https:\/\/barzo.com.br\/shop\/wp-json\/wp\/v2\/product_tag?post=4825"}],"curies":[{"name":"wp","href":"https:\/\/api.w.org\/{rel}","templated":true}]}}