{"id":4823,"date":"2023-04-06T00:16:59","date_gmt":"2023-04-06T03:16:59","guid":{"rendered":"https:\/\/barzo.com.br\/shop\/?post_type=product&#038;p=4823"},"modified":"2023-04-06T00:17:55","modified_gmt":"2023-04-06T03:17:55","slug":"oleo-capilar-de-ricino-puro","status":"publish","type":"product","link":"https:\/\/barzo.com.br\/shop\/produto\/oleo-capilar-de-ricino-puro\/","title":{"rendered":"Ol\u00e9o Capilar de R\u00edcino 100% puro 30ml Hidrata e Nutre 3 Un."},"content":{"rendered":"<div id=\"productOverview_feature_div\" class=\"celwidget\" data-feature-name=\"productOverview\" data-csa-c-type=\"widget\" data-csa-c-content-id=\"productOverview\" data-csa-c-slot-id=\"productOverview_feature_div\" data-csa-c-asin=\"B0BKR6971X\" data-csa-c-is-in-initial-active-row=\"false\" data-csa-c-id=\"uoweu3-fwpnh0-nyvm6c-162ytx\" data-cel-widget=\"productOverview_feature_div\">\n<div id=\"poExpander\" class=\"a-expander-collapsed-height a-row a-expander-container a-spacing-none a-expander-partial-collapse-container\" data-a-expander-name=\"product_overview\" data-a-expander-collapsed-height=\"210\">\n<div class=\"a-expander-content a-expander-partial-collapse-content a-expander-content-expanded\" aria-expanded=\"true\">\n<div class=\"a-section a-spacing-small a-spacing-top-small\">\n<table class=\"a-normal a-spacing-micro\">\n<tbody>\n<tr class=\"a-spacing-small po-product_benefit\">\n<td class=\"a-span3\"><span class=\"a-size-base a-text-bold\">Vantagens do produto<\/span><\/td>\n<td class=\"a-span9\"><span class=\"a-size-base po-break-word\">Crescimento do cabelo, hidrata\u00e7\u00e3o profunda, nutri\u00e7\u00e3o, restaura\u00e7\u00e3o do brilho<\/span><\/td>\n<\/tr>\n<tr class=\"a-spacing-small po-hair_type\">\n<td class=\"a-span3\"><span class=\"a-size-base a-text-bold\">Tipo de cabelo<\/span><\/td>\n<td class=\"a-span9\"><span class=\"a-size-base po-break-word\">Danificado, quebradi\u00e7o<\/span><\/td>\n<\/tr>\n<tr class=\"a-spacing-small po-material_type_free\">\n<td class=\"a-span3\"><span class=\"a-size-base a-text-bold\">Tipo de material livre<\/span><\/td>\n<td class=\"a-span9\"><span class=\"a-size-base po-break-word\">Sem petroqu\u00edmicos<\/span><\/td>\n<\/tr>\n<tr class=\"a-spacing-small po-scent\">\n<td class=\"a-span3\"><span class=\"a-size-base a-text-bold\">Aroma<\/span><\/td>\n<td class=\"a-span9\"><span class=\"a-size-base po-break-word\">Sem perfume<\/span><\/td>\n<\/tr>\n<tr class=\"a-spacing-small po-liquid_volume\">\n<td class=\"a-span3\"><span class=\"a-size-base a-text-bold\">Volume l\u00edquido<\/span><\/td>\n<td class=\"a-span9\"><span class=\"a-size-base po-break-word\">30 Mililitros<\/span><\/td>\n<\/tr>\n<tr class=\"a-spacing-small po-item_form\">\n<td class=\"a-span3\"><span class=\"a-size-base a-text-bold\">Forma do produto<\/span><\/td>\n<td class=\"a-span9\"><span class=\"a-size-base po-break-word\">\u00d3leo<\/span><\/td>\n<\/tr>\n<tr class=\"a-spacing-small po-brand\">\n<td class=\"a-span3\"><span class=\"a-size-base a-text-bold\">Marca<\/span><\/td>\n<td class=\"a-span9\"><span class=\"a-size-base po-break-word\">Generic<\/span><\/td>\n<\/tr>\n<tr class=\"a-spacing-small po-number_of_items\">\n<td class=\"a-span3\"><span class=\"a-size-base a-text-bold\">N\u00famero de itens<\/span><\/td>\n<td class=\"a-span9\"><span class=\"a-size-base po-break-word\">3<\/span><\/td>\n<\/tr>\n<tr class=\"a-spacing-small po-unit_count\">\n<td class=\"a-span3\"><span class=\"a-size-base a-text-bold\">Contagem de unidades<\/span><\/td>\n<td class=\"a-span9\"><span class=\"a-size-base po-break-word\">3.00 Itens<\/span><\/td>\n<\/tr>\n<\/tbody>\n<\/table>\n<\/div>\n<\/div>\n<div id=\"poToggleButton\" class=\"a-expander-header a-expander-partial-collapse-header\"><a class=\"a-declarative\" role=\"button\" data-csa-c-func-deps=\"aui-da-a-expander-toggle\" data-csa-c-type=\"widget\" data-csa-interaction-events=\"click\" aria-expanded=\"true\" data-action=\"a-expander-toggle\" data-a-expander-toggle=\"{&quot;allowLinkDefault&quot;:true, &quot;expand_prompt&quot;:&quot;Ver mais&quot;, &quot;collapse_prompt&quot;:&quot;Ver menos&quot;}\" data-csa-c-id=\"fbn5vm-ifzgwj-uzl3jp-fqpvx2\"><i class=\"a-icon a-icon-extender-collapse\"><\/i><span class=\"a-expander-prompt\">Ver menos<\/span><\/a><\/div>\n<\/div>\n<\/div>\n<div id=\"featurebullets_feature_div\" class=\"celwidget\" data-feature-name=\"featurebullets\" data-csa-c-type=\"widget\" data-csa-c-content-id=\"featurebullets\" data-csa-c-slot-id=\"featurebullets_feature_div\" data-csa-c-asin=\"B0BKR6971X\" data-csa-c-is-in-initial-active-row=\"false\" data-csa-c-id=\"akq595-b1svzn-slmh4j-gxbbpi\" data-cel-widget=\"featurebullets_feature_div\">\n<div id=\"feature-bullets\" class=\"a-section a-spacing-medium a-spacing-top-small\">\n<hr \/>\n<h1 class=\"a-size-base-plus a-text-bold\">Sobre este item<\/h1>\n<ul class=\"a-unordered-list a-vertical a-spacing-mini\">\n<li><span class=\"a-list-item\">Hidrata;<\/span><\/li>\n<li><span class=\"a-list-item\">Fortalece;<\/span><\/li>\n<li><span class=\"a-list-item\">nutre os bulbos capilares;<\/span><\/li>\n<li><span class=\"a-list-item\">Equilibra oleosidade;<\/span><\/li>\n<li><span class=\"a-list-item\">Restaura o brilho.<\/span><\/li>\n<\/ul>\n<div id=\"importantInformation_feature_div\" class=\"celwidget\" data-feature-name=\"importantInformation\" data-csa-c-type=\"widget\" data-csa-c-content-id=\"importantInformation\" data-csa-c-slot-id=\"importantInformation_feature_div\" data-csa-c-asin=\"\" data-csa-c-is-in-initial-active-row=\"false\" data-csa-c-id=\"q5mu9e-e4z15n-8t3msb-c4wu19\" data-cel-widget=\"importantInformation_feature_div\">\n<div id=\"important-information\" class=\"a-section a-spacing-extra-large bucket\">\n<h2>Informa\u00e7\u00f5es importantes<\/h2>\n<div class=\"a-section content\">\n<h4>Ingredientes<\/h4>\n<p>&nbsp;<\/p>\n<p>\u00f3leo de r\u00edcino<\/p>\n<p>&nbsp;<\/p>\n<\/div>\n<\/div>\n<\/div>\n<div id=\"productDescription_feature_div\" class=\"celwidget\" data-feature-name=\"productDescription\" data-csa-c-type=\"widget\" data-csa-c-content-id=\"productDescription\" data-csa-c-slot-id=\"productDescription_feature_div\" data-csa-c-asin=\"\" data-csa-c-is-in-initial-active-row=\"false\" data-csa-c-id=\"l5tafl-5vjpy2-pxevi1-u0ezli\" data-cel-widget=\"productDescription_feature_div\">\n<div>\n<div id=\"productDescription_feature_div\" class=\"a-row feature\" data-feature-name=\"productDescription\" data-template-name=\"productDescription\" data-cel-widget=\"productDescription_feature_div\">\n<div class=\"a-divider a-divider-section\">\n<div class=\"a-divider-inner\"><\/div>\n<\/div>\n<h2 class=\"default\">Descri\u00e7\u00e3o do produto<\/h2>\n<div id=\"productDescription\" class=\"a-section a-spacing-small\">\n<p>&nbsp;<\/p>\n<p>Ol\u00e9o Capilar de R\u00edcino 100% puro 30ml Hidrata e Nutre kit com 3 unidades<\/p>\n<p>Produto Natural e Vegano o\u00a0\u00d3leo de R\u00edcino CPC auxilia no fortalecimento, hidrata\u00e7\u00e3o, restaura\u00e7\u00e3o e crescimento dos fios.<\/p>\n<p>&nbsp;<\/p>\n<p>Por ser rico em \u00d4mega 6 e \u00d4mega 9 promove nutri\u00e7\u00e3o aos bulbos capilares, equilibrando a oleosidade, permitindo que os fios cres\u00e7am fortes e saud\u00e1veis. Al\u00e9m disto sela as cut\u00edculas, formando um filme protetor e restaurando o brilho intenso.<\/p>\n<p>&nbsp;<\/p>\n<p>Benef\u00edcios<\/p>\n<p>Hidrata;<\/p>\n<p>Fotalece;<\/p>\n<p>nutri os bulbos capilares;<\/p>\n<p>Equilibra oleosidade;<\/p>\n<p>Restaura o brilho.<\/p>\n<p>&nbsp;<\/p>\n<p>Modo de usar:<\/p>\n<p>Aplique o \u00d3leo de R\u00edcino CPC no couro cabeludo massageando bem, depois aplique algumas gotas em toda a extens\u00e3o dos fios, mechas por mechas, secando e modelando os cabelos como o habitual;<\/p>\n<p>Tamb\u00e9m pode ser adicionado a cremes capilares de sua prefer\u00eancia para intensificar o tratamento.<\/p>\n<p>&nbsp;<\/p>\n<p>Precau\u00e7\u00f5es:<\/p>\n<p>Manter fora do alcance das crian\u00e7as;<\/p>\n<p>Em local fresco, seco e ao abrigo da luz;<\/p>\n<p>Uso externo. Em caso de contato acidental com os olhos, enxaguar abundantemente com \u00e1gua. Havendo irrita\u00e7\u00e3o, suspenda o uso;<\/p>\n<p>N\u00e3o aplicar sobre o couro cabeludo irritado ou lesionado.<\/p>\n<p>&nbsp;<\/p>\n<\/div>\n<\/div>\n<\/div>\n<\/div>\n<div id=\"renewedProgramDescriptionBtf_feature_div\" class=\"celwidget\" data-feature-name=\"renewedProgramDescriptionBtf\" data-csa-c-type=\"widget\" data-csa-c-content-id=\"renewedProgramDescriptionBtf\" data-csa-c-slot-id=\"renewedProgramDescriptionBtf_feature_div\" data-csa-c-asin=\"\" data-csa-c-is-in-initial-active-row=\"false\" data-csa-c-id=\"lqtqf7-4uoazf-f9be1f-n7a7fb\" data-cel-widget=\"renewedProgramDescriptionBtf_feature_div\"><\/div>\n<div id=\"aplusBrandStory_feature_div\" class=\"celwidget\" data-feature-name=\"aplusBrandStory\" data-csa-c-type=\"widget\" data-csa-c-content-id=\"aplusBrandStory\" data-csa-c-slot-id=\"aplusBrandStory_feature_div\" data-csa-c-asin=\"\" data-csa-c-is-in-initial-active-row=\"false\" data-csa-c-id=\"rpvdou-9k5l25-32kcl-t767x1\" data-cel-widget=\"aplusBrandStory_feature_div\"><\/div>\n<div id=\"aplus_feature_div\" class=\"celwidget\" data-feature-name=\"aplus\" data-csa-c-type=\"widget\" data-csa-c-content-id=\"aplus\" data-csa-c-slot-id=\"aplus_feature_div\" data-csa-c-asin=\"\" data-csa-c-is-in-initial-active-row=\"false\" data-csa-c-id=\"dpyfdd-vibrfy-feau3y-zaiop9\" data-cel-widget=\"aplus_feature_div\"><\/div>\n<div id=\"productDetailsWithModules_feature_div\" class=\"celwidget\" data-feature-name=\"productDetailsWithModules\" data-csa-c-type=\"widget\" data-csa-c-content-id=\"productDetailsWithModules\" data-csa-c-slot-id=\"productDetailsWithModules_feature_div\" data-csa-c-asin=\"\" data-csa-c-is-in-initial-active-row=\"false\" data-csa-c-id=\"sdc882-81y60p-yprf1x-xhk3lc\" data-cel-widget=\"productDetailsWithModules_feature_div\">\n<p><a id=\"productDetails\" name=\"productDetails\"><\/a><\/p>\n<hr class=\"a-divider-normal\" aria-hidden=\"true\" \/>\n<div>\n<div id=\"prodDetails\" class=\"a-section\">\n<h2>Informa\u00e7\u00f5es sobre o produto<\/h2>\n<div class=\"a-row a-spacing-top-base\">\n<div class=\"a-column a-span6\">\n<div class=\"a-row a-spacing-base\">\n<div class=\"a-row a-expander-container a-expander-extend-container\">\n<div class=\"a-row\">\n<div class=\"a-column a-span6\">\n<h1 class=\"a-size-medium a-spacing-small\">Detalhes t\u00e9cnicos<\/h1>\n<\/div>\n<\/div>\n<div class=\"a-expander-content a-expander-extend-content\" aria-expanded=\"true\">\n<div class=\"a-row a-expander-container a-expander-inline-container\">\n<div class=\"a-expander-content a-expander-section-content a-section-expander-inner\" aria-expanded=\"true\">\n<table id=\"productDetails_techSpec_section_1\" class=\"a-keyvalue prodDetTable\" role=\"presentation\">\n<tbody>\n<tr>\n<th class=\"a-color-secondary a-size-base prodDetSectionEntry\">N\u00famero de unidades<\/th>\n<td class=\"a-size-base prodDetAttrValue\">\u200e3<\/td>\n<\/tr>\n<tr>\n<th class=\"a-color-secondary a-size-base prodDetSectionEntry\">Tipo de Cabelo<\/th>\n<td class=\"a-size-base prodDetAttrValue\">\u200eDanificado, quebradi\u00e7o<\/td>\n<\/tr>\n<tr>\n<th class=\"a-color-secondary a-size-base prodDetSectionEntry\">Dimens\u00f5es do produto<\/th>\n<td class=\"a-size-base prodDetAttrValue\">\u200e6 x 16 x 11 cm; 300 g<\/td>\n<\/tr>\n<tr>\n<th class=\"a-color-secondary a-size-base prodDetSectionEntry\">ASIN<\/th>\n<td class=\"a-size-base prodDetAttrValue\">\u200eB0BKR6971X<\/td>\n<\/tr>\n<tr>\n<th class=\"a-color-secondary a-size-base prodDetSectionEntry\">EAN<\/th>\n<td class=\"a-size-base prodDetAttrValue\">\u200e7793442408000<\/td>\n<\/tr>\n<tr>\n<th class=\"a-color-secondary a-size-base prodDetSectionEntry\">Marca<\/th>\n<td class=\"a-size-base prodDetAttrValue\">\u200eGeneric<\/td>\n<\/tr>\n<\/tbody>\n<\/table>\n<\/div>\n<\/div>\n<\/div>\n<\/div>\n<\/div>\n<div class=\"a-row a-spacing-base\"><\/div>\n<\/div>\n<div class=\"a-column a-span6 a-span-last\">\n<div class=\"a-row a-spacing-base\">\n<div id=\"productDetails_db_sections\" class=\"a-section\">\n<h1 class=\"a-size-medium a-spacing-small secHeader\">Informa\u00e7\u00f5es adicionais<\/h1>\n<div class=\"a-section table-padding\">\n<table id=\"productDetails_detailBullets_sections1\" class=\"a-keyvalue prodDetTable\" role=\"presentation\">\n<tbody>\n<tr>\n<th class=\"a-color-secondary a-size-base prodDetSectionEntry\">Dimens\u00f5es do pacote<\/th>\n<td class=\"a-size-base prodDetAttrValue\">16 x 11 x 6 cent\u00edmetros<\/td>\n<\/tr>\n<\/tbody>\n<\/table>\n<div id=\"detailBulletsWithExceptions_feature_div\" class=\"celwidget\" data-feature-name=\"detailBulletsWithExceptions\" data-csa-c-type=\"widget\" data-csa-c-content-id=\"detailBulletsWithExceptions\" data-csa-c-slot-id=\"detailBulletsWithExceptions_feature_div\" data-csa-c-asin=\"\" data-csa-c-is-in-initial-active-row=\"false\" data-csa-c-id=\"pzbvwx-b435r9-rw0ijh-8n89t5\" data-cel-widget=\"detailBulletsWithExceptions_feature_div\">\n<div id=\"detailBulletsWrapper_feature_div\" class=\"a-section feature detail-bullets-wrapper bucket\" data-feature-name=\"detailBullets\" data-template-name=\"detailBullets\" data-cel-widget=\"detailBulletsWrapper_feature_div\">\n<hr class=\"a-divider-normal bucketDivider\" aria-hidden=\"true\" \/>\n<h2>Detalhes do produto<\/h2>\n<div id=\"detailBullets_feature_div\">\n<ul class=\"a-unordered-list a-nostyle a-vertical a-spacing-none detail-bullet-list\">\n<li><span class=\"a-list-item\"><span class=\"a-text-bold\">Dimens\u00f5es do produto \u200f : \u200e\u00a0<\/span>6 x 16 x 11 cm; 300 g<\/span><\/li>\n<li><span class=\"a-list-item\"><span class=\"a-text-bold\">ASIN \u200f : \u200e\u00a0<\/span>B0BKR6971X<\/span><\/li>\n<\/ul>\n<\/div>\n<div class=\"a-row\"><\/div>\n<div class=\"a-row\"><\/div>\n<\/div>\n<\/div>\n<div id=\"postPurchaseSideSheet_feature_div\" class=\"celwidget\" data-feature-name=\"postPurchaseSideSheet\" data-csa-c-type=\"widget\" data-csa-c-content-id=\"postPurchaseSideSheet\" data-csa-c-slot-id=\"postPurchaseSideSheet_feature_div\" data-csa-c-asin=\"\" data-csa-c-is-in-initial-active-row=\"false\" data-csa-c-id=\"enhzz5-i8tnor-4dot85-6xfmwf\" data-cel-widget=\"postPurchaseSideSheet_feature_div\"><\/div>\n<div id=\"productDocuments_feature_div\" class=\"celwidget\" data-feature-name=\"productDocuments\" data-csa-c-type=\"widget\" data-csa-c-content-id=\"productDocuments\" data-csa-c-slot-id=\"productDocuments_feature_div\" data-csa-c-asin=\"\" data-csa-c-is-in-initial-active-row=\"false\" data-csa-c-id=\"htdnir-cyrzl8-90eb1d-gyr149\" data-cel-widget=\"productDocuments_feature_div\"><\/div>\n<div id=\"va-related-videos-widget_feature_div\" class=\"celwidget\" data-feature-name=\"va-related-videos-widget\" data-csa-c-type=\"widget\" data-csa-c-content-id=\"va-related-videos-widget\" data-csa-c-slot-id=\"va-related-videos-widget_feature_div\" data-csa-c-asin=\"\" data-csa-c-is-in-initial-active-row=\"false\" data-csa-c-id=\"a2lzm7-1gpgl4-yubvba-rwvrqy\" data-cel-widget=\"va-related-videos-widget_feature_div\"><\/div>\n<div id=\"sponsoredProducts2_feature_div\" class=\"celwidget\" data-feature-name=\"sponsoredProducts2\" data-csa-c-type=\"widget\" data-csa-c-content-id=\"sponsoredProducts2\" data-csa-c-slot-id=\"sponsoredProducts2_feature_div\" data-csa-c-asin=\"\" data-csa-c-is-in-initial-active-row=\"false\" data-csa-c-id=\"vjmkog-bf6fsp-swt9b4-5zzplk\" data-cel-widget=\"sponsoredProducts2_feature_div\">\n<div class=\"celwidget\" data-csa-c-id=\"sits5k-nhqje9-bb8gqy-xahtk8\" data-cel-widget=\"sp_detail2\"><\/div>\n<\/div>\n<\/div>\n<\/div>\n<\/div>\n<\/div>\n<\/div>\n<\/div>\n<\/div>\n<\/div>\n<\/div>\n<\/div>\n","protected":false},"excerpt":{"rendered":"<p>Ol\u00e9o Capilar de R\u00edcino 100% puro 30ml Hidrata e Nutre kit com 3 unidades<\/p>\n<p>Produto Natural e Vegano o\u00a0\u00d3leo de R\u00edcino CPC auxilia no fortalecimento, hidrata\u00e7\u00e3o, restaura\u00e7\u00e3o e crescimento dos fios.<\/p>\n","protected":false},"featured_media":4824,"comment_status":"open","ping_status":"closed","template":"","meta":[],"product_brand":[],"product_cat":[605,613,16,37,443],"product_tag":[1053,1068,1077,1076],"class_list":{"0":"post-4823","1":"product","2":"type-product","3":"status-publish","4":"has-post-thumbnail","6":"product_cat-lojas","7":"product_cat-amazon","8":"product_cat-beleza-bem-estar-e-saude","9":"product_cat-cabelos","10":"product_cat-outros-produtos-para-cabelo","11":"product_tag-amazon","12":"product_tag-amazon-prime","13":"product_tag-oleo-capilar","14":"product_tag-oleo-de-ricino","16":"first","17":"instock","18":"shipping-taxable","19":"product-type-external"},"_links":{"self":[{"href":"https:\/\/barzo.com.br\/shop\/wp-json\/wp\/v2\/product\/4823","targetHints":{"allow":["GET"]}}],"collection":[{"href":"https:\/\/barzo.com.br\/shop\/wp-json\/wp\/v2\/product"}],"about":[{"href":"https:\/\/barzo.com.br\/shop\/wp-json\/wp\/v2\/types\/product"}],"replies":[{"embeddable":true,"href":"https:\/\/barzo.com.br\/shop\/wp-json\/wp\/v2\/comments?post=4823"}],"wp:featuredmedia":[{"embeddable":true,"href":"https:\/\/barzo.com.br\/shop\/wp-json\/wp\/v2\/media\/4824"}],"wp:attachment":[{"href":"https:\/\/barzo.com.br\/shop\/wp-json\/wp\/v2\/media?parent=4823"}],"wp:term":[{"taxonomy":"product_brand","embeddable":true,"href":"https:\/\/barzo.com.br\/shop\/wp-json\/wp\/v2\/product_brand?post=4823"},{"taxonomy":"product_cat","embeddable":true,"href":"https:\/\/barzo.com.br\/shop\/wp-json\/wp\/v2\/product_cat?post=4823"},{"taxonomy":"product_tag","embeddable":true,"href":"https:\/\/barzo.com.br\/shop\/wp-json\/wp\/v2\/product_tag?post=4823"}],"curies":[{"name":"wp","href":"https:\/\/api.w.org\/{rel}","templated":true}]}}