{"id":4821,"date":"2023-04-06T00:07:08","date_gmt":"2023-04-06T03:07:08","guid":{"rendered":"https:\/\/barzo.com.br\/shop\/?post_type=product&#038;p=4821"},"modified":"2023-04-06T00:09:29","modified_gmt":"2023-04-06T03:09:29","slug":"teste-de-monofilamento-filamento-do-pe","status":"publish","type":"product","link":"https:\/\/barzo.com.br\/shop\/produto\/teste-de-monofilamento-filamento-do-pe\/","title":{"rendered":"FOMIYES 12Pcs Diabetic Monofilament Tester PENS: 10G Teste de Monofilamento: Filamento Do P\u00e9 Weinstein Monof\u00e1tico Neuropatia Diab\u00e9tica"},"content":{"rendered":"<div id=\"productOverview_feature_div\" class=\"celwidget\" data-feature-name=\"productOverview\" data-csa-c-type=\"widget\" data-csa-c-content-id=\"productOverview\" data-csa-c-slot-id=\"productOverview_feature_div\" data-csa-c-asin=\"B09WV9V463\" data-csa-c-is-in-initial-active-row=\"false\" data-csa-c-id=\"yhdxox-qqyoqj-qm9th4-13q7p6\" data-cel-widget=\"productOverview_feature_div\">\n<div class=\"a-section a-spacing-small a-spacing-top-small\">\n<p>O Monofilamento Diabetes \u00e9 uma ferramenta de diagn\u00f3stico que pode usar simultaneamente testes de calor e estresse para verificar a polineuropatia de simetria distal. Um m\u00e9todo de teste confi\u00e1vel e econ\u00f4mico para detectar se h\u00e1 um senso de prote\u00e7\u00e3o. Este conjunto de monofilamento diabetes \u00e9 projetado para testar o p\u00e9 para diab\u00e9tico.<\/p>\n<table class=\"a-normal a-spacing-micro\">\n<tbody>\n<tr class=\"a-spacing-small po-brand\">\n<td class=\"a-span3\"><span class=\"a-size-base a-text-bold\">Marca<\/span><\/td>\n<td class=\"a-span9\"><span class=\"a-size-base po-break-word\">FOMIYES<\/span><\/td>\n<\/tr>\n<tr class=\"a-spacing-small po-item_form\">\n<td class=\"a-span3\"><span class=\"a-size-base a-text-bold\">Forma do produto<\/span><\/td>\n<td class=\"a-span9\"><span class=\"a-size-base po-break-word\">Creme<\/span><\/td>\n<\/tr>\n<tr class=\"a-spacing-small po-number_of_items\">\n<td class=\"a-span3\"><span class=\"a-size-base a-text-bold\">N\u00famero de itens<\/span><\/td>\n<td class=\"a-span9\"><span class=\"a-size-base po-break-word\">1<\/span><\/td>\n<\/tr>\n<tr class=\"a-spacing-small po-unit_count\">\n<td class=\"a-span3\"><span class=\"a-size-base a-text-bold\">Contagem de unidades<\/span><\/td>\n<td class=\"a-span9\"><span class=\"a-size-base po-break-word\">1.00 Count<\/span><\/td>\n<\/tr>\n<\/tbody>\n<\/table>\n<\/div>\n<\/div>\n<div id=\"featurebullets_feature_div\" class=\"celwidget\" data-feature-name=\"featurebullets\" data-csa-c-type=\"widget\" data-csa-c-content-id=\"featurebullets\" data-csa-c-slot-id=\"featurebullets_feature_div\" data-csa-c-asin=\"B09WV9V463\" data-csa-c-is-in-initial-active-row=\"false\" data-csa-c-id=\"bitx5g-1ygg4l-934zz0-wytm03\" data-cel-widget=\"featurebullets_feature_div\">\n<div id=\"feature-bullets\" class=\"a-section a-spacing-medium a-spacing-top-small\">\n<hr \/>\n<h1 class=\"a-size-base-plus a-text-bold\">Sobre este item<\/h1>\n<ul class=\"a-unordered-list a-vertical a-spacing-mini\">\n<li><span class=\"a-list-item\">Teste de monofilamento para o design ergon\u00f4mico da neuropatia diab\u00e9tica para facilitar o uso. Pequeno e leve, f\u00e1cil de usar, f\u00e1cil de transportar.<\/span><\/li>\n<li><span class=\"a-list-item\">Teste de p\u00e9 de neuropatia diab\u00e9tico monofilamento fabricado com material premium, dur\u00e1vel e pr\u00e1tico para uso.<\/span><\/li>\n<li><span class=\"a-list-item\">Teste de monofilamento do p\u00e9 diab\u00e9tico Avalie o toque e a press\u00e3o em grandes fibras nervosas.<\/span><\/li>\n<li><span class=\"a-list-item\">O desenho de caneta de bolso compacto do diabetes do monofilamento com monofilamento 10g.<\/span><\/li>\n<li><span class=\"a-list-item\">O monofilamento de diabetes de teste de 10g \u00e9 uma ferramenta diagn\u00f3stica que pode usar simultaneamente testes de calor e estresse para verificar a polineuropatia de simetria distal.<\/span><\/li>\n<\/ul>\n<div id=\"importantInformation_feature_div\" class=\"celwidget\" data-feature-name=\"importantInformation\" data-csa-c-type=\"widget\" data-csa-c-content-id=\"importantInformation\" data-csa-c-slot-id=\"importantInformation_feature_div\" data-csa-c-asin=\"\" data-csa-c-is-in-initial-active-row=\"false\" data-csa-c-id=\"tfi9io-tp1gd2-mkc9jz-5cvnal\" data-cel-widget=\"importantInformation_feature_div\">\n<div id=\"important-information\" class=\"a-section a-spacing-extra-large bucket\">\n<h2>Informa\u00e7\u00f5es importantes<\/h2>\n<div class=\"a-section content\">\n<h4>Ingredientes<\/h4>\n<p>&nbsp;<\/p>\n<p>plastic<\/p>\n<p>&nbsp;<\/p>\n<\/div>\n<\/div>\n<\/div>\n<div id=\"productDescription_feature_div\" class=\"celwidget\" data-feature-name=\"productDescription\" data-csa-c-type=\"widget\" data-csa-c-content-id=\"productDescription\" data-csa-c-slot-id=\"productDescription_feature_div\" data-csa-c-asin=\"\" data-csa-c-is-in-initial-active-row=\"false\" data-csa-c-id=\"49c23e-dwrota-kav6zb-jqf91j\" data-cel-widget=\"productDescription_feature_div\">\n<div>\n<div id=\"productDescription_feature_div\" class=\"a-row feature\" data-feature-name=\"productDescription\" data-template-name=\"productDescription\" data-cel-widget=\"productDescription_feature_div\">\n<div class=\"a-divider a-divider-section\">\n<div class=\"a-divider-inner\"><\/div>\n<\/div>\n<h2 class=\"default\">Descri\u00e7\u00e3o do produto<\/h2>\n<div id=\"productDescription\" class=\"a-section a-spacing-small\">\n<p><span class=\"a-text-bold\">Descri\u00e7\u00e3o<\/span><\/p>\n<p>O Monofilamento Diabetes \u00e9 uma ferramenta de diagn\u00f3stico que pode usar simultaneamente testes de calor e estresse para verificar a polineuropatia de simetria distal. Um m\u00e9todo de teste confi\u00e1vel e econ\u00f4mico para detectar se h\u00e1 um senso de prote\u00e7\u00e3o. Este conjunto de monofilamento diabetes \u00e9 projetado para testar o p\u00e9 para diab\u00e9tico.<\/p>\n<p><span class=\"a-text-bold\">Recursos<\/span><\/p>\n<p>-: mostrado<br \/>\n&#8211; Material: pl\u00e1stico<br \/>\n&#8211; Tamanho: cerca de 12. 80&#215;2. 50&#215;1. 30cm\/ 5. 03&#215;0. 98&#215;0. 51 polegadas<\/p>\n<p><span class=\"a-text-bold\">pacote incluindo<\/span><br \/>\n1 x bag do monofilamento diabetes 12pcs<\/p>\n<p>Nota: Se voc\u00ea tiver alguma d\u00favida, seja bem- vindo a consultar, n\u00f3s responderemos dentro de 24 horas!!<\/p>\n<\/div>\n<\/div>\n<\/div>\n<\/div>\n<div id=\"renewedProgramDescriptionBtf_feature_div\" class=\"celwidget\" data-feature-name=\"renewedProgramDescriptionBtf\" data-csa-c-type=\"widget\" data-csa-c-content-id=\"renewedProgramDescriptionBtf\" data-csa-c-slot-id=\"renewedProgramDescriptionBtf_feature_div\" data-csa-c-asin=\"\" data-csa-c-is-in-initial-active-row=\"false\" data-csa-c-id=\"lfpvuw-jn6hk8-37b8ch-cjhgw2\" data-cel-widget=\"renewedProgramDescriptionBtf_feature_div\"><\/div>\n<div id=\"aplusBrandStory_feature_div\" class=\"celwidget\" data-feature-name=\"aplusBrandStory\" data-csa-c-type=\"widget\" data-csa-c-content-id=\"aplusBrandStory\" data-csa-c-slot-id=\"aplusBrandStory_feature_div\" data-csa-c-asin=\"\" data-csa-c-is-in-initial-active-row=\"false\" data-csa-c-id=\"kdghr5-nq85lx-62ztw1-vw6t7\" data-cel-widget=\"aplusBrandStory_feature_div\"><\/div>\n<div id=\"aplus_feature_div\" class=\"celwidget\" data-feature-name=\"aplus\" data-csa-c-type=\"widget\" data-csa-c-content-id=\"aplus\" data-csa-c-slot-id=\"aplus_feature_div\" data-csa-c-asin=\"\" data-csa-c-is-in-initial-active-row=\"false\" data-csa-c-id=\"cw6emo-iatl97-oqrx4e-beo7kz\" data-cel-widget=\"aplus_feature_div\"><\/div>\n<div id=\"productDetailsWithModules_feature_div\" class=\"celwidget\" data-feature-name=\"productDetailsWithModules\" data-csa-c-type=\"widget\" data-csa-c-content-id=\"productDetailsWithModules\" data-csa-c-slot-id=\"productDetailsWithModules_feature_div\" data-csa-c-asin=\"\" data-csa-c-is-in-initial-active-row=\"false\" data-csa-c-id=\"p3hjfx-992wrh-94zxyx-8ncabj\" data-cel-widget=\"productDetailsWithModules_feature_div\">\n<p><a id=\"productDetails\" name=\"productDetails\"><\/a><\/p>\n<hr class=\"a-divider-normal\" aria-hidden=\"true\" \/>\n<div>\n<div id=\"prodDetails\" class=\"a-section\">\n<h2>Informa\u00e7\u00f5es sobre o produto<\/h2>\n<div class=\"a-row a-spacing-top-base\">\n<div class=\"a-column a-span6\">\n<div class=\"a-row a-spacing-base\">\n<div class=\"a-row a-expander-container a-expander-extend-container\">\n<div class=\"a-row\">\n<div class=\"a-column a-span6\">\n<h1 class=\"a-size-medium a-spacing-small\">Detalhes t\u00e9cnicos<\/h1>\n<\/div>\n<\/div>\n<div class=\"a-expander-content a-expander-extend-content\" aria-expanded=\"true\">\n<div class=\"a-row a-expander-container a-expander-inline-container\">\n<div class=\"a-expander-content a-expander-section-content a-section-expander-inner\" aria-expanded=\"true\">\n<table id=\"productDetails_techSpec_section_1\" class=\"a-keyvalue prodDetTable\" role=\"presentation\">\n<tbody>\n<tr>\n<th class=\"a-color-secondary a-size-base prodDetSectionEntry\">Fabricante<\/th>\n<td class=\"a-size-base prodDetAttrValue\">\u200eFOMIYES<\/td>\n<\/tr>\n<tr>\n<th class=\"a-color-secondary a-size-base prodDetSectionEntry\">N\u00famero de unidades<\/th>\n<td class=\"a-size-base prodDetAttrValue\">\u200e1<\/td>\n<\/tr>\n<tr>\n<th class=\"a-color-secondary a-size-base prodDetSectionEntry\">Tamanho<\/th>\n<td class=\"a-size-base prodDetAttrValue\">\u200e12.8&#215;2.5cm.<\/td>\n<\/tr>\n<tr>\n<th class=\"a-color-secondary a-size-base prodDetSectionEntry\">Modelo<\/th>\n<td class=\"a-size-base prodDetAttrValue\">\u200eFP822H4T14MIEAS52QPTQ9<\/td>\n<\/tr>\n<tr>\n<th class=\"a-color-secondary a-size-base prodDetSectionEntry\">N\u00famero do modelo<\/th>\n<td class=\"a-size-base prodDetAttrValue\">\u200eFP822H4T14MIEAS52QPTQ9<\/td>\n<\/tr>\n<tr>\n<th class=\"a-color-secondary a-size-base prodDetSectionEntry\">ASIN<\/th>\n<td class=\"a-size-base prodDetAttrValue\">\u200eB09WV9V463<\/td>\n<\/tr>\n<tr>\n<th class=\"a-color-secondary a-size-base prodDetSectionEntry\">Marca<\/th>\n<td class=\"a-size-base prodDetAttrValue\">\u200eFOMIYES<\/td>\n<\/tr>\n<\/tbody>\n<\/table>\n<hr class=\"a-divider-normal bucketDivider\" aria-hidden=\"true\" \/>\n<h2>Detalhes do produto<\/h2>\n<div id=\"detailBullets_feature_div\">\n<ul class=\"a-unordered-list a-nostyle a-vertical a-spacing-none detail-bullet-list\">\n<li><span class=\"a-list-item\"><span class=\"a-text-bold\">Fabricante \u200f : \u200e\u00a0<\/span>FOMIYES<\/span><\/li>\n<li><span class=\"a-list-item\"><span class=\"a-text-bold\">ASIN \u200f : \u200e\u00a0<\/span>B09WV9V463<\/span><\/li>\n<li><span class=\"a-list-item\"><span class=\"a-text-bold\">N\u00famero do modelo \u200f : \u200e\u00a0<\/span>FP822H4T14MIEAS52QPTQ9<\/span><\/li>\n<li><span class=\"a-list-item\"><span class=\"a-text-bold\">Pa\u00eds de origem \u200f : \u200e\u00a0<\/span>China<\/span><\/li>\n<\/ul>\n<p>&nbsp;<\/p>\n<\/div>\n<\/div>\n<\/div>\n<\/div>\n<\/div>\n<\/div>\n<\/div>\n<\/div>\n<\/div>\n<\/div>\n<\/div>\n<\/div>\n<\/div>\n","protected":false},"excerpt":{"rendered":"<p>O Monofilamento Diabetes \u00e9 uma ferramenta de diagn\u00f3stico que pode usar simultaneamente testes de calor e estresse para verificar a polineuropatia de simetria distal. Um m\u00e9todo de teste confi\u00e1vel e econ\u00f4mico para detectar se h\u00e1 um senso de prote\u00e7\u00e3o. Este conjunto de monofilamento diabetes \u00e9 projetado para testar o p\u00e9 para diab\u00e9tico.<\/p>\n","protected":false},"featured_media":4822,"comment_status":"open","ping_status":"closed","template":"","meta":[],"product_brand":[],"product_cat":[613,15,16,605],"product_tag":[1053,1068,1074,1075,1073],"class_list":{"0":"post-4821","1":"product","2":"type-product","3":"status-publish","4":"has-post-thumbnail","6":"product_cat-amazon","7":"product_cat-barzo-shop","8":"product_cat-beleza-bem-estar-e-saude","9":"product_cat-lojas","10":"product_tag-amazon","11":"product_tag-amazon-prime","12":"product_tag-diabetes","13":"product_tag-pe-diabetico","14":"product_tag-teste-de-monofilamento","16":"first","17":"instock","18":"shipping-taxable","19":"product-type-external"},"_links":{"self":[{"href":"https:\/\/barzo.com.br\/shop\/wp-json\/wp\/v2\/product\/4821","targetHints":{"allow":["GET"]}}],"collection":[{"href":"https:\/\/barzo.com.br\/shop\/wp-json\/wp\/v2\/product"}],"about":[{"href":"https:\/\/barzo.com.br\/shop\/wp-json\/wp\/v2\/types\/product"}],"replies":[{"embeddable":true,"href":"https:\/\/barzo.com.br\/shop\/wp-json\/wp\/v2\/comments?post=4821"}],"wp:featuredmedia":[{"embeddable":true,"href":"https:\/\/barzo.com.br\/shop\/wp-json\/wp\/v2\/media\/4822"}],"wp:attachment":[{"href":"https:\/\/barzo.com.br\/shop\/wp-json\/wp\/v2\/media?parent=4821"}],"wp:term":[{"taxonomy":"product_brand","embeddable":true,"href":"https:\/\/barzo.com.br\/shop\/wp-json\/wp\/v2\/product_brand?post=4821"},{"taxonomy":"product_cat","embeddable":true,"href":"https:\/\/barzo.com.br\/shop\/wp-json\/wp\/v2\/product_cat?post=4821"},{"taxonomy":"product_tag","embeddable":true,"href":"https:\/\/barzo.com.br\/shop\/wp-json\/wp\/v2\/product_tag?post=4821"}],"curies":[{"name":"wp","href":"https:\/\/api.w.org\/{rel}","templated":true}]}}