{"id":4820,"date":"2023-04-05T23:56:15","date_gmt":"2023-04-06T02:56:15","guid":{"rendered":"https:\/\/barzo.com.br\/shop\/?post_type=product&#038;p=4820"},"modified":"2023-04-06T03:00:54","modified_gmt":"2023-04-06T06:00:54","slug":"hidrabene-sabonete-liquido-facial","status":"publish","type":"product","link":"https:\/\/barzo.com.br\/shop\/produto\/hidrabene-sabonete-liquido-facial\/","title":{"rendered":"Hidrabene Sabonete L\u00edquido Facial &#8211; 120 ml Hidrabene"},"content":{"rendered":"<div class=\"a-expander-content a-expander-partial-collapse-content a-expander-content-expanded\" aria-expanded=\"true\">\n<div class=\"a-section a-spacing-small a-spacing-top-small\">\n<div id=\"productDescription_feature_div\" class=\"celwidget\" data-feature-name=\"productDescription\" data-csa-c-type=\"widget\" data-csa-c-content-id=\"productDescription\" data-csa-c-slot-id=\"productDescription_feature_div\" data-csa-c-asin=\"\" data-csa-c-is-in-initial-active-row=\"false\" data-csa-c-id=\"qzcqna-y7uxex-3sncq9-jzodq7\" data-cel-widget=\"productDescription_feature_div\">\n<div>\n<div id=\"productDescription_feature_div\" class=\"a-row feature\" data-feature-name=\"productDescription\" data-template-name=\"productDescription\" data-cel-widget=\"productDescription_feature_div\">\n<h2 class=\"default\">Descri\u00e7\u00e3o do produto<\/h2>\n<div id=\"productDescription\" class=\"a-section a-spacing-small\">\n<p>Hidrabene Sabonete L\u00edquido Facial &#8211; 120 ml<\/p>\n<\/div>\n<\/div>\n<\/div>\n<\/div>\n<div id=\"renewedProgramDescriptionBtf_feature_div\" class=\"celwidget\" data-feature-name=\"renewedProgramDescriptionBtf\" data-csa-c-type=\"widget\" data-csa-c-content-id=\"renewedProgramDescriptionBtf\" data-csa-c-slot-id=\"renewedProgramDescriptionBtf_feature_div\" data-csa-c-asin=\"\" data-csa-c-is-in-initial-active-row=\"false\" data-csa-c-id=\"2b0qsd-r6chmr-iqpm0d-aspla0\" data-cel-widget=\"renewedProgramDescriptionBtf_feature_div\"><\/div>\n<table class=\"a-normal a-spacing-micro\">\n<tbody>\n<tr class=\"a-spacing-small po-item_form\">\n<td class=\"a-span3\"><span class=\"a-size-base a-text-bold\">Forma do produto<\/span><\/td>\n<td class=\"a-span9\"><span class=\"a-size-base po-break-word\">Unissex<\/span><\/td>\n<\/tr>\n<tr class=\"a-spacing-small po-skin_type\">\n<td class=\"a-span3\"><span class=\"a-size-base a-text-bold\">Tipo de Pele<\/span><\/td>\n<td class=\"a-span9\"><span class=\"a-size-base po-break-word\">Todos<\/span><\/td>\n<\/tr>\n<tr class=\"a-spacing-small po-brand\">\n<td class=\"a-span3\"><span class=\"a-size-base a-text-bold\">Marca<\/span><\/td>\n<td class=\"a-span9\"><span class=\"a-size-base po-break-word\">Hidrabene<\/span><\/td>\n<\/tr>\n<tr class=\"a-spacing-small po-number_of_items\">\n<td class=\"a-span3\"><span class=\"a-size-base a-text-bold\">N\u00famero de itens<\/span><\/td>\n<td class=\"a-span9\"><span class=\"a-size-base po-break-word\">1<\/span><\/td>\n<\/tr>\n<tr class=\"a-spacing-small po-unit_count\">\n<td class=\"a-span3\"><span class=\"a-size-base a-text-bold\">Contagem de unidades<\/span><\/td>\n<td class=\"a-span9\"><span class=\"a-size-base po-break-word\">1 Gramas<\/span><\/td>\n<\/tr>\n<tr class=\"a-spacing-small po-color\">\n<td class=\"a-span3\"><span class=\"a-size-base a-text-bold\">Cor<\/span><\/td>\n<td class=\"a-span9\"><span class=\"a-size-base po-break-word\">Branco<\/span><\/td>\n<\/tr>\n<tr class=\"a-spacing-small po-item_package_quantity\">\n<td class=\"a-span3\"><span class=\"a-size-base a-text-bold\">Quantidade de embalagens do produto<\/span><\/td>\n<td class=\"a-span9\"><span class=\"a-size-base po-break-word\">1<\/span><\/td>\n<\/tr>\n<tr class=\"a-spacing-small po-product_benefit\">\n<td class=\"a-span3\"><span class=\"a-size-base a-text-bold\">Vantagens do produto<\/span><\/td>\n<td class=\"a-span9\"><span class=\"a-size-base po-break-word\">Sabonete liquido Facial<\/span><\/td>\n<\/tr>\n<tr class=\"a-spacing-small po-item_weight\">\n<td class=\"a-span3\"><span class=\"a-size-base a-text-bold\">Peso do produto<\/span><\/td>\n<td class=\"a-span9\"><span class=\"a-size-base po-break-word\">0.1 Quilogramas<\/span><\/td>\n<\/tr>\n<tr class=\"a-spacing-small po-item_dimensions\">\n<td class=\"a-span3\"><span class=\"a-size-base a-text-bold\">Dimens\u00f5es do item C x L x A<\/span><\/td>\n<td class=\"a-span9\"><span class=\"a-size-base po-break-word\">6 x 17 x 4 cent\u00edmetros<\/span><\/td>\n<\/tr>\n<\/tbody>\n<\/table>\n<\/div>\n<\/div>\n<div id=\"poToggleButton\" class=\"a-expander-header a-expander-partial-collapse-header\"><\/div>\n<div>\n<h1 class=\"a-size-base-plus a-text-bold\">Sobre este item<\/h1>\n<ul class=\"a-unordered-list a-vertical a-spacing-mini\">\n<li><span class=\"a-list-item\">Hidrabene Sabonete L\u00edquido Facial &#8211; 120 ml<\/span><\/li>\n<li><span class=\"a-list-item\">Modelo do produto:<\/span><\/li>\n<li><span class=\"a-list-item\">Hidrabene Sabonete L\u00edquido Facial &#8211; 120 ml<\/span><\/li>\n<li><span class=\"a-list-item\">Tamanho do produto: 120 ml (Pacote de 1)<\/span><\/li>\n<li><span class=\"a-list-item\">Marca: Hidrabene<\/span><\/li>\n<\/ul>\n<div id=\"productDescription_feature_div\" class=\"celwidget\" data-feature-name=\"productDescription\" data-csa-c-type=\"widget\" data-csa-c-content-id=\"productDescription\" data-csa-c-slot-id=\"productDescription_feature_div\" data-csa-c-asin=\"\" data-csa-c-is-in-initial-active-row=\"false\" data-csa-c-id=\"qzcqna-y7uxex-3sncq9-jzodq7\" data-cel-widget=\"productDescription_feature_div\">\n<div>\n<div id=\"productDescription_feature_div\" class=\"a-row feature\" data-feature-name=\"productDescription\" data-template-name=\"productDescription\" data-cel-widget=\"productDescription_feature_div\">\n<h2 class=\"default\">Descri\u00e7\u00e3o do produto<\/h2>\n<div id=\"productDescription\" class=\"a-section a-spacing-small\">\n<p>Hidrabene Sabonete L\u00edquido Facial &#8211; 120 ml<\/p>\n<\/div>\n<\/div>\n<\/div>\n<\/div>\n<div id=\"renewedProgramDescriptionBtf_feature_div\" class=\"celwidget\" data-feature-name=\"renewedProgramDescriptionBtf\" data-csa-c-type=\"widget\" data-csa-c-content-id=\"renewedProgramDescriptionBtf\" data-csa-c-slot-id=\"renewedProgramDescriptionBtf_feature_div\" data-csa-c-asin=\"\" data-csa-c-is-in-initial-active-row=\"false\" data-csa-c-id=\"2b0qsd-r6chmr-iqpm0d-aspla0\" data-cel-widget=\"renewedProgramDescriptionBtf_feature_div\"><\/div>\n<div id=\"aplusBrandStory_feature_div\" class=\"celwidget\" data-feature-name=\"aplusBrandStory\" data-csa-c-type=\"widget\" data-csa-c-content-id=\"aplusBrandStory\" data-csa-c-slot-id=\"aplusBrandStory_feature_div\" data-csa-c-asin=\"\" data-csa-c-is-in-initial-active-row=\"false\" data-csa-c-id=\"5qenz7-svbayy-rlhjk1-csnlpz\" data-cel-widget=\"aplusBrandStory_feature_div\"><\/div>\n<div id=\"aplus_feature_div\" class=\"celwidget\" data-feature-name=\"aplus\" data-csa-c-type=\"widget\" data-csa-c-content-id=\"aplus\" data-csa-c-slot-id=\"aplus_feature_div\" data-csa-c-asin=\"\" data-csa-c-is-in-initial-active-row=\"false\" data-csa-c-id=\"v6kosb-j3zn04-jkhgzb-336uto\" data-cel-widget=\"aplus_feature_div\">\n<div id=\"aplus\" class=\"a-section a-spacing-large bucket\">\n<hr class=\"bucketDivider\" noshade=\"noshade\" size=\"1\" \/>\n<h2>Do fabricante<\/h2>\n<div class=\"aplus-v2 desktop celwidget\" data-csa-c-id=\"rnqf1f-9bqbo2-xd9yly-ip64x\" data-cel-widget=\"aplus\">\n<div class=\"celwidget aplus-module module-7 aplus-standard\" data-csa-c-id=\"xyzz0n-u8kxqo-ste6si-80looh\" data-cel-widget=\"aplus-module-7\">\n<div class=\"a-expander-collapsed-height a-row a-expander-container a-expander-partial-collapse-container\" data-a-expander-name=\"aplus-module-expander\" data-a-expander-collapsed-height=\"700\">\n<div class=\"a-expander-content a-expander-partial-collapse-content\" aria-expanded=\"false\">\n<div class=\"aplus-module-wrapper apm-fixed-width\">\n<div class=\"apm-spacing apm-wrap\">\n<h3 class=\"a-spacing-small\">SABONETE L\u00cdQUIDO FACIAL<\/h3>\n<div class=\"apm-floatleft apm-wrap\">\n<div class=\"apm-leftimage\"><img decoding=\"async\" class=\"a-spacing-mini\" src=\"https:\/\/m.media-amazon.com\/images\/S\/aplus-media-library-service-media\/f8e9987a-ecb2-43ef-a39b-76362ef44815.__CR0,0,880,880_PT0_SX300_V1___.png\" alt=\"SABONETE L\u00cdQUIDO FACIAL\" data-src=\"https:\/\/m.media-amazon.com\/images\/S\/aplus-media-library-service-media\/f8e9987a-ecb2-43ef-a39b-76362ef44815.__CR0,0,880,880_PT0_SX300_V1___.png\" \/><\/div>\n<div class=\"apm-rightthirdcol\">\n<div class=\"apm-rightthirdcol-inner\">\n<h5>COMPOSI\u00c7\u00c3O<\/h5>\n<p class=\"a-spacing-small a-size-small\">Aqua, Sodium Methyl 2-Sulfolaurate, Sodium Lauryl Sulfoacetate, Lauramidopropyl Betaine, Alpha-Glucan Oligosaccharide, Sodium Chloride, Disodium 2-Sulfolaurate, Cetyl Betaine, Saccharide Isomerate, Camellia sinensis Leaf Extract, Aloe barbadensis Leaf Extract, Phenoxyethanol, Lauryl Betaine, Parfum, Myristyl Betaine, Disodium EDTA, Methylisothiazolinone, CI 16185, Sodium Sulfate.<\/p>\n<\/div>\n<\/div>\n<div class=\"apm-centerthirdcol\">\n<h5 class=\"a-spacing-mini\">SABONETE L\u00cdQUIDO FACIAL<\/h5>\n<p class=\"a-spacing-base\">Uma rotina eficiente de cuidados faciais come\u00e7a com uma boa limpeza. Indicado para todos os tipos de pele, Hidrabene Sabonete L\u00edquido Facial foi desenvolvido para cuidar da pele delicada do rosto, pois remove as impurezas de forma suave e eficaz. Formulado com uma rica combina\u00e7\u00e3o de ativos que promovem hidrata\u00e7\u00e3o prolongada e profunda, melhoram o aspecto cut\u00e2neo e estimulam a prote\u00e7\u00e3o natural<\/p>\n<h5>MODE DE USAR<\/h5>\n<p class=\"a-spacing-base\">Use diariamente de manh\u00e3 e \u00e0 noite. Aplique uma pequena quantidade do produto nas m\u00e3os e espalhe sobre o rosto molhado massageando suavemente. Ap\u00f3s, enx\u00e1gue com \u00e1gua e continue a sua rotina di\u00e1ria de cuidados faciais.<\/p>\n<\/div>\n<\/div>\n<\/div>\n<\/div>\n<div><\/div>\n<\/div>\n<\/div>\n<\/div>\n<div class=\"celwidget aplus-module module-6 aplus-standard\" data-csa-c-id=\"27ybrt-5ltxj4-rbbbpf-kei3r6\" data-cel-widget=\"aplus-module-6\">\n<div class=\"aplus-module-wrapper apm-fixed-width\">\n<div id=\"aplus-module-6-1\" class=\"aplus-module-content\">\n<div class=\"apm-hovermodule\">\n<div>\n<div class=\"apm-hovermodule-slides\">\n<div class=\"apm-hovermodule-image\"><img decoding=\"async\" class=\"a-spacing-mini\" src=\"https:\/\/m.media-amazon.com\/images\/S\/aplus-media-library-service-media\/fb7bd91f-4712-4243-b3ca-b7f423eca0ae.__CR0,49,509,509_PT0_SX300_V1___.png\" alt=\"SABONETE L\u00cdQUIDO FACIAL\" data-src=\"https:\/\/m.media-amazon.com\/images\/S\/aplus-media-library-service-media\/fb7bd91f-4712-4243-b3ca-b7f423eca0ae.__CR0,49,509,509_PT0_SX300_V1___.png\" \/><\/div>\n<div class=\"apm-hovermodule-slides-inner\">\n<h3 class=\"a-spacing-mini\">PRECAU\u00c7\u00d5ES<\/h3>\n<p class=\"a-spacing-base\">Uso externo. Uso adulto. Mantenha fora do alcance das crian\u00e7as, em local fresco. Se houver contato acidental com os olhos, enx\u00e1gue com \u00e1gua. Em caso de ingest\u00e3o acidental do produto, procure um m\u00e9dico. N\u00e3o utilize se for sens\u00edvel a algum componente da f\u00f3rmula. Suspenda o uso em caso de irrita\u00e7\u00e3o na pele.<\/p>\n<\/div>\n<\/div>\n<\/div>\n<div class=\"apm-hovermodule-slidecontrol\">\n<div class=\"apm-hovermodule-smallimage celwidget\" data-csa-c-id=\"4gqvt6-d2yd4d-aqx6mk-cbs7kd\" data-cel-widget=\"aplus-module-6-hover-1\">\n<div class=\"a-section a-spacing-mini apm-hovermodule-smallimage-bg\"><img decoding=\"async\" class=\"\" src=\"https:\/\/m.media-amazon.com\/images\/S\/aplus-media-library-service-media\/fb7bd91f-4712-4243-b3ca-b7f423eca0ae.__CR0,49,509,509_PT0_SX300_V1___.png\" alt=\"SABONETE L\u00cdQUIDO FACIAL\" data-src=\"https:\/\/m.media-amazon.com\/images\/S\/aplus-media-library-service-media\/fb7bd91f-4712-4243-b3ca-b7f423eca0ae.__CR0,49,509,509_PT0_SX300_V1___.png\" \/><\/div>\n<p>&nbsp;<\/p>\n<\/div>\n<div class=\"apm-hovermodule-smallimage celwidget apm-hovermodule-opacitymodon\" data-csa-c-id=\"lslpbs-tfz4er-qdxa7s-709emy\" data-cel-widget=\"aplus-module-6-hover-2\">\n<div class=\"a-section a-spacing-mini apm-hovermodule-smallimage-bg\"><img decoding=\"async\" class=\"\" src=\"https:\/\/m.media-amazon.com\/images\/S\/aplus-media-library-service-media\/9572a604-7b37-4930-b5a2-e8d1c510de89.__CR0,81,511,511_PT0_SX300_V1___.png\" alt=\"SABONETE L\u00cdQUIDO FACIAL\" data-src=\"https:\/\/m.media-amazon.com\/images\/S\/aplus-media-library-service-media\/9572a604-7b37-4930-b5a2-e8d1c510de89.__CR0,81,511,511_PT0_SX300_V1___.png\" \/><\/div>\n<p>&nbsp;<\/p>\n<\/div>\n<div class=\"apm-hovermodule-smallimage celwidget apm-hovermodule-opacitymodon\" data-csa-c-id=\"gfdxq2-9ny5mm-juk7gc-xgyypn\" data-cel-widget=\"aplus-module-6-hover-3\">\n<div class=\"a-section a-spacing-mini apm-hovermodule-smallimage-bg\"><img decoding=\"async\" class=\"\" src=\"https:\/\/m.media-amazon.com\/images\/S\/aplus-media-library-service-media\/6afe2487-bba0-4ca5-bc4f-dda59f5ec379.__CR0,107,488,488_PT0_SX300_V1___.png\" alt=\"SABONETE L\u00cdQUIDO FACIAL\" data-src=\"https:\/\/m.media-amazon.com\/images\/S\/aplus-media-library-service-media\/6afe2487-bba0-4ca5-bc4f-dda59f5ec379.__CR0,107,488,488_PT0_SX300_V1___.png\" \/><\/div>\n<p>&nbsp;<\/p>\n<\/div>\n<div class=\"apm-hovermodule-smallimage celwidget apm-hovermodule-opacitymodon\" data-csa-c-id=\"4kgvog-hb61qs-du8z7l-rhggka\" data-cel-widget=\"aplus-module-6-hover-4\">\n<div class=\"a-section a-spacing-mini apm-hovermodule-smallimage-bg\"><img decoding=\"async\" class=\"\" src=\"https:\/\/m.media-amazon.com\/images\/S\/aplus-media-library-service-media\/d2f3ce36-4aad-4633-a1ed-8c8392baca5b.__CR0,80,514,514_PT0_SX300_V1___.png\" alt=\"SABONETE L\u00cdQUIDO FACIAL\" data-src=\"https:\/\/m.media-amazon.com\/images\/S\/aplus-media-library-service-media\/d2f3ce36-4aad-4633-a1ed-8c8392baca5b.__CR0,80,514,514_PT0_SX300_V1___.png\" \/><\/div>\n<p>&nbsp;<\/p>\n<\/div>\n<\/div>\n<\/div>\n<\/div>\n<\/div>\n<div><\/div>\n<\/div>\n<\/div>\n<\/div>\n<\/div>\n<div id=\"productDetailsWithModules_feature_div\" class=\"celwidget\" data-feature-name=\"productDetailsWithModules\" data-csa-c-type=\"widget\" data-csa-c-content-id=\"productDetailsWithModules\" data-csa-c-slot-id=\"productDetailsWithModules_feature_div\" data-csa-c-asin=\"\" data-csa-c-is-in-initial-active-row=\"false\" data-csa-c-id=\"bsm8ky-f5k5q7-kiqd2l-49kvdu\" data-cel-widget=\"productDetailsWithModules_feature_div\">\n<p><a id=\"productDetails\" name=\"productDetails\"><\/a><\/p>\n<hr class=\"a-divider-normal\" aria-hidden=\"true\" \/>\n<div>\n<div id=\"prodDetails\" class=\"a-section\">\n<h2>Informa\u00e7\u00f5es sobre o produto<\/h2>\n<div class=\"a-row a-spacing-top-base\">\n<div class=\"a-column a-span6\">\n<div class=\"a-row a-spacing-base\">\n<div class=\"a-row a-expander-container a-expander-extend-container\">\n<div class=\"a-row\">\n<div class=\"a-column a-span6\">\n<h1 class=\"a-size-medium a-spacing-small\">Detalhes t\u00e9cnicos<\/h1>\n<\/div>\n<\/div>\n<div class=\"a-expander-content a-expander-extend-content\" aria-expanded=\"true\">\n<div class=\"a-row a-expander-container a-expander-inline-container\">\n<div class=\"a-expander-content a-expander-section-content a-section-expander-inner\" aria-expanded=\"true\">\n<table id=\"productDetails_techSpec_section_1\" class=\"a-keyvalue prodDetTable\" role=\"presentation\">\n<tbody>\n<tr>\n<th class=\"a-color-secondary a-size-base prodDetSectionEntry\">Fabricante<\/th>\n<td class=\"a-size-base prodDetAttrValue\">\u200eDauher<\/td>\n<\/tr>\n<tr>\n<th class=\"a-color-secondary a-size-base prodDetSectionEntry\">N\u00famero de unidades<\/th>\n<td class=\"a-size-base prodDetAttrValue\">\u200e1<\/td>\n<\/tr>\n<tr>\n<th class=\"a-color-secondary a-size-base prodDetSectionEntry\">Tamanho<\/th>\n<td class=\"a-size-base prodDetAttrValue\">\u200e120 ml (Pacote de 1)<\/td>\n<\/tr>\n<tr>\n<th class=\"a-color-secondary a-size-base prodDetSectionEntry\">Tipo de Pele<\/th>\n<td class=\"a-size-base prodDetAttrValue\">\u200eTodos<\/td>\n<\/tr>\n<tr>\n<th class=\"a-color-secondary a-size-base prodDetSectionEntry\">Refer\u00eancia do fabricante<\/th>\n<td class=\"a-size-base prodDetAttrValue\">\u200e7897230303062<\/td>\n<\/tr>\n<tr>\n<th class=\"a-color-secondary a-size-base prodDetSectionEntry\">Dimens\u00f5es do produto<\/th>\n<td class=\"a-size-base prodDetAttrValue\">\u200e6 x 17 x 4 cm; 100 g<\/td>\n<\/tr>\n<tr>\n<th class=\"a-color-secondary a-size-base prodDetSectionEntry\">ASIN<\/th>\n<td class=\"a-size-base prodDetAttrValue\">\u200eB08J1TCVFB<\/td>\n<\/tr>\n<tr>\n<th class=\"a-color-secondary a-size-base prodDetSectionEntry\">Funciona a bateria ou pilha?<\/th>\n<td class=\"a-size-base prodDetAttrValue\">\u200eN\u00e3o<\/td>\n<\/tr>\n<tr>\n<th class=\"a-color-secondary a-size-base prodDetSectionEntry\">EAN<\/th>\n<td class=\"a-size-base prodDetAttrValue\">\u200e7897230303062<\/td>\n<\/tr>\n<tr>\n<th class=\"a-color-secondary a-size-base prodDetSectionEntry\">Marca<\/th>\n<td class=\"a-size-base prodDetAttrValue\">\u200eHidrabene<\/td>\n<\/tr>\n<\/tbody>\n<\/table>\n<\/div>\n<\/div>\n<\/div>\n<\/div>\n<\/div>\n<div class=\"a-row a-spacing-base\"><\/div>\n<\/div>\n<div class=\"a-column a-span6 a-span-last\">\n<div class=\"a-row a-spacing-base\">\n<div id=\"productDetails_db_sections\" class=\"a-section\">\n<h1 class=\"a-size-medium a-spacing-small secHeader\">Informa\u00e7\u00f5es adicionais<\/h1>\n<div class=\"a-section table-padding\">\n<table id=\"productDetails_detailBullets_sections1\" class=\"a-keyvalue prodDetTable\" role=\"presentation\">\n<tbody>\n<tr>\n<th class=\"a-color-secondary a-size-base prodDetSectionEntry\">Dimens\u00f5es do pacote<\/th>\n<td class=\"a-size-base prodDetAttrValue\">15.9 x 6 x 3.8 cent\u00edmetros<\/td>\n<\/tr>\n<\/tbody>\n<\/table>\n<hr class=\"a-divider-normal bucketDivider\" aria-hidden=\"true\" \/>\n<h2>Detalhes do produto<\/h2>\n<div id=\"detailBullets_feature_div\">\n<ul class=\"a-unordered-list a-nostyle a-vertical a-spacing-none detail-bullet-list\">\n<li><span class=\"a-list-item\"><span class=\"a-text-bold\">Dimens\u00f5es do produto \u200f : \u200e\u00a0<\/span>6 x 17 x 4 cm; 100 g<\/span><\/li>\n<li><span class=\"a-list-item\"><span class=\"a-text-bold\">Fabricante \u200f : \u200e\u00a0<\/span>Dauher<\/span><\/li>\n<li><span class=\"a-list-item\"><span class=\"a-text-bold\">ASIN \u200f : \u200e\u00a0<\/span>B08J1TCVFB<\/span><\/li>\n<li><span class=\"a-list-item\"><span class=\"a-text-bold\">Refer\u00eancia do fabricante \u200f : \u200e\u00a0<\/span>7897230303062<\/span><\/li>\n<li><span class=\"a-list-item\"><span class=\"a-text-bold\">Pa\u00eds de origem \u200f : \u200e\u00a0<\/span>Brasil<\/span><\/li>\n<\/ul>\n<\/div>\n<ul class=\"a-unordered-list a-nostyle a-vertical a-spacing-none detail-bullet-list\">\n<li><span class=\"a-list-item\"><span class=\"a-text-bold\">Avalia\u00e7\u00f5es dos clientes:\u00a0<\/span><\/span>\n<div id=\"detailBullets_averageCustomerReviews\" data-asin=\"B08J1TCVFB\" data-ref=\"dpx_acr_pop_\"><span class=\"a-declarative\" data-action=\"acrStarsLink-click-metrics\" data-csa-c-type=\"widget\" data-csa-c-func-deps=\"aui-da-acrStarsLink-click-metrics\" data-acrstarslink-click-metrics=\"{}\" data-csa-c-id=\"yfo0kg-7utkn3-ir0lh4-gdjhl5\"><span id=\"acrPopover\" class=\"reviewCountTextLinkedHistogram noUnderline\" title=\"4,7 de 5 estrelas\"><a class=\"a-popover-trigger a-declarative\" role=\"button\"><i class=\"a-icon a-icon-star a-star-4-5\"><span class=\"a-icon-alt\">4,7 de 5 estrelas<\/span><\/i><\/a><\/span><\/span><\/div>\n<\/li>\n<\/ul>\n<\/div>\n<\/div>\n<\/div>\n<\/div>\n<\/div>\n<\/div>\n<\/div>\n<\/div>\n<\/div>\n","protected":false},"excerpt":{"rendered":"<p class=\"a-spacing-mini\">SABONETE L\u00cdQUIDO FACIAL. Uma rotina eficiente de cuidados faciais come\u00e7a com uma boa limpeza. Indicado para todos os tipos de pele, Hidrabene Sabonete L\u00edquido Facial foi desenvolvido para cuidar da pele delicada do rosto, pois remove as impurezas de forma suave e eficaz. Formulado com uma rica combina\u00e7\u00e3o de ativos que promovem hidrata\u00e7\u00e3o prolongada e profunda, melhoram o aspecto cut\u00e2neo e estimulam a prote\u00e7\u00e3o natural<\/p>\n","protected":false},"featured_media":4845,"comment_status":"open","ping_status":"closed","template":"","meta":[],"product_brand":[],"product_cat":[15,16,422,421,36,435,468],"product_tag":[1053,1068,1103],"class_list":{"0":"post-4820","1":"product","2":"type-product","3":"status-publish","4":"has-post-thumbnail","6":"product_cat-barzo-shop","7":"product_cat-beleza-bem-estar-e-saude","8":"product_cat-cuidados-com-a-pele","9":"product_cat-cuidados-com-o-rosto","10":"product_cat-dermocosmeticos-e-tratamentos","11":"product_cat-face","12":"product_cat-facial-dermocosmeticos-e-tratamentos","13":"product_tag-amazon","14":"product_tag-amazon-prime","15":"product_tag-sabonete-liquido-facial","17":"first","18":"instock","19":"shipping-taxable","20":"product-type-external"},"_links":{"self":[{"href":"https:\/\/barzo.com.br\/shop\/wp-json\/wp\/v2\/product\/4820","targetHints":{"allow":["GET"]}}],"collection":[{"href":"https:\/\/barzo.com.br\/shop\/wp-json\/wp\/v2\/product"}],"about":[{"href":"https:\/\/barzo.com.br\/shop\/wp-json\/wp\/v2\/types\/product"}],"replies":[{"embeddable":true,"href":"https:\/\/barzo.com.br\/shop\/wp-json\/wp\/v2\/comments?post=4820"}],"wp:featuredmedia":[{"embeddable":true,"href":"https:\/\/barzo.com.br\/shop\/wp-json\/wp\/v2\/media\/4845"}],"wp:attachment":[{"href":"https:\/\/barzo.com.br\/shop\/wp-json\/wp\/v2\/media?parent=4820"}],"wp:term":[{"taxonomy":"product_brand","embeddable":true,"href":"https:\/\/barzo.com.br\/shop\/wp-json\/wp\/v2\/product_brand?post=4820"},{"taxonomy":"product_cat","embeddable":true,"href":"https:\/\/barzo.com.br\/shop\/wp-json\/wp\/v2\/product_cat?post=4820"},{"taxonomy":"product_tag","embeddable":true,"href":"https:\/\/barzo.com.br\/shop\/wp-json\/wp\/v2\/product_tag?post=4820"}],"curies":[{"name":"wp","href":"https:\/\/api.w.org\/{rel}","templated":true}]}}