{"id":4817,"date":"2023-04-05T23:49:01","date_gmt":"2023-04-06T02:49:01","guid":{"rendered":"https:\/\/barzo.com.br\/shop\/?post_type=product&#038;p=4817"},"modified":"2023-04-05T23:49:01","modified_gmt":"2023-04-06T02:49:01","slug":"sabonete-artesanal-detox-argila-verde","status":"publish","type":"product","link":"https:\/\/barzo.com.br\/shop\/produto\/sabonete-artesanal-detox-argila-verde\/","title":{"rendered":"Sabonete Artesanal Detox Com Argila Verde 110g Kit C\/3"},"content":{"rendered":"<div id=\"productOverview_feature_div\" class=\"celwidget\" data-feature-name=\"productOverview\" data-csa-c-type=\"widget\" data-csa-c-content-id=\"productOverview\" data-csa-c-slot-id=\"productOverview_feature_div\" data-csa-c-asin=\"B09WZLR3GS\" data-csa-c-is-in-initial-active-row=\"false\" data-csa-c-id=\"slbb7b-kwlqfe-5ezekh-kg8jdu\" data-cel-widget=\"productOverview_feature_div\">\n<div id=\"poExpander\" class=\"a-expander-collapsed-height a-row a-expander-container a-spacing-none a-expander-partial-collapse-container\" data-a-expander-name=\"product_overview\" data-a-expander-collapsed-height=\"210\">\n<div class=\"a-expander-content a-expander-partial-collapse-content\" aria-expanded=\"false\">\n<div class=\"a-section a-spacing-small a-spacing-top-small\">\n<p>Sabonete Artesanal Hidratante Com Argila Verde 110 gramas<\/p>\n<table class=\"a-normal a-spacing-micro\">\n<tbody>\n<tr class=\"a-spacing-small po-item_form\">\n<td class=\"a-span3\"><span class=\"a-size-base a-text-bold\">Forma do produto<\/span><\/td>\n<td class=\"a-span9\"><span class=\"a-size-base po-break-word\">Barra<\/span><\/td>\n<\/tr>\n<tr class=\"a-spacing-small po-skin_type\">\n<td class=\"a-span3\"><span class=\"a-size-base a-text-bold\">Tipo de Pele<\/span><\/td>\n<td class=\"a-span9\"><span class=\"a-size-base po-break-word\">Oleosa, Acneica<\/span><\/td>\n<\/tr>\n<tr class=\"a-spacing-small po-brand\">\n<td class=\"a-span3\"><span class=\"a-size-base a-text-bold\">Marca<\/span><\/td>\n<td class=\"a-span9\"><span class=\"a-size-base po-break-word\">Generic<\/span><\/td>\n<\/tr>\n<tr class=\"a-spacing-small po-scent\">\n<td class=\"a-span3\"><span class=\"a-size-base a-text-bold\">Aroma<\/span><\/td>\n<td class=\"a-span9\"><span class=\"a-size-base po-break-word\">Algas Marinhas<\/span><\/td>\n<\/tr>\n<tr class=\"a-spacing-small po-material_feature\">\n<td class=\"a-span3\"><span class=\"a-size-base a-text-bold\">Caracter\u00edstica do material<\/span><\/td>\n<td class=\"a-span9\"><span class=\"a-size-base po-break-word\">Natural<\/span><\/td>\n<\/tr>\n<tr class=\"a-spacing-small po-material_type_free\">\n<td class=\"a-span3\"><span class=\"a-size-base a-text-bold\">Tipo de material livre<\/span><\/td>\n<td class=\"a-span9\"><span class=\"a-size-base po-break-word\">Sem parabenos<\/span><\/td>\n<\/tr>\n<tr class=\"a-spacing-small po-age_range_description\">\n<td class=\"a-span3\"><span class=\"a-size-base a-text-bold\">Faixa et\u00e1ria (descri\u00e7\u00e3o)<\/span><\/td>\n<td class=\"a-span9\"><span class=\"a-size-base po-break-word\">Adulto<\/span><\/td>\n<\/tr>\n<tr class=\"a-spacing-small po-number_of_items\">\n<td class=\"a-span3\"><span class=\"a-size-base a-text-bold\">N\u00famero de itens<\/span><\/td>\n<td class=\"a-span9\"><span class=\"a-size-base po-break-word\">3<\/span><\/td>\n<\/tr>\n<tr class=\"a-spacing-small po-unit_count\">\n<td class=\"a-span3\"><span class=\"a-size-base a-text-bold\">Contagem de unidades<\/span><\/td>\n<td class=\"a-span9\"><span class=\"a-size-base po-break-word\">330 grama<\/span><\/td>\n<\/tr>\n<tr class=\"a-spacing-small po-item_weight\">\n<td class=\"a-span3\"><span class=\"a-size-base a-text-bold\">Peso do produto<\/span><\/td>\n<td class=\"a-span9\"><span class=\"a-size-base po-break-word\">0.33 Quilogramas<\/span><\/td>\n<\/tr>\n<\/tbody>\n<\/table>\n<\/div>\n<\/div>\n<div id=\"poToggleButton\" class=\"a-expander-header a-expander-partial-collapse-header\">\n<div class=\"a-expander-content-fade\"><\/div>\n<p><a class=\"a-declarative\" role=\"button\" data-csa-c-func-deps=\"aui-da-a-expander-toggle\" data-csa-c-type=\"widget\" data-csa-interaction-events=\"click\" aria-expanded=\"false\" data-action=\"a-expander-toggle\" data-a-expander-toggle=\"{&quot;allowLinkDefault&quot;:true, &quot;expand_prompt&quot;:&quot;Ver mais&quot;, &quot;collapse_prompt&quot;:&quot;Ver menos&quot;}\" data-csa-c-id=\"tqd2im-7of3zl-ow7kj3-wm1qi6\"><i class=\"a-icon a-icon-extender-expand\"><\/i><span class=\"a-expander-prompt\">Ver mais<\/span><\/a><\/div>\n<\/div>\n<\/div>\n<div id=\"featurebullets_feature_div\" class=\"celwidget\" data-feature-name=\"featurebullets\" data-csa-c-type=\"widget\" data-csa-c-content-id=\"featurebullets\" data-csa-c-slot-id=\"featurebullets_feature_div\" data-csa-c-asin=\"B09WZLR3GS\" data-csa-c-is-in-initial-active-row=\"false\" data-csa-c-id=\"kmwbfi-4uji1z-whtbqd-sxf6zb\" data-cel-widget=\"featurebullets_feature_div\">\n<div id=\"feature-bullets\" class=\"a-section a-spacing-medium a-spacing-top-small\">\n<hr \/>\n<h1 class=\"a-size-base-plus a-text-bold\">Sobre este item<\/h1>\n<ul class=\"a-unordered-list a-vertical a-spacing-mini\">\n<li><span class=\"a-list-item\">Cont\u00e9m \u00e1cido mir\u00edstico, aumenta a abosor\u00e7\u00e3o da pele fazendo que os nutrientes interajam melhor aumentando a capacidade de limpeza e hidrata\u00e7\u00e3o.<\/span><\/li>\n<li><span class=\"a-list-item\">Cont\u00e9m \u00e1cido palm\u00edtico, um potente antioxidante que ajuda a fortalecer a fun\u00e7\u00e3o de barreira natural da pele.<\/span><\/li>\n<li><span class=\"a-list-item\">Cont\u00e9m \u00e1cido este\u00e1rico, facilmente absorvido pela pele, amacia e hidrata.<\/span><\/li>\n<li><span class=\"a-list-item\">Cont\u00e9m \u00e1cido oleico, rico e em vitaminas e sais minerais, ajuda na preven\u00e7\u00e3o de estrias.<\/span><\/li>\n<li><span class=\"a-list-item\">Cont\u00e9m \u00e1cido Linoleico, ajuda na elasticidade da pele, podendo auxiliar na diminui\u00e7\u00e3o da inflama\u00e7\u00e3o das c\u00e9lulas e promove a regenera\u00e7\u00e3o do tecido melhorando o aspecto f\u00edsico.<\/span><\/li>\n<\/ul>\n<div id=\"productDescription_feature_div\" class=\"celwidget\" data-feature-name=\"productDescription\" data-csa-c-type=\"widget\" data-csa-c-content-id=\"productDescription\" data-csa-c-slot-id=\"productDescription_feature_div\" data-csa-c-asin=\"\" data-csa-c-is-in-initial-active-row=\"false\" data-csa-c-id=\"dj3mfl-ryitv1-vhys1-mc041a\" data-cel-widget=\"productDescription_feature_div\">\n<div>\n<div id=\"productDescription_feature_div\" class=\"a-row feature\" data-feature-name=\"productDescription\" data-template-name=\"productDescription\" data-cel-widget=\"productDescription_feature_div\">\n<h2 class=\"default\">Descri\u00e7\u00e3o do produto<\/h2>\n<div id=\"productDescription\" class=\"a-section a-spacing-small\">\n<p>&nbsp;<\/p>\n<p>Sabonete Artesanal Hidratante Com Argila Verde 110 gramas<\/p>\n<p>&nbsp;<\/p>\n<p>Sabonete 100% natural e artesanal, produzido atrav\u00e9s do &#8220;cold process&#8221; ou ent\u00e3o saponifica\u00e7\u00e3o a frio, o que torna a barra duradoura e mais homog\u00eanea, mantendo as propriedades ben\u00e9ficas por n\u00e3o aquecer at\u00e9 altas temperaturas.<\/p>\n<p>&nbsp;<\/p>\n<p>Os \u00f3leos utilizados para a composi\u00e7\u00e3o da base promovem limpeza profunda e hidrata\u00e7\u00e3o da pele, aumentando a barreira natural e eliminando bact\u00e9rias indesej\u00e1veis como as que desenvolvem a acne. Ajudam na elasticidade previnindo estrias e melhorando assim o aspecto f\u00edsico da pele.<\/p>\n<p>&nbsp;<\/p>\n<p>&nbsp;<\/p>\n<p>A argila verde pertence ao grupo da montmorilonita, \u00e9 a mais conhecida entre as argilas. Ela \u00e9 a que possui a maior diversidade de elementos, como \u00f3xido de ferro associado a magn\u00e9sio, c\u00e1lcio, pot\u00e1ssio, mangan\u00eas, f\u00f3sforo, zinco, alum\u00ednio, sil\u00edcio, cobre, sel\u00eanio, cobalto e molibd\u00eanio. Sua colora\u00e7\u00e3o deve-se principalmente \u00e0 presen\u00e7a do \u00f3xido de ferro ligado aos outros componentes.<\/p>\n<p>&nbsp;<\/p>\n<p>Indicada para peles oleosas e acneicas, possui propriedades adstringentes, esfoliantes e antibactericidas que combatem espinhas e cravos. Esse tipo de argila ajuda regular a produ\u00e7\u00e3o de sebo da c\u00fatis e fechar os poros do rosto.<\/p>\n<p>&nbsp;<\/p>\n<p>&nbsp;<\/p>\n<p>Benef\u00edcios Gerais da Argila Verde<\/p>\n<p>Desintoxicante;<\/p>\n<p>Anti-inflamat\u00f3ria;<\/p>\n<p>Cicatrizante;<\/p>\n<p>Esoliante;<\/p>\n<p>Clareia a pele;<\/p>\n<p>Ajuda na redu\u00e7\u00e3o dos poros;<\/p>\n<p>Controla a oleosidade;<\/p>\n<p>Retarda o envehecimento.<\/p>\n<p>&nbsp;<\/p>\n<p>&nbsp;<\/p>\n<p>\u00c1cidos Graxos<\/p>\n<p>Cont\u00e9m \u00e1cido l\u00e1urico, eficaz no combate a bact\u00e9rias, incluindo a que desenvolve a acne. Al\u00e9m disso, por ser profundamente hidratante, mant\u00e9m as propriedades da pele sem agredi-la, evitando o ressecamento e preservando suas propriedades naturais.<\/p>\n<p>Cont\u00e9m \u00e1cido mir\u00edstico, aumenta a abosor\u00e7\u00e3o da pele fazendo<\/p>\n<p>&nbsp;<\/p>\n<\/div>\n<\/div>\n<\/div>\n<\/div>\n<div id=\"renewedProgramDescriptionBtf_feature_div\" class=\"celwidget\" data-feature-name=\"renewedProgramDescriptionBtf\" data-csa-c-type=\"widget\" data-csa-c-content-id=\"renewedProgramDescriptionBtf\" data-csa-c-slot-id=\"renewedProgramDescriptionBtf_feature_div\" data-csa-c-asin=\"\" data-csa-c-is-in-initial-active-row=\"false\" data-csa-c-id=\"3r6qwt-gycs03-k762vk-j045sz\" data-cel-widget=\"renewedProgramDescriptionBtf_feature_div\"><\/div>\n<div id=\"aplusBrandStory_feature_div\" class=\"celwidget\" data-feature-name=\"aplusBrandStory\" data-csa-c-type=\"widget\" data-csa-c-content-id=\"aplusBrandStory\" data-csa-c-slot-id=\"aplusBrandStory_feature_div\" data-csa-c-asin=\"\" data-csa-c-is-in-initial-active-row=\"false\" data-csa-c-id=\"en7632-mhepmr-vozh9t-wljup\" data-cel-widget=\"aplusBrandStory_feature_div\"><\/div>\n<div id=\"aplus_feature_div\" class=\"celwidget\" data-feature-name=\"aplus\" data-csa-c-type=\"widget\" data-csa-c-content-id=\"aplus\" data-csa-c-slot-id=\"aplus_feature_div\" data-csa-c-asin=\"\" data-csa-c-is-in-initial-active-row=\"false\" data-csa-c-id=\"n5zps5-7ipmzc-81kqll-l1tg13\" data-cel-widget=\"aplus_feature_div\"><\/div>\n<div id=\"productDetailsWithModules_feature_div\" class=\"celwidget\" data-feature-name=\"productDetailsWithModules\" data-csa-c-type=\"widget\" data-csa-c-content-id=\"productDetailsWithModules\" data-csa-c-slot-id=\"productDetailsWithModules_feature_div\" data-csa-c-asin=\"\" data-csa-c-is-in-initial-active-row=\"false\" data-csa-c-id=\"7hkl23-4tbhj6-vs8l59-1ohl4m\" data-cel-widget=\"productDetailsWithModules_feature_div\"><a id=\"productDetails\" name=\"productDetails\"><\/a><\/p>\n<hr class=\"a-divider-normal\" aria-hidden=\"true\" \/>\n<div>\n<div id=\"prodDetails\" class=\"a-section\">\n<h2>Informa\u00e7\u00f5es sobre o produto<\/h2>\n<div class=\"a-row a-spacing-top-base\">\n<div class=\"a-column a-span6\">\n<div class=\"a-row a-spacing-base\">\n<div class=\"a-row a-expander-container a-expander-extend-container\">\n<div class=\"a-row\">\n<div class=\"a-column a-span6\">\n<h1 class=\"a-size-medium a-spacing-small\">Detalhes t\u00e9cnicos<\/h1>\n<\/div>\n<\/div>\n<div class=\"a-expander-content a-expander-extend-content\" aria-expanded=\"true\">\n<div class=\"a-row a-expander-container a-expander-inline-container\">\n<div class=\"a-expander-content a-expander-section-content a-section-expander-inner\" aria-expanded=\"true\">\n<table id=\"productDetails_techSpec_section_1\" class=\"a-keyvalue prodDetTable\" role=\"presentation\">\n<tbody>\n<tr>\n<th class=\"a-color-secondary a-size-base prodDetSectionEntry\">N\u00famero de unidades<\/th>\n<td class=\"a-size-base prodDetAttrValue\">\u200e3<\/td>\n<\/tr>\n<tr>\n<th class=\"a-color-secondary a-size-base prodDetSectionEntry\">Tipo de Pele<\/th>\n<td class=\"a-size-base prodDetAttrValue\">\u200eOleosa, Acneica<\/td>\n<\/tr>\n<tr>\n<th class=\"a-color-secondary a-size-base prodDetSectionEntry\">Dimens\u00f5es do produto<\/th>\n<td class=\"a-size-base prodDetAttrValue\">\u200e16 x 11 x 6 cm; 330 g<\/td>\n<\/tr>\n<tr>\n<th class=\"a-color-secondary a-size-base prodDetSectionEntry\">ASIN<\/th>\n<td class=\"a-size-base prodDetAttrValue\">\u200eB09WZLR3GS<\/td>\n<\/tr>\n<tr>\n<th class=\"a-color-secondary a-size-base prodDetSectionEntry\">EAN<\/th>\n<td class=\"a-size-base prodDetAttrValue\">\u200e7803470816347<\/td>\n<\/tr>\n<tr>\n<th class=\"a-color-secondary a-size-base prodDetSectionEntry\">Marca<\/th>\n<td class=\"a-size-base prodDetAttrValue\">\u200eGeneric<\/td>\n<\/tr>\n<\/tbody>\n<\/table>\n<\/div>\n<\/div>\n<\/div>\n<\/div>\n<\/div>\n<div class=\"a-row a-spacing-base\"><\/div>\n<\/div>\n<div class=\"a-column a-span6 a-span-last\">\n<div class=\"a-row a-spacing-base\">\n<div id=\"productDetails_db_sections\" class=\"a-section\">\n<h1 class=\"a-size-medium a-spacing-small secHeader\">Informa\u00e7\u00f5es adicionais<\/h1>\n<div class=\"a-section table-padding\">\n<table id=\"productDetails_detailBullets_sections1\" class=\"a-keyvalue prodDetTable\" role=\"presentation\">\n<tbody>\n<tr>\n<th class=\"a-color-secondary a-size-base prodDetSectionEntry\">Dimens\u00f5es do pacote<\/th>\n<td class=\"a-size-base prodDetAttrValue\">16 x 11 x 6 cent\u00edmetros<\/td>\n<\/tr>\n<\/tbody>\n<\/table>\n<\/div>\n<hr class=\"a-divider-normal bucketDivider\" aria-hidden=\"true\" \/>\n<h2>Detalhes do produto<\/h2>\n<div id=\"detailBullets_feature_div\">\n<ul class=\"a-unordered-list a-nostyle a-vertical a-spacing-none detail-bullet-list\">\n<li><span class=\"a-list-item\"><span class=\"a-text-bold\">Dimens\u00f5es do produto \u200f : \u200e\u00a0<\/span>16 x 11 x 6 cm; 330 g<\/span><\/li>\n<li><span class=\"a-list-item\"><span class=\"a-text-bold\">ASIN \u200f : \u200e\u00a0<\/span>B09WZLR3GS<\/span><\/li>\n<\/ul>\n<\/div>\n<\/div>\n<\/div>\n<\/div>\n<\/div>\n<\/div>\n<\/div>\n<\/div>\n<\/div>\n<\/div>\n","protected":false},"excerpt":{"rendered":"<p>Sabonete Artesanal Hidratante Com Argila Verde 110 gramas. Sabonete 100% natural e artesanal, produzido atrav\u00e9s do &#8220;cold process&#8221; ou ent\u00e3o saponifica\u00e7\u00e3o a frio, o que torna a barra duradoura e mais homog\u00eanea, mantendo as propriedades ben\u00e9ficas por n\u00e3o aquecer at\u00e9 altas temperaturas.<\/p>\n<p>&nbsp;<\/p>\n","protected":false},"featured_media":4818,"comment_status":"open","ping_status":"closed","template":"","meta":[],"product_brand":[],"product_cat":[613,16,467,422,36,605],"product_tag":[],"class_list":{"0":"post-4817","1":"product","2":"type-product","3":"status-publish","4":"has-post-thumbnail","6":"product_cat-amazon","7":"product_cat-beleza-bem-estar-e-saude","8":"product_cat-corporal","9":"product_cat-cuidados-com-a-pele","10":"product_cat-dermocosmeticos-e-tratamentos","11":"product_cat-lojas","13":"first","14":"instock","15":"shipping-taxable","16":"product-type-external"},"_links":{"self":[{"href":"https:\/\/barzo.com.br\/shop\/wp-json\/wp\/v2\/product\/4817","targetHints":{"allow":["GET"]}}],"collection":[{"href":"https:\/\/barzo.com.br\/shop\/wp-json\/wp\/v2\/product"}],"about":[{"href":"https:\/\/barzo.com.br\/shop\/wp-json\/wp\/v2\/types\/product"}],"replies":[{"embeddable":true,"href":"https:\/\/barzo.com.br\/shop\/wp-json\/wp\/v2\/comments?post=4817"}],"wp:featuredmedia":[{"embeddable":true,"href":"https:\/\/barzo.com.br\/shop\/wp-json\/wp\/v2\/media\/4818"}],"wp:attachment":[{"href":"https:\/\/barzo.com.br\/shop\/wp-json\/wp\/v2\/media?parent=4817"}],"wp:term":[{"taxonomy":"product_brand","embeddable":true,"href":"https:\/\/barzo.com.br\/shop\/wp-json\/wp\/v2\/product_brand?post=4817"},{"taxonomy":"product_cat","embeddable":true,"href":"https:\/\/barzo.com.br\/shop\/wp-json\/wp\/v2\/product_cat?post=4817"},{"taxonomy":"product_tag","embeddable":true,"href":"https:\/\/barzo.com.br\/shop\/wp-json\/wp\/v2\/product_tag?post=4817"}],"curies":[{"name":"wp","href":"https:\/\/api.w.org\/{rel}","templated":true}]}}