{"id":4807,"date":"2023-03-29T00:24:06","date_gmt":"2023-03-29T03:24:06","guid":{"rendered":"https:\/\/barzo.com.br\/shop\/?post_type=product&#038;p=4807"},"modified":"2023-03-29T00:41:54","modified_gmt":"2023-03-29T03:41:54","slug":"blackdecker-cafeteira-programavel-inox","status":"publish","type":"product","link":"https:\/\/barzo.com.br\/shop\/produto\/blackdecker-cafeteira-programavel-inox\/","title":{"rendered":"BLACK+DECKER Cafeteira Program\u00e1vel Inox 30 Caf\u00e9s\/Xicaras Gourmand Gris 127V CM300G"},"content":{"rendered":"<div id=\"productOverview_feature_div\" class=\"celwidget\" data-feature-name=\"productOverview\" data-csa-c-type=\"widget\" data-csa-c-content-id=\"productOverview\" data-csa-c-slot-id=\"productOverview_feature_div\" data-csa-c-asin=\"B08ZKP5M2K\" data-csa-c-is-in-initial-active-row=\"false\" data-csa-c-id=\"qsi3px-q1b20y-z9i66m-5m12u0\">\n<div class=\"a-section a-spacing-small a-spacing-top-small\">\n<h2 class=\"default\">Descri\u00e7\u00e3o do produto<\/h2>\n<div id=\"productDescription\" class=\"a-section a-spacing-small\">\n<p>Tomar um caf\u00e9 quentinho logo ao acordar agora \u00e9 poss\u00edvel com a cafeteira program\u00e1vel CM300G da BLACK+DECKER! Defina o hor\u00e1rio em que seu caf\u00e9 ser\u00e1 passado com at\u00e9 24 h de anteced\u00eancia. Voc\u00ea tamb\u00e9m pode ajustar o n\u00edvel de intensidade, para desfrutar um caf\u00e9 suave ou mais intenso. Sua jarra de inox proporciona maior durabilidade e resist\u00eancia no manuseio. Com capacidade para at\u00e9 30 cafezinhos, a CM300G \u00e9 ideal para fam\u00edlias ou pequenos escrit\u00f3rios. Caf\u00e9 quentinho a toda hora? Com a BLACK+DECKER, fica f\u00e1cil!<\/p>\n<\/div>\n<table class=\"a-normal a-spacing-micro\">\n<tbody>\n<tr class=\"a-spacing-small po-brand\">\n<td class=\"a-span3\"><span class=\"a-size-base a-text-bold\">Marca<\/span><\/td>\n<td class=\"a-span9\"><span class=\"a-size-base po-break-word\">Black+Decker<\/span><\/td>\n<\/tr>\n<tr class=\"a-spacing-small po-capacity\">\n<td class=\"a-span3\"><span class=\"a-size-base a-text-bold\">Capacidade<\/span><\/td>\n<td class=\"a-span9\"><span class=\"a-size-base po-break-word\">1.25 Liters<\/span><\/td>\n<\/tr>\n<tr class=\"a-spacing-small po-color\">\n<td class=\"a-span3\"><span class=\"a-size-base a-text-bold\">Cor<\/span><\/td>\n<td class=\"a-span9\"><span class=\"a-size-base po-break-word\">Cinza<\/span><\/td>\n<\/tr>\n<tr class=\"a-spacing-small po-item_depth_width_height\">\n<td class=\"a-span3\"><span class=\"a-size-base a-text-bold\">Dimens\u00f5es do produto<\/span><\/td>\n<td class=\"a-span9\"><span class=\"a-size-base po-break-word\">22.6D x 28.6W x 37.8H cent\u00edmetros<\/span><\/td>\n<\/tr>\n<tr class=\"a-spacing-small po-material\">\n<td class=\"a-span3\"><span class=\"a-size-base a-text-bold\">Material<\/span><\/td>\n<td class=\"a-span9\"><span class=\"a-size-base po-break-word\">Pl\u00e1stico, A\u00e7o inoxid\u00e1vel<\/span><\/td>\n<\/tr>\n<\/tbody>\n<\/table>\n<\/div>\n<\/div>\n<div id=\"featurebullets_feature_div\" class=\"celwidget\" data-feature-name=\"featurebullets\" data-csa-c-type=\"widget\" data-csa-c-content-id=\"featurebullets\" data-csa-c-slot-id=\"featurebullets_feature_div\" data-csa-c-asin=\"B08ZKP5M2K\" data-csa-c-is-in-initial-active-row=\"false\" data-csa-c-id=\"p7y0kl-jqkjjh-j7ok37-n1lmld\">\n<div id=\"feature-bullets\" class=\"a-section a-spacing-medium a-spacing-top-small\">\n<hr \/>\n<h1 class=\"a-size-base-plus a-text-bold\">Sobre este item<\/h1>\n<ul class=\"a-unordered-list a-vertical a-spacing-mini\">\n<li><span class=\"a-list-item\">Verifique a voltagem antes de comprar o produto para certificar-se de que corresponde \u00e0 da sua regi\u00e3o<\/span><\/li>\n<li><span class=\"a-list-item\">900 watts<\/span><\/li>\n<li><span class=\"a-list-item\">program\u00e1vel at\u00e9 24 horas<\/span><\/li>\n<li><span class=\"a-list-item\">Jarra em A\u00e7o Inox<\/span><\/li>\n<li><span class=\"a-list-item\">filtro permanente e fun\u00e7\u00e3o manter aquecido<\/span><\/li>\n<\/ul>\n<\/div>\n<div id=\"aplus_feature_div\" class=\"celwidget\" data-feature-name=\"aplus\" data-csa-c-type=\"widget\" data-csa-c-content-id=\"aplus\" data-csa-c-slot-id=\"aplus_feature_div\" data-csa-c-asin=\"\" data-csa-c-is-in-initial-active-row=\"false\" data-csa-c-id=\"x1nqef-6ni37x-2wif2t-eboevw\">\n<div id=\"aplus\" class=\"a-section a-spacing-large bucket\">\n<h2>Do fabricante<\/h2>\n<div class=\"aplus-v2 desktop celwidget\" data-csa-c-id=\"d7lz5a-rfzx1d-q5zlqx-o2hj2r\">\n<div class=\"celwidget aplus-module module-12 aplus-standard\" data-csa-c-id=\"tvmdvq-nhrdn9-859w3h-ax2uov\">\n<div class=\"a-expander-collapsed-height a-row a-expander-container a-expander-partial-collapse-container\" data-a-expander-name=\"aplus-module-expander\" data-a-expander-collapsed-height=\"360\">\n<div class=\"a-expander-content a-expander-partial-collapse-content\" aria-expanded=\"false\">\n<div class=\"aplus-module-wrapper apm-spacing apm-floatnone apm-fixed-width\">\n<div class=\"apm-sidemodule aplus-module-content\">\n<div class=\"apm-hero-image\"><img decoding=\"async\" class=\"\" src=\"https:\/\/m.media-amazon.com\/images\/S\/aplus-media\/vc\/084c7ed6-4650-475c-8cf8-d9a0baf719f3.__CR0,0,970,300_PT0_SX970_V1___.png\" alt=\"CM300G Banner1\" data-src=\"https:\/\/m.media-amazon.com\/images\/S\/aplus-media\/vc\/084c7ed6-4650-475c-8cf8-d9a0baf719f3.__CR0,0,970,300_PT0_SX970_V1___.png\" \/><\/div>\n<\/div>\n<\/div>\n<div><\/div>\n<\/div>\n<\/div>\n<\/div>\n<div class=\"celwidget aplus-module module-12 aplus-standard\" data-csa-c-id=\"fjuupv-c4cwif-sxyosn-veasnt\">\n<div class=\"a-expander-collapsed-height a-row a-expander-container a-expander-partial-collapse-container\" data-a-expander-name=\"aplus-module-expander\" data-a-expander-collapsed-height=\"360\">\n<div class=\"a-expander-content a-expander-partial-collapse-content\" aria-expanded=\"false\">\n<div class=\"aplus-module-wrapper apm-spacing apm-floatnone apm-fixed-width\">\n<div class=\"apm-sidemodule aplus-module-content\">\n<div class=\"apm-hero-image\"><img decoding=\"async\" class=\"\" src=\"https:\/\/m.media-amazon.com\/images\/S\/aplus-media\/vc\/4f0e8037-5615-4d8a-8e6a-b85db0c6e4f4.__CR0,0,970,300_PT0_SX970_V1___.png\" alt=\"CM300G Banner2\" data-src=\"https:\/\/m.media-amazon.com\/images\/S\/aplus-media\/vc\/4f0e8037-5615-4d8a-8e6a-b85db0c6e4f4.__CR0,0,970,300_PT0_SX970_V1___.png\" \/><\/div>\n<\/div>\n<\/div>\n<div><\/div>\n<\/div>\n<\/div>\n<\/div>\n<div class=\"celwidget aplus-module module-12 aplus-standard\" data-csa-c-id=\"5xcqhk-4vil7v-ipdej2-1hktqq\">\n<div class=\"a-expander-collapsed-height a-row a-expander-container a-expander-partial-collapse-container\" data-a-expander-name=\"aplus-module-expander\" data-a-expander-collapsed-height=\"360\">\n<div class=\"a-expander-content a-expander-partial-collapse-content\" aria-expanded=\"false\">\n<div class=\"aplus-module-wrapper apm-spacing apm-floatnone apm-fixed-width\">\n<div class=\"apm-sidemodule aplus-module-content\">\n<div class=\"apm-hero-image\"><img decoding=\"async\" class=\"\" src=\"https:\/\/m.media-amazon.com\/images\/S\/aplus-media-library-service-media\/bbed3518-f947-460a-bd8d-5de2cb3ce31a.__CR0,1,970,300_PT0_SX970_V1___.png\" alt=\"Linha Gourmand Gris\" data-src=\"https:\/\/m.media-amazon.com\/images\/S\/aplus-media-library-service-media\/bbed3518-f947-460a-bd8d-5de2cb3ce31a.__CR0,1,970,300_PT0_SX970_V1___.png\" \/><\/div>\n<\/div>\n<\/div>\n<div><\/div>\n<\/div>\n<\/div>\n<\/div>\n<\/div>\n<\/div>\n<\/div>\n<div id=\"legal_feature_div\" class=\"celwidget\" data-feature-name=\"legal_NA\" data-csa-c-type=\"widget\" data-csa-c-content-id=\"legal_NA\" data-csa-c-slot-id=\"legal_feature_div\" data-csa-c-asin=\"\" data-csa-c-is-in-initial-active-row=\"false\" data-csa-c-id=\"cbcj71-10our0-3mtefb-nee9px\"><\/div>\n<div id=\"productDescription_feature_div\" class=\"celwidget\" data-feature-name=\"productDescription_NA\" data-csa-c-type=\"widget\" data-csa-c-content-id=\"productDescription_NA\" data-csa-c-slot-id=\"productDescription_feature_div\" data-csa-c-asin=\"\" data-csa-c-is-in-initial-active-row=\"false\" data-csa-c-id=\"jjkg5f-b6ip3e-cqswvu-ancse0\">\n<div>\n<div id=\"productDescription_feature_div\" class=\"a-row feature\" data-feature-name=\"productDescription\" data-template-name=\"productDescription\">\n<div class=\"a-divider a-divider-section\">\n<div class=\"a-divider-inner\"><\/div>\n<\/div>\n<h2 class=\"default\">Descri\u00e7\u00e3o do produto<\/h2>\n<div id=\"productDescription\" class=\"a-section a-spacing-small\">\n<p>Tomar um caf\u00e9 quentinho logo ao acordar agora \u00e9 poss\u00edvel com a cafeteira program\u00e1vel CM300G da BLACK+DECKER! Defina o hor\u00e1rio em que seu caf\u00e9 ser\u00e1 passado com at\u00e9 24 h de anteced\u00eancia. Voc\u00ea tamb\u00e9m pode ajustar o n\u00edvel de intensidade, para desfrutar um caf\u00e9 suave ou mais intenso. Sua jarra de inox proporciona maior durabilidade e resist\u00eancia no manuseio. Com capacidade para at\u00e9 30 cafezinhos, a CM300G \u00e9 ideal para fam\u00edlias ou pequenos escrit\u00f3rios. Caf\u00e9 quentinho a toda hora? Com a BLACK+DECKER, fica f\u00e1cil!<\/p>\n<\/div>\n<h2>Informa\u00e7\u00f5es sobre o produto<\/h2>\n<div class=\"a-row a-spacing-top-base\">\n<div class=\"a-column a-span6\">\n<div class=\"a-row a-spacing-base\">\n<div class=\"a-row a-expander-container a-expander-extend-container\">\n<div class=\"a-row\">\n<div class=\"a-column a-span6\">\n<h1 class=\"a-size-medium a-spacing-small\">Detalhes t\u00e9cnicos<\/h1>\n<\/div>\n<\/div>\n<div class=\"a-expander-content a-expander-extend-content\" aria-expanded=\"true\">\n<div class=\"a-row a-expander-container a-expander-inline-container\">\n<div class=\"a-expander-content a-expander-section-content a-section-expander-inner\" aria-expanded=\"true\">\n<table id=\"productDetails_techSpec_section_1\" class=\"a-keyvalue prodDetTable\" role=\"presentation\">\n<tbody>\n<tr>\n<th class=\"a-color-secondary a-size-base prodDetSectionEntry\">Nome da marca<\/th>\n<td class=\"a-size-base prodDetAttrValue\">\u200eBlack+Decker<\/td>\n<\/tr>\n<tr>\n<th class=\"a-color-secondary a-size-base prodDetSectionEntry\">Fabricante<\/th>\n<td class=\"a-size-base prodDetAttrValue\">\u200eBlack &amp; Decker<\/td>\n<\/tr>\n<tr>\n<th class=\"a-color-secondary a-size-base prodDetSectionEntry\">Modelo<\/th>\n<td class=\"a-size-base prodDetAttrValue\">\u200eCM300G-BR<\/td>\n<\/tr>\n<tr>\n<th class=\"a-color-secondary a-size-base prodDetSectionEntry\">Cor<\/th>\n<td class=\"a-size-base prodDetAttrValue\">\u200eCinza<\/td>\n<\/tr>\n<tr>\n<th class=\"a-color-secondary a-size-base prodDetSectionEntry\">Registro no Inmetro<\/th>\n<td class=\"a-size-base prodDetAttrValue\">\u200eINMETRO: 00\/0000; N\u00e3o aplic\u00e1vel<\/td>\n<\/tr>\n<tr>\n<th class=\"a-color-secondary a-size-base prodDetSectionEntry\">Nome do modelo<\/th>\n<td class=\"a-size-base prodDetAttrValue\">\u200eBlack &amp; Decker<\/td>\n<\/tr>\n<tr>\n<th class=\"a-color-secondary a-size-base prodDetSectionEntry\">Ano<\/th>\n<td class=\"a-size-base prodDetAttrValue\">\u200e2021<\/td>\n<\/tr>\n<tr>\n<th class=\"a-color-secondary a-size-base prodDetSectionEntry\">N\u00famero da pe\u00e7a<\/th>\n<td class=\"a-size-base prodDetAttrValue\">\u200eCM300G-BR<\/td>\n<\/tr>\n<tr>\n<th class=\"a-color-secondary a-size-base prodDetSectionEntry\">Pe\u00e7as para montagem<\/th>\n<td class=\"a-size-base prodDetAttrValue\">\u200eCafeteira<\/td>\n<\/tr>\n<tr>\n<th class=\"a-color-secondary a-size-base prodDetSectionEntry\">N\u00famero de unidades<\/th>\n<td class=\"a-size-base prodDetAttrValue\">\u200e1<\/td>\n<\/tr>\n<tr>\n<th class=\"a-color-secondary a-size-base prodDetSectionEntry\">Voltagem<\/th>\n<td class=\"a-size-base prodDetAttrValue\">\u200e110 Volts<\/td>\n<\/tr>\n<tr>\n<th class=\"a-color-secondary a-size-base prodDetSectionEntry\">Etiqueta Nacional de Efici\u00eancia Energ\u00e9tica (ENCE)<\/th>\n<td class=\"a-size-base prodDetAttrValue\">\u200e1<\/td>\n<\/tr>\n<tr>\n<th class=\"a-color-secondary a-size-base prodDetSectionEntry\">Pot\u00eancia em watts<\/th>\n<td class=\"a-size-base prodDetAttrValue\">\u200e900 watts<\/td>\n<\/tr>\n<tr>\n<th class=\"a-color-secondary a-size-base prodDetSectionEntry\">Tipo de fonte de energia<\/th>\n<td class=\"a-size-base prodDetAttrValue\">\u200eEnergia el\u00e9trica<\/td>\n<\/tr>\n<tr>\n<th class=\"a-color-secondary a-size-base prodDetSectionEntry\">Funciona com baterias<\/th>\n<td class=\"a-size-base prodDetAttrValue\">\u200eN\u00e3o<\/td>\n<\/tr>\n<tr>\n<th class=\"a-color-secondary a-size-base prodDetSectionEntry\">Tipo de material<\/th>\n<td class=\"a-size-base prodDetAttrValue\">\u200ePl\u00e1stico, A\u00e7o inoxid\u00e1vel<\/td>\n<\/tr>\n<tr>\n<th class=\"a-color-secondary a-size-base prodDetSectionEntry\">Cont\u00e9m l\u00edquido?<\/th>\n<td class=\"a-size-base prodDetAttrValue\">\u200eN\u00e3o<\/td>\n<\/tr>\n<tr>\n<th class=\"a-color-secondary a-size-base prodDetSectionEntry\">Fabricante<\/th>\n<td class=\"a-size-base prodDetAttrValue\">\u200eBlack &amp; Decker<\/td>\n<\/tr>\n<tr>\n<th class=\"a-color-secondary a-size-base prodDetSectionEntry\">N\u00famero do modelo<\/th>\n<td class=\"a-size-base prodDetAttrValue\">\u200eCM300G-BR<\/td>\n<\/tr>\n<tr>\n<th class=\"a-color-secondary a-size-base prodDetSectionEntry\">Dimens\u00f5es do produto<\/th>\n<td class=\"a-size-base prodDetAttrValue\">\u200e28.6 x 37.8 x 22.6 cm; 1.8 Quilogramas<\/td>\n<\/tr>\n<tr>\n<th class=\"a-color-secondary a-size-base prodDetSectionEntry\">ASIN<\/th>\n<td class=\"a-size-base prodDetAttrValue\">\u200eB08ZKP5M2K<\/td>\n<\/tr>\n<tr>\n<th class=\"a-color-secondary a-size-base prodDetSectionEntry\">EAN<\/th>\n<td class=\"a-size-base prodDetAttrValue\">\u200e7896525060086<\/td>\n<\/tr>\n<\/tbody>\n<\/table>\n<\/div>\n<\/div>\n<\/div>\n<\/div>\n<\/div>\n<div class=\"a-row a-spacing-base\"><\/div>\n<\/div>\n<div class=\"a-column a-span6 a-span-last\">\n<div class=\"a-row a-spacing-base\">\n<div id=\"productDetails_db_sections\" class=\"a-section\">\n<h1 class=\"a-size-medium a-spacing-small secHeader\">Informa\u00e7\u00f5es adicionais<\/h1>\n<div class=\"a-section table-padding\">\n<table id=\"productDetails_detailBullets_sections1\" class=\"a-keyvalue prodDetTable\" role=\"presentation\">\n<tbody>\n<tr>\n<th class=\"a-color-secondary a-size-base prodDetSectionEntry\">Dimens\u00f5es do pacote<\/th>\n<td class=\"a-size-base prodDetAttrValue\">36.8 x 29.5 x 23.3 cent\u00edmetros<\/td>\n<\/tr>\n<\/tbody>\n<\/table>\n<\/div>\n<\/div>\n<h2>Assine <a href=\"https:\/\/amzn.to\/4092Oxm\" target=\"_blank\" rel=\"noopener\">Amazon Prime<\/a>, conhe\u00e7as as vantagens\u00a0<a href=\"https:\/\/amzn.to\/4092Oxm\" target=\"_blank\" rel=\"noopener\">aqui<\/a>!<\/h2>\n<\/div>\n<\/div>\n<\/div>\n<\/div>\n<\/div>\n<\/div>\n<\/div>\n","protected":false},"excerpt":{"rendered":"<p class=\"default\">Tomar um caf\u00e9 quentinho logo ao acordar agora \u00e9 poss\u00edvel com a cafeteira program\u00e1vel CM300G da BLACK+DECKER! Defina o hor\u00e1rio em que seu caf\u00e9 ser\u00e1 passado com at\u00e9 24 h de anteced\u00eancia. Voc\u00ea tamb\u00e9m pode ajustar o n\u00edvel de intensidade, para desfrutar um caf\u00e9 suave ou mais intenso. Sua jarra de inox proporciona maior durabilidade e resist\u00eancia no manuseio. Com capacidade para at\u00e9 30 cafezinhos, a CM300G \u00e9 ideal para fam\u00edlias ou pequenos escrit\u00f3rios. Caf\u00e9 quentinho a toda hora? Com a BLACK+DECKER, fica f\u00e1cil!<\/p>\n","protected":false},"featured_media":4808,"comment_status":"open","ping_status":"closed","template":"","meta":[],"product_brand":[],"product_cat":[899,613,94,21,605],"product_tag":[1066,1067,1051,1007],"class_list":{"0":"post-4807","1":"product","2":"type-product","3":"status-publish","4":"has-post-thumbnail","6":"product_cat-achadinhos","7":"product_cat-amazon","8":"product_cat-cafeteira","9":"product_cat-eletroportateis","10":"product_cat-lojas","11":"product_tag-cafeteira-inox","12":"product_tag-cafeteira-programavel","13":"product_tag-casa-inteligente","14":"product_tag-casa-pratica","16":"first","17":"instock","18":"shipping-taxable","19":"product-type-external"},"_links":{"self":[{"href":"https:\/\/barzo.com.br\/shop\/wp-json\/wp\/v2\/product\/4807","targetHints":{"allow":["GET"]}}],"collection":[{"href":"https:\/\/barzo.com.br\/shop\/wp-json\/wp\/v2\/product"}],"about":[{"href":"https:\/\/barzo.com.br\/shop\/wp-json\/wp\/v2\/types\/product"}],"replies":[{"embeddable":true,"href":"https:\/\/barzo.com.br\/shop\/wp-json\/wp\/v2\/comments?post=4807"}],"wp:featuredmedia":[{"embeddable":true,"href":"https:\/\/barzo.com.br\/shop\/wp-json\/wp\/v2\/media\/4808"}],"wp:attachment":[{"href":"https:\/\/barzo.com.br\/shop\/wp-json\/wp\/v2\/media?parent=4807"}],"wp:term":[{"taxonomy":"product_brand","embeddable":true,"href":"https:\/\/barzo.com.br\/shop\/wp-json\/wp\/v2\/product_brand?post=4807"},{"taxonomy":"product_cat","embeddable":true,"href":"https:\/\/barzo.com.br\/shop\/wp-json\/wp\/v2\/product_cat?post=4807"},{"taxonomy":"product_tag","embeddable":true,"href":"https:\/\/barzo.com.br\/shop\/wp-json\/wp\/v2\/product_tag?post=4807"}],"curies":[{"name":"wp","href":"https:\/\/api.w.org\/{rel}","templated":true}]}}