{"id":4805,"date":"2023-03-28T23:54:34","date_gmt":"2023-03-29T02:54:34","guid":{"rendered":"https:\/\/barzo.com.br\/shop\/?post_type=product&#038;p=4805"},"modified":"2023-03-29T00:41:15","modified_gmt":"2023-03-29T03:41:15","slug":"camera-lampada-wifi-seguranca-360","status":"publish","type":"product","link":"https:\/\/barzo.com.br\/shop\/produto\/camera-lampada-wifi-seguranca-360\/","title":{"rendered":"Camera L\u00e2mpada Wifi Ip Seguran\u00e7a Panor\u00e2mica Girat\u00f3ria 360 1080P com Vis\u00e3o Noturna Pet"},"content":{"rendered":"<div id=\"productOverview_feature_div\" class=\"celwidget\" data-feature-name=\"productOverview\" data-csa-c-type=\"widget\" data-csa-c-content-id=\"productOverview\" data-csa-c-slot-id=\"productOverview_feature_div\" data-csa-c-asin=\"B0BQ5GCM1X\" data-csa-c-is-in-initial-active-row=\"false\" data-csa-c-id=\"7m9nvs-cb3xza-ierduy-v13pq5\" data-cel-widget=\"productOverview_feature_div\">\n<div class=\"a-section a-spacing-small a-spacing-top-small\">\n<table class=\"a-normal a-spacing-micro\">\n<tbody>\n<tr class=\"a-spacing-small po-recommended_uses_for_product\">\n<td class=\"a-span3\"><span class=\"a-size-base a-text-bold\">Adequa\u00e7\u00e3o do controle por r\u00e1dio<\/span><\/td>\n<td class=\"a-span9\"><span class=\"a-size-base po-break-word\">Seguran\u00e7a interna<\/span><\/td>\n<\/tr>\n<tr class=\"a-spacing-small po-brand\">\n<td class=\"a-span3\"><span class=\"a-size-base a-text-bold\">Marca<\/span><\/td>\n<td class=\"a-span9\"><span class=\"a-size-base po-break-word\"><span style=\"vertical-align: inherit;\"><span style=\"vertical-align: inherit;\">Gen\u00e9rico<\/span><\/span><\/span><\/td>\n<\/tr>\n<tr class=\"a-spacing-small po-connectivity_technology\">\n<td class=\"a-span3\"><span class=\"a-size-base a-text-bold\">Tecnologia de conectividade<\/span><\/td>\n<td class=\"a-span9\"><span class=\"a-size-base po-break-word\">Sem fio<\/span><\/td>\n<\/tr>\n<tr class=\"a-spacing-small po-special_feature\">\n<td class=\"a-span3\"><span class=\"a-size-base a-text-bold\">Caracter\u00edsticas especiais<\/span><\/td>\n<td class=\"a-span9\"><span class=\"a-size-base po-break-word\">Grava\u00e7\u00e3o local<\/span><\/td>\n<\/tr>\n<tr class=\"a-spacing-small po-indoor_outdoor_usage\">\n<td class=\"a-span3\"><span class=\"a-size-base a-text-bold\">Ambiente interno\/externo<\/span><\/td>\n<td class=\"a-span9\"><span class=\"a-size-base po-break-word\"><span style=\"vertical-align: inherit;\"><span style=\"vertical-align: inherit;\">Exterior<\/span><\/span><\/span><\/td>\n<\/tr>\n<\/tbody>\n<\/table>\n<\/div>\n<\/div>\n<div id=\"featurebullets_feature_div\" class=\"celwidget\" data-feature-name=\"featurebullets\" data-csa-c-type=\"widget\" data-csa-c-content-id=\"featurebullets\" data-csa-c-slot-id=\"featurebullets_feature_div\" data-csa-c-asin=\"B0BQ5GCM1X\" data-csa-c-is-in-initial-active-row=\"false\" data-csa-c-id=\"n5lqmb-9oul30-fy28hc-c2o7tt\" data-cel-widget=\"featurebullets_feature_div\">\n<div id=\"feature-bullets\" class=\"a-section a-spacing-medium a-spacing-top-small\">\n<hr \/>\n<h2 class=\"default\">Descri\u00e7\u00e3o do produto<\/h2>\n<div id=\"productDescription\" class=\"a-section a-spacing-small\">\n<p>&nbsp;<\/p>\n<p>Manter a casa segura e protegida ficou muito mais f\u00e1cil.<\/p>\n<p>&nbsp;<\/p>\n<p>Monitore as imagens da c\u00e2mera lampada atrav\u00e9s de seu celular, utilizando o aplicativo YOOSEE. Voc\u00ea consegue movimentar a c\u00e2mera lampada atrav\u00e9s do celular, tirar foto do que se passa na lente da c\u00e2mera, gravar e salvar no celular momentos espec\u00edficos e desejados, acender os leds ou desligar os leds da c\u00e2mera, programar modo de detec\u00e7\u00e3o de movimento, entre outras fun\u00e7\u00f5es poss\u00edveis atrav\u00e9s do aplicativo.<\/p>\n<p>&nbsp;<\/p>\n<\/div>\n<h1 class=\"a-size-base-plus a-text-bold\">Sobre este item<\/h1>\n<ul class=\"a-unordered-list a-vertical a-spacing-mini\">\n<li><span class=\"a-list-item\">Ideal para monitorar resid\u00eancias, Com\u00e9rcios, Escolas, Lojas, Escrit\u00f3rios e Pets<\/span><\/li>\n<\/ul>\n<\/div>\n<div id=\"productDescription\" class=\"a-section a-spacing-small\">\n<p>&nbsp;<\/p>\n<p>Basta conectar em uma soquete de l\u00e2mpada padr\u00e3o E27 e pronto, instala\u00e7\u00e3o r\u00e1pida e f\u00e1cil sem a necessidade de t\u00e9cnicos ou m\u00e3o de obra especializada.<\/p>\n<p>&nbsp;<\/p>\n<p>CARACTER\u00cdSTICAS:<\/p>\n<p>&#8211; 10 a 15m (ir led) dia e vis\u00e3o noturna<\/p>\n<p>&#8211; Suporte de rastreamento autom\u00e1tico e fun\u00e7\u00e3o de tom de alarme<\/p>\n<p>&#8211; Conex\u00e3o wi-fi sem fio<\/p>\n<p>&#8211; Suporte de \u00e1udio bidirecional fale em tempo real<\/p>\n<p>&#8211; Suporte pan 355 graus\/inclina\u00e7\u00e3o 90 graus<\/p>\n<p>&#8211; Suporte tf cart\u00e3o m\u00e1ximo 128gb cart\u00e3o de mem\u00f3ria (N\u00c3O INCLUSO)<\/p>\n<p>&#8211; Suporte human\u00f3ide inteligente alerta duplo luz<\/p>\n<p>&#8211; Suporte posi\u00e7\u00e3o predefinida\/voz de alerta e alarme bell\/fun\u00e7\u00e3o de cruzeiro<\/p>\n<p>&#8211; Visualiza\u00e7\u00e3o remota atrav\u00e9s de app no smartphone<\/p>\n<p><span style=\"vertical-align: inherit;\"><span style=\"vertical-align: inherit;\">&#8211; zoom digital 4x<\/span><\/span><\/p>\n<p>&nbsp;<\/p>\n<p>ESPECIFICA\u00c7\u00d5ES:<\/p>\n<p>&#8211; Tipo: C\u00e2mera Lampada IP<\/p>\n<p>&#8211; Alta defini\u00e7\u00e3o: 1080p (HD completo)<\/p>\n<p>&#8211; Lente (mm) : 3.6mm<\/p>\n<p>&#8211; Cor: Branco<\/p>\n<p>&#8211; Compatibilidade: Wi-Fi 2.4 GHz<\/p>\n<p><span style=\"vertical-align: inherit;\"><span style=\"vertical-align: inherit;\">-Sensor: cmos<\/span><\/span><\/p>\n<p>&#8211; Megapixels: 2mp<\/p>\n<p>&#8211; A\u00e7\u00e3o do alarme: alarme do telefone<\/p>\n<p>&#8211; Formato de compress\u00e3o de v\u00eddeo: h.264<\/p>\n<p>&#8211; Fonte de alimenta\u00e7\u00e3o: E27<\/p>\n<p>&#8211; Ilumina\u00e7\u00e3o m\u00ednima (lux) : 0.1<\/p>\n<p>&#8211; Conectividade: ip\/rede sem fio<\/p>\n<p>&#8211; Tf cart\u00e3o: 128g tf cart\u00e3o (N\u00c3O INCLUSO)<\/p>\n<p>&#8211; \u00c2ngulo de vis\u00e3o: 355 \u00b0 (n\u00edvel)\/90 \u00b0 (vertical)<\/p>\n<p>&#8211; Protocolo de cabo de rede: wi-fi\/802.11\/b\/g<\/p>\n<p>&#8211; Modo noturno: vis\u00e3o noturna infravermelha<\/p>\n<p>&#8211; Sistemas m\u00f3veis suportados: android\/ios<\/p>\n<p>&#8211; Aplicativo: Yoosee<\/p>\n<p>&#8211; Fonte de alimenta\u00e7\u00e3o: e27 110-240v<\/p>\n<\/div>\n<\/div>\n<div class=\"a-column a-span6\">\n<div class=\"a-row a-spacing-base\">\n<div class=\"a-row a-expander-container a-expander-extend-container\">\n<div class=\"a-row\">\n<div class=\"a-column a-span6\">\n<h1 class=\"a-size-medium a-spacing-small\">Detalhes t\u00e9cnicos<\/h1>\n<\/div>\n<\/div>\n<div class=\"a-expander-content a-expander-extend-content\" aria-expanded=\"true\">\n<div class=\"a-row a-expander-container a-expander-inline-container\">\n<div class=\"a-expander-content a-expander-section-content a-section-expander-inner\" aria-expanded=\"true\">\n<table id=\"productDetails_techSpec_section_1\" class=\"a-keyvalue prodDetTable\" role=\"presentation\">\n<tbody>\n<tr>\n<th class=\"a-color-secondary a-size-base prodDetSectionEntry\">Fabricante<\/th>\n<td class=\"a-size-base prodDetAttrValue\"><span style=\"vertical-align: inherit;\"><span style=\"vertical-align: inherit;\">\u200eGen\u00e9rico<\/span><\/span><\/td>\n<\/tr>\n<tr>\n<th class=\"a-color-secondary a-size-base prodDetSectionEntry\">Cor<\/th>\n<td class=\"a-size-base prodDetAttrValue\">\u200eBranco<\/td>\n<\/tr>\n<tr>\n<th class=\"a-color-secondary a-size-base prodDetSectionEntry\">Tipo de fonte de energia<\/th>\n<td class=\"a-size-base prodDetAttrValue\">\u200eEl\u00e9trico com fio<\/td>\n<\/tr>\n<tr>\n<th class=\"a-color-secondary a-size-base prodDetSectionEntry\">Voltagem<\/th>\n<td class=\"a-size-base prodDetAttrValue\"><span style=\"vertical-align: inherit;\"><span style=\"vertical-align: inherit;\">240 Volts<\/span><\/span><\/td>\n<\/tr>\n<tr>\n<th class=\"a-color-secondary a-size-base prodDetSectionEntry\">N\u00famero de produtos<\/th>\n<td class=\"a-size-base prodDetAttrValue\">\u200e10<\/td>\n<\/tr>\n<tr>\n<th class=\"a-color-secondary a-size-base prodDetSectionEntry\">Tipo de l\u00e2mpada<\/th>\n<td class=\"a-size-base prodDetAttrValue\">\u200eLED, Infravermelho<\/td>\n<\/tr>\n<tr>\n<th class=\"a-color-secondary a-size-base prodDetSectionEntry\">Tipo de tomada<\/th>\n<td class=\"a-size-base prodDetAttrValue\">\u200eMontagem na parede<\/td>\n<\/tr>\n<tr>\n<th class=\"a-color-secondary a-size-base prodDetSectionEntry\">Recursos especiais<\/th>\n<td class=\"a-size-base prodDetAttrValue\">\u200eGrava\u00e7\u00e3o local<\/td>\n<\/tr>\n<tr>\n<th class=\"a-color-secondary a-size-base prodDetSectionEntry\">Funciona a bateria ou pilha?<\/th>\n<td class=\"a-size-base prodDetAttrValue\">\u200eN\u00e3o<\/td>\n<\/tr>\n<tr>\n<th class=\"a-color-secondary a-size-base prodDetSectionEntry\">Peso<\/th>\n<td class=\"a-size-base prodDetAttrValue\">\u200e500 Gramas<\/td>\n<\/tr>\n<tr>\n<th class=\"a-color-secondary a-size-base prodDetSectionEntry\">Comprimento<\/th>\n<td class=\"a-size-base prodDetAttrValue\">\u200e6.5 cent\u00edmetros<\/td>\n<\/tr>\n<tr>\n<th class=\"a-color-secondary a-size-base prodDetSectionEntry\">Largura<\/th>\n<td class=\"a-size-base prodDetAttrValue\"><span style=\"vertical-align: inherit;\"><span style=\"vertical-align: inherit;\">\u200e6.5 cent\u00edmetros<\/span><\/span><\/td>\n<\/tr>\n<tr>\n<th class=\"a-color-secondary a-size-base prodDetSectionEntry\">Altura<\/th>\n<td class=\"a-size-base prodDetAttrValue\">\u200e15 cent\u00edmetros<\/td>\n<\/tr>\n<tr>\n<th class=\"a-color-secondary a-size-base prodDetSectionEntry\"><span style=\"vertical-align: inherit;\"><span style=\"vertical-align: inherit;\">Fabricante<\/span><\/span><\/th>\n<td class=\"a-size-base prodDetAttrValue\"><span style=\"vertical-align: inherit;\"><span style=\"vertical-align: inherit;\">\u200eGen\u00e9rico<\/span><\/span><\/td>\n<\/tr>\n<tr>\n<th class=\"a-color-secondary a-size-base prodDetSectionEntry\">Dimens\u00f5es do produto<\/th>\n<td class=\"a-size-base prodDetAttrValue\"><span style=\"vertical-align: inherit;\"><span style=\"vertical-align: inherit;\">6,5 x 6,5 x 15 cm; <\/span><span style=\"vertical-align: inherit;\">500 g<\/span><\/span><\/td>\n<\/tr>\n<tr>\n<th class=\"a-color-secondary a-size-base prodDetSectionEntry\"><span style=\"vertical-align: inherit;\"><span style=\"vertical-align: inherit;\">SAL<\/span><\/span><\/th>\n<td class=\"a-size-base prodDetAttrValue\"><span style=\"vertical-align: inherit;\"><span style=\"vertical-align: inherit;\">\u200eB0BQ5GCM1X<\/span><\/span><\/td>\n<\/tr>\n<tr>\n<th class=\"a-color-secondary a-size-base prodDetSectionEntry\">Marca<\/th>\n<td class=\"a-size-base prodDetAttrValue\"><span style=\"vertical-align: inherit;\"><span style=\"vertical-align: inherit;\">\u200eGen\u00e9rico<\/span><\/span><\/td>\n<\/tr>\n<tr>\n<th class=\"a-color-secondary a-size-base prodDetSectionEntry\"><span style=\"vertical-align: inherit;\"><span style=\"vertical-align: inherit;\">EAN<\/span><\/span><\/th>\n<td class=\"a-size-base prodDetAttrValue\">\u200e7891857400692<\/td>\n<\/tr>\n<\/tbody>\n<\/table>\n<\/div>\n<\/div>\n<\/div>\n<\/div>\n<\/div>\n<div class=\"a-row a-spacing-base\"><\/div>\n<\/div>\n<div class=\"a-column a-span6 a-span-last\">\n<div class=\"a-row a-spacing-base\">\n<div id=\"productDetails_db_sections\" class=\"a-section\">\n<h1 class=\"a-size-medium a-spacing-small secHeader\">Informa\u00e7\u00f5es adicionais<\/h1>\n<div class=\"a-section table-padding\">\n<table id=\"productDetails_detailBullets_sections1\" class=\"a-keyvalue prodDetTable\" role=\"presentation\">\n<tbody>\n<tr>\n<th class=\"a-color-secondary a-size-base prodDetSectionEntry\">Dimens\u00f5es do pacote<\/th>\n<td class=\"a-size-base prodDetAttrValue\">17.1 x 7.6 x 7.5 cent\u00edmetros<\/td>\n<\/tr>\n<\/tbody>\n<\/table>\n<\/div>\n<h2>Assine <a href=\"https:\/\/amzn.to\/4092Oxm\" target=\"_blank\" rel=\"noopener\">Amazon Prime<\/a>, conhe\u00e7as as vantagens\u00a0<a href=\"https:\/\/amzn.to\/4092Oxm\" target=\"_blank\" rel=\"noopener\">aqui<\/a>!<\/h2>\n<\/div>\n<\/div>\n<\/div>\n","protected":false},"excerpt":{"rendered":"<p>Monitore as imagens da c\u00e2mera lampada atrav\u00e9s de seu celular, utilizando o aplicativo YOOSEE. Voc\u00ea consegue movimentar a c\u00e2mera atrav\u00e9s do celular, tirar foto do que se passa na lente da c\u00e2mera, gravar e salvar no celular momentos espec\u00edficos e desejados, acender os leds ou desligar os leds da c\u00e2mera, programar modo de detec\u00e7\u00e3o de movimento, entre outras fun\u00e7\u00f5es poss\u00edveis atrav\u00e9s do aplicativo.<\/p>\n","protected":false},"featured_media":4806,"comment_status":"open","ping_status":"closed","template":"","meta":[],"product_brand":[],"product_cat":[899,613,483,19,605,71],"product_tag":[1052,1065,996,994,1051,1007],"class_list":{"0":"post-4805","1":"product","2":"type-product","3":"status-publish","4":"has-post-thumbnail","6":"product_cat-achadinhos","7":"product_cat-amazon","8":"product_cat-automacao-residencial","9":"product_cat-casa-e-jardim","10":"product_cat-lojas","11":"product_cat-seguranca","12":"product_tag-automacao-residencial","13":"product_tag-ca","14":"product_tag-camera-de-seguranca-wi-fi","15":"product_tag-casa-e-jardim","16":"product_tag-casa-inteligente","17":"product_tag-casa-pratica","19":"first","20":"instock","21":"shipping-taxable","22":"product-type-external"},"_links":{"self":[{"href":"https:\/\/barzo.com.br\/shop\/wp-json\/wp\/v2\/product\/4805","targetHints":{"allow":["GET"]}}],"collection":[{"href":"https:\/\/barzo.com.br\/shop\/wp-json\/wp\/v2\/product"}],"about":[{"href":"https:\/\/barzo.com.br\/shop\/wp-json\/wp\/v2\/types\/product"}],"replies":[{"embeddable":true,"href":"https:\/\/barzo.com.br\/shop\/wp-json\/wp\/v2\/comments?post=4805"}],"wp:featuredmedia":[{"embeddable":true,"href":"https:\/\/barzo.com.br\/shop\/wp-json\/wp\/v2\/media\/4806"}],"wp:attachment":[{"href":"https:\/\/barzo.com.br\/shop\/wp-json\/wp\/v2\/media?parent=4805"}],"wp:term":[{"taxonomy":"product_brand","embeddable":true,"href":"https:\/\/barzo.com.br\/shop\/wp-json\/wp\/v2\/product_brand?post=4805"},{"taxonomy":"product_cat","embeddable":true,"href":"https:\/\/barzo.com.br\/shop\/wp-json\/wp\/v2\/product_cat?post=4805"},{"taxonomy":"product_tag","embeddable":true,"href":"https:\/\/barzo.com.br\/shop\/wp-json\/wp\/v2\/product_tag?post=4805"}],"curies":[{"name":"wp","href":"https:\/\/api.w.org\/{rel}","templated":true}]}}