{"id":4698,"date":"2023-03-27T21:01:00","date_gmt":"2023-03-28T00:01:00","guid":{"rendered":"https:\/\/barzo.com.br\/shop\/?post_type=product&#038;p=4698"},"modified":"2023-03-29T00:39:35","modified_gmt":"2023-03-29T03:39:35","slug":"bivolt-passadeira-3-em-1-blackdecker","status":"publish","type":"product","link":"https:\/\/barzo.com.br\/shop\/produto\/bivolt-passadeira-3-em-1-blackdecker\/","title":{"rendered":"Bivolt Passadeira 3 em 1 Passar a Seco ou a Vapor BDV3000 BLACK+DECKER na Amazon com Frete Gr\u00e1tis"},"content":{"rendered":"<p>&#8211; Economize tempo no cuidado com suas roupas, n\u00e3o se preocupe em tirar a t\u00e1bua de passar, com o vaporizador bivolt BDV3000 STEAM FLIP da BLACK e DECKER.<\/p>\n<p>&#8211; Voc\u00ea pode desamassar suas roupas e tecidos tanto no cabide como na horizontal, sistema antigotejamento e a haste ergon\u00f4mica possibilita o uso do vapor cont\u00ednuo em qualquer inclina\u00e7\u00e3o.<\/p>\n<p>&#8211; Cada tecido requer um cuidado espec\u00edfico. Com o sistema de vapor ajust\u00e1vel, voc\u00ea eliminar\u00e1 as rugas mais dif\u00edceis de maneira f\u00e1cil e simples sem danificar suas roupas.<\/p>\n<p>&#8211; O desligamento autom\u00e1tico inteligente deixa o vaporizador em modo espera se voc\u00ea esquec\u00ea-lo ligado.Isso fornecer\u00e1 maior seguran\u00e7a, por sua vez economizar\u00e1 energia. \u00a0 O QUE VOC\u00ca PRECISA SABER SOBRE ESTE PRODUTO?<\/p>\n<p>&#8211; Autovolt funciona em tomadas 110V ou 220V &#8211; Design Dobr\u00e1vel: Ideal para guardar ou levar em viagens &#8211; 3 em 1: vaporizar, passar a seco, passar a vapor<\/p>\n<p>&#8211; Chapa lisa em inox com 7 sa\u00eddas de vapor<\/p>\n<p>&#8211; Aquecimento r\u00e1pido (temperatura 140\u00b0c (vaporizador)\/120\u00b0c (passar a seco)<\/p>\n<p>&#8211; Vapor cont\u00ednuo em grande quantidade (quantidade de vapor 14-17 g\/min)<\/p>\n<p>&#8211; Reservat\u00f3rio remov\u00edvel de 200ml de f\u00e1cil abastecimento<\/p>\n<p>CONTE\u00daDO DA EMBALAGEM:<\/p>\n<p>&#8211; Vaporizador BDV3000 STEAM FLIP BLACK DECKER<\/p>\n<p>&#8211; Escova para remo\u00e7\u00e3o de pelos<\/p>\n<p>&#8211; Escova Duo Soft para tecidos delicados<\/p>\n<p>&#8211; Copo medidor \u00a0 FICHA T\u00c9CNICA:<\/p>\n<p>&#8211; Marca: Black+Decker<\/p>\n<p>&#8211; Modelo: BDV3000 Bivolt<\/p>\n<p>&#8211; Cor: Branco<\/p>\n<p>&#8211; Voltagem: Autovolt (110v\/220v)<\/p>\n<p>&#8211; Pot\u00eancia em watts: 1220W-900W (127V e 220V)<\/p>\n<p>&#8211; Material : recipiente \/ jarra \/ copo \/ coletor: Pl\u00e1stico<\/p>\n<p>&#8211; Comprimento do cabo el\u00e9trico: (m)2<\/p>\n<p>&#8211; Frequ\u00eancia: 60 Hz &#8211; Garantia: 1 ano<\/p>\n<p>&#8211; Consumo de energia: 0,107 kw\/h<\/p>\n<p>&#8211; Dimens\u00f5es do produto: 26.7 x 21.2 x 15.9 cent\u00edmetros<\/p>\n<p>&#8211; Peso: 1.4 kl<\/p>\n<p>&#8211; EAN: 7896525040866<\/p>\n<p>&nbsp;<\/p>\n<h2>Assine <a href=\"https:\/\/amzn.to\/4092Oxm\" target=\"_blank\" rel=\"noopener\">Amazon Prime<\/a>, conhe\u00e7as as vantagens\u00a0<a href=\"https:\/\/amzn.to\/4092Oxm\" target=\"_blank\" rel=\"noopener\">aqui<\/a>!<\/h2>\n","protected":false},"excerpt":{"rendered":"<p>Economize tempo no cuidado com suas roupas, n\u00e3o se preocupe em tirar a t\u00e1bua de passar, com o vaporizador bivolt BDV3000 STEAM FLIP da BLACK e DECKER. Voc\u00ea pode desamassar suas roupas e tecidos tanto no cabide como na horizontal, sistema antigotejamento e a haste ergon\u00f4mica possibilita o uso do vapor cont\u00ednuo em qualquer inclina\u00e7\u00e3o.<\/p>\n","protected":false},"featured_media":3856,"comment_status":"open","ping_status":"closed","template":"","meta":[],"product_brand":[],"product_cat":[899,613,21,97,605],"product_tag":[1056,1062,1060,1007,1061],"class_list":{"0":"post-4698","1":"product","2":"type-product","3":"status-publish","4":"has-post-thumbnail","6":"product_cat-achadinhos","7":"product_cat-amazon","8":"product_cat-eletroportateis","9":"product_cat-ferro-de-passar-e-vaporizador-de-roupas","10":"product_cat-lojas","11":"product_tag-barzo-indica","12":"product_tag-bivolt","13":"product_tag-black-decker","14":"product_tag-casa-pratica","15":"product_tag-vaporizador-de-roupas","17":"first","18":"instock","19":"shipping-taxable","20":"product-type-external"},"_links":{"self":[{"href":"https:\/\/barzo.com.br\/shop\/wp-json\/wp\/v2\/product\/4698","targetHints":{"allow":["GET"]}}],"collection":[{"href":"https:\/\/barzo.com.br\/shop\/wp-json\/wp\/v2\/product"}],"about":[{"href":"https:\/\/barzo.com.br\/shop\/wp-json\/wp\/v2\/types\/product"}],"replies":[{"embeddable":true,"href":"https:\/\/barzo.com.br\/shop\/wp-json\/wp\/v2\/comments?post=4698"}],"wp:featuredmedia":[{"embeddable":true,"href":"https:\/\/barzo.com.br\/shop\/wp-json\/wp\/v2\/media\/3856"}],"wp:attachment":[{"href":"https:\/\/barzo.com.br\/shop\/wp-json\/wp\/v2\/media?parent=4698"}],"wp:term":[{"taxonomy":"product_brand","embeddable":true,"href":"https:\/\/barzo.com.br\/shop\/wp-json\/wp\/v2\/product_brand?post=4698"},{"taxonomy":"product_cat","embeddable":true,"href":"https:\/\/barzo.com.br\/shop\/wp-json\/wp\/v2\/product_cat?post=4698"},{"taxonomy":"product_tag","embeddable":true,"href":"https:\/\/barzo.com.br\/shop\/wp-json\/wp\/v2\/product_tag?post=4698"}],"curies":[{"name":"wp","href":"https:\/\/api.w.org\/{rel}","templated":true}]}}