{"id":4507,"date":"2023-03-15T02:31:31","date_gmt":"2023-03-15T05:31:31","guid":{"rendered":"https:\/\/barzo.com.br\/shop\/?post_type=product&#038;p=4507"},"modified":"2023-03-29T00:38:27","modified_gmt":"2023-03-29T03:38:27","slug":"churrasqueira-de-mesa-a-carvao","status":"publish","type":"product","link":"https:\/\/barzo.com.br\/shop\/produto\/churrasqueira-de-mesa-a-carvao\/","title":{"rendered":"Table Grill &#8211; Churrasqueira de Mesa a Carv\u00e3o Dispon\u00edvel em 3 Cores"},"content":{"rendered":"<div id=\"productOverview_feature_div\" class=\"celwidget\" data-feature-name=\"productOverview\" data-csa-c-type=\"widget\" data-csa-c-content-id=\"productOverview\" data-csa-c-slot-id=\"productOverview_feature_div\" data-csa-c-asin=\"B07RS2NFJZ\" data-csa-c-is-in-initial-active-row=\"false\" data-csa-c-id=\"veljdl-3audcd-z6w6pj-5ruy11\" data-cel-widget=\"productOverview_feature_div\">\n<div class=\"a-section a-spacing-small a-spacing-top-small\">\n<div id=\"productDescription_feature_div\" class=\"celwidget\" data-feature-name=\"productDescription_NA\" data-csa-c-type=\"widget\" data-csa-c-content-id=\"productDescription_NA\" data-csa-c-slot-id=\"productDescription_feature_div\" data-csa-c-asin=\"\" data-csa-c-is-in-initial-active-row=\"false\" data-csa-c-id=\"yusko8-a1lbxg-rjttk-zddkcu\" data-cel-widget=\"productDescription_feature_div\">\n<div>\n<div id=\"productDescription_feature_div\" class=\"a-row feature\" data-feature-name=\"productDescription\" data-template-name=\"productDescription\" data-cel-widget=\"productDescription_feature_div\">\n<h2 class=\"default\">Descri\u00e7\u00e3o do produto<\/h2>\n<div id=\"productDescription\" class=\"a-section a-spacing-small\">\n<p>Esta inovadora churrasqueira port\u00e1til a carv\u00e3o \u00e9 perfeita para ser utilizada em qualquer ambiente. Pronta para uso em poucos minutos, gra\u00e7as a tecnologia table grill, que ajusta a temperatura com um simples bot\u00e3o. Por meio de um cooler, sua churrasqueira manter\u00e1 a brasa em chama durante todo o processo do churrasco. Esse cooler funciona atrav\u00e9s da utiliza\u00e7\u00e3o de 4 pilhas aa ou alimentada pela entrada micro usb.<\/p>\n<p>&nbsp;<\/p>\n<\/div>\n<\/div>\n<\/div>\n<\/div>\n<table class=\"a-normal a-spacing-micro\">\n<tbody>\n<tr class=\"a-spacing-small po-brand\">\n<td class=\"a-span3\"><span class=\"a-size-base a-text-bold\">Marca<\/span><\/td>\n<td class=\"a-span9\"><span class=\"a-size-base po-break-word\">Table Grill<\/span><\/td>\n<\/tr>\n<tr class=\"a-spacing-small po-item_depth_width_height\">\n<td class=\"a-span3\"><span class=\"a-size-base a-text-bold\">Dimens\u00f5es do produto<\/span><\/td>\n<td class=\"a-span9\"><span class=\"a-size-base po-break-word\">37D x 37W x 26H cent\u00edmetros<\/span><\/td>\n<\/tr>\n<tr class=\"a-spacing-small po-special_feature\">\n<td class=\"a-span3\"><span class=\"a-size-base a-text-bold\">Caracter\u00edsticas especiais<\/span><\/td>\n<td class=\"a-span9\"><span class=\"a-size-base\"><span class=\"a-truncate po-truncate-attribute\" data-a-word-break=\"normal\" data-a-truncate-name=\"po-attribute-truncate-2\" data-a-max-rows=\"3\" data-a-overflow-marker=\"&amp;hellip;\" data-a-recalculate=\"false\" data-a-updated=\"true\"><span class=\"a-truncate-full a-offscreen\">Tempo reduzido de aproximadamente 3 a 4 minutos para uso e a qualidade do churrasco s\u00e3o pontos fortes, al\u00e9m de ser a solu\u00e7\u00e3o para reunir amigos e familiares nos momentos de lazer em qualquer lugar., Design Moderno, Exclusiva entrada USB<\/span><span class=\"a-truncate-cut\" aria-hidden=\"true\">Tempo reduzido de aproximadamente 3 a 4 minutos para uso e a qualidade do churrasc\u2026<\/span><\/span><\/span>\u00a0<span id=\"po-attribute-see-more-id-2\" class=\"a-declarative\" data-action=\"a-modal\" data-csa-c-type=\"widget\" data-csa-c-func-deps=\"aui-da-a-modal\" data-a-modal=\"{&quot;max-height&quot;:&quot;400&quot;,&quot;width&quot;:&quot;800&quot;,&quot;header&quot;:&quot;Caracter\u00edsticas especiais&quot;,&quot;inlineContent&quot;:&quot;Tempo reduzido de aproximadamente 3 a 4 minutos para uso e a qualidade do churrasco s\u00e3o pontos fortes, al\u00e9m de ser a solu\u00e7\u00e3o para reunir amigos e familiares nos momentos de lazer em qualquer lugar., Design Moderno, Exclusiva entrada USB&quot;}\" data-csa-c-id=\"vg0xf4-y0ynof-lugbka-6xdwo8\"><a class=\"a-popover-trigger a-declarative\" role=\"button\">Ver mais<i class=\"a-icon a-icon-popover\"><\/i><\/a><\/span><\/td>\n<\/tr>\n<tr class=\"a-spacing-small po-color\">\n<td class=\"a-span3\"><span class=\"a-size-base a-text-bold\">Cor<\/span><\/td>\n<td class=\"a-span9\"><span class=\"a-size-base po-break-word\">Vermelha<\/span><\/td>\n<\/tr>\n<tr class=\"a-spacing-small po-fuel_type\">\n<td class=\"a-span3\"><span class=\"a-size-base a-text-bold\">Tipo de combust\u00edvel<\/span><\/td>\n<td class=\"a-span9\"><span class=\"a-size-base po-break-word\">Carv\u00e3o<\/span><\/td>\n<\/tr>\n<\/tbody>\n<\/table>\n<\/div>\n<\/div>\n<div id=\"featurebullets_feature_div\" class=\"celwidget\" data-feature-name=\"featurebullets\" data-csa-c-type=\"widget\" data-csa-c-content-id=\"featurebullets\" data-csa-c-slot-id=\"featurebullets_feature_div\" data-csa-c-asin=\"B07RS2NFJZ\" data-csa-c-is-in-initial-active-row=\"false\" data-csa-c-id=\"jer5pd-cfgdff-jsvyqq-s2xb18\" data-cel-widget=\"featurebullets_feature_div\">\n<div id=\"feature-bullets\" class=\"a-section a-spacing-medium a-spacing-top-small\">\n<hr \/>\n<h1 class=\"a-size-base-plus a-text-bold\">Sobre este item<\/h1>\n<ul class=\"a-unordered-list a-vertical a-spacing-mini\">\n<li><span class=\"a-list-item\">Churrasqueira port\u00e1til a carv\u00e3o<\/span><\/li>\n<li><span class=\"a-list-item\">Pode ser utilizada por meio de pilhas AA ou por meio de entrada micro USB<\/span><\/li>\n<li><span class=\"a-list-item\">Feita com pl\u00e1sticos resistentes \u00e0 choque e pintura eletrost\u00e1tica<\/span><\/li>\n<li><span class=\"a-list-item\">A table grill possui um design moderno, sendo perfeita para ser transportada para qualquer lugar<\/span><\/li>\n<li><span class=\"a-list-item\">Praticidade e efici\u00eancia<\/span><\/li>\n<\/ul>\n<div id=\"productDescription_feature_div\" class=\"celwidget\" data-feature-name=\"productDescription_NA\" data-csa-c-type=\"widget\" data-csa-c-content-id=\"productDescription_NA\" data-csa-c-slot-id=\"productDescription_feature_div\" data-csa-c-asin=\"\" data-csa-c-is-in-initial-active-row=\"false\" data-csa-c-id=\"yusko8-a1lbxg-rjttk-zddkcu\" data-cel-widget=\"productDescription_feature_div\">\n<div>\n<div id=\"productDescription_feature_div\" class=\"a-row feature\" data-feature-name=\"productDescription\" data-template-name=\"productDescription\" data-cel-widget=\"productDescription_feature_div\"><\/div>\n<\/div>\n<\/div>\n<div id=\"renewedProgramDescriptionBtf_feature_div\" class=\"celwidget\" data-feature-name=\"renewedProgramDescriptionBtf_NA\" data-csa-c-type=\"widget\" data-csa-c-content-id=\"renewedProgramDescriptionBtf_NA\" data-csa-c-slot-id=\"renewedProgramDescriptionBtf_feature_div\" data-csa-c-asin=\"\" data-csa-c-is-in-initial-active-row=\"false\" data-csa-c-id=\"z8yeis-7q1og-14mrk8-4bnx0r\" data-cel-widget=\"renewedProgramDescriptionBtf_feature_div\"><\/div>\n<div id=\"productDetails_feature_div\" class=\"celwidget\" data-feature-name=\"productDetails_NA\" data-csa-c-type=\"widget\" data-csa-c-content-id=\"productDetails_NA\" data-csa-c-slot-id=\"productDetails_feature_div\" data-csa-c-asin=\"\" data-csa-c-is-in-initial-active-row=\"false\" data-csa-c-id=\"jcpko0-m2r0ug-v9fyq-q14750\" data-cel-widget=\"productDetails_feature_div\">\n<p><a id=\"productDetails\" name=\"productDetails\"><\/a><\/p>\n<hr class=\"a-divider-normal\" aria-hidden=\"true\" \/>\n<div>\n<div id=\"prodDetails\" class=\"a-section\">\n<h2>Informa\u00e7\u00f5es sobre o produto<\/h2>\n<div class=\"a-row a-spacing-top-base\">\n<div class=\"a-column a-span6\">\n<div class=\"a-row a-spacing-base\">\n<div class=\"a-row a-expander-container a-expander-extend-container\">\n<div class=\"a-row\">\n<div class=\"a-column a-span6\">\n<h1 class=\"a-size-medium a-spacing-small\">Detalhes t\u00e9cnicos<\/h1>\n<\/div>\n<\/div>\n<div class=\"a-expander-content a-expander-extend-content\" aria-expanded=\"true\">\n<div class=\"a-row a-expander-container a-expander-inline-container\">\n<div class=\"a-expander-content a-expander-section-content a-section-expander-inner\" aria-expanded=\"true\">\n<table id=\"productDetails_techSpec_section_1\" class=\"a-keyvalue prodDetTable\" role=\"presentation\">\n<tbody>\n<tr>\n<th class=\"a-color-secondary a-size-base prodDetSectionEntry\">Nome da marca<\/th>\n<td class=\"a-size-base prodDetAttrValue\">\u200eTable Grill<\/td>\n<\/tr>\n<tr>\n<th class=\"a-color-secondary a-size-base prodDetSectionEntry\">Fabricante<\/th>\n<td class=\"a-size-base prodDetAttrValue\">\u200eTBL<\/td>\n<\/tr>\n<tr>\n<th class=\"a-color-secondary a-size-base prodDetSectionEntry\">Modelo<\/th>\n<td class=\"a-size-base prodDetAttrValue\">\u200eA2149-A<\/td>\n<\/tr>\n<tr>\n<th class=\"a-color-secondary a-size-base prodDetSectionEntry\">Cor<\/th>\n<td class=\"a-size-base prodDetAttrValue\">\u200eVermelha<\/td>\n<\/tr>\n<tr>\n<th class=\"a-color-secondary a-size-base prodDetSectionEntry\">N\u00famero da pe\u00e7a<\/th>\n<td class=\"a-size-base prodDetAttrValue\">\u200eA2149-A<\/td>\n<\/tr>\n<tr>\n<th class=\"a-color-secondary a-size-base prodDetSectionEntry\">Caracter\u00edsticas especiais<\/th>\n<td class=\"a-size-base prodDetAttrValue\">\u200eTempo reduzido de aproximadamente 3 a 4 minutos para uso e a qualidade do churrasco s\u00e3o pontos fortes, al\u00e9m de ser a solu\u00e7\u00e3o para reunir amigos e familiares nos momentos de lazer em qualquer lugar., Design Moderno, Exclusiva entrada USB<\/td>\n<\/tr>\n<tr>\n<th class=\"a-color-secondary a-size-base prodDetSectionEntry\">Pe\u00e7as para montagem<\/th>\n<td class=\"a-size-base prodDetAttrValue\">\u200eChurrasqueira TABLE GRILL, Bolsa para transporte<\/td>\n<\/tr>\n<tr>\n<th class=\"a-color-secondary a-size-base prodDetSectionEntry\">N\u00famero de unidades<\/th>\n<td class=\"a-size-base prodDetAttrValue\">\u200e1<\/td>\n<\/tr>\n<tr>\n<th class=\"a-color-secondary a-size-base prodDetSectionEntry\">Tipo de fonte de energia<\/th>\n<td class=\"a-size-base prodDetAttrValue\">\u200ePilhas AA ou Cabo USB (O cabo acompanha o produto)<\/td>\n<\/tr>\n<tr>\n<th class=\"a-color-secondary a-size-base prodDetSectionEntry\">Baterias inclusas<\/th>\n<td class=\"a-size-base prodDetAttrValue\">\u200eN\u00e3o<\/td>\n<\/tr>\n<tr>\n<th class=\"a-color-secondary a-size-base prodDetSectionEntry\">Funciona com baterias<\/th>\n<td class=\"a-size-base prodDetAttrValue\">\u200eSim<\/td>\n<\/tr>\n<tr>\n<th class=\"a-color-secondary a-size-base prodDetSectionEntry\">Tipo de material<\/th>\n<td class=\"a-size-base prodDetAttrValue\">\u200eA\u00e7o, a\u00e7o Inoxid\u00e1vel e pl\u00e1ticos resistentes.<\/td>\n<\/tr>\n<tr>\n<th class=\"a-color-secondary a-size-base prodDetSectionEntry\">Fabricante<\/th>\n<td class=\"a-size-base prodDetAttrValue\">\u200eTBL<\/td>\n<\/tr>\n<tr>\n<th class=\"a-color-secondary a-size-base prodDetSectionEntry\">N\u00famero do modelo<\/th>\n<td class=\"a-size-base prodDetAttrValue\">\u200eA2149-A<\/td>\n<\/tr>\n<tr>\n<th class=\"a-color-secondary a-size-base prodDetSectionEntry\">Dimens\u00f5es do produto<\/th>\n<td class=\"a-size-base prodDetAttrValue\">\u200e37 x 37 x 26 cm; 3.7 Quilogramas<\/td>\n<\/tr>\n<tr>\n<th class=\"a-color-secondary a-size-base prodDetSectionEntry\">ASIN<\/th>\n<td class=\"a-size-base prodDetAttrValue\">\u200eB07RS2NFJZ<\/td>\n<\/tr>\n<tr>\n<th class=\"a-color-secondary a-size-base prodDetSectionEntry\">EAN<\/th>\n<td class=\"a-size-base prodDetAttrValue\">\u200e7898994679110<\/td>\n<\/tr>\n<\/tbody>\n<\/table>\n<\/div>\n<\/div>\n<\/div>\n<\/div>\n<\/div>\n<div class=\"a-row a-spacing-base\"><\/div>\n<\/div>\n<div class=\"a-column a-span6 a-span-last\">\n<div class=\"a-row a-spacing-base\">\n<div id=\"productDetails_db_sections\" class=\"a-section\">\n<h1 class=\"a-size-medium a-spacing-small secHeader\">Informa\u00e7\u00f5es adicionais<\/h1>\n<div class=\"a-section table-padding\">\n<table id=\"productDetails_detailBullets_sections1\" class=\"a-keyvalue prodDetTable\" role=\"presentation\">\n<tbody>\n<tr>\n<th class=\"a-color-secondary a-size-base prodDetSectionEntry\">Dimens\u00f5es do pacote<\/th>\n<td class=\"a-size-base prodDetAttrValue\">37.4 x 37.2 x 26 cent\u00edmetros<\/td>\n<\/tr>\n<tr>\n<th class=\"a-color-secondary a-size-base prodDetSectionEntry\">Pilha(s) ou bateria(s):<\/th>\n<td class=\"a-size-base prodDetAttrValue\">2 AA (necessita de baterias)<\/td>\n<\/tr>\n<\/tbody>\n<\/table>\n<h2>Assine <a href=\"https:\/\/amzn.to\/4092Oxm\" target=\"_blank\" rel=\"noopener\">Amazon Prime<\/a>, conhe\u00e7as as vantagens\u00a0<a href=\"https:\/\/amzn.to\/4092Oxm\" target=\"_blank\" rel=\"noopener\">aqui<\/a>!<\/h2>\n<\/div>\n<\/div>\n<\/div>\n<\/div>\n<\/div>\n<\/div>\n<\/div>\n<\/div>\n<\/div>\n<\/div>\n","protected":false},"excerpt":{"rendered":"<div id=\"productDescription_feature_div\" class=\"celwidget\" data-feature-name=\"productDescription_NA\" data-csa-c-type=\"widget\" data-csa-c-content-id=\"productDescription_NA\" data-csa-c-slot-id=\"productDescription_feature_div\" data-csa-c-asin=\"\" data-csa-c-is-in-initial-active-row=\"false\" data-csa-c-id=\"yusko8-a1lbxg-rjttk-zddkcu\" data-cel-widget=\"productDescription_feature_div\">\n<div>\n<div id=\"productDescription_feature_div\" class=\"a-row feature\" data-feature-name=\"productDescription\" data-template-name=\"productDescription\" data-cel-widget=\"productDescription_feature_div\">\n<div id=\"productDescription\" class=\"a-section a-spacing-small\">\n<p>Esta inovadora churrasqueira port\u00e1til a carv\u00e3o \u00e9 perfeita para ser utilizada em qualquer ambiente. Pronta para uso em poucos minutos, gra\u00e7as a tecnologia table grill, que ajusta a temperatura com um simples bot\u00e3o. Por meio de um cooler, sua churrasqueira manter\u00e1 a brasa em chama durante todo o processo do churrasco. Esse cooler funciona atrav\u00e9s da utiliza\u00e7\u00e3o de 4 pilhas aa ou alimentada pela entrada micro usb.<\/p>\n<\/div>\n<\/div>\n<\/div>\n<\/div>\n<div id=\"renewedProgramDescriptionBtf_feature_div\" class=\"celwidget\" data-feature-name=\"renewedProgramDescriptionBtf_NA\" data-csa-c-type=\"widget\" data-csa-c-content-id=\"renewedProgramDescriptionBtf_NA\" data-csa-c-slot-id=\"renewedProgramDescriptionBtf_feature_div\" data-csa-c-asin=\"\" data-csa-c-is-in-initial-active-row=\"false\" data-csa-c-id=\"z8yeis-7q1og-14mrk8-4bnx0r\" data-cel-widget=\"renewedProgramDescriptionBtf_feature_div\"><\/div>\n","protected":false},"featured_media":4508,"comment_status":"open","ping_status":"closed","template":"","meta":[],"product_brand":[],"product_cat":[899,613,19,150,72,605,127],"product_tag":[1056,1007,1058,1055,1057],"class_list":{"0":"post-4507","1":"product","2":"type-product","3":"status-publish","4":"has-post-thumbnail","6":"product_cat-achadinhos","7":"product_cat-amazon","8":"product_cat-casa-e-jardim","9":"product_cat-churrasqueira-cooler-e-chopeira","10":"product_cat-churrasqueiras","11":"product_cat-lojas","12":"product_cat-utilidades-domesticas","13":"product_tag-barzo-indica","14":"product_tag-casa-pratica","15":"product_tag-churrasco","16":"product_tag-churrasqueira","17":"product_tag-churrasqueira-eletrica-a-carvao","19":"first","20":"instock","21":"shipping-taxable","22":"product-type-external"},"_links":{"self":[{"href":"https:\/\/barzo.com.br\/shop\/wp-json\/wp\/v2\/product\/4507","targetHints":{"allow":["GET"]}}],"collection":[{"href":"https:\/\/barzo.com.br\/shop\/wp-json\/wp\/v2\/product"}],"about":[{"href":"https:\/\/barzo.com.br\/shop\/wp-json\/wp\/v2\/types\/product"}],"replies":[{"embeddable":true,"href":"https:\/\/barzo.com.br\/shop\/wp-json\/wp\/v2\/comments?post=4507"}],"wp:featuredmedia":[{"embeddable":true,"href":"https:\/\/barzo.com.br\/shop\/wp-json\/wp\/v2\/media\/4508"}],"wp:attachment":[{"href":"https:\/\/barzo.com.br\/shop\/wp-json\/wp\/v2\/media?parent=4507"}],"wp:term":[{"taxonomy":"product_brand","embeddable":true,"href":"https:\/\/barzo.com.br\/shop\/wp-json\/wp\/v2\/product_brand?post=4507"},{"taxonomy":"product_cat","embeddable":true,"href":"https:\/\/barzo.com.br\/shop\/wp-json\/wp\/v2\/product_cat?post=4507"},{"taxonomy":"product_tag","embeddable":true,"href":"https:\/\/barzo.com.br\/shop\/wp-json\/wp\/v2\/product_tag?post=4507"}],"curies":[{"name":"wp","href":"https:\/\/api.w.org\/{rel}","templated":true}]}}