{"id":4502,"date":"2023-03-15T02:06:52","date_gmt":"2023-03-15T05:06:52","guid":{"rendered":"https:\/\/barzo.com.br\/shop\/?post_type=product&#038;p=4502"},"modified":"2023-03-15T02:20:59","modified_gmt":"2023-03-15T05:20:59","slug":"jogo-6-pratos-pizza-melamina-plastico-forma-a-bandeja","status":"publish","type":"product","link":"https:\/\/barzo.com.br\/shop\/produto\/jogo-6-pratos-pizza-melamina-plastico-forma-a-bandeja\/","title":{"rendered":"Jogo Kit 6 Pratos Pizza Melamina Pl\u00e1stico Forma A Bandeja"},"content":{"rendered":"<div id=\"productOverview_feature_div\" class=\"celwidget\" data-feature-name=\"productOverview\" data-csa-c-type=\"widget\" data-csa-c-content-id=\"productOverview\" data-csa-c-slot-id=\"productOverview_feature_div\" data-csa-c-asin=\"B08SLJ8LW7\" data-csa-c-is-in-initial-active-row=\"false\" data-csa-c-id=\"9sv6gq-ju49c2-u9pnfz-3hxqy9\" data-cel-widget=\"productOverview_feature_div\">\n<div class=\"a-section a-spacing-small a-spacing-top-small\">\n<table class=\"a-normal a-spacing-micro\">\n<tbody>\n<tr class=\"a-spacing-small po-brand\">\n<td class=\"a-span3\"><span class=\"a-size-base a-text-bold\">Marca<\/span><\/td>\n<td class=\"a-span9\"><span class=\"a-size-base po-break-word\">Mikah777<\/span><\/td>\n<\/tr>\n<tr class=\"a-spacing-small po-size\">\n<td class=\"a-span3\"><span class=\"a-size-base a-text-bold\">Tamanho<\/span><\/td>\n<td class=\"a-span9\"><span class=\"a-size-base po-break-word\">Tamanho \u00fanico<\/span><\/td>\n<\/tr>\n<tr class=\"a-spacing-small po-is_microwaveable\">\n<td class=\"a-span3\"><span class=\"a-size-base a-text-bold\">\u00c9 apropriado para micro-ondas<\/span><\/td>\n<td class=\"a-span9\"><span class=\"a-size-base po-break-word\">N\u00e3o<\/span><\/td>\n<\/tr>\n<\/tbody>\n<\/table>\n<\/div>\n<\/div>\n<div id=\"featurebullets_feature_div\" class=\"celwidget\" data-feature-name=\"featurebullets\" data-csa-c-type=\"widget\" data-csa-c-content-id=\"featurebullets\" data-csa-c-slot-id=\"featurebullets_feature_div\" data-csa-c-asin=\"B08SLJ8LW7\" data-csa-c-is-in-initial-active-row=\"false\" data-csa-c-id=\"c7sm06-ce5zon-kxqt8-obum8f\" data-cel-widget=\"featurebullets_feature_div\">\n<div id=\"feature-bullets\" class=\"a-section a-spacing-medium a-spacing-top-small\">\n<hr \/>\n<h1 class=\"a-size-base-plus a-text-bold\">Sobre este item<\/h1>\n<ul class=\"a-unordered-list a-vertical a-spacing-mini\">\n<li><span class=\"a-list-item\">Com estes pratos para pizza sua mesa fica muito mais sofisticada no momento de servir aquela deliciosa pizza.<\/span><\/li>\n<li><span class=\"a-list-item\">O ENVIO DAS CORES SER\u00c1 COMO NA FOTO (1 prato de cada modelo)!<\/span><\/li>\n<li><span class=\"a-list-item\">Caracter\u00edsticas: Cont\u00e9m: 06 Pratos em Formato Fatia Tamanho: 22,5cm x 13 (Fatia) Material: Melamina<\/span><\/li>\n<li><span class=\"a-list-item\">Instru\u00e7\u00f5es de lavagem: Esponja macia com \u00e1gua e sab\u00e3o neutro. N\u00e3o levar ao micro-ondas ou lava-lou\u00e7as.<\/span><\/li>\n<\/ul>\n<div id=\"productDescription_feature_div\" class=\"celwidget\" data-feature-name=\"productDescription_NA\" data-csa-c-type=\"widget\" data-csa-c-content-id=\"productDescription_NA\" data-csa-c-slot-id=\"productDescription_feature_div\" data-csa-c-asin=\"\" data-csa-c-is-in-initial-active-row=\"false\" data-csa-c-id=\"h8pzfk-f8ouxp-cer4ja-g3ltmo\" data-cel-widget=\"productDescription_feature_div\">\n<div>\n<div id=\"productDescription_feature_div\" class=\"a-row feature\" data-feature-name=\"productDescription\" data-template-name=\"productDescription\" data-cel-widget=\"productDescription_feature_div\">\n<h2 class=\"default\">Descri\u00e7\u00e3o do produto<\/h2>\n<div id=\"productDescription\" class=\"a-section a-spacing-small\">\n<p>Com estes pratos para pizza sua mesa fica muito mais sofisticada no momento de servir aquela deliciosa pizza. O ENVIO DAS CORES SER\u00c1 COMO NA FOTO (1 prato de cada modelo)! &#8211;<\/p>\n<p>Caracter\u00edsticas:<\/p>\n<p>Cont\u00e9m: 06 Pratos em Formato Fatia<\/p>\n<p>Tamanho: 22,5cm x 13 (Fatia)<\/p>\n<p>Material: Melamina &#8211; Instru\u00e7\u00f5es de lavagem: Esponja macia com \u00e1gua e sab\u00e3o neutro.<\/p>\n<p>* N\u00e3o levar ao micro-ondas ou lava-lou\u00e7as.<\/p>\n<\/div>\n<\/div>\n<\/div>\n<\/div>\n<div id=\"renewedProgramDescriptionBtf_feature_div\" class=\"celwidget\" data-feature-name=\"renewedProgramDescriptionBtf_NA\" data-csa-c-type=\"widget\" data-csa-c-content-id=\"renewedProgramDescriptionBtf_NA\" data-csa-c-slot-id=\"renewedProgramDescriptionBtf_feature_div\" data-csa-c-asin=\"\" data-csa-c-is-in-initial-active-row=\"false\" data-csa-c-id=\"7i6q6z-kmf6xk-mmht6m-7diccd\" data-cel-widget=\"renewedProgramDescriptionBtf_feature_div\"><\/div>\n<div id=\"productDetails_feature_div\" class=\"celwidget\" data-feature-name=\"productDetails_NA\" data-csa-c-type=\"widget\" data-csa-c-content-id=\"productDetails_NA\" data-csa-c-slot-id=\"productDetails_feature_div\" data-csa-c-asin=\"\" data-csa-c-is-in-initial-active-row=\"false\" data-csa-c-id=\"52s71w-5thbk9-7shbg7-8vcppq\" data-cel-widget=\"productDetails_feature_div\">\n<p><a id=\"productDetails\" name=\"productDetails\"><\/a><\/p>\n<hr class=\"a-divider-normal\" aria-hidden=\"true\" \/>\n<div>\n<div id=\"prodDetails\" class=\"a-section\">\n<h2>Informa\u00e7\u00f5es sobre o produto<\/h2>\n<div class=\"a-row a-spacing-top-base\">\n<div class=\"a-column a-span6\">\n<div class=\"a-row a-spacing-base\">\n<div class=\"a-row a-expander-container a-expander-extend-container\">\n<div class=\"a-row\">\n<div class=\"a-column a-span6\">\n<h1 class=\"a-size-medium a-spacing-small\">Detalhes t\u00e9cnicos<\/h1>\n<\/div>\n<\/div>\n<div class=\"a-expander-content a-expander-extend-content\" aria-expanded=\"true\">\n<div class=\"a-row a-expander-container a-expander-inline-container\">\n<div class=\"a-expander-content a-expander-section-content a-section-expander-inner\" aria-expanded=\"true\">\n<table id=\"productDetails_techSpec_section_1\" class=\"a-keyvalue prodDetTable\" role=\"presentation\">\n<tbody>\n<tr>\n<th class=\"a-color-secondary a-size-base prodDetSectionEntry\">Precisa de pilhas ou baterias?<\/th>\n<td class=\"a-size-base prodDetAttrValue\">\u200eN\u00e3o<\/td>\n<\/tr>\n<tr>\n<th class=\"a-color-secondary a-size-base prodDetSectionEntry\">Tamanho<\/th>\n<td class=\"a-size-base prodDetAttrValue\">\u200eTamanho \u00fanico<\/td>\n<\/tr>\n<tr>\n<th class=\"a-color-secondary a-size-base prodDetSectionEntry\">Marca<\/th>\n<td class=\"a-size-base prodDetAttrValue\">\u200eMikah777<\/td>\n<\/tr>\n<tr>\n<th class=\"a-color-secondary a-size-base prodDetSectionEntry\">Dimens\u00f5es da embalagem<\/th>\n<td class=\"a-size-base prodDetAttrValue\">\u200e30 x 20 x 10 cm; 800 g<\/td>\n<\/tr>\n<\/tbody>\n<\/table>\n<\/div>\n<\/div>\n<\/div>\n<\/div>\n<\/div>\n<div class=\"a-row a-spacing-base\"><\/div>\n<\/div>\n<div class=\"a-column a-span6 a-span-last\">\n<div class=\"a-row a-spacing-base\">\n<div id=\"productDetails_db_sections\" class=\"a-section\">\n<h1 class=\"a-size-medium a-spacing-small secHeader\">Informa\u00e7\u00f5es adicionais<\/h1>\n<div class=\"a-section table-padding\">\n<table id=\"productDetails_detailBullets_sections1\" class=\"a-keyvalue prodDetTable\" role=\"presentation\">\n<tbody>\n<tr>\n<th class=\"a-color-secondary a-size-base prodDetSectionEntry\">Dimens\u00f5es do pacote<\/th>\n<td class=\"a-size-base prodDetAttrValue\">30 x 20 x 10 cent\u00edmetros<\/td>\n<\/tr>\n<\/tbody>\n<\/table>\n<\/div>\n<h2>Seja\u00a0<a href=\"https:\/\/amzn.to\/4092Oxm\" target=\"_blank\" rel=\"noopener\">Prime<\/a>, conhe\u00e7as as vantagens\u00a0<a href=\"https:\/\/amzn.to\/4092Oxm\" target=\"_blank\" rel=\"noopener\">aqui<\/a>!<\/h2>\n<\/div>\n<\/div>\n<\/div>\n<\/div>\n<\/div>\n<\/div>\n<\/div>\n<\/div>\n<\/div>\n","protected":false},"excerpt":{"rendered":"<p>Com estes pratos para pizza sua mesa fica muito mais sofisticada no momento de servir aquela deliciosa pizza.<\/p>\n","protected":false},"featured_media":4503,"comment_status":"open","ping_status":"closed","template":"","meta":[],"product_brand":[],"product_cat":[899,613,605,140,127],"product_tag":[1016,1054,993],"class_list":{"0":"post-4502","1":"product","2":"type-product","3":"status-publish","4":"has-post-thumbnail","6":"product_cat-achadinhos","7":"product_cat-amazon","8":"product_cat-lojas","9":"product_cat-pratos-e-talheres","10":"product_cat-utilidades-domesticas","11":"product_tag-mesa-posta","12":"product_tag-pizza","13":"product_tag-utilidades-domesticas","15":"first","16":"instock","17":"shipping-taxable","18":"product-type-external"},"_links":{"self":[{"href":"https:\/\/barzo.com.br\/shop\/wp-json\/wp\/v2\/product\/4502","targetHints":{"allow":["GET"]}}],"collection":[{"href":"https:\/\/barzo.com.br\/shop\/wp-json\/wp\/v2\/product"}],"about":[{"href":"https:\/\/barzo.com.br\/shop\/wp-json\/wp\/v2\/types\/product"}],"replies":[{"embeddable":true,"href":"https:\/\/barzo.com.br\/shop\/wp-json\/wp\/v2\/comments?post=4502"}],"wp:featuredmedia":[{"embeddable":true,"href":"https:\/\/barzo.com.br\/shop\/wp-json\/wp\/v2\/media\/4503"}],"wp:attachment":[{"href":"https:\/\/barzo.com.br\/shop\/wp-json\/wp\/v2\/media?parent=4502"}],"wp:term":[{"taxonomy":"product_brand","embeddable":true,"href":"https:\/\/barzo.com.br\/shop\/wp-json\/wp\/v2\/product_brand?post=4502"},{"taxonomy":"product_cat","embeddable":true,"href":"https:\/\/barzo.com.br\/shop\/wp-json\/wp\/v2\/product_cat?post=4502"},{"taxonomy":"product_tag","embeddable":true,"href":"https:\/\/barzo.com.br\/shop\/wp-json\/wp\/v2\/product_tag?post=4502"}],"curies":[{"name":"wp","href":"https:\/\/api.w.org\/{rel}","templated":true}]}}