{"id":4499,"date":"2023-03-15T01:24:03","date_gmt":"2023-03-15T04:24:03","guid":{"rendered":"https:\/\/barzo.com.br\/shop\/?post_type=product&#038;p=4499"},"modified":"2023-03-15T01:35:09","modified_gmt":"2023-03-15T04:35:09","slug":"echo-alexa-acessorios-compativeis","status":"publish","type":"product","link":"https:\/\/barzo.com.br\/shop\/produto\/echo-alexa-acessorios-compativeis\/","title":{"rendered":"Ofertas em Echo com Alexa 3\u00aa e 4\u00aa Gera\u00e7\u00f5es e Acess\u00f3rios Compat\u00edveis"},"content":{"rendered":"<p><strong>O que \u00e9 Echo com Alexa?<\/strong><\/p>\n<p>O Echo \u00e9 um smart speaker, ou seja, uma caixa de som inteligente controlada por voz com Alexa, que \u00e9 a intelig\u00eancia artificial da Amazon. Atrav\u00e9s dele, voc\u00ea consegue pedir m\u00fasicas, not\u00edcias, previs\u00e3o do tempo, controlar sua casa inteligente e muito mais.<\/p>\n<p><strong>Qual Echo comprar?<\/strong><\/p>\n<p>Existe um Echo perfeito para qualquer ambiente. O\u00a0Echo Dot\u00a0\u00e9 o nosso smart speaker de maior sucesso, compacto e perfeito para qualquer ambiente, enquanto os modelos de\u00a0Echo Show\u00a0permitem que voc\u00ea acompanhe conte\u00fados com Alexa atrav\u00e9s da sua tela inteligente. Os\u00a0Echo Buds\u00a0s\u00e3o fones de ouvido com Alexa e cancelamento de ru\u00eddo ativo, permindo reproduzir m\u00fasicas ou ouvir podcasts apenas com seu comando de voz e limitando ru\u00eddo de fundo. No final de cada p\u00e1gina de detalhes do produto, voc\u00ea encontra um comparativo entre todos os modelos para escolher o que mais combina com sua rotina.<\/p>\n<p><strong>Qual o valor de um Echo?<\/strong><\/p>\n<p>Na Amazon, voc\u00ea encontra modelos de Echo a partir de R$349 no pre\u00e7o sugerido. Mas fique de olho! Sempre temos\u00a0Ofertas em Dispositivos <a href=\"https:\/\/barzo.com.br\/shop\/categoria-produto\/lojas\/amazon\/\" target=\"_blank\" rel=\"noopener\">Amazon<\/a>.<\/p>\n<p><strong>Preciso ter itens de casa inteligente para ter um Echo?<\/strong><\/p>\n<p>N\u00e3o. Para come\u00e7ar a usar seu Echo voc\u00ea precisa apenas de Wifi e uma tomada como fonte de energia. Existem diversos itens compat\u00edveis com Alexa, como l\u00e2mpadas, interruptores, c\u00e2meras e muito mais que podem tornar sua rotina mais f\u00e1cil e sua casa mais automatizada.\u00a0Comece sua casa inteligente com Alexa<\/p>\n<p><strong>Tenho direito a frete gr\u00e1tis?<\/strong><\/p>\n<p>Na compra de qualquer dispositivo Amazon (Echo, Kindle ou Fire TV), voc\u00ea ganha frete GR\u00c1TIS para qualquer lugar do pa\u00eds e ainda pode parcelar suas compras em at\u00e9 12x sem juros.\u00a0Conhe\u00e7a as nossas formas de pagamento.<\/p>\n<p><strong>Quais s\u00e3o os benef\u00edcios da assinatura Amazon Prime?<\/strong><\/p>\n<p>Ao assinar o <strong><a href=\"https:\/\/amzn.to\/3mXLkFC\" target=\"_blank\" rel=\"noopener\">Amazon Prime<\/a>,<\/strong> voc\u00ea tem acesso a ofertas e descontos exclusivos, aproveita frete GR\u00c1TIS para todo o Brasil, sem valor m\u00ednimo de compra, em produtos eleg\u00edveis, al\u00e9m de ter acesso a filmes, s\u00e9ries, m\u00fasicas e outros.\u00a0<strong>Explore todos os benef\u00edcios <a href=\"https:\/\/amzn.to\/3mXLkFC\" target=\"_blank\" rel=\"noopener\"><em>Prime<\/em><\/a><\/strong>.<\/p>\n","protected":false},"excerpt":{"rendered":"<p>O Echo \u00e9 um smart speaker, ou seja, uma caixa de som inteligente controlada por voz com Alexa, que \u00e9 a intelig\u00eancia artificial da Amazon. Atrav\u00e9s dele, voc\u00ea consegue pedir m\u00fasicas, not\u00edcias, previs\u00e3o do tempo, controlar sua casa inteligente e muito mais.<\/p>\n","protected":false},"featured_media":4500,"comment_status":"open","ping_status":"closed","template":"","meta":[],"product_brand":[],"product_cat":[605,613,483,19],"product_tag":[1050,1053,1052,1051],"class_list":{"0":"post-4499","1":"product","2":"type-product","3":"status-publish","4":"has-post-thumbnail","6":"product_cat-lojas","7":"product_cat-amazon","8":"product_cat-automacao-residencial","9":"product_cat-casa-e-jardim","10":"product_tag-alexa","11":"product_tag-amazon","12":"product_tag-automacao-residencial","13":"product_tag-casa-inteligente","15":"first","16":"instock","17":"shipping-taxable","18":"product-type-external"},"_links":{"self":[{"href":"https:\/\/barzo.com.br\/shop\/wp-json\/wp\/v2\/product\/4499","targetHints":{"allow":["GET"]}}],"collection":[{"href":"https:\/\/barzo.com.br\/shop\/wp-json\/wp\/v2\/product"}],"about":[{"href":"https:\/\/barzo.com.br\/shop\/wp-json\/wp\/v2\/types\/product"}],"replies":[{"embeddable":true,"href":"https:\/\/barzo.com.br\/shop\/wp-json\/wp\/v2\/comments?post=4499"}],"wp:featuredmedia":[{"embeddable":true,"href":"https:\/\/barzo.com.br\/shop\/wp-json\/wp\/v2\/media\/4500"}],"wp:attachment":[{"href":"https:\/\/barzo.com.br\/shop\/wp-json\/wp\/v2\/media?parent=4499"}],"wp:term":[{"taxonomy":"product_brand","embeddable":true,"href":"https:\/\/barzo.com.br\/shop\/wp-json\/wp\/v2\/product_brand?post=4499"},{"taxonomy":"product_cat","embeddable":true,"href":"https:\/\/barzo.com.br\/shop\/wp-json\/wp\/v2\/product_cat?post=4499"},{"taxonomy":"product_tag","embeddable":true,"href":"https:\/\/barzo.com.br\/shop\/wp-json\/wp\/v2\/product_tag?post=4499"}],"curies":[{"name":"wp","href":"https:\/\/api.w.org\/{rel}","templated":true}]}}