{"id":4496,"date":"2023-03-15T00:15:07","date_gmt":"2023-03-15T03:15:07","guid":{"rendered":"https:\/\/barzo.com.br\/shop\/?post_type=product&#038;p=4496"},"modified":"2023-03-15T01:00:27","modified_gmt":"2023-03-15T04:00:27","slug":"pacote-de-viagem-itacare-2024","status":"publish","type":"product","link":"https:\/\/barzo.com.br\/shop\/produto\/pacote-de-viagem-itacare-2024\/","title":{"rendered":"Pacote de Viagem &#8211; Itacar\u00e9 &#8211; 2024"},"content":{"rendered":"<header class=\"h-cqheib AmenitiesSection_Header__cvSz8\">\n<h2 class=\"h-1b2yhgr\">O que tem no pacote?<\/h2>\n<\/header>\n<div>\n<div class=\"AmenitiesSection_AmenitiesList__TfBR_\">\n<div class=\"AmenitiesSection_Attribute__IBnND\">\n<p><img decoding=\"async\" class=\"h-10w05f7\" src=\"https:\/\/static.ghucdn.net\/static\/package-site\/1.25.5\/_next\/static\/media\/cafedamanha.77498a57.svg\" alt=\"amenities.amenitesIcon.1\" width=\"20\" \/><\/p>\n<div class=\"AmenitiesSection_AttributeDetails__OsAvS\">\n<p class=\"h-1su17db\">Caf\u00e9 da manh\u00e3<\/p>\n<p class=\"h-5rj61o\">Inclui caf\u00e9 da manh\u00e3 na hospedagem.<\/p>\n<\/div>\n<\/div>\n<div class=\"AmenitiesSection_Attribute__IBnND\">\n<p><img decoding=\"async\" class=\"h-10w05f7\" src=\"https:\/\/static.ghucdn.net\/static\/package-site\/1.25.5\/_next\/static\/media\/aereo.b5e73086.svg\" alt=\"amenities.amenitesIcon.32\" width=\"20\" \/><\/p>\n<div class=\"AmenitiesSection_AttributeDetails__OsAvS\">\n<p class=\"h-1su17db\">Passagem a\u00e9rea econ\u00f4mica<\/p>\n<p class=\"h-5rj61o\">Passagens a\u00e9reas de ida e volta em classe econ\u00f4mica.<\/p>\n<\/div>\n<\/div>\n<div class=\"AmenitiesSection_Attribute__IBnND\">\n<p><img decoding=\"async\" class=\"h-10w05f7\" src=\"https:\/\/static.ghucdn.net\/static\/package-site\/1.25.5\/_next\/static\/media\/hospedagem.e16dbb0a.svg\" alt=\"amenities.amenitesIcon.38\" width=\"20\" \/><\/p>\n<div class=\"AmenitiesSection_AttributeDetails__OsAvS\">\n<p class=\"h-1su17db\">Hospedagem econ\u00f4mica<\/p>\n<p class=\"h-5rj61o\">Com quarto duplo ou triplo.<\/p>\n<header class=\"h-1shrvx8\">\n<h2 class=\"h-14mym4s\">Detalhes do pacote<\/h2>\n<\/header>\n<section class=\"h-1d1zthg AmenitiesModal_Content__9t11i\">\n<div class=\"h-rwgu8t\">\n<div class=\"h-tq6ysv\">\n<div>\n<p><strong>A\u00e9reo:<\/strong>\u00a0passagens a\u00e9reas de ida e volta para\u00a0<strong>Ilh\u00e9us\u00a0<\/strong>&#8211; Aeroporto\u00a0de Ilh\u00e9us &#8211; Aeroporto Jorge Amado (IOS), em classe econ\u00f4mica, podendo haver conex\u00e3o e\/ou escala nos trechos.<\/p>\n<p><strong>Bagagem<\/strong>: o tamanho, o peso e a quantidade de bagagens permitidas varia de acordo com cada companhia a\u00e9rea. Por isso, \u00e9 necess\u00e1rio consultar as informa\u00e7\u00f5es sobre as bagagens (no site da companhia a\u00e9rea) ap\u00f3s a reserva das passagens a\u00e9reas do seu pacote.\u00a0<strong>O Hurb n\u00e3o realiza a venda do despacho de bagagens extras.<\/strong><\/p>\n<hr \/>\n<p><strong>Hospedagem:\u00a0<\/strong>em\u00a0<strong>Itacar\u00e9.\u00a0<\/strong>O Hurb definir\u00e1 a hospedagem, a partir da disponibilidade e tarif\u00e1rio promocional dos parceiros. Nesta oferta, as op\u00e7\u00f5es de hospedagem se encaixam na categoria econ\u00f4mica\u00a0<a href=\"https:\/\/help.hurb.com\/hc\/pt-br\/articles\/4409211045011-Como-o-Hurb-define-cada-categoria-de-hospedagem-dos-pacotes-\" target=\"_blank\" rel=\"noopener\">(entenda a classifica\u00e7\u00e3o<\/a>) e<strong>\u00a0oferecem caf\u00e9 da manh\u00e3.<\/strong><\/p>\n<p>Confira alguns\u00a0<strong>exemplos\u00a0<\/strong>de hot\u00e9is desta categoria:\u00a0Pousada Raisis, Pousada Passarela da Vila, Pousada Vila Baiana, entre outros.<\/p>\n<p>Vale lembrar que estes exemplos s\u00e3o apenas para ilustrar os hot\u00e9is que oferecemos na categoria econ\u00f4mica. No entanto,\u00a0<strong>o hotel selecionado pelo Hurb pode ser diferente dos mencionados acima.<\/strong><\/p>\n<hr \/>\n<p><strong>Observa\u00e7\u00f5es:<\/strong><\/p>\n<p><strong>&#8211;\u00a0<\/strong>As di\u00e1rias s\u00e3o contabilizadas pelas noites dormidas a partir da sua chegada no hotel\/pousada.<\/p>\n<p><strong>&#8211;\u00a0<\/strong>Por serem pacotes promocionais, o Hurb n\u00e3o realiza personaliza\u00e7\u00f5es nos itens inclusos. Alguns exemplos do que n\u00e3o podemos alterar: n\u00famero de di\u00e1rias, troca da cidade de origem ou de destino,\u00a0etc.<\/p>\n<p>&#8211; Este pacote\u00a0<strong>n\u00e3o inclui<\/strong>\u00a0transfer.<\/p>\n<\/div>\n<\/div>\n<\/div>\n<\/section>\n<\/div>\n<\/div>\n<\/div>\n<\/div>\n","protected":false},"excerpt":{"rendered":"<p>Pacote de Viagem &#8211; Itacar\u00e9 &#8211; 2024 &#8211; inclui caf\u00e9 da manh\u00e3 na hospedagem, passagens a\u00e9reas de ida e volta em classe econ\u00f4mica e hospedagem econ\u00f4mica com quarto duplo ou triplo.<\/p>\n","protected":false},"featured_media":4497,"comment_status":"open","ping_status":"closed","template":"","meta":[],"product_brand":[],"product_cat":[605,1046,194,199],"product_tag":[],"class_list":{"0":"post-4496","1":"product","2":"type-product","3":"status-publish","4":"has-post-thumbnail","6":"product_cat-lojas","7":"product_cat-hurb","8":"product_cat-pacotes-turisticos","9":"product_cat-viagens","11":"first","12":"instock","13":"shipping-taxable","14":"product-type-external"},"_links":{"self":[{"href":"https:\/\/barzo.com.br\/shop\/wp-json\/wp\/v2\/product\/4496","targetHints":{"allow":["GET"]}}],"collection":[{"href":"https:\/\/barzo.com.br\/shop\/wp-json\/wp\/v2\/product"}],"about":[{"href":"https:\/\/barzo.com.br\/shop\/wp-json\/wp\/v2\/types\/product"}],"replies":[{"embeddable":true,"href":"https:\/\/barzo.com.br\/shop\/wp-json\/wp\/v2\/comments?post=4496"}],"wp:featuredmedia":[{"embeddable":true,"href":"https:\/\/barzo.com.br\/shop\/wp-json\/wp\/v2\/media\/4497"}],"wp:attachment":[{"href":"https:\/\/barzo.com.br\/shop\/wp-json\/wp\/v2\/media?parent=4496"}],"wp:term":[{"taxonomy":"product_brand","embeddable":true,"href":"https:\/\/barzo.com.br\/shop\/wp-json\/wp\/v2\/product_brand?post=4496"},{"taxonomy":"product_cat","embeddable":true,"href":"https:\/\/barzo.com.br\/shop\/wp-json\/wp\/v2\/product_cat?post=4496"},{"taxonomy":"product_tag","embeddable":true,"href":"https:\/\/barzo.com.br\/shop\/wp-json\/wp\/v2\/product_tag?post=4496"}],"curies":[{"name":"wp","href":"https:\/\/api.w.org\/{rel}","templated":true}]}}