{"id":4491,"date":"2023-03-15T00:03:02","date_gmt":"2023-03-15T03:03:02","guid":{"rendered":"https:\/\/barzo.com.br\/shop\/?post_type=product&#038;p=4491"},"modified":"2023-03-15T00:59:31","modified_gmt":"2023-03-15T03:59:31","slug":"pacote-de-viagem-salvador-morro-de-sao-paulo-2024","status":"publish","type":"product","link":"https:\/\/barzo.com.br\/shop\/produto\/pacote-de-viagem-salvador-morro-de-sao-paulo-2024\/","title":{"rendered":"Pacote de Viagem &#8211; Salvador + Morro de S\u00e3o Paulo &#8211; 2024"},"content":{"rendered":"<header class=\"h-cqheib AmenitiesSection_Header__cvSz8\">\n<h2 class=\"h-1b2yhgr\">O que tem no pacote?<\/h2>\n<\/header>\n<div>\n<div class=\"AmenitiesSection_AmenitiesList__TfBR_\">\n<div class=\"AmenitiesSection_Attribute__IBnND\">\n<p><img decoding=\"async\" class=\"h-10w05f7\" src=\"https:\/\/static.ghucdn.net\/static\/package-site\/1.25.5\/_next\/static\/media\/cafedamanha.77498a57.svg\" alt=\"amenities.amenitesIcon.1\" width=\"20\" \/><\/p>\n<div class=\"AmenitiesSection_AttributeDetails__OsAvS\">\n<p class=\"h-1su17db\">Caf\u00e9 da manh\u00e3<\/p>\n<p class=\"h-5rj61o\">Inclui caf\u00e9 da manh\u00e3 na hospedagem.<\/p>\n<\/div>\n<\/div>\n<div class=\"AmenitiesSection_Attribute__IBnND\">\n<p><img decoding=\"async\" class=\"h-10w05f7\" src=\"https:\/\/static.ghucdn.net\/static\/package-site\/1.25.5\/_next\/static\/media\/aereo.b5e73086.svg\" alt=\"amenities.amenitesIcon.32\" width=\"20\" \/><\/p>\n<div class=\"AmenitiesSection_AttributeDetails__OsAvS\">\n<p class=\"h-1su17db\">Passagem a\u00e9rea econ\u00f4mica<\/p>\n<p class=\"h-5rj61o\">Passagens a\u00e9reas de ida e volta em classe econ\u00f4mica.<\/p>\n<\/div>\n<\/div>\n<div class=\"AmenitiesSection_Attribute__IBnND\">\n<p><img decoding=\"async\" class=\"h-10w05f7\" src=\"https:\/\/static.ghucdn.net\/static\/package-site\/1.25.5\/_next\/static\/media\/hospedagem.e16dbb0a.svg\" alt=\"amenities.amenitesIcon.38\" width=\"20\" \/><\/p>\n<div class=\"AmenitiesSection_AttributeDetails__OsAvS\">\n<p class=\"h-1su17db\">Hospedagem econ\u00f4mica<\/p>\n<p class=\"h-5rj61o\">Com quarto duplo ou triplo.<\/p>\n<\/div>\n<\/div>\n<\/div>\n<\/div>\n<p><strong>A\u00e9reo<\/strong>: passagens a\u00e9reas de ida e volta, em classe econ\u00f4mica, podendo haver conex\u00e3o e\/ou escala nos trechos, de acordo com a disponibilidade promocional.<\/p>\n<p>A ordem de visita de cada destino pode variar de acordo com as tarifas dispon\u00edveis no momento da reserva.<\/p>\n<p><strong>Bagagem<\/strong>: o tamanho, o peso e a quantidade de bagagens permitidas varia de acordo com cada companhia a\u00e9rea. Por isso, \u00e9 necess\u00e1rio consultar as informa\u00e7\u00f5es sobre as bagagens (no site da companhia a\u00e9rea) ap\u00f3s a reserva das passagens a\u00e9reas do seu pacote.\u00a0<strong>O Hurb n\u00e3o realiza a venda do despacho de bagagens extras.<\/strong><\/p>\n<hr \/>\n<p><strong>Hospedagem<\/strong>: em\u00a0<strong>Salvador\u00a0<\/strong>e em\u00a0<strong>Morro de S\u00e3o Paulo<\/strong>. O Hurb definir\u00e1 a hospedagem, a partir da disponibilidade e tarif\u00e1rio promocional dos parceiros. Nesta oferta, as op\u00e7\u00f5es de hospedagem se encaixam na categoria\u00a0econ\u00f4mica (<a href=\"https:\/\/help.hurb.com\/hc\/pt-br\/articles\/4409211045011-Como-o-Hurb-define-cada-categoria-de-hospedagem-dos-pacotes-\" target=\"_blank\" rel=\"noopener\">entenda a classifica\u00e7\u00e3o<\/a>) e oferecem caf\u00e9 da manh\u00e3.<\/p>\n<p><strong>Di\u00e1rias em cada destino:<\/strong>\u00a02 di\u00e1rias em Salvador + 3\u00a0di\u00e1rias em Morro de S\u00e3o Paulo<\/p>\n<hr \/>\n<p>Este pacote\u00a0<strong>n\u00e3o inclui transfer<\/strong>.<\/p>\n<hr \/>\n<p><strong>Deslocamento entre cidades<\/strong>: trechos entre as cidades n\u00e3o est\u00e1\u00a0incluso.<\/p>\n","protected":false},"excerpt":{"rendered":"<p>Pacote de Viagem &#8211; Salvador + Morro de S\u00e3o Paulo &#8211; 2024 &#8211; inclui caf\u00e9 da manh\u00e3 na hospedagem, passagens a\u00e9reas de ida e volta em classe econ\u00f4mica e hospedagem econ\u00f4mica com quarto duplo ou triplo.<\/p>\n<div class=\"AmenitiesSection_Attribute__IBnND\">\n<p>&nbsp;<\/p>\n<\/div>\n","protected":false},"featured_media":4492,"comment_status":"open","ping_status":"closed","template":"","meta":[],"product_brand":[],"product_cat":[605,1046,194,199,192],"product_tag":[1048,1047],"class_list":{"0":"post-4491","1":"product","2":"type-product","3":"status-publish","4":"has-post-thumbnail","6":"product_cat-lojas","7":"product_cat-hurb","8":"product_cat-pacotes-turisticos","9":"product_cat-viagens","10":"product_cat-viagens-e-turismo","11":"product_tag-pacote-de-viagem","12":"product_tag-viagem","14":"first","15":"instock","16":"shipping-taxable","17":"product-type-external"},"_links":{"self":[{"href":"https:\/\/barzo.com.br\/shop\/wp-json\/wp\/v2\/product\/4491","targetHints":{"allow":["GET"]}}],"collection":[{"href":"https:\/\/barzo.com.br\/shop\/wp-json\/wp\/v2\/product"}],"about":[{"href":"https:\/\/barzo.com.br\/shop\/wp-json\/wp\/v2\/types\/product"}],"replies":[{"embeddable":true,"href":"https:\/\/barzo.com.br\/shop\/wp-json\/wp\/v2\/comments?post=4491"}],"wp:featuredmedia":[{"embeddable":true,"href":"https:\/\/barzo.com.br\/shop\/wp-json\/wp\/v2\/media\/4492"}],"wp:attachment":[{"href":"https:\/\/barzo.com.br\/shop\/wp-json\/wp\/v2\/media?parent=4491"}],"wp:term":[{"taxonomy":"product_brand","embeddable":true,"href":"https:\/\/barzo.com.br\/shop\/wp-json\/wp\/v2\/product_brand?post=4491"},{"taxonomy":"product_cat","embeddable":true,"href":"https:\/\/barzo.com.br\/shop\/wp-json\/wp\/v2\/product_cat?post=4491"},{"taxonomy":"product_tag","embeddable":true,"href":"https:\/\/barzo.com.br\/shop\/wp-json\/wp\/v2\/product_tag?post=4491"}],"curies":[{"name":"wp","href":"https:\/\/api.w.org\/{rel}","templated":true}]}}