{"id":4353,"date":"2023-01-30T18:09:49","date_gmt":"2023-01-30T21:09:49","guid":{"rendered":"https:\/\/barzo.com.br\/shop\/?post_type=product&#038;p=4353"},"modified":"2023-01-30T18:09:49","modified_gmt":"2023-01-30T21:09:49","slug":"dell-notebook-gamer","status":"publish","type":"product","link":"https:\/\/barzo.com.br\/shop\/produto\/dell-notebook-gamer\/","title":{"rendered":"DELL Notebook Gamer G15-i1000-D20P 15.6&#8243; FHD 10\u00aa Gera\u00e7\u00e3o Intel Core i5 8GB 512GB SSD NVIDIA GTX 1650 Linux"},"content":{"rendered":"<div id=\"ivTitle\" title=\"DELL Notebook Gamer G15-i1000-D20P 15.6&quot; FHD 10\u00aa Gera\u00e7\u00e3o Intel Core i5 8GB 512GB SSD NVIDIA GTX 1650 Linux\">DELL Notebook Gamer G15-i1000-D20P 15.6&#8243; FHD 10\u00aa Gera\u00e7\u00e3o Intel Core i5 8GB 512GB SSD NVIDIA GTX 1650 Linux<\/div>\n<div id=\"ivVariationSelection\"><\/div>\n<div>\n<table class=\"a-normal a-spacing-micro\">\n<tbody>\n<tr class=\"a-spacing-small po-brand\">\n<td class=\"a-span3\"><span class=\"a-size-base a-text-bold\">Marca<\/span><\/td>\n<td class=\"a-span9\"><span class=\"a-size-base po-break-word\">Dell<\/span><\/td>\n<\/tr>\n<tr class=\"a-spacing-small po-model_name\">\n<td class=\"a-span3\"><span class=\"a-size-base a-text-bold\">S\u00e9rie<\/span><\/td>\n<td class=\"a-span9\"><span class=\"a-size-base po-break-word\">Dell G15<\/span><\/td>\n<\/tr>\n<tr class=\"a-spacing-small po-display.size\">\n<td class=\"a-span3\"><span class=\"a-size-base a-text-bold\">Tamanho da tela<\/span><\/td>\n<td class=\"a-span9\"><span class=\"a-size-base po-break-word\">15.6 Polegadas<\/span><\/td>\n<\/tr>\n<tr class=\"a-spacing-small po-color\">\n<td class=\"a-span3\"><span class=\"a-size-base a-text-bold\">Cor<\/span><\/td>\n<td class=\"a-span9\"><span class=\"a-size-base po-break-word\">Cinza<\/span><\/td>\n<\/tr>\n<tr class=\"a-spacing-small po-hard_disk.size\">\n<td class=\"a-span3\"><span class=\"a-size-base a-text-bold\">Tamanho do disco r\u00edgido<\/span><\/td>\n<td class=\"a-span9\"><span class=\"a-size-base po-break-word\">512 GB<\/span><\/td>\n<\/tr>\n<tr class=\"a-spacing-small po-cpu_model.family\">\n<td class=\"a-span3\"><span class=\"a-size-base a-text-bold\">Modelo da CPU<\/span><\/td>\n<td class=\"a-span9\"><span class=\"a-size-base po-break-word\">Intel Core i5<\/span><\/td>\n<\/tr>\n<tr class=\"a-spacing-small po-ram_memory.installed_size\">\n<td class=\"a-span3\"><span class=\"a-size-base a-text-bold\">Tamanho instalado da mem\u00f3ria RAM<\/span><\/td>\n<td class=\"a-span9\"><span class=\"a-size-base po-break-word\">8 GB<\/span><\/td>\n<\/tr>\n<tr class=\"a-spacing-small po-operating_system\">\n<td class=\"a-span3\"><span class=\"a-size-base a-text-bold\">Sistema operacional<\/span><\/td>\n<td class=\"a-span9\"><span class=\"a-size-base po-break-word\">Linux<\/span><\/td>\n<\/tr>\n<tr class=\"a-spacing-small po-graphics_description\">\n<td class=\"a-span3\"><span class=\"a-size-base a-text-bold\">Descri\u00e7\u00e3o da placa de v\u00eddeo<\/span><\/td>\n<td class=\"a-span9\"><span class=\"a-size-base po-break-word\">Dedicado<\/span><\/td>\n<\/tr>\n<tr class=\"a-spacing-small po-graphics_coprocessor\">\n<td class=\"a-span3\"><span class=\"a-size-base a-text-bold\">Coprocessador gr\u00e1fico<\/span><\/td>\n<td class=\"a-span9\"><span class=\"a-size-base po-break-word\">NVIDIA GeForce GTX 1650<\/span><\/td>\n<\/tr>\n<\/tbody>\n<\/table>\n<ul class=\"a-unordered-list a-vertical a-spacing-mini\">\n<li><span class=\"a-list-item\">10\u00aa gera\u00e7\u00e3o de Intel Core i5-10500H cache de 12MB, at\u00e9 4.5 GHz, 6 cores<\/span><\/li>\n<li><span class=\"a-list-item\">Mem\u00f3ria de 8GB 1x8GB, DDR4, 2933MHz; Expans\u00edvel at\u00e9 32GB, 2 slots soDIMM<\/span><\/li>\n<li><span class=\"a-list-item\">SSD de 512GB PCIe NVMe M.2<\/span><\/li>\n<li><span class=\"a-list-item\">Tela FHD WVA de 15.6&#8243; 1920 x 1080, 120Hz, 250 nits<\/span><\/li>\n<\/ul>\n<div class=\"a-column a-span6\">\n<div class=\"a-row a-spacing-base\">\n<div class=\"a-row a-expander-container a-expander-extend-container\">\n<div class=\"a-row\">\n<div class=\"a-column a-span6\">\n<h1 class=\"a-size-medium a-spacing-small\">Detalhes t\u00e9cnicos<\/h1>\n<\/div>\n<\/div>\n<div class=\"a-expander-content a-expander-extend-content\" aria-expanded=\"true\">\n<div class=\"a-row a-expander-container a-expander-inline-container\">\n<div class=\"a-expander-content a-expander-section-content a-section-expander-inner\" aria-expanded=\"true\">\n<table id=\"productDetails_techSpec_section_1\" class=\"a-keyvalue prodDetTable\" role=\"presentation\">\n<tbody>\n<tr>\n<th class=\"a-color-secondary a-size-base prodDetSectionEntry\">Marca<\/th>\n<td class=\"a-size-base prodDetAttrValue\">\u200eDell<\/td>\n<\/tr>\n<tr>\n<th class=\"a-color-secondary a-size-base prodDetSectionEntry\">Fabricante<\/th>\n<td class=\"a-size-base prodDetAttrValue\">\u200eDell<\/td>\n<\/tr>\n<tr>\n<th class=\"a-color-secondary a-size-base prodDetSectionEntry\">S\u00e9rie<\/th>\n<td class=\"a-size-base prodDetAttrValue\">\u200eDell G15<\/td>\n<\/tr>\n<tr>\n<th class=\"a-color-secondary a-size-base prodDetSectionEntry\">Certifica\u00e7\u00e3o<\/th>\n<td class=\"a-size-base prodDetAttrValue\">\u200eN\u00e3o aplicavel<\/td>\n<\/tr>\n<tr>\n<th class=\"a-color-secondary a-size-base prodDetSectionEntry\">Cor<\/th>\n<td class=\"a-size-base prodDetAttrValue\">\u200eCinza<\/td>\n<\/tr>\n<tr>\n<th class=\"a-color-secondary a-size-base prodDetSectionEntry\">Altura do produto<\/th>\n<td class=\"a-size-base prodDetAttrValue\">\u200e2.49 cent\u00edmetros<\/td>\n<\/tr>\n<tr>\n<th class=\"a-color-secondary a-size-base prodDetSectionEntry\">Largura do produto<\/th>\n<td class=\"a-size-base prodDetAttrValue\">\u200e35.72 cent\u00edmetros<\/td>\n<\/tr>\n<tr>\n<th class=\"a-color-secondary a-size-base prodDetSectionEntry\">Tamanho de tela vertical<\/th>\n<td class=\"a-size-base prodDetAttrValue\">\u200e15.6 Polegadas<\/td>\n<\/tr>\n<tr>\n<th class=\"a-color-secondary a-size-base prodDetSectionEntry\">Resolu\u00e7\u00e3o da tela<\/th>\n<td class=\"a-size-base prodDetAttrValue\">\u200e1920 x 1080 pixels<\/td>\n<\/tr>\n<tr>\n<th class=\"a-color-secondary a-size-base prodDetSectionEntry\">Resolu\u00e7\u00e3o<\/th>\n<td class=\"a-size-base prodDetAttrValue\">\u200e1920&#215;1080 Pixels<\/td>\n<\/tr>\n<tr>\n<th class=\"a-color-secondary a-size-base prodDetSectionEntry\">Marca do processador<\/th>\n<td class=\"a-size-base prodDetAttrValue\">\u200eIntel<\/td>\n<\/tr>\n<tr>\n<th class=\"a-color-secondary a-size-base prodDetSectionEntry\">Tipo de processador<\/th>\n<td class=\"a-size-base prodDetAttrValue\">\u200eIntel Core i5<\/td>\n<\/tr>\n<tr>\n<th class=\"a-color-secondary a-size-base prodDetSectionEntry\">Velocidade do processador<\/th>\n<td class=\"a-size-base prodDetAttrValue\">\u200e4.5 GHz<\/td>\n<\/tr>\n<tr>\n<th class=\"a-color-secondary a-size-base prodDetSectionEntry\">N\u00famero de processadores<\/th>\n<td class=\"a-size-base prodDetAttrValue\">\u200e1<\/td>\n<\/tr>\n<tr>\n<th class=\"a-color-secondary a-size-base prodDetSectionEntry\">Tamanho da mem\u00f3ria externa<\/th>\n<td class=\"a-size-base prodDetAttrValue\">\u200e8 GB<\/td>\n<\/tr>\n<tr>\n<th class=\"a-color-secondary a-size-base prodDetSectionEntry\">Tamanho da mem\u00f3ria<\/th>\n<td class=\"a-size-base prodDetAttrValue\">\u200e8 GB<\/td>\n<\/tr>\n<tr>\n<th class=\"a-color-secondary a-size-base prodDetSectionEntry\">Tecnologia da mem\u00f3ria<\/th>\n<td class=\"a-size-base prodDetAttrValue\">\u200eDDR4<\/td>\n<\/tr>\n<tr>\n<th class=\"a-color-secondary a-size-base prodDetSectionEntry\">M\u00e1ximo de mem\u00f3ria compat\u00edvel<\/th>\n<td class=\"a-size-base prodDetAttrValue\">\u200e32 GB<\/td>\n<\/tr>\n<tr>\n<th class=\"a-color-secondary a-size-base prodDetSectionEntry\">Velocidade do rel\u00f3gio de mem\u00f3ria<\/th>\n<td class=\"a-size-base prodDetAttrValue\">\u200e2933 MHz<\/td>\n<\/tr>\n<tr>\n<th class=\"a-color-secondary a-size-base prodDetSectionEntry\">Tamanho do HD<\/th>\n<td class=\"a-size-base prodDetAttrValue\">\u200e512 GB<\/td>\n<\/tr>\n<tr>\n<th class=\"a-color-secondary a-size-base prodDetSectionEntry\">Tecnologia do HD<\/th>\n<td class=\"a-size-base prodDetAttrValue\">\u200eSSD<\/td>\n<\/tr>\n<tr>\n<th class=\"a-color-secondary a-size-base prodDetSectionEntry\">Interface do HD<\/th>\n<td class=\"a-size-base prodDetAttrValue\">\u200eSolid State<\/td>\n<\/tr>\n<tr>\n<th class=\"a-color-secondary a-size-base prodDetSectionEntry\">Modelo de placa de v\u00eddeo<\/th>\n<td class=\"a-size-base prodDetAttrValue\">\u200eNVIDIA GeForce GTX 1650<\/td>\n<\/tr>\n<tr>\n<th class=\"a-color-secondary a-size-base prodDetSectionEntry\">Marca do chipset de v\u00eddeo<\/th>\n<td class=\"a-size-base prodDetAttrValue\">\u200eNVIDIA<\/td>\n<\/tr>\n<tr>\n<th class=\"a-color-secondary a-size-base prodDetSectionEntry\">Descri\u00e7\u00e3o da placa de v\u00eddeo<\/th>\n<td class=\"a-size-base prodDetAttrValue\">\u200eDedicado<\/td>\n<\/tr>\n<tr>\n<th class=\"a-color-secondary a-size-base prodDetSectionEntry\">Tipo de mem\u00f3ria de v\u00eddeo<\/th>\n<td class=\"a-size-base prodDetAttrValue\">\u200eDDR DRAM<\/td>\n<\/tr>\n<tr>\n<th class=\"a-color-secondary a-size-base prodDetSectionEntry\">Interface da placa de v\u00eddeo<\/th>\n<td class=\"a-size-base prodDetAttrValue\">\u200ePCI Express<\/td>\n<\/tr>\n<tr>\n<th class=\"a-color-secondary a-size-base prodDetSectionEntry\">Tipo de conex\u00e3o<\/th>\n<td class=\"a-size-base prodDetAttrValue\">\u200eWi-fi<\/td>\n<\/tr>\n<tr>\n<th class=\"a-color-secondary a-size-base prodDetSectionEntry\">Tecnologia de conex\u00e3o<\/th>\n<td class=\"a-size-base prodDetAttrValue\">\u200eWi-Fi, USB, Ethernet, HDMI<\/td>\n<\/tr>\n<tr>\n<th class=\"a-color-secondary a-size-base prodDetSectionEntry\">N\u00famero de portas USB 2.0<\/th>\n<td class=\"a-size-base prodDetAttrValue\">\u200e2<\/td>\n<\/tr>\n<tr>\n<th class=\"a-color-secondary a-size-base prodDetSectionEntry\">N\u00famero de Conex\u00f5es HDMI<\/th>\n<td class=\"a-size-base prodDetAttrValue\">\u200e1<\/td>\n<\/tr>\n<tr>\n<th class=\"a-color-secondary a-size-base prodDetSectionEntry\">Etiqueta Nacional de Efici\u00eancia Energ\u00e9tica (ENCE)<\/th>\n<td class=\"a-size-base prodDetAttrValue\">\u200e100<\/td>\n<\/tr>\n<tr>\n<th class=\"a-color-secondary a-size-base prodDetSectionEntry\">Pot\u00eancia em watts<\/th>\n<td class=\"a-size-base prodDetAttrValue\">\u200e180 watts<\/td>\n<\/tr>\n<tr>\n<th class=\"a-color-secondary a-size-base prodDetSectionEntry\">Dispositivo de armazenamento \u00f3ptico<\/th>\n<td class=\"a-size-base prodDetAttrValue\">\u200en\u00e3o aplicavel<\/td>\n<\/tr>\n<tr>\n<th class=\"a-color-secondary a-size-base prodDetSectionEntry\">Fonte de alimenta\u00e7\u00e3o<\/th>\n<td class=\"a-size-base prodDetAttrValue\">\u200eAC<\/td>\n<\/tr>\n<tr>\n<th class=\"a-color-secondary a-size-base prodDetSectionEntry\">Sistema operacional<\/th>\n<td class=\"a-size-base prodDetAttrValue\">\u200eLinux<\/td>\n<\/tr>\n<tr>\n<th class=\"a-color-secondary a-size-base prodDetSectionEntry\">N\u00famero de unidades<\/th>\n<td class=\"a-size-base prodDetAttrValue\">\u200e1<\/td>\n<\/tr>\n<tr>\n<th class=\"a-color-secondary a-size-base prodDetSectionEntry\">Peso do produto<\/th>\n<td class=\"a-size-base prodDetAttrValue\">\u200e2.41 kg<\/td>\n<\/tr>\n<tr>\n<th class=\"a-color-secondary a-size-base prodDetSectionEntry\">Dimens\u00f5es do produto<\/th>\n<td class=\"a-size-base prodDetAttrValue\">\u200e27.21 x 35.72 x 2.49 cm; 2.41 Quilogramas<\/td>\n<\/tr>\n<tr>\n<th class=\"a-color-secondary a-size-base prodDetSectionEntry\">N\u00famero do modelo<\/th>\n<td class=\"a-size-base prodDetAttrValue\">\u200eG15-i1000-D20P<\/td>\n<\/tr>\n<tr>\n<th class=\"a-color-secondary a-size-base prodDetSectionEntry\">Funciona a bateria ou pilha?<\/th>\n<td class=\"a-size-base prodDetAttrValue\">\u200eN\u00e3o<\/td>\n<\/tr>\n<tr>\n<th class=\"a-color-secondary a-size-base prodDetSectionEntry\">EAN<\/th>\n<td class=\"a-size-base prodDetAttrValue\">\u200e7899864941450<\/td>\n<\/tr>\n<\/tbody>\n<\/table>\n<\/div>\n<\/div>\n<\/div>\n<\/div>\n<\/div>\n<div class=\"a-row a-spacing-base\"><\/div>\n<\/div>\n<div class=\"a-column a-span6 a-span-last\">\n<div class=\"a-row a-spacing-base\">\n<div id=\"productDetails_db_sections\" class=\"a-section\">\n<h1 class=\"a-size-medium a-spacing-small secHeader\">Informa\u00e7\u00f5es adicionais<\/h1>\n<div class=\"a-section table-padding\">\n<table id=\"productDetails_detailBullets_sections1\" class=\"a-keyvalue prodDetTable\" role=\"presentation\">\n<tbody>\n<tr>\n<th class=\"a-color-secondary a-size-base prodDetSectionEntry\">Dimens\u00f5es do pacote<\/th>\n<td class=\"a-size-base prodDetAttrValue\">51.5 x 34.6 x 7.9 cent\u00edmetros<\/td>\n<\/tr>\n<\/tbody>\n<\/table>\n<\/div>\n<\/div>\n<\/div>\n<\/div>\n<\/div>\n","protected":false},"excerpt":{"rendered":"<p>DELL Notebook Gamer G15-i1000-D20P 15.6&#8243; FHD 10\u00aa Gera\u00e7\u00e3o Intel Core i5 8GB 512GB SSD NVIDIA GTX 1650 Linux<\/p>\n<ul class=\"a-unordered-list a-vertical a-spacing-mini\">\n<li><span class=\"a-list-item\">10\u00aa gera\u00e7\u00e3o de Intel Core i5-10500H cache de 12MB, at\u00e9 4.5 GHz, 6 cores<\/span><\/li>\n<li><span class=\"a-list-item\">Mem\u00f3ria de 8GB 1x8GB, DDR4, 2933MHz; Expans\u00edvel at\u00e9 32GB, 2 slots soDIMM<\/span><\/li>\n<li><span class=\"a-list-item\">SSD de 512GB PCIe NVMe M.2<\/span><\/li>\n<li><span class=\"a-list-item\">Tela FHD WVA de 15.6&#8243; 1920 x 1080, 120Hz, 250 nits<\/span><\/li>\n<\/ul>\n","protected":false},"featured_media":4354,"comment_status":"open","ping_status":"closed","template":"","meta":[],"product_brand":[],"product_cat":[613,49,605,87],"product_tag":[],"class_list":{"0":"post-4353","1":"product","2":"type-product","3":"status-publish","4":"has-post-thumbnail","6":"product_cat-amazon","7":"product_cat-informatica-e-tecnologia","8":"product_cat-lojas","9":"product_cat-notebooks","11":"first","12":"instock","13":"shipping-taxable","14":"product-type-external"},"_links":{"self":[{"href":"https:\/\/barzo.com.br\/shop\/wp-json\/wp\/v2\/product\/4353","targetHints":{"allow":["GET"]}}],"collection":[{"href":"https:\/\/barzo.com.br\/shop\/wp-json\/wp\/v2\/product"}],"about":[{"href":"https:\/\/barzo.com.br\/shop\/wp-json\/wp\/v2\/types\/product"}],"replies":[{"embeddable":true,"href":"https:\/\/barzo.com.br\/shop\/wp-json\/wp\/v2\/comments?post=4353"}],"wp:featuredmedia":[{"embeddable":true,"href":"https:\/\/barzo.com.br\/shop\/wp-json\/wp\/v2\/media\/4354"}],"wp:attachment":[{"href":"https:\/\/barzo.com.br\/shop\/wp-json\/wp\/v2\/media?parent=4353"}],"wp:term":[{"taxonomy":"product_brand","embeddable":true,"href":"https:\/\/barzo.com.br\/shop\/wp-json\/wp\/v2\/product_brand?post=4353"},{"taxonomy":"product_cat","embeddable":true,"href":"https:\/\/barzo.com.br\/shop\/wp-json\/wp\/v2\/product_cat?post=4353"},{"taxonomy":"product_tag","embeddable":true,"href":"https:\/\/barzo.com.br\/shop\/wp-json\/wp\/v2\/product_tag?post=4353"}],"curies":[{"name":"wp","href":"https:\/\/api.w.org\/{rel}","templated":true}]}}