{"id":4351,"date":"2023-01-30T17:40:25","date_gmt":"2023-01-30T20:40:25","guid":{"rendered":"https:\/\/barzo.com.br\/shop\/?post_type=product&#038;p=4351"},"modified":"2023-01-30T17:40:25","modified_gmt":"2023-01-30T20:40:25","slug":"notebook-ultraportatil-dell-inspiron","status":"publish","type":"product","link":"https:\/\/barzo.com.br\/shop\/produto\/notebook-ultraportatil-dell-inspiron\/","title":{"rendered":"Notebook Ultraport\u00e1til Dell Inspiron i13-i1100-A20S 13.3&#8243; Full HD 11\u00aa gera\u00e7\u00e3o Intel EVO Core i7 8GB 512GB SSD Windows 11 Prata"},"content":{"rendered":"<div class=\"a-column a-span6\">\n<div class=\"a-row a-spacing-base\">\n<div class=\"a-row a-expander-container a-expander-extend-container\">\n<div class=\"a-expander-content a-expander-extend-content\" aria-expanded=\"true\">\n<div class=\"a-row a-expander-container a-expander-inline-container\">\n<div class=\"a-expander-content a-expander-section-content a-section-expander-inner\" aria-expanded=\"true\">\n<div id=\"productOverview_feature_div\" class=\"celwidget\" data-feature-name=\"productOverview\" data-csa-c-type=\"widget\" data-csa-c-content-id=\"productOverview\" data-csa-c-slot-id=\"productOverview_feature_div\" data-csa-c-asin=\"B09S17M1MG\" data-csa-c-is-in-initial-active-row=\"false\" data-csa-c-id=\"8e0yta-yvkwyt-nyolez-aibgth\">\n<div id=\"poExpander\" class=\"a-expander-collapsed-height a-row a-expander-container a-spacing-none a-expander-partial-collapse-container\" data-a-expander-name=\"product_overview\" data-a-expander-collapsed-height=\"210\">\n<div class=\"a-expander-content a-expander-partial-collapse-content a-expander-content-expanded\" aria-expanded=\"true\">\n<div class=\"a-section a-spacing-small a-spacing-top-small\">\n<table class=\"a-normal a-spacing-micro\">\n<tbody>\n<tr class=\"a-spacing-small po-brand\">\n<td class=\"a-span3\"><span class=\"a-size-base a-text-bold\">Marca<\/span><\/td>\n<td class=\"a-span9\"><span class=\"a-size-base po-break-word\">Dell<\/span><\/td>\n<\/tr>\n<tr class=\"a-spacing-small po-model_name\">\n<td class=\"a-span3\"><span class=\"a-size-base a-text-bold\">S\u00e9rie<\/span><\/td>\n<td class=\"a-span9\"><span class=\"a-size-base po-break-word\">Inspiron 13<\/span><\/td>\n<\/tr>\n<tr class=\"a-spacing-small po-display.size\">\n<td class=\"a-span3\"><span class=\"a-size-base a-text-bold\">Tamanho da tela<\/span><\/td>\n<td class=\"a-span9\"><span class=\"a-size-base po-break-word\">13.3 Polegadas<\/span><\/td>\n<\/tr>\n<tr class=\"a-spacing-small po-color\">\n<td class=\"a-span3\"><span class=\"a-size-base a-text-bold\">Cor<\/span><\/td>\n<td class=\"a-span9\"><span class=\"a-size-base po-break-word\">Prata<\/span><\/td>\n<\/tr>\n<tr class=\"a-spacing-small po-cpu_model.family\">\n<td class=\"a-span3\"><span class=\"a-size-base a-text-bold\">Modelo da CPU<\/span><\/td>\n<td class=\"a-span9\"><span class=\"a-size-base po-break-word\">Intel Core i7<\/span><\/td>\n<\/tr>\n<tr class=\"a-spacing-small po-ram_memory.installed_size\">\n<td class=\"a-span3\"><span class=\"a-size-base a-text-bold\">Tamanho instalado da mem\u00f3ria RAM<\/span><\/td>\n<td class=\"a-span9\"><span class=\"a-size-base po-break-word\">8 GB<\/span><\/td>\n<\/tr>\n<tr class=\"a-spacing-small po-operating_system\">\n<td class=\"a-span3\"><span class=\"a-size-base a-text-bold\">Sistema operacional<\/span><\/td>\n<td class=\"a-span9\"><span class=\"a-size-base po-break-word\">Windows 11<\/span><\/td>\n<\/tr>\n<tr class=\"a-spacing-small po-graphics_description\">\n<td class=\"a-span3\"><span class=\"a-size-base a-text-bold\">Descri\u00e7\u00e3o da placa de v\u00eddeo<\/span><\/td>\n<td class=\"a-span9\"><span class=\"a-size-base po-break-word\">Integrado<\/span><\/td>\n<\/tr>\n<tr class=\"a-spacing-small po-cpu_model.speed\">\n<td class=\"a-span3\"><span class=\"a-size-base a-text-bold\">Velocidade da CPU<\/span><\/td>\n<td class=\"a-span9\"><span class=\"a-size-base po-break-word\">4.8 GHz<\/span><\/td>\n<\/tr>\n<tr class=\"a-spacing-small po-hard_disk.description\">\n<td class=\"a-span3\"><span class=\"a-size-base a-text-bold\">Descri\u00e7\u00e3o do disco r\u00edgido<\/span><\/td>\n<td class=\"a-span9\"><span class=\"a-size-base po-break-word\">SSD<\/span><\/td>\n<\/tr>\n<\/tbody>\n<\/table>\n<\/div>\n<\/div>\n<div id=\"poToggleButton\" class=\"a-expander-header a-expander-partial-collapse-header\"><\/div>\n<\/div>\n<\/div>\n<div id=\"featurebullets_feature_div\" class=\"celwidget\" data-feature-name=\"featurebullets\" data-csa-c-type=\"widget\" data-csa-c-content-id=\"featurebullets\" data-csa-c-slot-id=\"featurebullets_feature_div\" data-csa-c-asin=\"B09S17M1MG\" data-csa-c-is-in-initial-active-row=\"false\" data-csa-c-id=\"t7ysi3-vjkbjv-g4vrd1-cw0xth\">\n<div id=\"feature-bullets\" class=\"a-section a-spacing-medium a-spacing-top-small\">\n<hr \/>\n<h1 class=\"a-size-base-plus a-text-bold\">Sobre este item<\/h1>\n<ul class=\"a-unordered-list a-vertical a-spacing-mini\">\n<li><span class=\"a-list-item\">11\u00aa gera\u00e7\u00e3o de Intel EVO Core i7-11370H (cache de 12MB, at\u00e9 4.8GHz)<\/span><\/li>\n<li><span class=\"a-list-item\">Mem\u00f3ria de 8GB (soldada), LPDDR4x, 4267MHz; Sem op\u00e7\u00e3o de expansibilidade<\/span><\/li>\n<li><span class=\"a-list-item\">SSD de 512GB PCIe NVMe M.2<\/span><\/li>\n<li><span class=\"a-list-item\">Full HD+ de 13.3&#8243; (1920 x 1200) antirreflexo, borda fina, 300nits 100% sRGB WVA, Low Blue Light<\/span><\/li>\n<li><span class=\"a-list-item\">2 portas Thunderbolt 4.0 (PowerDelivery e DisplayPort), 1 porta USB 3.2 de 1\u00aa Gera\u00e7\u00e3o, HDMI 1.4b, 1 conector de \u00e1udio<\/span><\/li>\n<\/ul>\n<\/div>\n<\/div>\n<table id=\"productDetails_techSpec_section_1\" class=\"a-keyvalue prodDetTable\" role=\"presentation\">\n<tbody>\n<tr>\n<th class=\"a-color-secondary a-size-base prodDetSectionEntry\">Marca<\/th>\n<td class=\"a-size-base prodDetAttrValue\">\u200eDell<\/td>\n<\/tr>\n<tr>\n<th class=\"a-color-secondary a-size-base prodDetSectionEntry\">Fabricante<\/th>\n<td class=\"a-size-base prodDetAttrValue\">\u200eDell<\/td>\n<\/tr>\n<tr>\n<th class=\"a-color-secondary a-size-base prodDetSectionEntry\">S\u00e9rie<\/th>\n<td class=\"a-size-base prodDetAttrValue\">\u200eInspiron 13<\/td>\n<\/tr>\n<tr>\n<th class=\"a-color-secondary a-size-base prodDetSectionEntry\">Certifica\u00e7\u00e3o<\/th>\n<td class=\"a-size-base prodDetAttrValue\">\u200eN\u00e3o aplicavel<\/td>\n<\/tr>\n<tr>\n<th class=\"a-color-secondary a-size-base prodDetSectionEntry\">Cor<\/th>\n<td class=\"a-size-base prodDetAttrValue\">\u200ePrata<\/td>\n<\/tr>\n<tr>\n<th class=\"a-color-secondary a-size-base prodDetSectionEntry\">Altura do produto<\/th>\n<td class=\"a-size-base prodDetAttrValue\">\u200e1.59 cent\u00edmetros<\/td>\n<\/tr>\n<tr>\n<th class=\"a-color-secondary a-size-base prodDetSectionEntry\">Largura do produto<\/th>\n<td class=\"a-size-base prodDetAttrValue\">\u200e29.68 cent\u00edmetros<\/td>\n<\/tr>\n<tr>\n<th class=\"a-color-secondary a-size-base prodDetSectionEntry\">Tamanho de tela vertical<\/th>\n<td class=\"a-size-base prodDetAttrValue\">\u200e13.3 Polegadas<\/td>\n<\/tr>\n<tr>\n<th class=\"a-color-secondary a-size-base prodDetSectionEntry\">Resolu\u00e7\u00e3o da tela<\/th>\n<td class=\"a-size-base prodDetAttrValue\">\u200e1920 x 1200 pixels<\/td>\n<\/tr>\n<tr>\n<th class=\"a-color-secondary a-size-base prodDetSectionEntry\">Resolu\u00e7\u00e3o<\/th>\n<td class=\"a-size-base prodDetAttrValue\">\u200e1920 x 1080<\/td>\n<\/tr>\n<tr>\n<th class=\"a-color-secondary a-size-base prodDetSectionEntry\">Marca do processador<\/th>\n<td class=\"a-size-base prodDetAttrValue\">\u200eIntel<\/td>\n<\/tr>\n<tr>\n<th class=\"a-color-secondary a-size-base prodDetSectionEntry\">Tipo de processador<\/th>\n<td class=\"a-size-base prodDetAttrValue\">\u200eIntel Core i7<\/td>\n<\/tr>\n<tr>\n<th class=\"a-color-secondary a-size-base prodDetSectionEntry\">Velocidade do processador<\/th>\n<td class=\"a-size-base prodDetAttrValue\">\u200e4.8 GHz<\/td>\n<\/tr>\n<tr>\n<th class=\"a-color-secondary a-size-base prodDetSectionEntry\">N\u00famero de processadores<\/th>\n<td class=\"a-size-base prodDetAttrValue\">\u200e1<\/td>\n<\/tr>\n<tr>\n<th class=\"a-color-secondary a-size-base prodDetSectionEntry\">Tamanho da mem\u00f3ria externa<\/th>\n<td class=\"a-size-base prodDetAttrValue\">\u200e8 GB<\/td>\n<\/tr>\n<tr>\n<th class=\"a-color-secondary a-size-base prodDetSectionEntry\">Tamanho da mem\u00f3ria<\/th>\n<td class=\"a-size-base prodDetAttrValue\">\u200e8 GB<\/td>\n<\/tr>\n<tr>\n<th class=\"a-color-secondary a-size-base prodDetSectionEntry\">Tecnologia da mem\u00f3ria<\/th>\n<td class=\"a-size-base prodDetAttrValue\">\u200eDDR4<\/td>\n<\/tr>\n<tr>\n<th class=\"a-color-secondary a-size-base prodDetSectionEntry\">M\u00e1ximo de mem\u00f3ria compat\u00edvel<\/th>\n<td class=\"a-size-base prodDetAttrValue\">\u200e8 GB<\/td>\n<\/tr>\n<tr>\n<th class=\"a-color-secondary a-size-base prodDetSectionEntry\">Velocidade do rel\u00f3gio de mem\u00f3ria<\/th>\n<td class=\"a-size-base prodDetAttrValue\">\u200e4267 MHz<\/td>\n<\/tr>\n<tr>\n<th class=\"a-color-secondary a-size-base prodDetSectionEntry\">Tecnologia do HD<\/th>\n<td class=\"a-size-base prodDetAttrValue\">\u200eSSD<\/td>\n<\/tr>\n<tr>\n<th class=\"a-color-secondary a-size-base prodDetSectionEntry\">Interface do HD<\/th>\n<td class=\"a-size-base prodDetAttrValue\">\u200eThunderbolt<\/td>\n<\/tr>\n<tr>\n<th class=\"a-color-secondary a-size-base prodDetSectionEntry\">Detalhes do \u00e1udio<\/th>\n<td class=\"a-size-base prodDetAttrValue\">\u200eAlto-falantes<\/td>\n<\/tr>\n<tr>\n<th class=\"a-color-secondary a-size-base prodDetSectionEntry\">Marca do chipset de v\u00eddeo<\/th>\n<td class=\"a-size-base prodDetAttrValue\">\u200eIntel<\/td>\n<\/tr>\n<tr>\n<th class=\"a-color-secondary a-size-base prodDetSectionEntry\">Descri\u00e7\u00e3o da placa de v\u00eddeo<\/th>\n<td class=\"a-size-base prodDetAttrValue\">\u200eIntegrado<\/td>\n<\/tr>\n<tr>\n<th class=\"a-color-secondary a-size-base prodDetSectionEntry\">Tipo de mem\u00f3ria de v\u00eddeo<\/th>\n<td class=\"a-size-base prodDetAttrValue\">\u200eDDR DRAM<\/td>\n<\/tr>\n<tr>\n<th class=\"a-color-secondary a-size-base prodDetSectionEntry\">Interface da placa de v\u00eddeo<\/th>\n<td class=\"a-size-base prodDetAttrValue\">\u200eIntegrado<\/td>\n<\/tr>\n<tr>\n<th class=\"a-color-secondary a-size-base prodDetSectionEntry\">Tipo de conex\u00e3o<\/th>\n<td class=\"a-size-base prodDetAttrValue\">\u200eWi-fi<\/td>\n<\/tr>\n<tr>\n<th class=\"a-color-secondary a-size-base prodDetSectionEntry\">Tecnologia de conex\u00e3o<\/th>\n<td class=\"a-size-base prodDetAttrValue\">\u200eUSB<\/td>\n<\/tr>\n<tr>\n<th class=\"a-color-secondary a-size-base prodDetSectionEntry\">Etiqueta Nacional de Efici\u00eancia Energ\u00e9tica (ENCE)<\/th>\n<td class=\"a-size-base prodDetAttrValue\">\u200e100<\/td>\n<\/tr>\n<tr>\n<th class=\"a-color-secondary a-size-base prodDetSectionEntry\">Pot\u00eancia em watts<\/th>\n<td class=\"a-size-base prodDetAttrValue\">\u200e65 watts<\/td>\n<\/tr>\n<tr>\n<th class=\"a-color-secondary a-size-base prodDetSectionEntry\">Dispositivo de armazenamento \u00f3ptico<\/th>\n<td class=\"a-size-base prodDetAttrValue\">\u200en\u00e3o aplicavel<\/td>\n<\/tr>\n<tr>\n<th class=\"a-color-secondary a-size-base prodDetSectionEntry\">Fonte de alimenta\u00e7\u00e3o<\/th>\n<td class=\"a-size-base prodDetAttrValue\">\u200eAC<\/td>\n<\/tr>\n<tr>\n<th class=\"a-color-secondary a-size-base prodDetSectionEntry\">Sistema operacional<\/th>\n<td class=\"a-size-base prodDetAttrValue\">\u200eWindows 11<\/td>\n<\/tr>\n<tr>\n<th class=\"a-color-secondary a-size-base prodDetSectionEntry\">N\u00famero de unidades<\/th>\n<td class=\"a-size-base prodDetAttrValue\">\u200e1<\/td>\n<\/tr>\n<tr>\n<th class=\"a-color-secondary a-size-base prodDetSectionEntry\">Peso do produto<\/th>\n<td class=\"a-size-base prodDetAttrValue\">\u200e1.25 kg<\/td>\n<\/tr>\n<tr>\n<th class=\"a-color-secondary a-size-base prodDetSectionEntry\">Dimens\u00f5es do produto<\/th>\n<td class=\"a-size-base prodDetAttrValue\">\u200e21 x 29.68 x 1.59 cm; 1.25 Quilogramas<\/td>\n<\/tr>\n<tr>\n<th class=\"a-color-secondary a-size-base prodDetSectionEntry\">Funciona a bateria ou pilha?<\/th>\n<td class=\"a-size-base prodDetAttrValue\">\u200eN\u00e3o<\/td>\n<\/tr>\n<tr>\n<th class=\"a-color-secondary a-size-base prodDetSectionEntry\">EAN<\/th>\n<td class=\"a-size-base prodDetAttrValue\">\u200e7899864941351<\/td>\n<\/tr>\n<\/tbody>\n<\/table>\n<\/div>\n<\/div>\n<\/div>\n<\/div>\n<\/div>\n<div class=\"a-row a-spacing-base\"><\/div>\n<\/div>\n<div class=\"a-column a-span6 a-span-last\">\n<div class=\"a-row a-spacing-base\">\n<div id=\"productDetails_db_sections\" class=\"a-section\">\n<h1 class=\"a-size-medium a-spacing-small secHeader\">Informa\u00e7\u00f5es adicionais<\/h1>\n<div class=\"a-section table-padding\">\n<table id=\"productDetails_detailBullets_sections1\" class=\"a-keyvalue prodDetTable\" role=\"presentation\">\n<tbody>\n<tr>\n<th class=\"a-color-secondary a-size-base prodDetSectionEntry\">Dimens\u00f5es do pacote<\/th>\n<td class=\"a-size-base prodDetAttrValue\">47.2 x 38.4 x 10.2 cent\u00edmetros<\/td>\n<\/tr>\n<\/tbody>\n<\/table>\n<\/div>\n<\/div>\n<\/div>\n<\/div>\n","protected":false},"excerpt":{"rendered":"<p>Notebook Ultraport\u00e1til Dell Inspiron i13-i1100-A20S 13.3&#8243; Full HD 11\u00aa gera\u00e7\u00e3o Intel EVO Core i7 8GB 512GB SSD Windows 11 Prata<\/p>\n<ul class=\"a-unordered-list a-vertical a-spacing-mini\">\n<li><span class=\"a-list-item\">11\u00aa gera\u00e7\u00e3o de Intel EVO Core i7-11370H (cache de 12MB, at\u00e9 4.8GHz)<\/span><\/li>\n<li><span class=\"a-list-item\">Mem\u00f3ria de 8GB (soldada), LPDDR4x, 4267MHz; Sem op\u00e7\u00e3o de expansibilidade<\/span><\/li>\n<li><span class=\"a-list-item\">SSD de 512GB PCIe NVMe M.2<\/span><\/li>\n<li><span class=\"a-list-item\">Full HD+ de 13.3&#8243; (1920 x 1200) antirreflexo, borda fina, 300nits 100% sRGB WVA, Low Blue Light<\/span><\/li>\n<li><span class=\"a-list-item\">2 portas Thunderbolt 4.0 (PowerDelivery e DisplayPort), 1 porta USB 3.2 de 1\u00aa Gera\u00e7\u00e3o, HDMI 1.4b, 1 conector de \u00e1udio<\/span><\/li>\n<\/ul>\n","protected":false},"featured_media":4352,"comment_status":"open","ping_status":"closed","template":"","meta":[],"product_brand":[],"product_cat":[613,49,605,87],"product_tag":[],"class_list":{"0":"post-4351","1":"product","2":"type-product","3":"status-publish","4":"has-post-thumbnail","6":"product_cat-amazon","7":"product_cat-informatica-e-tecnologia","8":"product_cat-lojas","9":"product_cat-notebooks","11":"first","12":"instock","13":"shipping-taxable","14":"product-type-external"},"_links":{"self":[{"href":"https:\/\/barzo.com.br\/shop\/wp-json\/wp\/v2\/product\/4351","targetHints":{"allow":["GET"]}}],"collection":[{"href":"https:\/\/barzo.com.br\/shop\/wp-json\/wp\/v2\/product"}],"about":[{"href":"https:\/\/barzo.com.br\/shop\/wp-json\/wp\/v2\/types\/product"}],"replies":[{"embeddable":true,"href":"https:\/\/barzo.com.br\/shop\/wp-json\/wp\/v2\/comments?post=4351"}],"wp:featuredmedia":[{"embeddable":true,"href":"https:\/\/barzo.com.br\/shop\/wp-json\/wp\/v2\/media\/4352"}],"wp:attachment":[{"href":"https:\/\/barzo.com.br\/shop\/wp-json\/wp\/v2\/media?parent=4351"}],"wp:term":[{"taxonomy":"product_brand","embeddable":true,"href":"https:\/\/barzo.com.br\/shop\/wp-json\/wp\/v2\/product_brand?post=4351"},{"taxonomy":"product_cat","embeddable":true,"href":"https:\/\/barzo.com.br\/shop\/wp-json\/wp\/v2\/product_cat?post=4351"},{"taxonomy":"product_tag","embeddable":true,"href":"https:\/\/barzo.com.br\/shop\/wp-json\/wp\/v2\/product_tag?post=4351"}],"curies":[{"name":"wp","href":"https:\/\/api.w.org\/{rel}","templated":true}]}}