{"id":4344,"date":"2023-01-29T00:30:47","date_gmt":"2023-01-29T03:30:47","guid":{"rendered":"https:\/\/barzo.com.br\/shop\/?post_type=product&#038;p=4344"},"modified":"2023-01-29T00:30:47","modified_gmt":"2023-01-29T03:30:47","slug":"cameras-de-seguranca","status":"publish","type":"product","link":"https:\/\/barzo.com.br\/shop\/produto\/cameras-de-seguranca\/","title":{"rendered":"C\u00e2meras de Seguran\u00e7a e Cart\u00e3o de Mem\u00f3ria Intelbr\u00e1s a partir de R$195"},"content":{"rendered":"<p>Diversas C\u00e2meras de Seguran\u00e7a e Cart\u00f5es de Mem\u00f3ria em promo\u00e7\u00e3o, mais seguran\u00e7a para sua casa.<\/p>\n","protected":false},"excerpt":{"rendered":"<p>Diversas C\u00e2meras de Seguran\u00e7a e Cart\u00f5es de Mem\u00f3ria em promo\u00e7\u00e3o, mais seguran\u00e7a para sua casa.<\/p>\n","protected":false},"featured_media":4345,"comment_status":"open","ping_status":"closed","template":"","meta":[],"product_brand":[],"product_cat":[605,57,613,480,19,22,71],"product_tag":[],"class_list":{"0":"post-4344","1":"product","2":"type-product","3":"status-publish","4":"has-post-thumbnail","6":"product_cat-lojas","7":"product_cat-acessorios","8":"product_cat-amazon","9":"product_cat-cameras","10":"product_cat-casa-e-jardim","11":"product_cat-eletronicos-audio-e-video","12":"product_cat-seguranca","14":"first","15":"instock","16":"shipping-taxable","17":"product-type-external"},"_links":{"self":[{"href":"https:\/\/barzo.com.br\/shop\/wp-json\/wp\/v2\/product\/4344","targetHints":{"allow":["GET"]}}],"collection":[{"href":"https:\/\/barzo.com.br\/shop\/wp-json\/wp\/v2\/product"}],"about":[{"href":"https:\/\/barzo.com.br\/shop\/wp-json\/wp\/v2\/types\/product"}],"replies":[{"embeddable":true,"href":"https:\/\/barzo.com.br\/shop\/wp-json\/wp\/v2\/comments?post=4344"}],"wp:featuredmedia":[{"embeddable":true,"href":"https:\/\/barzo.com.br\/shop\/wp-json\/wp\/v2\/media\/4345"}],"wp:attachment":[{"href":"https:\/\/barzo.com.br\/shop\/wp-json\/wp\/v2\/media?parent=4344"}],"wp:term":[{"taxonomy":"product_brand","embeddable":true,"href":"https:\/\/barzo.com.br\/shop\/wp-json\/wp\/v2\/product_brand?post=4344"},{"taxonomy":"product_cat","embeddable":true,"href":"https:\/\/barzo.com.br\/shop\/wp-json\/wp\/v2\/product_cat?post=4344"},{"taxonomy":"product_tag","embeddable":true,"href":"https:\/\/barzo.com.br\/shop\/wp-json\/wp\/v2\/product_tag?post=4344"}],"curies":[{"name":"wp","href":"https:\/\/api.w.org\/{rel}","templated":true}]}}