{"id":4339,"date":"2023-01-28T23:51:46","date_gmt":"2023-01-29T02:51:46","guid":{"rendered":"https:\/\/barzo.com.br\/shop\/?post_type=product&#038;p=4339"},"modified":"2023-01-29T00:56:08","modified_gmt":"2023-01-29T03:56:08","slug":"festival-de-limpeza-flash-limp-a-partir-de-r9","status":"publish","type":"product","link":"https:\/\/barzo.com.br\/shop\/produto\/festival-de-limpeza-flash-limp-a-partir-de-r9\/","title":{"rendered":"Festival de Limpeza Flash Limp a partir de R$9"},"content":{"rendered":"<p>Diversos acess\u00f3rios para limpeza da marca Flash Limp em promo\u00e7\u00e3o, venha conferir:<\/p>\n<ul>\n<li>Mop&#8217;s<\/li>\n<li>Rolos Adesivos<\/li>\n<li>Espanadores<\/li>\n<li>Papa Bolinhas<\/li>\n<li>Vassoura M\u00e1gica<\/li>\n<li>Limpa Vidros<\/li>\n<li>Refis<\/li>\n<li>Mini-Varais<\/li>\n<li>Bolsas para lavar roupas<\/li>\n<li>Cesto Retr\u00e1til<\/li>\n<li>E muito mais&#8230;<\/li>\n<\/ul>\n<p>Sua limpeza do dia a dia muito mais f\u00e1cil.<\/p>\n","protected":false},"excerpt":{"rendered":"<p>Diversos acess\u00f3rios para limpeza da marca Flash Limp em promo\u00e7\u00e3o.<\/p>\n","protected":false},"featured_media":4341,"comment_status":"open","ping_status":"closed","template":"","meta":[],"product_brand":[],"product_cat":[171,172,613,605],"product_tag":[],"class_list":{"0":"post-4339","1":"product","2":"type-product","3":"status-publish","4":"has-post-thumbnail","6":"product_cat-higiene-e-limpeza","7":"product_cat-acessorios-de-limpeza","8":"product_cat-amazon","9":"product_cat-lojas","11":"first","12":"instock","13":"shipping-taxable","14":"product-type-external"},"_links":{"self":[{"href":"https:\/\/barzo.com.br\/shop\/wp-json\/wp\/v2\/product\/4339","targetHints":{"allow":["GET"]}}],"collection":[{"href":"https:\/\/barzo.com.br\/shop\/wp-json\/wp\/v2\/product"}],"about":[{"href":"https:\/\/barzo.com.br\/shop\/wp-json\/wp\/v2\/types\/product"}],"replies":[{"embeddable":true,"href":"https:\/\/barzo.com.br\/shop\/wp-json\/wp\/v2\/comments?post=4339"}],"wp:featuredmedia":[{"embeddable":true,"href":"https:\/\/barzo.com.br\/shop\/wp-json\/wp\/v2\/media\/4341"}],"wp:attachment":[{"href":"https:\/\/barzo.com.br\/shop\/wp-json\/wp\/v2\/media?parent=4339"}],"wp:term":[{"taxonomy":"product_brand","embeddable":true,"href":"https:\/\/barzo.com.br\/shop\/wp-json\/wp\/v2\/product_brand?post=4339"},{"taxonomy":"product_cat","embeddable":true,"href":"https:\/\/barzo.com.br\/shop\/wp-json\/wp\/v2\/product_cat?post=4339"},{"taxonomy":"product_tag","embeddable":true,"href":"https:\/\/barzo.com.br\/shop\/wp-json\/wp\/v2\/product_tag?post=4339"}],"curies":[{"name":"wp","href":"https:\/\/api.w.org\/{rel}","templated":true}]}}