{"id":4316,"date":"2023-01-23T23:24:25","date_gmt":"2023-01-24T02:24:25","guid":{"rendered":"https:\/\/barzo.com.br\/shop\/?post_type=product&#038;p=4316"},"modified":"2023-01-23T23:28:00","modified_gmt":"2023-01-24T02:28:00","slug":"pelicula-de-privacidade-smartphones-tablets","status":"publish","type":"product","link":"https:\/\/barzo.com.br\/shop\/produto\/pelicula-de-privacidade-smartphones-tablets\/","title":{"rendered":"Pel\u00edcula de Privacidade 3D para Smartphones e Tablets"},"content":{"rendered":"<p>As pel\u00edculas anti espi\u00e3o s\u00e3o pra quem preza por privacidade com seu celular, afinal n\u00e3o tem nada mais chato do que voc\u00ea est\u00e1 em um conversa no whatsapp ou precisar de entrar em algum app de banco em local p\u00fablico e um engra\u00e7adinho querer espionar a tela do seu aparelho na cara dura, e pra acabar com isso a pel\u00edcula de privacidade \u00e9 a solu\u00e7\u00e3o e o bom \u00e9 que j\u00e1 existe pra praticamente todos os modelos de telefone e at\u00e9 pra tablets.<\/p>\n","protected":false},"excerpt":{"rendered":"<p>As pel\u00edculas anti espi\u00e3o s\u00e3o pra quem preza por privacidade com seu celular, afinal n\u00e3o tem nada mais chato do que voc\u00ea est\u00e1 em um conversa no whatsapp ou precisar de entrar em algum app de banco em local p\u00fablico e um engra\u00e7adinho querer espionar a tela do seu aparelho na cara dura, e pra acabar com isso a pel\u00edcula de privacidade \u00e9 a solu\u00e7\u00e3o e o bom \u00e9 que j\u00e1 existe pra praticamente todos os modelos de telefone e at\u00e9 pra tablets.<\/p>\n","protected":false},"featured_media":4295,"comment_status":"open","ping_status":"closed","template":"","meta":[],"product_brand":[],"product_cat":[899,898,126],"product_tag":[1029,1026,1025,1024,1023,1027,1028],"class_list":{"0":"post-4316","1":"product","2":"type-product","3":"status-publish","4":"has-post-thumbnail","6":"product_cat-achadinhos","7":"product_cat-acessorios-para-telefones-e-smartphones","8":"product_cat-telefones-celulares-e-tablets","9":"product_tag-acessorios-par-smartphones-e-tablets","10":"product_tag-pelicula-3d-privacidade","11":"product_tag-pelicula-anti-espiao","12":"product_tag-pelicula-anti-spy","13":"product_tag-pelicula-de-privacidade","14":"product_tag-smartphones","15":"product_tag-tablets","17":"first","18":"instock","19":"shipping-taxable","20":"product-type-external"},"_links":{"self":[{"href":"https:\/\/barzo.com.br\/shop\/wp-json\/wp\/v2\/product\/4316","targetHints":{"allow":["GET"]}}],"collection":[{"href":"https:\/\/barzo.com.br\/shop\/wp-json\/wp\/v2\/product"}],"about":[{"href":"https:\/\/barzo.com.br\/shop\/wp-json\/wp\/v2\/types\/product"}],"replies":[{"embeddable":true,"href":"https:\/\/barzo.com.br\/shop\/wp-json\/wp\/v2\/comments?post=4316"}],"wp:featuredmedia":[{"embeddable":true,"href":"https:\/\/barzo.com.br\/shop\/wp-json\/wp\/v2\/media\/4295"}],"wp:attachment":[{"href":"https:\/\/barzo.com.br\/shop\/wp-json\/wp\/v2\/media?parent=4316"}],"wp:term":[{"taxonomy":"product_brand","embeddable":true,"href":"https:\/\/barzo.com.br\/shop\/wp-json\/wp\/v2\/product_brand?post=4316"},{"taxonomy":"product_cat","embeddable":true,"href":"https:\/\/barzo.com.br\/shop\/wp-json\/wp\/v2\/product_cat?post=4316"},{"taxonomy":"product_tag","embeddable":true,"href":"https:\/\/barzo.com.br\/shop\/wp-json\/wp\/v2\/product_tag?post=4316"}],"curies":[{"name":"wp","href":"https:\/\/api.w.org\/{rel}","templated":true}]}}