{"id":4314,"date":"2023-01-23T22:54:14","date_gmt":"2023-01-24T01:54:14","guid":{"rendered":"https:\/\/barzo.com.br\/shop\/?post_type=product&#038;p=4314"},"modified":"2023-01-23T22:56:43","modified_gmt":"2023-01-24T01:56:43","slug":"jogo-porta-copos-bambus-circle-6","status":"publish","type":"product","link":"https:\/\/barzo.com.br\/shop\/produto\/jogo-porta-copos-bambus-circle-6\/","title":{"rendered":"Jogo de Porta-Copos Bambus Circle 6 Pe\u00e7as &#8211; Home Style"},"content":{"rendered":"<p>O\u00a0<strong>porta-copos<\/strong>\u00a0al\u00e9m de serem pr\u00e1ticos, evitam manchas ou marcas sobre os m\u00f3veis. Este item \u00e9 um daqueles detalhes que fazem toda a diferen\u00e7a. Existem diversas op\u00e7\u00f5es de porta-copos, que s\u00e3o funcionais, e que contribuem na decora\u00e7\u00e3o do ambiente.<br \/>\nO\u00a0<strong>Jogo de Porta-Copos Bambus Circle 6 Pe\u00e7as<\/strong>\u00a0al\u00e9m de bonito s\u00e3o ideais para complementar sua mesa que garante um visual \u00fanico e sustent\u00e1vel. Produzido em bambu mat\u00e9ria-prima que impede a prolifera\u00e7\u00e3o de bact\u00e9rias, \u00e9 dur\u00e1vel e de f\u00e1cil higieniza\u00e7\u00e3o, medindo 11\u00a0cm de di\u00e2metro \u00e9 um item leve e f\u00e1cil de limpar.<\/p>\n<p><strong>Cont\u00e9m<\/strong>: 6 Porta-Copos.<\/p>\n","protected":false},"excerpt":{"rendered":"<p>O\u00a0<strong>porta-copos<\/strong>\u00a0al\u00e9m de serem pr\u00e1ticos, evitam manchas ou marcas sobre os m\u00f3veis. Este item \u00e9 um daqueles detalhes que fazem toda a diferen\u00e7a. Existem diversas op\u00e7\u00f5es de porta-copos, que s\u00e3o funcionais, e que contribuem na decora\u00e7\u00e3o do ambiente.<\/p>\n","protected":false},"featured_media":4312,"comment_status":"open","ping_status":"closed","template":"","meta":[],"product_brand":[],"product_cat":[899,617,19,139,79,118,605,160,144,147,127],"product_tag":[1017,1004,1016,1015],"class_list":{"0":"post-4314","1":"product","2":"type-product","3":"status-publish","4":"has-post-thumbnail","6":"product_cat-achadinhos","7":"product_cat-camicado","8":"product_cat-casa-e-jardim","9":"product_cat-copos-tacas-e-canecas","10":"product_cat-cozinha-e-area-de-servico","11":"product_cat-decoracao","12":"product_cat-lojas","13":"product_cat-porta-objetos-e-revisteiros","14":"product_cat-sobremesa-cafe-e-cha","15":"product_cat-utensilios-e-acessorios-domesticos","16":"product_cat-utilidades-domesticas","17":"product_tag-bambu","18":"product_tag-cozinha","19":"product_tag-mesa-posta","20":"product_tag-porta-copos","22":"first","23":"instock","24":"shipping-taxable","25":"product-type-external"},"_links":{"self":[{"href":"https:\/\/barzo.com.br\/shop\/wp-json\/wp\/v2\/product\/4314","targetHints":{"allow":["GET"]}}],"collection":[{"href":"https:\/\/barzo.com.br\/shop\/wp-json\/wp\/v2\/product"}],"about":[{"href":"https:\/\/barzo.com.br\/shop\/wp-json\/wp\/v2\/types\/product"}],"replies":[{"embeddable":true,"href":"https:\/\/barzo.com.br\/shop\/wp-json\/wp\/v2\/comments?post=4314"}],"wp:featuredmedia":[{"embeddable":true,"href":"https:\/\/barzo.com.br\/shop\/wp-json\/wp\/v2\/media\/4312"}],"wp:attachment":[{"href":"https:\/\/barzo.com.br\/shop\/wp-json\/wp\/v2\/media?parent=4314"}],"wp:term":[{"taxonomy":"product_brand","embeddable":true,"href":"https:\/\/barzo.com.br\/shop\/wp-json\/wp\/v2\/product_brand?post=4314"},{"taxonomy":"product_cat","embeddable":true,"href":"https:\/\/barzo.com.br\/shop\/wp-json\/wp\/v2\/product_cat?post=4314"},{"taxonomy":"product_tag","embeddable":true,"href":"https:\/\/barzo.com.br\/shop\/wp-json\/wp\/v2\/product_tag?post=4314"}],"curies":[{"name":"wp","href":"https:\/\/api.w.org\/{rel}","templated":true}]}}