{"id":4311,"date":"2023-01-23T22:47:27","date_gmt":"2023-01-24T01:47:27","guid":{"rendered":"https:\/\/barzo.com.br\/shop\/?post_type=product&#038;p=4311"},"modified":"2023-01-24T00:19:27","modified_gmt":"2023-01-24T03:19:27","slug":"bule-de-cha-com-filtro-fineline-450ml","status":"publish","type":"product","link":"https:\/\/barzo.com.br\/shop\/produto\/bule-de-cha-com-filtro-fineline-450ml\/","title":{"rendered":"Bule de Ch\u00e1 com Filtro Fineline 450ml &#8211; Home Style"},"content":{"rendered":"<p>O\u00a0<strong>Bule para ch\u00e1<\/strong>\u00a0\u00e9 uma pe\u00e7a que enriquece a decora\u00e7\u00e3o da sua mesa. N\u00e3o tem nada mais elegante do que servir \u00e0 mesa utilizando acess\u00f3rios e utens\u00edlios apropriados para cada momento. E o\u00a0<strong>bule de ch\u00e1<\/strong>\u00a0se torna vers\u00e1til, sendo ideal para uma servir um ch\u00e1 pela manh\u00e3, o ch\u00e1 da tarde ou uma noite agrad\u00e1vel entre amigos. Escolha o\u00a0<strong>bule de ch\u00e1 com filtro Fineline<\/strong><b>\u00a0<\/b>para compor a sua mesa, \u00e9 produzido em vidro borossilicato, servindo at\u00e9 450\u00a0ml.<\/p>\n<p>O bule de ch\u00e1 pode ser usado muito bem para servir caf\u00e9, \u00e1gua ou outras bebidas que voc\u00ea achar adequado.<\/p>\n<p><strong>Cuidados:<\/strong><br \/>\nProcure lavar com \u00e1gua corrente, esponja e sab\u00e3o neutro. Vai em m\u00e1quina de lavar lou\u00e7as.<\/p>\n","protected":false},"excerpt":{"rendered":"<p>O\u00a0<strong>Bule para ch\u00e1<\/strong>\u00a0\u00e9 uma pe\u00e7a que enriquece a decora\u00e7\u00e3o da sua mesa. N\u00e3o tem nada mais elegante do que servir \u00e0 mesa utilizando acess\u00f3rios e utens\u00edlios apropriados para cada momento. E o\u00a0<strong>bule de ch\u00e1<\/strong>\u00a0se torna vers\u00e1til, sendo ideal para uma servir um ch\u00e1 pela manh\u00e3, o ch\u00e1 da tarde ou uma noite agrad\u00e1vel entre amigos.<\/p>\n","protected":false},"featured_media":4313,"comment_status":"open","ping_status":"closed","template":"","meta":[],"product_brand":[],"product_cat":[899,617,19,79,605,144,127],"product_tag":[1014,1011,1012,994,1007,1013,1004],"class_list":{"0":"post-4311","1":"product","2":"type-product","3":"status-publish","4":"has-post-thumbnail","6":"product_cat-achadinhos","7":"product_cat-camicado","8":"product_cat-casa-e-jardim","9":"product_cat-cozinha-e-area-de-servico","10":"product_cat-lojas","11":"product_cat-sobremesa-cafe-e-cha","12":"product_cat-utilidades-domesticas","13":"product_tag-bule-com-filtro","14":"product_tag-bule-para-cha","15":"product_tag-cafe","16":"product_tag-casa-e-jardim","17":"product_tag-casa-pratica","18":"product_tag-cha","19":"product_tag-cozinha","21":"first","22":"instock","23":"shipping-taxable","24":"product-type-external"},"_links":{"self":[{"href":"https:\/\/barzo.com.br\/shop\/wp-json\/wp\/v2\/product\/4311","targetHints":{"allow":["GET"]}}],"collection":[{"href":"https:\/\/barzo.com.br\/shop\/wp-json\/wp\/v2\/product"}],"about":[{"href":"https:\/\/barzo.com.br\/shop\/wp-json\/wp\/v2\/types\/product"}],"replies":[{"embeddable":true,"href":"https:\/\/barzo.com.br\/shop\/wp-json\/wp\/v2\/comments?post=4311"}],"wp:featuredmedia":[{"embeddable":true,"href":"https:\/\/barzo.com.br\/shop\/wp-json\/wp\/v2\/media\/4313"}],"wp:attachment":[{"href":"https:\/\/barzo.com.br\/shop\/wp-json\/wp\/v2\/media?parent=4311"}],"wp:term":[{"taxonomy":"product_brand","embeddable":true,"href":"https:\/\/barzo.com.br\/shop\/wp-json\/wp\/v2\/product_brand?post=4311"},{"taxonomy":"product_cat","embeddable":true,"href":"https:\/\/barzo.com.br\/shop\/wp-json\/wp\/v2\/product_cat?post=4311"},{"taxonomy":"product_tag","embeddable":true,"href":"https:\/\/barzo.com.br\/shop\/wp-json\/wp\/v2\/product_tag?post=4311"}],"curies":[{"name":"wp","href":"https:\/\/api.w.org\/{rel}","templated":true}]}}