{"id":4310,"date":"2023-01-23T22:35:24","date_gmt":"2023-01-24T01:35:24","guid":{"rendered":"https:\/\/barzo.com.br\/shop\/?post_type=product&#038;p=4310"},"modified":"2023-01-23T22:40:52","modified_gmt":"2023-01-24T01:40:52","slug":"luminaria-led-base-magnetica-portatil-recarregavel-usb","status":"publish","type":"product","link":"https:\/\/barzo.com.br\/shop\/produto\/luminaria-led-base-magnetica-portatil-recarregavel-usb\/","title":{"rendered":"Lumin\u00e1ria de Led Base Magn\u00e9tica Port\u00e1til Recarreg\u00e1vel USB 3 Tons de Ilumina\u00e7\u00e3o Forte"},"content":{"rendered":"<p>Lumin\u00e1ria Led Port\u00e1til Base Magn\u00e9tica Recarreg\u00e1vel via USB com 3 tipos de intensidade da Luz, Branco Frio, Branco Quente e Misto<\/p>\n<p>Inovadora Lumin\u00e1ria com Base Magn\u00e9tica para ser colocada onde for necess\u00e1rio. Leve e pr\u00e1tica a base a ser fixada com fita colente dupla-face j\u00e1 inclusa. Ma mesa de estudos, na pia da cozinha, dentro dos nichos dos arm\u00e1rios, guarda roupa, at\u00e9 em ambientes externos que tenham baixa ilumina\u00e7\u00e3o. A Lumin\u00e1ria Bast\u00e3o de LED recarreg\u00e1vel pode ser utilizada em qualquer ambiente ou local com aus\u00eancia de luz. O formato em bast\u00e3o e 3 tonalidades de LED super potentes pode ser fixado na parede, madeira ou em qualquer outro tipo de superf\u00edcie lisa, e seu suporte \u00e9 regulado por um (im\u00e3) ficando muito f\u00e1cil de por e depois tirar do lugar.<\/p>\n<p>Possui conex\u00e3o Micro USB, acompanha cabo Micro USB de 1 metro para recarregar a bateria que \u00e9 de 1200mAh que dura at\u00e9 12 horas. \u00c9 leve e de f\u00e1cil transporte, possibilitando que a lumin\u00e1ria port\u00e1til seja transportada, com facilidade, para qualquer lugar.<\/p>\n<p>Ideal para cozinha, arm\u00e1rio, balc\u00e3o, prateleira, garagem, por\u00e3o ou locais escuros semelhantes, onde voc\u00ea pode precisar de alguma ilumina\u00e7\u00e3o forte por alguns minutos de vez em quando.<\/p>\n<p>Caracter\u00edsticas:<\/p>\n<p>&#8211; LED mais brilhante que o LED comum.<\/p>\n<p>&#8211; S\u00e3o 28 LEDs, sendo 14 branco frio e 14 quentes.<\/p>\n<p>&#8211; Bateria de alta capacidade.<\/p>\n<p>&#8211; Carregamento via cabo USB.<\/p>\n<p>&#8211; Ima forte e de f\u00e1cil instala\u00e7\u00e3o.<\/p>\n<p>&#8211; Tr\u00eas tons de cor: Branco Frio, Branco Quente e Misto<\/p>\n<p>&#8211; Tempo de carga aproximadamente 2 horas.<\/p>\n<p>&#8211; Tens\u00e3o nominal: DC 5V.<\/p>\n<p>&#8211; Baixo consumo de energia apenas 4 W.<\/p>\n<p>&#8211; Dispensa o uso de ferramentas na instala\u00e7\u00e3o, super pratico.<\/p>\n<p>Especifica\u00e7\u00f5es:<\/p>\n<p>&#8211; Largura: 4,5 cm.<\/p>\n<p>&#8211; Comprimento: 33 cm.<\/p>\n<p>&#8211; Espessura: 3 cm.<\/p>\n<p>&#8211; Peso: 250 gramas.<\/p>\n<p>Itens na Embalagem:<\/p>\n<p>&#8211; Llumin\u00e1ria de LED<\/p>\n<p>&#8211; Suporte Fixador.<\/p>\n<p>&#8211; 02 Fitas Dupla Face.<\/p>\n<p>&#8211; Cabo USB.<\/p>\n","protected":false},"excerpt":{"rendered":"<p>Lumin\u00e1ria Led Port\u00e1til Base Magn\u00e9tica Recarreg\u00e1vel via USB com 3 tipos de intensidade da Luz, Branco Frio, Branco Quente e Misto<\/p>\n","protected":false},"featured_media":4301,"comment_status":"open","ping_status":"closed","template":"","meta":[],"product_brand":[],"product_cat":[899,19,118,73,605,155,865],"product_tag":[1007,1006,1005,1009,1010,1008],"class_list":{"0":"post-4310","1":"product","2":"type-product","3":"status-publish","4":"has-post-thumbnail","6":"product_cat-achadinhos","7":"product_cat-casa-e-jardim","8":"product_cat-decoracao","9":"product_cat-iluminacao","10":"product_cat-lojas","11":"product_cat-luminaria","12":"product_cat-shopee","13":"product_tag-casa-pratica","14":"product_tag-iluminacao","15":"product_tag-luminaria","16":"product_tag-luminaria-led","17":"product_tag-luminaria-magnetica","18":"product_tag-luminaria-portatil","20":"first","21":"instock","22":"shipping-taxable","23":"product-type-external"},"_links":{"self":[{"href":"https:\/\/barzo.com.br\/shop\/wp-json\/wp\/v2\/product\/4310","targetHints":{"allow":["GET"]}}],"collection":[{"href":"https:\/\/barzo.com.br\/shop\/wp-json\/wp\/v2\/product"}],"about":[{"href":"https:\/\/barzo.com.br\/shop\/wp-json\/wp\/v2\/types\/product"}],"replies":[{"embeddable":true,"href":"https:\/\/barzo.com.br\/shop\/wp-json\/wp\/v2\/comments?post=4310"}],"wp:featuredmedia":[{"embeddable":true,"href":"https:\/\/barzo.com.br\/shop\/wp-json\/wp\/v2\/media\/4301"}],"wp:attachment":[{"href":"https:\/\/barzo.com.br\/shop\/wp-json\/wp\/v2\/media?parent=4310"}],"wp:term":[{"taxonomy":"product_brand","embeddable":true,"href":"https:\/\/barzo.com.br\/shop\/wp-json\/wp\/v2\/product_brand?post=4310"},{"taxonomy":"product_cat","embeddable":true,"href":"https:\/\/barzo.com.br\/shop\/wp-json\/wp\/v2\/product_cat?post=4310"},{"taxonomy":"product_tag","embeddable":true,"href":"https:\/\/barzo.com.br\/shop\/wp-json\/wp\/v2\/product_tag?post=4310"}],"curies":[{"name":"wp","href":"https:\/\/api.w.org\/{rel}","templated":true}]}}