{"id":4308,"date":"2023-01-23T22:17:43","date_gmt":"2023-01-24T01:17:43","guid":{"rendered":"https:\/\/barzo.com.br\/shop\/?post_type=product&#038;p=4308"},"modified":"2023-01-23T22:21:28","modified_gmt":"2023-01-24T01:21:28","slug":"kit-12-utensilios-de-cozinha-silicone-cabo-madeira","status":"publish","type":"product","link":"https:\/\/barzo.com.br\/shop\/produto\/kit-12-utensilios-de-cozinha-silicone-cabo-madeira\/","title":{"rendered":"Kit C\/12 Utens\u00edlios De Cozinha Silicone Cabo Madeira"},"content":{"rendered":"<p>Lindo jogo com 12 utens\u00edlios dom\u00e9sticos, para deixar a hora do preparo da sua comida mais alegre e gostoso.<\/p>\n<p>&#8211; Suporta alta temperatura: faixa de temperatura &#8211; 40 a 230\u00b0 C<\/p>\n<p>&#8211; F\u00e1cil de limpar: podem ser lavados na m\u00e1quina de lavara lou\u00e7a<\/p>\n<p>&#8211; Dur\u00e1veis, flex\u00edveis, n\u00e3o se deformam<\/p>\n<p>&#8211; N\u00e3o t\u00f3xico, livre BPA<\/p>\n<p>&#8211; N\u00e3o riscam a panela<\/p>\n<p>&#8211; Possuem furo para pendurar<\/p>\n<p>&#8211; Cabo n\u00e3o transmite calor<\/p>\n<p>&#8211; Material resistente<\/p>\n<p>Cont\u00e9m:<\/p>\n<p>1 Colher Vazada (31,5 cm)<\/p>\n<p>1 Esp\u00e1tula (32 cm)<\/p>\n<p>1 Colher ( 31,5 cm)<\/p>\n<p>1 Esp\u00e1tula Vazada (32 cm)<\/p>\n<p>1 Colher Esp\u00e1tula (32 cm)<\/p>\n<p>1 Esp\u00e1tula P\u00e3o Duro (31,5 cm)<\/p>\n<p>1 Pegador de Massa (31 cm)<\/p>\n<p>1 Concha (31 cm)<\/p>\n<p>1 Pincel (27 cm)<\/p>\n<p>1 Pegador de Salada (27 cm)<\/p>\n<p>1 Batedor de Claras (24,5 cm)<\/p>\n<p>1 Pote (15 x 12 cm)<\/p>\n<p>Cor branco: Conte\u00fado 12pc<\/p>\n<p>Material Corpo: Silicone<\/p>\n<p>Material Cabo: Madeira<\/p>\n","protected":false},"excerpt":{"rendered":"<p>Lindo jogo com 12 utens\u00edlios de cozinha, para deixar a hora do preparo da sua comida mais alegre e gostoso.<\/p>\n","protected":false},"featured_media":4309,"comment_status":"open","ping_status":"closed","template":"","meta":[],"product_brand":[],"product_cat":[899,19,79,605,865,147,127],"product_tag":[1004,1003],"class_list":{"0":"post-4308","1":"product","2":"type-product","3":"status-publish","4":"has-post-thumbnail","6":"product_cat-achadinhos","7":"product_cat-casa-e-jardim","8":"product_cat-cozinha-e-area-de-servico","9":"product_cat-lojas","10":"product_cat-shopee","11":"product_cat-utensilios-e-acessorios-domesticos","12":"product_cat-utilidades-domesticas","13":"product_tag-cozinha","14":"product_tag-kit-de-utensilios-domesticos","16":"first","17":"instock","18":"shipping-taxable","19":"product-type-external"},"_links":{"self":[{"href":"https:\/\/barzo.com.br\/shop\/wp-json\/wp\/v2\/product\/4308","targetHints":{"allow":["GET"]}}],"collection":[{"href":"https:\/\/barzo.com.br\/shop\/wp-json\/wp\/v2\/product"}],"about":[{"href":"https:\/\/barzo.com.br\/shop\/wp-json\/wp\/v2\/types\/product"}],"replies":[{"embeddable":true,"href":"https:\/\/barzo.com.br\/shop\/wp-json\/wp\/v2\/comments?post=4308"}],"wp:featuredmedia":[{"embeddable":true,"href":"https:\/\/barzo.com.br\/shop\/wp-json\/wp\/v2\/media\/4309"}],"wp:attachment":[{"href":"https:\/\/barzo.com.br\/shop\/wp-json\/wp\/v2\/media?parent=4308"}],"wp:term":[{"taxonomy":"product_brand","embeddable":true,"href":"https:\/\/barzo.com.br\/shop\/wp-json\/wp\/v2\/product_brand?post=4308"},{"taxonomy":"product_cat","embeddable":true,"href":"https:\/\/barzo.com.br\/shop\/wp-json\/wp\/v2\/product_cat?post=4308"},{"taxonomy":"product_tag","embeddable":true,"href":"https:\/\/barzo.com.br\/shop\/wp-json\/wp\/v2\/product_tag?post=4308"}],"curies":[{"name":"wp","href":"https:\/\/api.w.org\/{rel}","templated":true}]}}