{"id":4307,"date":"2023-01-23T21:53:44","date_gmt":"2023-01-24T00:53:44","guid":{"rendered":"https:\/\/barzo.com.br\/shop\/?post_type=product&#038;p=4307"},"modified":"2023-01-23T21:56:16","modified_gmt":"2023-01-24T00:56:16","slug":"suporte-celular-robo-cameraman-360o-reconhecimento-facial-selfie-vlog","status":"publish","type":"product","link":"https:\/\/barzo.com.br\/shop\/produto\/suporte-celular-robo-cameraman-360o-reconhecimento-facial-selfie-vlog\/","title":{"rendered":"Suporte Celular Rob\u00f4 CameraMan 360\u00ba Inteligente Reconhecimento Facial Autom\u00e1tico Selfie Vlog Blogueira M\u00e3os Livres"},"content":{"rendered":"<p>Suporte de celular rob\u00f4 CameraMan, ele \u00e9 360\u00ba, disparo inteligente, possui reconhecimento facial, deixa suas m\u00e3os livres para interagir em videos, ideal para quem faz vlogs, chamadas de v\u00eddeo, tirar selfies, etc; tamb\u00e9m pode ser usado com trip\u00e9, suporta Android e iOS, aceita celulares at\u00e9 265g e 7 polegadas e opera em \u00e2ngulos suporte a vertical e horizontal e \u00e9 utiliza 3 pilhas do tipo AA.<\/p>\n<h2>Informa\u00e7\u00f5es sobre o produto<\/h2>\n<div class=\"a-row a-spacing-top-base\">\n<div class=\"a-column a-span6\">\n<div class=\"a-row a-spacing-base\">\n<div class=\"a-row a-expander-container a-expander-extend-container\">\n<div class=\"a-row\">\n<div class=\"a-column a-span6\">\n<h1 class=\"a-size-medium a-spacing-small\">Detalhes t\u00e9cnicos<\/h1>\n<\/div>\n<\/div>\n<div class=\"a-expander-content a-expander-extend-content\" aria-expanded=\"true\">\n<div class=\"a-row a-expander-container a-expander-inline-container\">\n<div class=\"a-expander-content a-expander-section-content a-section-expander-inner\" aria-expanded=\"true\">\n<table id=\"productDetails_techSpec_section_1\" class=\"a-keyvalue prodDetTable\" role=\"presentation\">\n<tbody>\n<tr>\n<th class=\"a-color-secondary a-size-base prodDetSectionEntry\">Marca<\/th>\n<td class=\"a-size-base prodDetAttrValue\">\u200eApai Genie<\/td>\n<\/tr>\n<tr>\n<th class=\"a-color-secondary a-size-base prodDetSectionEntry\">Fabricante<\/th>\n<td class=\"a-size-base prodDetAttrValue\">\u200eH &amp; Q Supremo Comercial Eireli<\/td>\n<\/tr>\n<tr>\n<th class=\"a-color-secondary a-size-base prodDetSectionEntry\">Aparelhos compat\u00edveis<\/th>\n<td class=\"a-size-base prodDetAttrValue\">\u200eCelular<\/td>\n<\/tr>\n<tr>\n<th class=\"a-color-secondary a-size-base prodDetSectionEntry\">Funciona com baterias<\/th>\n<td class=\"a-size-base prodDetAttrValue\">\u200eN\u00e3o<\/td>\n<\/tr>\n<tr>\n<th class=\"a-color-secondary a-size-base prodDetSectionEntry\">Peso do produto<\/th>\n<td class=\"a-size-base prodDetAttrValue\">\u200e280 g<\/td>\n<\/tr>\n<tr>\n<th class=\"a-color-secondary a-size-base prodDetSectionEntry\">EAN<\/th>\n<td class=\"a-size-base prodDetAttrValue\">\u200e7906501451095, 7906501450784<\/td>\n<\/tr>\n<tr>\n<th class=\"a-color-secondary a-size-base prodDetSectionEntry\">Dimens\u00f5es do produto<\/th>\n<td class=\"a-size-base prodDetAttrValue\">\u200e18 x 10 x 9.5 cm; 280 g<\/td>\n<\/tr>\n<\/tbody>\n<\/table>\n<\/div>\n<\/div>\n<\/div>\n<\/div>\n<\/div>\n<div class=\"a-row a-spacing-base\"><\/div>\n<\/div>\n<div class=\"a-column a-span6 a-span-last\">\n<div class=\"a-row a-spacing-base\">\n<div id=\"productDetails_db_sections\" class=\"a-section\">\n<h1 class=\"a-size-medium a-spacing-small secHeader\">Informa\u00e7\u00f5es adicionais<\/h1>\n<div class=\"a-section table-padding\">\n<table id=\"productDetails_detailBullets_sections1\" class=\"a-keyvalue prodDetTable\" role=\"presentation\">\n<tbody>\n<tr>\n<th class=\"a-color-secondary a-size-base prodDetSectionEntry\">Dimens\u00f5es do pacote<\/th>\n<td class=\"a-size-base prodDetAttrValue\">19 x 10 x 10 cent\u00edmetros<\/td>\n<\/tr>\n<tr>\n<th class=\"a-color-secondary a-size-base prodDetSectionEntry\">ASIN<\/th>\n<td class=\"a-size-base prodDetAttrValue\">B08WHNCNPQ<\/td>\n<\/tr>\n<\/tbody>\n<\/table>\n<\/div>\n<\/div>\n<\/div>\n<\/div>\n<\/div>\n","protected":false},"excerpt":{"rendered":"<p>Suporte de celular rob\u00f4 CameraMan, ele \u00e9 360\u00ba, disparo inteligente, possui reconhecimento facial, deixa suas m\u00e3os livres para interagir em videos, ideal para quem faz vlogs, chamadas de v\u00eddeo, tirar selfies, etc; tamb\u00e9m pode ser usado com trip\u00e9, suporta Android e iOS, aceita celulares at\u00e9 265g e 7 polegadas e opera em \u00e2ngulos suporte a vertical e horizontal e \u00e9 utiliza 3 pilhas do tipo AA.<\/p>\n","protected":false},"featured_media":4299,"comment_status":"open","ping_status":"closed","template":"","meta":[],"product_brand":[],"product_cat":[899,57,613,22,605],"product_tag":[999,1002,1000,998,1001],"class_list":{"0":"post-4307","1":"product","2":"type-product","3":"status-publish","4":"has-post-thumbnail","6":"product_cat-achadinhos","7":"product_cat-acessorios","8":"product_cat-amazon","9":"product_cat-eletronicos-audio-e-video","10":"product_cat-lojas","11":"product_tag-360o","12":"product_tag-reconhecimento-facial","13":"product_tag-selfies","14":"product_tag-suporte-cameraman","15":"product_tag-vlogs","17":"first","18":"instock","19":"shipping-taxable","20":"product-type-external"},"_links":{"self":[{"href":"https:\/\/barzo.com.br\/shop\/wp-json\/wp\/v2\/product\/4307","targetHints":{"allow":["GET"]}}],"collection":[{"href":"https:\/\/barzo.com.br\/shop\/wp-json\/wp\/v2\/product"}],"about":[{"href":"https:\/\/barzo.com.br\/shop\/wp-json\/wp\/v2\/types\/product"}],"replies":[{"embeddable":true,"href":"https:\/\/barzo.com.br\/shop\/wp-json\/wp\/v2\/comments?post=4307"}],"wp:featuredmedia":[{"embeddable":true,"href":"https:\/\/barzo.com.br\/shop\/wp-json\/wp\/v2\/media\/4299"}],"wp:attachment":[{"href":"https:\/\/barzo.com.br\/shop\/wp-json\/wp\/v2\/media?parent=4307"}],"wp:term":[{"taxonomy":"product_brand","embeddable":true,"href":"https:\/\/barzo.com.br\/shop\/wp-json\/wp\/v2\/product_brand?post=4307"},{"taxonomy":"product_cat","embeddable":true,"href":"https:\/\/barzo.com.br\/shop\/wp-json\/wp\/v2\/product_cat?post=4307"},{"taxonomy":"product_tag","embeddable":true,"href":"https:\/\/barzo.com.br\/shop\/wp-json\/wp\/v2\/product_tag?post=4307"}],"curies":[{"name":"wp","href":"https:\/\/api.w.org\/{rel}","templated":true}]}}