{"id":4305,"date":"2023-01-23T21:37:10","date_gmt":"2023-01-24T00:37:10","guid":{"rendered":"https:\/\/barzo.com.br\/shop\/?post_type=product&#038;p=4305"},"modified":"2023-01-23T21:38:47","modified_gmt":"2023-01-24T00:38:47","slug":"camera-ip-sem-fio-360-3-antenas-hd-wifi-visao-noturna-alarme","status":"publish","type":"product","link":"https:\/\/barzo.com.br\/shop\/produto\/camera-ip-sem-fio-360-3-antenas-hd-wifi-visao-noturna-alarme\/","title":{"rendered":"C\u00e2mera Ip Sem Fio 360\u00b0 3 Antenas Hd Wifi Vis\u00e3o Noturna Alarme"},"content":{"rendered":"<div id=\"productDescription_feature_div\" class=\"celwidget\" data-feature-name=\"productDescription_NA\" data-csa-c-type=\"widget\" data-csa-c-content-id=\"productDescription_NA\" data-csa-c-slot-id=\"productDescription_feature_div\" data-csa-c-asin=\"\" data-csa-c-is-in-initial-active-row=\"false\" data-csa-c-id=\"37kntt-2n3bv7-5riy3z-db078a\" data-cel-widget=\"productDescription_feature_div\">\n<div>\n<div id=\"productDescription_feature_div\" class=\"a-row feature\" data-feature-name=\"productDescription\" data-template-name=\"productDescription\" data-cel-widget=\"productDescription_feature_div\">\n<div id=\"productDescription\" class=\"a-section a-spacing-small\">\n<p>A C\u00e2mera Ip Sem Fio 360\u00b0 3 Antenas Hd Wifi possui Vis\u00e3o Noturna e Alarme, excelente op\u00e7\u00e3o para seguran\u00e7a interna do lar, tamb\u00e9m \u00e9 excelente como bab\u00e1 eletr\u00f4nica.<\/p>\n<p>Suporte de V\u00eddeo: H.264 de 1 via e MJPEG de 1 via, fluxo de v\u00eddeo simult\u00e2neo. MEGA Pixel CMOS Sensor, suporte de v\u00eddeo.Sensor: 1\/4 e 1\/3 CMOS Ilumina\u00e7\u00e3o M\u00ednima: 0,5 LUX-550nm Tipo de lente : lente de vidro \u00c1udio: suporte monitoramento de \u00e1udio bidirecional ETHERNET: 10\/100 Mbps RJ-45 Protocolo de Apoio: http-FTP-TCP\/IP-SMTP-DHCP-PPPoE-DDNS-UPnP- Padr\u00e3o Wirelles: IEEE 802.11b\/g\/n Suporte WPS( Wi-Fi Pretected setup ): WPS automaticamente configura o nome da rede (SSID) e a chave de seguran\u00e7a WPA para ponto de acesso<\/p>\n<p>\u00c2ngulo de panorama \/ inclina\u00e7\u00e3o: Horizontal:355\u00b0 e vertical:120\u00b0 Luz infravermelha: 11 LEDs IR, Visibilidade NOTE at\u00e9 10 metros Fonte de alimenta\u00e7\u00e3o : DC 5V \/ 2A ( adaptador UE, EUA, AU ou outros tipos-Opcional ) Consumo de energia : 5 Watts (m\u00e1x.) temperatura de opera\u00e7\u00e3o: 0\u00b0-55\u00b0 c\u00b0 ( 14\u00b0 F-122\u00b0F ) Umidade de opera\u00e7\u00e3o:20-85 sem condensa\u00e7\u00e3o temperatura de armazenamento :10\u00b0C-60\u00b0C ( 14\u00b0F-140\u00b0F ) Umidade de armazenamento: 0-90 sem condensa\u00e7\u00e3o.<\/p>\n<p>Tem op\u00e7\u00e3o de compartilhar limite de at\u00e9 10 pessoas pelo App e visualizar em tempo real. ( na \u00e1rea de trabalho Do app com a c\u00e2mera j\u00e1 configurada, ir\u00e1 aparecer 3 pontos no canto direito superior, clica 3 pontos- compartilhar- ir\u00e1 aparecer duas op\u00e7\u00f5es em ambas \u00e9 poss\u00edvel limitar o que o usu\u00e1rio pode acessar. a conta principal ir\u00e1 atuar com administrador e os demais visitantes )( OBS: n\u00e3o \u00e1 diferen\u00e7a entre ambas Fica a crit\u00e9rio do usu\u00e1rio )( OBS: \u00e9 poss\u00edvel haver algum tipo de conflito, caso ambos desejem movimentar a imagem da c\u00e2mera ). \u2013 IR ( ativa\u00e7\u00e3o autom\u00e1tica )<\/p>\n<p>Fun\u00e7\u00e3o PTZ- \u00e9 poss\u00edvel criar posi\u00e7\u00f5es e salva-las \u2026 ( apenas entrar no APP-acesso a c\u00e2mera-canto inferior direito- 3 barras- clicar em estrela- e criar as posi\u00e7\u00f5es. Limite de 5 posi\u00e7\u00f5es ) OBS: Fun\u00e7\u00e3o especifica permitida pelo APP e n\u00e3o pela c\u00e2mera. OBS: Ap\u00f3s Conectar a c\u00e2mera na na tomada, esperar em m\u00e9dia de 25s a 1 minuto- a c\u00e2mera come\u00e7ara a girar ap\u00f3s ligada. CONTE\u00daDO(OS) POR PACOTE 1 \u2013 C\u00e2mera Ip 1 \u2013 Manual de instala\u00e7\u00e3o 1 \u2013 Suporte de fixa\u00e7\u00e3o 1 \u2013 Kit de bucha<\/p>\n<\/div>\n<\/div>\n<\/div>\n<\/div>\n<div id=\"renewedProgramDescriptionBtf_feature_div\" class=\"celwidget\" data-feature-name=\"renewedProgramDescriptionBtf_NA\" data-csa-c-type=\"widget\" data-csa-c-content-id=\"renewedProgramDescriptionBtf_NA\" data-csa-c-slot-id=\"renewedProgramDescriptionBtf_feature_div\" data-csa-c-asin=\"\" data-csa-c-is-in-initial-active-row=\"false\" data-csa-c-id=\"2cc42j-b8upcx-dqgm3g-99fk36\" data-cel-widget=\"renewedProgramDescriptionBtf_feature_div\"><\/div>\n<div id=\"productDetails_feature_div\" class=\"celwidget\" data-feature-name=\"productDetails_NA\" data-csa-c-type=\"widget\" data-csa-c-content-id=\"productDetails_NA\" data-csa-c-slot-id=\"productDetails_feature_div\" data-csa-c-asin=\"\" data-csa-c-is-in-initial-active-row=\"false\" data-csa-c-id=\"dp0qm6-ecyiiv-rqg472-4zrbek\" data-cel-widget=\"productDetails_feature_div\">\n<p><a id=\"productDetails\" name=\"productDetails\"><\/a><\/p>\n<hr class=\"a-divider-normal\" aria-hidden=\"true\" \/>\n<div>\n<div id=\"prodDetails\" class=\"a-section\">\n<h2>Informa\u00e7\u00f5es sobre o produto<\/h2>\n<div class=\"a-row a-spacing-top-base\">\n<div class=\"a-column a-span6\">\n<div class=\"a-row a-spacing-base\">\n<div class=\"a-row a-expander-container a-expander-extend-container\">\n<div class=\"a-row\">\n<div class=\"a-column a-span6\">\n<h1 class=\"a-size-medium a-spacing-small\">Detalhes t\u00e9cnicos<\/h1>\n<\/div>\n<\/div>\n<div class=\"a-expander-content a-expander-extend-content\" aria-expanded=\"true\">\n<div class=\"a-row a-expander-container a-expander-inline-container\">\n<div class=\"a-expander-content a-expander-section-content a-section-expander-inner\" aria-expanded=\"true\">\n<table id=\"productDetails_techSpec_section_1\" class=\"a-keyvalue prodDetTable\" role=\"presentation\">\n<tbody>\n<tr>\n<th class=\"a-color-secondary a-size-base prodDetSectionEntry\">Fabricante<\/th>\n<td class=\"a-size-base prodDetAttrValue\">\u200eOnvif<\/td>\n<\/tr>\n<tr>\n<th class=\"a-color-secondary a-size-base prodDetSectionEntry\">Tipo de fonte de energia<\/th>\n<td class=\"a-size-base prodDetAttrValue\">\u200eAC\/DC<\/td>\n<\/tr>\n<tr>\n<th class=\"a-color-secondary a-size-base prodDetSectionEntry\">Voltagem<\/th>\n<td class=\"a-size-base prodDetAttrValue\">\u200e5 Volts<\/td>\n<\/tr>\n<tr>\n<th class=\"a-color-secondary a-size-base prodDetSectionEntry\">Tipo de l\u00e2mpada<\/th>\n<td class=\"a-size-base prodDetAttrValue\">\u200eLED, Infravermelho<\/td>\n<\/tr>\n<tr>\n<th class=\"a-color-secondary a-size-base prodDetSectionEntry\">Tipo de tomada<\/th>\n<td class=\"a-size-base prodDetAttrValue\">\u200eMontagem na parede<\/td>\n<\/tr>\n<tr>\n<th class=\"a-color-secondary a-size-base prodDetSectionEntry\">Recursos especiais<\/th>\n<td class=\"a-size-base prodDetAttrValue\">\u200eVis\u00e3o noturna<\/td>\n<\/tr>\n<tr>\n<th class=\"a-color-secondary a-size-base prodDetSectionEntry\">Funciona a bateria ou pilha?<\/th>\n<td class=\"a-size-base prodDetAttrValue\">\u200eN\u00e3o<\/td>\n<\/tr>\n<tr>\n<th class=\"a-color-secondary a-size-base prodDetSectionEntry\">Comprimento<\/th>\n<td class=\"a-size-base prodDetAttrValue\">\u200e15 cent\u00edmetros<\/td>\n<\/tr>\n<tr>\n<th class=\"a-color-secondary a-size-base prodDetSectionEntry\">Largura<\/th>\n<td class=\"a-size-base prodDetAttrValue\">\u200e14.5 cent\u00edmetros<\/td>\n<\/tr>\n<tr>\n<th class=\"a-color-secondary a-size-base prodDetSectionEntry\">Altura<\/th>\n<td class=\"a-size-base prodDetAttrValue\">\u200e11.5 cent\u00edmetros<\/td>\n<\/tr>\n<tr>\n<th class=\"a-color-secondary a-size-base prodDetSectionEntry\">Fabricante<\/th>\n<td class=\"a-size-base prodDetAttrValue\">\u200eOnvif<\/td>\n<\/tr>\n<tr>\n<th class=\"a-color-secondary a-size-base prodDetSectionEntry\">Dimens\u00f5es do produto<\/th>\n<td class=\"a-size-base prodDetAttrValue\">\u200e15 x 14.5 x 11.5 cm; 400 g<\/td>\n<\/tr>\n<tr>\n<th class=\"a-color-secondary a-size-base prodDetSectionEntry\">ASIN<\/th>\n<td class=\"a-size-base prodDetAttrValue\">\u200eB09CN4DYYW<\/td>\n<\/tr>\n<tr>\n<th class=\"a-color-secondary a-size-base prodDetSectionEntry\">Marca<\/th>\n<td class=\"a-size-base prodDetAttrValue\">\u200eOnvif<\/td>\n<\/tr>\n<tr>\n<th class=\"a-color-secondary a-size-base prodDetSectionEntry\">EAN<\/th>\n<td class=\"a-size-base prodDetAttrValue\">\u200e7803626332134<\/td>\n<\/tr>\n<\/tbody>\n<\/table>\n<\/div>\n<\/div>\n<\/div>\n<\/div>\n<\/div>\n<div class=\"a-row a-spacing-base\"><\/div>\n<\/div>\n<div class=\"a-column a-span6 a-span-last\">\n<div class=\"a-row a-spacing-base\">\n<div id=\"productDetails_db_sections\" class=\"a-section\">\n<h1 class=\"a-size-medium a-spacing-small secHeader\">Informa\u00e7\u00f5es adicionais<\/h1>\n<div class=\"a-section table-padding\">\n<table id=\"productDetails_detailBullets_sections1\" class=\"a-keyvalue prodDetTable\" role=\"presentation\">\n<tbody>\n<tr>\n<th class=\"a-color-secondary a-size-base prodDetSectionEntry\">Dimens\u00f5es do pacote<\/th>\n<td class=\"a-size-base prodDetAttrValue\">14.9 x 14.2 x 11.9 cent\u00edmetros<\/td>\n<\/tr>\n<\/tbody>\n<\/table>\n<\/div>\n<\/div>\n<\/div>\n<\/div>\n<\/div>\n<\/div>\n<\/div>\n<\/div>\n","protected":false},"excerpt":{"rendered":"<p>A C\u00e2mera Ip Sem Fio 360\u00b0 3 Antenas Hd Wifi possui Vis\u00e3o Noturna e Alarme, excelente op\u00e7\u00e3o para seguran\u00e7a interna do lar, tamb\u00e9m \u00e9 excelente como bab\u00e1 eletr\u00f4nica.<\/p>\n","protected":false},"featured_media":4294,"comment_status":"open","ping_status":"closed","template":"","meta":[],"product_brand":[],"product_cat":[899,613,480,19,22,605,71],"product_tag":[997,996,994,995],"class_list":{"0":"post-4305","1":"product","2":"type-product","3":"status-publish","4":"has-post-thumbnail","6":"product_cat-achadinhos","7":"product_cat-amazon","8":"product_cat-cameras","9":"product_cat-casa-e-jardim","10":"product_cat-eletronicos-audio-e-video","11":"product_cat-lojas","12":"product_cat-seguranca","13":"product_tag-baba-eletronica","14":"product_tag-camera-de-seguranca-wi-fi","15":"product_tag-casa-e-jardim","16":"product_tag-seguranca","18":"first","19":"instock","20":"shipping-taxable","21":"product-type-external"},"_links":{"self":[{"href":"https:\/\/barzo.com.br\/shop\/wp-json\/wp\/v2\/product\/4305","targetHints":{"allow":["GET"]}}],"collection":[{"href":"https:\/\/barzo.com.br\/shop\/wp-json\/wp\/v2\/product"}],"about":[{"href":"https:\/\/barzo.com.br\/shop\/wp-json\/wp\/v2\/types\/product"}],"replies":[{"embeddable":true,"href":"https:\/\/barzo.com.br\/shop\/wp-json\/wp\/v2\/comments?post=4305"}],"wp:featuredmedia":[{"embeddable":true,"href":"https:\/\/barzo.com.br\/shop\/wp-json\/wp\/v2\/media\/4294"}],"wp:attachment":[{"href":"https:\/\/barzo.com.br\/shop\/wp-json\/wp\/v2\/media?parent=4305"}],"wp:term":[{"taxonomy":"product_brand","embeddable":true,"href":"https:\/\/barzo.com.br\/shop\/wp-json\/wp\/v2\/product_brand?post=4305"},{"taxonomy":"product_cat","embeddable":true,"href":"https:\/\/barzo.com.br\/shop\/wp-json\/wp\/v2\/product_cat?post=4305"},{"taxonomy":"product_tag","embeddable":true,"href":"https:\/\/barzo.com.br\/shop\/wp-json\/wp\/v2\/product_tag?post=4305"}],"curies":[{"name":"wp","href":"https:\/\/api.w.org\/{rel}","templated":true}]}}