{"id":3981,"date":"2022-12-16T02:10:22","date_gmt":"2022-12-16T05:10:22","guid":{"rendered":"https:\/\/barzo.com.br\/shop\/?post_type=product&#038;p=3981"},"modified":"2022-12-16T02:45:42","modified_gmt":"2022-12-16T05:45:42","slug":"luminaria-de-piso-162-m-abajur-de-chao-articulavel-leitura","status":"publish","type":"product","link":"https:\/\/barzo.com.br\/shop\/produto\/luminaria-de-piso-162-m-abajur-de-chao-articulavel-leitura\/","title":{"rendered":"Lumin\u00e1ria de piso 1,62 m abajur de ch\u00e3o articul\u00e1vel leitura"},"content":{"rendered":"<p>Abajur de ch\u00e3o com c\u00fapula<\/p>\n<p>O acabamento \u00e9 rustico &#8211; madeira pinus &#8211; feito artesanalmente .<\/p>\n<p>Mais se deseja madeira pl\u00e1stica sem imperfei\u00e7\u00f5es ou veias de madeira natural feito industrialmente ele n\u00e3o vai te atender .<\/p>\n<p>\u00c9 um \u00f3timo custo e beneficio muito bonito e moderno.<\/p>\n<p>L\u00e2mpada n\u00e3o acompanha<\/p>\n<p>Lumin\u00e1ria entregue montada e n\u00e3o \u00e9 necess\u00e1rio montagem.<\/p>\n<p>Design livre de excessos apresenta visual urbano, r\u00fastico e ao mesmo tempo retr\u00f4.<\/p>\n<p>Base de lumin\u00e1ria, em madeira pinus de reflorestamento tingido com acabamento em verniz poliuretano.<\/p>\n<p>Ideal para escrit\u00f3rios, resid\u00eancias, est\u00fadios e salas.<\/p>\n<p>Proporciona uma \u00f3tima ilumina\u00e7\u00e3o para leitura.<\/p>\n<p>Lumin\u00e1ria possui bra\u00e7os articulados proporcionando um brilho mais concentrado e atraente, tornando-a uma op\u00e7\u00e3o ideal de ilumina\u00e7\u00e3o para trabalho e estudo.<\/p>\n<p>Possui soquete padr\u00e3o rosca E 27 (l\u00e2mpada padr\u00e3o)<\/p>\n<p>Voltagem: bivolt<\/p>\n<p>C\u00fapula de a\u00e7o revestida com acetato e encapada com tecido tricoline 100% algod\u00e3o<\/p>\n<p>Medidas da C\u00daPULA : 21 cm de altura e 15 cm de largura<\/p>\n<p>Medidas do abajur com c\u00fapula (posi\u00e7\u00e3o articulada) : 1,62 metros<\/p>\n<p>Medidas totalmente reto: 1,72 m<\/p>\n<p>Medidas fio : 2,0 metros cor preto<\/p>\n<p>Sistema interruptor on\/off.<\/p>\n<p>Base regul\u00e1vel e possui varias posi\u00e7\u00f5es.<\/p>\n<p>Pa\u00eds de Origem: Brasil<\/p>\n<p>Tipo de Garantia: Garantia do Fabricante<\/p>\n<p>Tipo de Ilumina\u00e7\u00e3o: Abajur<\/p>\n<p>Equipamento Smart: N\u00e3o<\/p>\n<p>Tipo de L\u00e2mpada: Halog\u00eanio<\/p>\n<p>Cor da L\u00e2mpada: Outras<\/p>\n<p>Tamanho Do Pacote: 45CM<\/p>\n<p>Recursos da Ilumina\u00e7\u00e3o: base articulada<\/p>\n<p>Quantidade: 1<\/p>\n<p>Pot\u00eancia: 60<\/p>\n<p>Dura\u00e7\u00e3o da Garantia: 7 dias<\/p>\n<p>Tipo de Encaixe da L\u00e2mpada: e-27<\/p>\n<p>Enviado de Pedreira, S\u00e3o Paulo<\/p>\n","protected":false},"excerpt":{"rendered":"<p>Abajur de ch\u00e3o com c\u00fapula<\/p>\n<p>O acabamento \u00e9 rustico &#8211; madeira pinus &#8211; feito artesanalmente .<\/p>\n","protected":false},"featured_media":3865,"comment_status":"open","ping_status":"closed","template":"","meta":[],"product_brand":[],"product_cat":[899,19,118,73,605,155,865],"product_tag":[],"class_list":{"0":"post-3981","1":"product","2":"type-product","3":"status-publish","4":"has-post-thumbnail","6":"product_cat-achadinhos","7":"product_cat-casa-e-jardim","8":"product_cat-decoracao","9":"product_cat-iluminacao","10":"product_cat-lojas","11":"product_cat-luminaria","12":"product_cat-shopee","14":"first","15":"instock","16":"shipping-taxable","17":"product-type-external"},"_links":{"self":[{"href":"https:\/\/barzo.com.br\/shop\/wp-json\/wp\/v2\/product\/3981","targetHints":{"allow":["GET"]}}],"collection":[{"href":"https:\/\/barzo.com.br\/shop\/wp-json\/wp\/v2\/product"}],"about":[{"href":"https:\/\/barzo.com.br\/shop\/wp-json\/wp\/v2\/types\/product"}],"replies":[{"embeddable":true,"href":"https:\/\/barzo.com.br\/shop\/wp-json\/wp\/v2\/comments?post=3981"}],"wp:featuredmedia":[{"embeddable":true,"href":"https:\/\/barzo.com.br\/shop\/wp-json\/wp\/v2\/media\/3865"}],"wp:attachment":[{"href":"https:\/\/barzo.com.br\/shop\/wp-json\/wp\/v2\/media?parent=3981"}],"wp:term":[{"taxonomy":"product_brand","embeddable":true,"href":"https:\/\/barzo.com.br\/shop\/wp-json\/wp\/v2\/product_brand?post=3981"},{"taxonomy":"product_cat","embeddable":true,"href":"https:\/\/barzo.com.br\/shop\/wp-json\/wp\/v2\/product_cat?post=3981"},{"taxonomy":"product_tag","embeddable":true,"href":"https:\/\/barzo.com.br\/shop\/wp-json\/wp\/v2\/product_tag?post=3981"}],"curies":[{"name":"wp","href":"https:\/\/api.w.org\/{rel}","templated":true}]}}