{"id":3980,"date":"2022-12-16T02:07:39","date_gmt":"2022-12-16T05:07:39","guid":{"rendered":"https:\/\/barzo.com.br\/shop\/?post_type=product&#038;p=3980"},"modified":"2023-03-20T23:26:30","modified_gmt":"2023-03-21T02:26:30","slug":"bico-arejador-de-torneira-anti-respingotorneira-chuveirinho-giratoria-360-para-economia-de-agua-em-torneira","status":"publish","type":"product","link":"https:\/\/barzo.com.br\/shop\/produto\/bico-arejador-de-torneira-anti-respingotorneira-chuveirinho-giratoria-360-para-economia-de-agua-em-torneira\/","title":{"rendered":"Bico Arejador De Torneira Anti Respingo,Torneira Chuveirinho Girat\u00f3ria 360\u00b0 Para Economia De \u00c1gua Em Torneira"},"content":{"rendered":"<p>Chuveirinho Arejador, eito de abs n\u00e3o-t\u00f3xico, silicone e a\u00e7o inoxid\u00e1vel, tendo boa flexibilidade, \u00e0 prova de \u00e1cido e wearproof.<\/p>\n<p>\ud83d\udd383 Fun\u00e7\u00f5es:<\/p>\n<p>1\ufe0f\u20e3Modo potencia, remove a sujeira mais grossa.<\/p>\n<p>2\ufe0f\u20e3Modo limpeza, jato de \u00e1gua volumoso e econ\u00f4mico lava a maioria da lou\u00e7a<\/p>\n<p>3\ufe0f\u20e3Modo espuma, \u00e9 ideal para tirar a espuma gastando o m\u00ednimo de \u00e1gua poss\u00edvel., de acordo com suas necessidades.<\/p>\n<p>\ud83d\udd38Caracter\u00edsticas Do Produto\uff1a<\/p>\n<p>1\ufe0f\u20e3Encaixa na maioria das torneiras que possuem rosca na ponta (universal)<\/p>\n<p>2\ufe0f\u20e3Encaixe para torneiras de 22mm e possui adaptador para torneiras de 24mm.<\/p>\n<p>3\ufe0f\u20e3Possui 3 tipos de jato de sa\u00edda da \u00e1gua<\/p>\n<p>4\ufe0f\u20e3Instala\u00e7\u00e3o f\u00e1cil sem necessidade de ferramentas!<\/p>\n<p>5\ufe0f\u20e3Puxe a frente e para tr\u00e1s da \u00e1gua, a curva de alongamento de 360 graus.<\/p>\n<p>Produto: Chuveirinho Arejador Tamanho:7,5*5,5*2,4\uff08Cm\uff09<\/p>\n<p>Peso:78g<\/p>\n<p>Cor: Prata<\/p>\n<p>Composi\u00e7\u00e3o: ABS + A\u00e7o Inoxid\u00e1vel Cont\u00e9m: 1 Unidade<\/p>\n<p>Enviado de S\u00e3o Paulo, S\u00e3o Paulo<\/p>\n","protected":false},"excerpt":{"rendered":"<p>Chuveirinho Arejador, eito de abs n\u00e3o-t\u00f3xico, silicone e a\u00e7o inoxid\u00e1vel, tendo boa flexibilidade, \u00e0 prova de \u00e1cido e wearproof.<\/p>\n<p>&nbsp;<\/p>\n","protected":false},"featured_media":3863,"comment_status":"open","ping_status":"closed","template":"","meta":[],"product_brand":[],"product_cat":[899,19,79,605,865,75],"product_tag":[1056,1059,1007,1004,1031],"class_list":{"0":"post-3980","1":"product","2":"type-product","3":"status-publish","4":"has-post-thumbnail","6":"product_cat-achadinhos","7":"product_cat-casa-e-jardim","8":"product_cat-cozinha-e-area-de-servico","9":"product_cat-lojas","10":"product_cat-shopee","11":"product_cat-torneira","12":"product_tag-barzo-indica","13":"product_tag-bico-arejador","14":"product_tag-casa-pratica","15":"product_tag-cozinha","16":"product_tag-cozinha-pratica","18":"first","19":"instock","20":"shipping-taxable","21":"product-type-external"},"_links":{"self":[{"href":"https:\/\/barzo.com.br\/shop\/wp-json\/wp\/v2\/product\/3980","targetHints":{"allow":["GET"]}}],"collection":[{"href":"https:\/\/barzo.com.br\/shop\/wp-json\/wp\/v2\/product"}],"about":[{"href":"https:\/\/barzo.com.br\/shop\/wp-json\/wp\/v2\/types\/product"}],"replies":[{"embeddable":true,"href":"https:\/\/barzo.com.br\/shop\/wp-json\/wp\/v2\/comments?post=3980"}],"wp:featuredmedia":[{"embeddable":true,"href":"https:\/\/barzo.com.br\/shop\/wp-json\/wp\/v2\/media\/3863"}],"wp:attachment":[{"href":"https:\/\/barzo.com.br\/shop\/wp-json\/wp\/v2\/media?parent=3980"}],"wp:term":[{"taxonomy":"product_brand","embeddable":true,"href":"https:\/\/barzo.com.br\/shop\/wp-json\/wp\/v2\/product_brand?post=3980"},{"taxonomy":"product_cat","embeddable":true,"href":"https:\/\/barzo.com.br\/shop\/wp-json\/wp\/v2\/product_cat?post=3980"},{"taxonomy":"product_tag","embeddable":true,"href":"https:\/\/barzo.com.br\/shop\/wp-json\/wp\/v2\/product_tag?post=3980"}],"curies":[{"name":"wp","href":"https:\/\/api.w.org\/{rel}","templated":true}]}}