{"id":3976,"date":"2022-12-16T01:57:23","date_gmt":"2022-12-16T04:57:23","guid":{"rendered":"https:\/\/barzo.com.br\/shop\/?post_type=product&#038;p=3976"},"modified":"2022-12-16T01:57:52","modified_gmt":"2022-12-16T04:57:52","slug":"saboneteira-de-pia-escorra-a-caixa-de-sabao-para-banheiro-com-suporte-ventosa-forma-de-folha","status":"publish","type":"product","link":"https:\/\/barzo.com.br\/shop\/produto\/saboneteira-de-pia-escorra-a-caixa-de-sabao-para-banheiro-com-suporte-ventosa-forma-de-folha\/","title":{"rendered":"Saboneteira De Pia Escorra A Caixa De Sab\u00e3o Para Banheiro Com Suporte Ventosa Forma De Folha 13&#215;8.7cmX10.5"},"content":{"rendered":"<p>Saboneteira de ventosa em forma de folha<\/p>\n<p>Caracter\u00edsticas:<\/p>\n<p>1. Design de forma de folha: design de folha torna sua casa mais bonita e elegante.<\/p>\n<p>2. Design de auto-drenagem: a drenagem autom\u00e1tica permite que a \u00e1gua flua rapidamente na pia. Mantenha os itens secos e limpos.<\/p>\n<p>3. A suc\u00e7\u00e3o base firme ajuda o suporte do prato de sab\u00e3o firmemente, e voc\u00ea n\u00e3o precisa se preocupar com isso caindo.<\/p>\n<p>Especifica\u00e7\u00e3o:<\/p>\n<p>Nome do artigo: Caixa de sab\u00e3o<\/p>\n<p>Tamanho: 13&#215;8.7cmX10.5 j\u00e1 montado.<\/p>\n<p>Enviado de S\u00e3o Paulo, S\u00e3o Paulo<\/p>\n","protected":false},"excerpt":{"rendered":"<p>Saboneteira de ventosa em forma de folha<\/p>\n","protected":false},"featured_media":3761,"comment_status":"open","ping_status":"closed","template":"","meta":[],"product_brand":[],"product_cat":[899,78,19,118,605,159,865],"product_tag":[],"class_list":{"0":"post-3976","1":"product","2":"type-product","3":"status-publish","4":"has-post-thumbnail","6":"product_cat-achadinhos","7":"product_cat-banheiro","8":"product_cat-casa-e-jardim","9":"product_cat-decoracao","10":"product_cat-lojas","11":"product_cat-objetos-decorativos","12":"product_cat-shopee","14":"first","15":"instock","16":"shipping-taxable","17":"product-type-external"},"_links":{"self":[{"href":"https:\/\/barzo.com.br\/shop\/wp-json\/wp\/v2\/product\/3976","targetHints":{"allow":["GET"]}}],"collection":[{"href":"https:\/\/barzo.com.br\/shop\/wp-json\/wp\/v2\/product"}],"about":[{"href":"https:\/\/barzo.com.br\/shop\/wp-json\/wp\/v2\/types\/product"}],"replies":[{"embeddable":true,"href":"https:\/\/barzo.com.br\/shop\/wp-json\/wp\/v2\/comments?post=3976"}],"wp:featuredmedia":[{"embeddable":true,"href":"https:\/\/barzo.com.br\/shop\/wp-json\/wp\/v2\/media\/3761"}],"wp:attachment":[{"href":"https:\/\/barzo.com.br\/shop\/wp-json\/wp\/v2\/media?parent=3976"}],"wp:term":[{"taxonomy":"product_brand","embeddable":true,"href":"https:\/\/barzo.com.br\/shop\/wp-json\/wp\/v2\/product_brand?post=3976"},{"taxonomy":"product_cat","embeddable":true,"href":"https:\/\/barzo.com.br\/shop\/wp-json\/wp\/v2\/product_cat?post=3976"},{"taxonomy":"product_tag","embeddable":true,"href":"https:\/\/barzo.com.br\/shop\/wp-json\/wp\/v2\/product_tag?post=3976"}],"curies":[{"name":"wp","href":"https:\/\/api.w.org\/{rel}","templated":true}]}}