{"id":3973,"date":"2022-12-16T01:43:05","date_gmt":"2022-12-16T04:43:05","guid":{"rendered":"https:\/\/barzo.com.br\/shop\/?post_type=product&#038;p=3973"},"modified":"2022-12-16T01:49:05","modified_gmt":"2022-12-16T04:49:05","slug":"kit-trio-3-vasos-ceramica-enfeite-decorativo-centro-de-mesa-sala-enfeite-rack-sala-branco","status":"publish","type":"product","link":"https:\/\/barzo.com.br\/shop\/produto\/kit-trio-3-vasos-ceramica-enfeite-decorativo-centro-de-mesa-sala-enfeite-rack-sala-branco\/","title":{"rendered":"Kit Trio 3 Vasos Cer\u00e2mica Enfeite Decorativo Centro De Mesa Sala Enfeite Rack Sala Branco"},"content":{"rendered":"<p>Lindo Conjunto de Vasos Para Centro Mesa Decorativo Enfeite Sala Cer\u00e2mica<\/p>\n<p>Detalhes Do Produto<\/p>\n<p>Pa\u00eds de Origem: Brasil<\/p>\n<p>Decora\u00e7\u00e3o Sazonal: N\u00e3o<\/p>\n<p>Tamanho Do Pacote: 1ML<\/p>\n<p>Quantidade: 1<\/p>\n<p>Dura\u00e7\u00e3o da Garantia: 7 dias<\/p>\n<p>Enviado de Pedreira, S\u00e3o Paulo<\/p>\n<p>&#8212;&#8212;&#8212;&#8212;&#8212;&#8212;&#8212;&#8212;&#8212;&#8212;&#8212;&#8212;&#8212;&#8212;&#8212;&#8212;&#8212;&#8212;<\/p>\n<p>-Temos todos os modelos Conjunto Centro mesa a pronta entrega e com o melhor custo beneficio.<\/p>\n<p>-Produto 100% de QUALIDADE e DURABILIDADE! 1\u00b0 Linha PREMIUM<\/p>\n<p>-O envio \u00e9 feito com muito CUIDADO e COMPROMISSO<\/p>\n<p>-Temos muitas varia\u00e7\u00f5es de Cores e Formatos<\/p>\n<p>Nossos produtos s\u00e3o muito bem DETALHADOS, e trazendo muito estilo para seu ambiente PRODUTO DE CER\u00c2MICA<\/p>\n<p>&#8211; **A BANDEJA DE VIDRO \u00c9 APENAS DECORATIVA, N\u00c3O FAZ PARTE DO ANUNCIO**<\/p>\n<p>&#8212;&#8212;&#8212;&#8212;&#8212;&#8212;&#8212;&#8212;&#8212;&#8212;&#8212;&#8212;&#8212;&#8212;&#8212;&#8212;&#8212;&#8212;<\/p>\n<p>-Trio Garrafinha P\/M\/G Vaso Grande<\/p>\n<p>Altura: 18,5 Cm x Largura: 7,0 Cm<\/p>\n<p>Vaso M\u00e9dio Altura: 16,0 Cm x Largura: 6,0 Cm<\/p>\n<p>Vaso Pequeno Altura: 13,5 Cm x Largura: 5,0 Cm<\/p>\n","protected":false},"excerpt":{"rendered":"<p>Lindo Conjunto de Vasos Para Centro Mesa Decorativo Enfeite Sala Cer\u00e2mica.<\/p>\n","protected":false},"featured_media":3627,"comment_status":"open","ping_status":"closed","template":"","meta":[],"product_brand":[],"product_cat":[899,118,605,159,865],"product_tag":[],"class_list":{"0":"post-3973","1":"product","2":"type-product","3":"status-publish","4":"has-post-thumbnail","6":"product_cat-achadinhos","7":"product_cat-decoracao","8":"product_cat-lojas","9":"product_cat-objetos-decorativos","10":"product_cat-shopee","12":"first","13":"instock","14":"shipping-taxable","15":"product-type-external"},"_links":{"self":[{"href":"https:\/\/barzo.com.br\/shop\/wp-json\/wp\/v2\/product\/3973","targetHints":{"allow":["GET"]}}],"collection":[{"href":"https:\/\/barzo.com.br\/shop\/wp-json\/wp\/v2\/product"}],"about":[{"href":"https:\/\/barzo.com.br\/shop\/wp-json\/wp\/v2\/types\/product"}],"replies":[{"embeddable":true,"href":"https:\/\/barzo.com.br\/shop\/wp-json\/wp\/v2\/comments?post=3973"}],"wp:featuredmedia":[{"embeddable":true,"href":"https:\/\/barzo.com.br\/shop\/wp-json\/wp\/v2\/media\/3627"}],"wp:attachment":[{"href":"https:\/\/barzo.com.br\/shop\/wp-json\/wp\/v2\/media?parent=3973"}],"wp:term":[{"taxonomy":"product_brand","embeddable":true,"href":"https:\/\/barzo.com.br\/shop\/wp-json\/wp\/v2\/product_brand?post=3973"},{"taxonomy":"product_cat","embeddable":true,"href":"https:\/\/barzo.com.br\/shop\/wp-json\/wp\/v2\/product_cat?post=3973"},{"taxonomy":"product_tag","embeddable":true,"href":"https:\/\/barzo.com.br\/shop\/wp-json\/wp\/v2\/product_tag?post=3973"}],"curies":[{"name":"wp","href":"https:\/\/api.w.org\/{rel}","templated":true}]}}