{"id":3965,"date":"2022-12-16T01:28:53","date_gmt":"2022-12-16T04:28:53","guid":{"rendered":"https:\/\/barzo.com.br\/shop\/?post_type=product&#038;p=3965"},"modified":"2022-12-16T01:28:53","modified_gmt":"2022-12-16T04:28:53","slug":"enfeite-bolas-de-natal-tubo-15und","status":"publish","type":"product","link":"https:\/\/barzo.com.br\/shop\/produto\/enfeite-bolas-de-natal-tubo-15und\/","title":{"rendered":"Enfeite bolas de natal tubo 15UND"},"content":{"rendered":"<p>Enfeite bolas de natal tubo 15 UND<\/p>\n<p>Disponivel nas op\u00e7\u00f5es : 15 unidades e 9 Unidades<\/p>\n<p>Composi\u00e7\u00e3o: pl\u00e1stico<\/p>\n<p>Dimens\u00f5es: 3&#215;3 cm cada acompanha fio para pendurar.<\/p>\n<p>Quantidade: 15 Bolinhas<\/p>\n<p>Pa\u00eds de Origem: China<\/p>\n<p>Enviado de S\u00e3o Paulo, S\u00e3o Paulo<\/p>\n","protected":false},"excerpt":{"rendered":"<p>Enfeite bolas de natal tubo 15 UND Disponivel nas op\u00e7\u00f5es : 15 unidades e 9 Unidades<\/p>\n","protected":false},"featured_media":3639,"comment_status":"open","ping_status":"closed","template":"","meta":[],"product_brand":[],"product_cat":[899,118,605,159,865],"product_tag":[],"class_list":{"0":"post-3965","1":"product","2":"type-product","3":"status-publish","4":"has-post-thumbnail","6":"product_cat-achadinhos","7":"product_cat-decoracao","8":"product_cat-lojas","9":"product_cat-objetos-decorativos","10":"product_cat-shopee","12":"first","13":"instock","14":"shipping-taxable","15":"product-type-external"},"_links":{"self":[{"href":"https:\/\/barzo.com.br\/shop\/wp-json\/wp\/v2\/product\/3965","targetHints":{"allow":["GET"]}}],"collection":[{"href":"https:\/\/barzo.com.br\/shop\/wp-json\/wp\/v2\/product"}],"about":[{"href":"https:\/\/barzo.com.br\/shop\/wp-json\/wp\/v2\/types\/product"}],"replies":[{"embeddable":true,"href":"https:\/\/barzo.com.br\/shop\/wp-json\/wp\/v2\/comments?post=3965"}],"wp:featuredmedia":[{"embeddable":true,"href":"https:\/\/barzo.com.br\/shop\/wp-json\/wp\/v2\/media\/3639"}],"wp:attachment":[{"href":"https:\/\/barzo.com.br\/shop\/wp-json\/wp\/v2\/media?parent=3965"}],"wp:term":[{"taxonomy":"product_brand","embeddable":true,"href":"https:\/\/barzo.com.br\/shop\/wp-json\/wp\/v2\/product_brand?post=3965"},{"taxonomy":"product_cat","embeddable":true,"href":"https:\/\/barzo.com.br\/shop\/wp-json\/wp\/v2\/product_cat?post=3965"},{"taxonomy":"product_tag","embeddable":true,"href":"https:\/\/barzo.com.br\/shop\/wp-json\/wp\/v2\/product_tag?post=3965"}],"curies":[{"name":"wp","href":"https:\/\/api.w.org\/{rel}","templated":true}]}}