{"id":3610,"date":"2022-12-08T19:12:19","date_gmt":"2022-12-08T22:12:19","guid":{"rendered":"https:\/\/barzo.com.br\/shop\/?post_type=product&#038;p=3610"},"modified":"2022-12-08T19:12:19","modified_gmt":"2022-12-08T22:12:19","slug":"smartphone-samsung-galaxy-s20-fe-5g-128gb-branco-octa-core-6gb-ram-65-cam-tripla-selfie-32mp","status":"publish","type":"product","link":"https:\/\/barzo.com.br\/shop\/produto\/smartphone-samsung-galaxy-s20-fe-5g-128gb-branco-octa-core-6gb-ram-65-cam-tripla-selfie-32mp\/","title":{"rendered":"Smartphone Samsung Galaxy S20 FE 5G 128GB Branco &#8211; Octa-Core 6GB RAM 6,5\u201d C\u00e2m. Tripla + Selfie 32MP"},"content":{"rendered":"<div class=\"product\">\n<div class=\"ptabs\">\n<div class=\"product-factsheet \" data-factsheet-id=\"234880800\">\n<div class=\"tab-content\">\n<div id=\"tab-descricao234880800\" class=\"tab-pane active\">\n<table class=\"tab descricao\">\n<tbody>\n<tr class=\"attribute level1\">\n<td>Esse produto da Samsung \u00e9 tudo que voc\u00ea pediu de um celular e com uma experi\u00eancia revolucion\u00e1ria! Um enorme avan\u00e7o na resolu\u00e7\u00e3o de fotografias, entregando fotos profissionais a qualquer hora, pois o Galaxy S20 FE conta com um conjunto de tr\u00eas c\u00e2meras na parte de tr\u00e1s, permitindo cliques perfeitos e sem grande esfor\u00e7o, independente do ambiente. A c\u00e2mera frontal de 32 megapixels oferece tecnologia de n\u00edvel profissional, para que as selfies tenham o m\u00e1ximo de criatividade. Com 128GB de armazenamento interno, ele \u00e9 perfeito para guardar todas suas fotos, m\u00fasicas ou v\u00eddeos. Se ainda achar pouco, utilize um cart\u00e3o MicroSD de at\u00e9 1TB para expandir essa capacidade! Seu processador \u00e9 Qualcomm Snapdragon 865 Octa-Core e em conjunto dos 6GB de mem\u00f3ria RAM melhoram sua experi\u00eancia de uso devido a sua combina\u00e7\u00e3o poderosa de hardware e software. Sua tela de 6,5&#8243; com resolu\u00e7\u00e3o FHD+, Super AMOLED entregam um display grande e imersivo ao assistir seus filmes e suas s\u00e9ries favoritas com o m\u00e1ximo de qualidade. Permane\u00e7a sempre conectado nas redes sociais com a tecnologia 5G em um aparelho dual chip! Sua bateria \u00e9 de 4500mAh, lembrando que a dura\u00e7\u00e3o da bateria pode variar de acordo com o uso. Este celular tem prote\u00e7\u00e3o personalizada com leitor de impress\u00e3o digital na tela, deixando seus conte\u00fados e dados confidenciais protegidos com m\u00e1xima seguran\u00e7a. A cor branca \u00e9 \u00e9pica e destaca o design premium do smartphone, garantindo maior eleg\u00e2ncia em suas m\u00e3os.<\/td>\n<\/tr>\n<\/tbody>\n<\/table>\n<\/div>\n<\/div>\n<\/div>\n<\/div>\n<\/div>\n<div class=\"row-header\"><\/div>\n<div>Ficha T\u00e9cnica:<\/div>\n<div>\n<div class=\"product\">\n<div class=\"ptabs\">\n<div class=\"product-factsheet \" data-factsheet-id=\"234880800\">\n<div class=\"tab-content\">\n<div id=\"tab-ficha-tecnica234880800\" class=\"tab-pane active\">\n<table class=\"tab ficha-tecnica\">\n<tbody>\n<tr class=\"attribute level1 odd\">\n<td class=\"name\">Marca<\/td>\n<td class=\"element\">Samsung<\/td>\n<\/tr>\n<tr class=\"attribute level1 even\">\n<td class=\"name\">Refer\u00eancia<\/td>\n<td class=\"element\">SM-G781BZWRZTO<\/td>\n<\/tr>\n<tr class=\"attribute level1 odd\">\n<td class=\"name\">Modelo<\/td>\n<td class=\"element\">S20 FE<\/td>\n<\/tr>\n<tr class=\"attribute level1 even\">\n<td class=\"name\">Linha<\/td>\n<td class=\"element\">Galaxy<\/td>\n<\/tr>\n<tr class=\"attribute level1 odd\">\n<td class=\"name\">Cor<\/td>\n<td class=\"element\">Branco<\/td>\n<\/tr>\n<tr class=\"attribute level1 even\">\n<td class=\"name\">Armazenamento Interno<\/td>\n<td class=\"element\">128GB<\/td>\n<\/tr>\n<tr class=\"attribute level1 odd\">\n<td class=\"name\">Informa\u00e7\u00f5es da Armazenamento Interno<\/td>\n<td class=\"element\">A mem\u00f3ria total pode variar conforme aplicativos pr\u00e9-instalados e sistema operacional<\/td>\n<\/tr>\n<tr class=\"attribute level1 even\">\n<td class=\"name\">Suporte ao Cart\u00e3o de Mem\u00f3ria<\/td>\n<td class=\"element\">At\u00e9 1TB<\/td>\n<\/tr>\n<tr class=\"attribute level1 odd\">\n<td class=\"name\">Mem\u00f3ria RAM<\/td>\n<td class=\"element\">6GB<\/td>\n<\/tr>\n<tr class=\"attribute level1 even\">\n<td class=\"name\">Tipo de Tela<\/td>\n<td class=\"element\">Super AMOLED<\/td>\n<\/tr>\n<tr class=\"attribute level1 odd\">\n<td class=\"name\">Tamanho da Tela<\/td>\n<td class=\"element\">6,5&#8243;<\/td>\n<\/tr>\n<tr class=\"attribute level1 even\">\n<td class=\"name\">Resolu\u00e7\u00e3o da Tela<\/td>\n<td class=\"element\">FHD+<\/td>\n<\/tr>\n<tr class=\"attribute level1 odd\">\n<td class=\"name\">Tecnologia<\/td>\n<td class=\"element\">5G<\/td>\n<\/tr>\n<tr class=\"attribute level1 even\">\n<td class=\"name\">Aten\u00e7\u00e3o<\/td>\n<td class=\"element\">Produto n\u00e3o acompanha fone de ouvido<\/td>\n<\/tr>\n<tr class=\"attribute level1 odd\">\n<td class=\"name\">Conectividade<\/td>\n<td class=\"element\">Bluetooth v5.0<\/td>\n<\/tr>\n<tr class=\"attribute level1 even\">\n<td class=\"name\">Localiza\u00e7\u00e3o<\/td>\n<td class=\"element\">GPS<\/td>\n<\/tr>\n<tr class=\"attribute level1 odd\">\n<td class=\"name\">Processador<\/td>\n<td class=\"element\">Octa-core<\/td>\n<\/tr>\n<tr class=\"attribute level1 even\">\n<td class=\"name\">Velocidade do Processador<\/td>\n<td class=\"element\">2.8GHz<\/td>\n<\/tr>\n<tr class=\"attribute level1 odd\">\n<td class=\"name\">Sistema Operacional<\/td>\n<td class=\"element\">Android<\/td>\n<\/tr>\n<tr class=\"attribute level1 even\">\n<td class=\"name\">Vers\u00e3o do Sistema Operacional<\/td>\n<td class=\"element\">12<\/td>\n<\/tr>\n<tr class=\"attribute level1 odd\">\n<td class=\"name\">Quantidade de Chips<\/td>\n<td class=\"element\">Dual Chip<\/td>\n<\/tr>\n<tr class=\"attribute level1 even\">\n<td class=\"name\">Tipo de Chip<\/td>\n<td class=\"element\">Nano-SIM (4FF)<\/td>\n<\/tr>\n<tr class=\"attribute level1 odd\">\n<td class=\"name\">Resolu\u00e7\u00e3o da C\u00e2mera Traseira<\/td>\n<td class=\"element\">12MP +12MP + 8MP<\/td>\n<\/tr>\n<tr class=\"attribute level1 even\">\n<td class=\"name\">Recursos da C\u00e2mera Traseira<\/td>\n<td class=\"element\">Zoom digital de 30x \/ Zoom \u00f3ptico de 3x \/ Foco autom\u00e1tico \/ flash Led \/ Estabilizador \u00f3ptico de imagem<\/td>\n<\/tr>\n<tr class=\"attribute level1 odd\">\n<td class=\"name\">Resolu\u00e7\u00e3o da C\u00e2mera Frontal<\/td>\n<td class=\"element\">32MP<\/td>\n<\/tr>\n<tr class=\"attribute level1 even\">\n<td class=\"name\">Recursos da C\u00e2mera Frontal<\/td>\n<td class=\"element\">Abertura F2.2, Flash na tela<\/td>\n<\/tr>\n<tr class=\"attribute level1 odd\">\n<td class=\"name\">Sensores<\/td>\n<td class=\"element\">Aceler\u00f4metro, Girosc\u00f3pio, Sensor Geomagn\u00e9tico, Proximidade, Luminosidade, Sensor Hall<\/td>\n<\/tr>\n<tr class=\"attribute level1 even\">\n<td class=\"name\">Capacidade da Bateria<\/td>\n<td class=\"element\">4500mAh<\/td>\n<\/tr>\n<tr class=\"attribute level1 odd\">\n<td class=\"name\">Carregamento R\u00e1pido<\/td>\n<td class=\"element\">25W<\/td>\n<\/tr>\n<tr class=\"attribute level1 even\">\n<td class=\"name\">Certificado de Homologa\u00e7\u00e3o da Anatel N\u00famero<\/td>\n<td class=\"element\">16218-21-00953<\/td>\n<\/tr>\n<tr class=\"attribute level1 odd\">\n<td class=\"name\">Peso do Produto<\/td>\n<td class=\"element\">190g<\/td>\n<\/tr>\n<tr class=\"attribute level1 even\">\n<td class=\"name\">Dimens\u00f5es do Produto<\/td>\n<td class=\"element\">Largura: 7,45cm Altura: 15,98cm Profundidade: 0,84cm<\/td>\n<\/tr>\n<tr class=\"attribute level1 odd\">\n<td class=\"name\">Prazo de Garantia<\/td>\n<td class=\"element\">01 ano (3 meses de garantia legal e mais 9 meses de garantia especial concedida pelo fabricante).<\/td>\n<\/tr>\n<tr class=\"attribute level1 even\">\n<td class=\"name\">Conte\u00fado da Embalagem<\/td>\n<td class=\"element\">1 Smartphone, 1 Carregador, 1 Cabo USB, 1 Extrator de Chip, Manual do Usu\u00e1rio<\/td>\n<\/tr>\n<\/tbody>\n<\/table>\n<\/div>\n<\/div>\n<\/div>\n<\/div>\n<\/div>\n<div class=\"row recomm-white-box recomm-cross\">\n<div class=\"row-fluid recomm-content\">\n<div class=\"row-header\"><\/div>\n<\/div>\n<\/div>\n<\/div>\n","protected":false},"excerpt":{"rendered":"<p>Esse produto da Samsung \u00e9 tudo que voc\u00ea pediu de um celular e com uma experi\u00eancia revolucion\u00e1ria! Um enorme avan\u00e7o na resolu\u00e7\u00e3o de fotografias, entregando fotos profissionais a qualquer hora, pois o Galaxy S20 FE conta com um conjunto de tr\u00eas c\u00e2meras na parte de tr\u00e1s, permitindo cliques perfeitos e sem grande esfor\u00e7o, independente do ambiente.<\/p>\n","protected":false},"featured_media":3611,"comment_status":"open","ping_status":"closed","template":"","meta":[],"product_brand":[],"product_cat":[605,606,135,131,126],"product_tag":[],"class_list":{"0":"post-3610","1":"product","2":"type-product","3":"status-publish","4":"has-post-thumbnail","6":"product_cat-lojas","7":"product_cat-magalu","8":"product_cat-samsung","9":"product_cat-smartphones","10":"product_cat-telefones-celulares-e-tablets","12":"first","13":"instock","14":"shipping-taxable","15":"product-type-external"},"_links":{"self":[{"href":"https:\/\/barzo.com.br\/shop\/wp-json\/wp\/v2\/product\/3610","targetHints":{"allow":["GET"]}}],"collection":[{"href":"https:\/\/barzo.com.br\/shop\/wp-json\/wp\/v2\/product"}],"about":[{"href":"https:\/\/barzo.com.br\/shop\/wp-json\/wp\/v2\/types\/product"}],"replies":[{"embeddable":true,"href":"https:\/\/barzo.com.br\/shop\/wp-json\/wp\/v2\/comments?post=3610"}],"wp:featuredmedia":[{"embeddable":true,"href":"https:\/\/barzo.com.br\/shop\/wp-json\/wp\/v2\/media\/3611"}],"wp:attachment":[{"href":"https:\/\/barzo.com.br\/shop\/wp-json\/wp\/v2\/media?parent=3610"}],"wp:term":[{"taxonomy":"product_brand","embeddable":true,"href":"https:\/\/barzo.com.br\/shop\/wp-json\/wp\/v2\/product_brand?post=3610"},{"taxonomy":"product_cat","embeddable":true,"href":"https:\/\/barzo.com.br\/shop\/wp-json\/wp\/v2\/product_cat?post=3610"},{"taxonomy":"product_tag","embeddable":true,"href":"https:\/\/barzo.com.br\/shop\/wp-json\/wp\/v2\/product_tag?post=3610"}],"curies":[{"name":"wp","href":"https:\/\/api.w.org\/{rel}","templated":true}]}}