{"id":3608,"date":"2022-12-08T18:51:17","date_gmt":"2022-12-08T21:51:17","guid":{"rendered":"https:\/\/barzo.com.br\/shop\/?post_type=product&#038;p=3608"},"modified":"2022-12-08T18:51:17","modified_gmt":"2022-12-08T21:51:17","slug":"jogo-de-potes-de-plastico-hermetico-electrolux-com-tampa-quadrado-8-pecas","status":"publish","type":"product","link":"https:\/\/barzo.com.br\/shop\/produto\/jogo-de-potes-de-plastico-hermetico-electrolux-com-tampa-quadrado-8-pecas\/","title":{"rendered":"Jogo de Potes de Pl\u00e1stico Herm\u00e9tico Electrolux &#8211; com Tampa Quadrado 8 Pe\u00e7as"},"content":{"rendered":"<div class=\"product\">\n<div class=\"ptabs\">\n<div class=\"product-factsheet \" data-factsheet-id=\"234782600\">\n<div class=\"tab-content\">\n<div id=\"tab-descricao234782600\" class=\"tab-pane active\">\n<table class=\"tab descricao\">\n<tbody>\n<tr class=\"attribute level1\">\n<td>Sua vida vai ficar muito mais f\u00e1cil com este lindo e pr\u00e1tico Jogo de Potes 41046084 da Electrolux.<\/p>\n<p>S\u00e3o 8 pe\u00e7as com formato quadrado, fechamento herm\u00e9tico e sistema de veda\u00e7\u00e3o com borracha. As capacidades s\u00e3o de 230ml, 470ml, 500ml, 600ml, 800ml, 1,18L, 1,4L e 1,71L. Todas as tampas s\u00e3o Easy Open para f\u00e1cil abertura e registro de data de armazenamento do produto.<\/p>\n<p>Al\u00e9m de resistentes, eles s\u00e3o feitos com pl\u00e1stico espec\u00edfico para o armazenamento de alimentos, livre de BPA. Podem ser guardados no freezer e usados no micro-ondas.<\/td>\n<\/tr>\n<\/tbody>\n<\/table>\n<\/div>\n<\/div>\n<\/div>\n<\/div>\n<\/div>\n<div class=\"row-header\"><\/div>\n<div>Ficha T\u00e9cnica:<\/div>\n<div>\n<div class=\"product\">\n<div class=\"ptabs\">\n<div class=\"product-factsheet \" data-factsheet-id=\"234782600\">\n<div class=\"tab-content\">\n<div id=\"tab-ficha-tecnica234782600\" class=\"tab-pane active\">\n<table class=\"tab ficha-tecnica\">\n<tbody>\n<tr class=\"attribute level1 odd\">\n<td class=\"name\">Marca<\/td>\n<td class=\"element\">Electrolux<\/td>\n<\/tr>\n<tr class=\"attribute level1 even\">\n<td class=\"name\">Refer\u00eancia<\/td>\n<td class=\"element\">41046084<\/td>\n<\/tr>\n<tr class=\"attribute level1 odd\">\n<td class=\"name\">Modelo<\/td>\n<td class=\"element\">41046084<\/td>\n<\/tr>\n<tr class=\"attribute level1 even\">\n<td class=\"name\">Material<\/td>\n<td class=\"element\">de Pl\u00e1stico<\/td>\n<\/tr>\n<tr class=\"attribute level1 odd\">\n<td class=\"name\">Caracter\u00edsticas<\/td>\n<td class=\"element\">com Tampa<\/td>\n<\/tr>\n<tr class=\"attribute level1 even\">\n<td class=\"name\">Formato<\/td>\n<td class=\"element\">Quadrado<\/td>\n<\/tr>\n<tr class=\"attribute level1 odd\">\n<td class=\"name\">Capacidade<\/td>\n<td class=\"element\">230ml, 470ml, 500ml, 600ml, 800ml, 1,18L, 1,4L, 1,71L<\/td>\n<\/tr>\n<tr class=\"attribute level1 even\">\n<td class=\"name\">Quantidade de pe\u00e7as<\/td>\n<td class=\"element\">8 Pe\u00e7as<\/td>\n<\/tr>\n<tr class=\"attribute level1 odd\">\n<td class=\"name\">Tipo de fechamento<\/td>\n<td class=\"element\">Herm\u00e9tico<\/td>\n<\/tr>\n<tr class=\"attribute level1 even\">\n<td class=\"name\">Prote\u00e7\u00e3o<\/td>\n<td class=\"element\">Livre de BPA<\/td>\n<\/tr>\n<tr class=\"attribute level1 odd\">\n<td class=\"name\">Indicado para<\/td>\n<td class=\"element\">Armazenagem de alimentos<\/td>\n<\/tr>\n<tr class=\"attribute level1 even\">\n<td class=\"name\">Pode ir<\/td>\n<td class=\"element\">\u00e0 Geladeira, ao Freezer, ao Micro-ondas, \u00e0 Lava Lou\u00e7as<\/td>\n<\/tr>\n<tr class=\"attribute level1 odd\">\n<td class=\"name\">Instru\u00e7\u00f5es de lavagem<\/td>\n<td class=\"element\">Pode ser lavado normalmente com o auxilio de uma esponja macia, ou na lava-lou\u00e7as<\/td>\n<\/tr>\n<tr class=\"attribute level1 even\">\n<td class=\"name\">Cor<\/td>\n<td class=\"element\">Vermelho<\/td>\n<\/tr>\n<tr class=\"attribute level1 odd\">\n<td class=\"name\">Peso do produto<\/td>\n<td class=\"element\">506g<\/td>\n<\/tr>\n<tr class=\"attribute level1 even\">\n<td class=\"name\">Peso do produto com embalagem<\/td>\n<td class=\"element\">629g<\/td>\n<\/tr>\n<tr class=\"attribute level1 odd\">\n<td class=\"name\">Dimens\u00f5es do produto com embalagem<\/td>\n<td class=\"element\">Largura: 48,2cm Altura: 39,4cm Profundidade: 25,2cm<\/td>\n<\/tr>\n<tr class=\"attribute level1 even\">\n<td class=\"name\">Prazo de garantia<\/td>\n<td class=\"element\">3 meses de garantia legal<\/td>\n<\/tr>\n<tr class=\"attribute level1 odd\">\n<td class=\"name\">Conte\u00fado da embalagem<\/td>\n<td class=\"element\">1 Jogo de Potes<\/td>\n<\/tr>\n<\/tbody>\n<\/table>\n<\/div>\n<\/div>\n<\/div>\n<\/div>\n<\/div>\n<div class=\"row recomm-white-box recomm-cross\">\n<div class=\"row-fluid recomm-content\">\n<div class=\"row-header\"><\/div>\n<\/div>\n<\/div>\n<\/div>\n","protected":false},"excerpt":{"rendered":"<p>Sua vida vai ficar muito mais f\u00e1cil com este lindo e pr\u00e1tico Jogo de Potes 41046084 da Electrolux. S\u00e3o 8 pe\u00e7as com formato quadrado, fechamento herm\u00e9tico e sistema de veda\u00e7\u00e3o com borracha.<\/p>\n","protected":false},"featured_media":3609,"comment_status":"open","ping_status":"closed","template":"","meta":[],"product_brand":[],"product_cat":[605,606,147,127],"product_tag":[],"class_list":{"0":"post-3608","1":"product","2":"type-product","3":"status-publish","4":"has-post-thumbnail","6":"product_cat-lojas","7":"product_cat-magalu","8":"product_cat-utensilios-e-acessorios-domesticos","9":"product_cat-utilidades-domesticas","11":"first","12":"instock","13":"shipping-taxable","14":"product-type-external"},"_links":{"self":[{"href":"https:\/\/barzo.com.br\/shop\/wp-json\/wp\/v2\/product\/3608","targetHints":{"allow":["GET"]}}],"collection":[{"href":"https:\/\/barzo.com.br\/shop\/wp-json\/wp\/v2\/product"}],"about":[{"href":"https:\/\/barzo.com.br\/shop\/wp-json\/wp\/v2\/types\/product"}],"replies":[{"embeddable":true,"href":"https:\/\/barzo.com.br\/shop\/wp-json\/wp\/v2\/comments?post=3608"}],"wp:featuredmedia":[{"embeddable":true,"href":"https:\/\/barzo.com.br\/shop\/wp-json\/wp\/v2\/media\/3609"}],"wp:attachment":[{"href":"https:\/\/barzo.com.br\/shop\/wp-json\/wp\/v2\/media?parent=3608"}],"wp:term":[{"taxonomy":"product_brand","embeddable":true,"href":"https:\/\/barzo.com.br\/shop\/wp-json\/wp\/v2\/product_brand?post=3608"},{"taxonomy":"product_cat","embeddable":true,"href":"https:\/\/barzo.com.br\/shop\/wp-json\/wp\/v2\/product_cat?post=3608"},{"taxonomy":"product_tag","embeddable":true,"href":"https:\/\/barzo.com.br\/shop\/wp-json\/wp\/v2\/product_tag?post=3608"}],"curies":[{"name":"wp","href":"https:\/\/api.w.org\/{rel}","templated":true}]}}