{"id":3606,"date":"2022-12-08T18:44:46","date_gmt":"2022-12-08T21:44:46","guid":{"rendered":"https:\/\/barzo.com.br\/shop\/?post_type=product&#038;p=3606"},"modified":"2022-12-08T18:44:46","modified_gmt":"2022-12-08T21:44:46","slug":"aparador-de-pelos-mondial-super-groom-10-bg-08-com-acessorios","status":"publish","type":"product","link":"https:\/\/barzo.com.br\/shop\/produto\/aparador-de-pelos-mondial-super-groom-10-bg-08-com-acessorios\/","title":{"rendered":"Aparador de Pelos Mondial Super Groom 10 BG-08 &#8211; com Acess\u00f3rios"},"content":{"rendered":"<div class=\"product\">\n<div class=\"ptabs\">\n<div class=\"product-factsheet \" data-factsheet-id=\"231104300\">\n<div class=\"tab-content\">\n<div id=\"tab-descricao231104300\" class=\"tab-pane active\">\n<table class=\"tab descricao\">\n<tbody>\n<tr class=\"attribute level1\">\n<td>Um combo completo, o Super Groom 10 BG-08 na cor branca da Mondial te oferece um aparelho 10 em 1. Aparador de cabelo, aparador de barba e bigode, pentes de corte, pente ajust\u00e1vel, aparador para nariz e orelha, aparador de precis\u00e3o e microbarbeador, tudo em um s\u00f3 produto. Acompanha 4 pentes guia com 3, 6, 9 e 12mm de altura, um pente ajust\u00e1vel com 16 n\u00edveis de altura e possui l\u00e2minas de inox que proporcionam um corte preciso e suave para seu cabelo, pelos ou barba.<\/p>\n<p>Sua base carregadora permite organizar seus acess\u00f3rios e recarregar o aparelho. Carregado, garante autonomia de 90 minutos de uso sem fio ap\u00f3s 2 horas de carregamento e uma luz indicadora de bateria que avisa o momento certo da recarga.<\/p>\n<p>Perfeito para cuidados pessoais o Super Groom 10 \u00e9 de uso dom\u00e9stico, utiliza\u00e7\u00e3o seco, ideal para cabelo, barba e bigode, nariz e orelha. Voltagem Bivolt, pot\u00eancia de 6W. Cabe na frasqueira e \u00e9 \u00f3timo para levar com praticidade!<\/td>\n<\/tr>\n<\/tbody>\n<\/table>\n<\/div>\n<\/div>\n<\/div>\n<\/div>\n<\/div>\n<div class=\"row-header\"><\/div>\n<div>Ficha T\u00e9cnica:<\/div>\n<div>\n<div class=\"product\">\n<div class=\"ptabs\">\n<div class=\"product-factsheet \" data-factsheet-id=\"231104300\">\n<div class=\"tab-content\">\n<div id=\"tab-ficha-tecnica231104300\" class=\"tab-pane active\">\n<table class=\"tab ficha-tecnica\">\n<tbody>\n<tr class=\"attribute level1 odd\">\n<td class=\"name\">Marca<\/td>\n<td class=\"element\">Mondial<\/td>\n<\/tr>\n<tr class=\"attribute level1 even\">\n<td class=\"name\">Refer\u00eancia<\/td>\n<td class=\"element\">8605-01<\/td>\n<\/tr>\n<tr class=\"attribute level1 odd\">\n<td class=\"name\">Modelo<\/td>\n<td class=\"element\">BG-08<\/td>\n<\/tr>\n<tr class=\"attribute level1 even\">\n<td class=\"name\">Linha<\/td>\n<td class=\"element\">Super Groom 10<\/td>\n<\/tr>\n<tr class=\"attribute level1 odd\">\n<td class=\"name\">Uso<\/td>\n<td class=\"element\">Dom\u00e9stico<\/td>\n<\/tr>\n<tr class=\"attribute level1 even\">\n<td class=\"name\">Tipo de utiliza\u00e7\u00e3o<\/td>\n<td class=\"element\">Seco<\/td>\n<\/tr>\n<tr class=\"attribute level1 odd\">\n<td class=\"name\">N\u00edveis de altura<\/td>\n<td class=\"element\">1 Pente com regulagem de altura com 16 n\u00edveis de comprimentos<\/td>\n<\/tr>\n<tr class=\"attribute level1 even\">\n<td class=\"name\">Pente<\/td>\n<td class=\"element\">4 Pentes de corte, 1 Pente com regulagem de altura com 16 n\u00edveis de comprimentos<\/td>\n<\/tr>\n<tr class=\"attribute level1 odd\">\n<td class=\"name\">Acess\u00f3rios<\/td>\n<td class=\"element\">Aparador de cabelo, Aparador de barba e bigode, Aparador de precis\u00e3o, Microbarbeador, Aparador de nariz e orelha, 4 Pentes de corte, 1 Pente com regulagem de altura com 16 comprimentos<\/td>\n<\/tr>\n<tr class=\"attribute level1 even\">\n<td class=\"name\">\u00c1rea de aplica\u00e7\u00e3o<\/td>\n<td class=\"element\">Cabelo, Barba e Bigode, Nariz e Orelha<\/td>\n<\/tr>\n<tr class=\"attribute level1 odd\">\n<td class=\"name\">Pot\u00eancia<\/td>\n<td class=\"element\">6W<\/td>\n<\/tr>\n<tr class=\"attribute level1 even\">\n<td class=\"name\">Caracter\u00edsticas<\/td>\n<td class=\"element\">10 Em 1: Aparador de cabelo, Aparador de barba e bigode, Aparador de precis\u00e3o, Microbarbeador, Aparador de nariz e orelha, 4 Pentes de corte, 1 Pente com regulagem de altura com 16 comprimentos; L\u00e2minas em A\u00e7o Inox; bateria com autonomia de 90 minutos; uso sem fio; Base carregadora\/organizadora, Luz indicadora de carregamento; design Moderno<\/td>\n<\/tr>\n<tr class=\"attribute level1 odd\">\n<td class=\"name\">Tempo de carga<\/td>\n<td class=\"element\">2 horas de carregamento e uma luz indicadora de bateria que avisa o momento certo da recarga<\/td>\n<\/tr>\n<tr class=\"attribute level1 even\">\n<td class=\"name\">Voltagem<\/td>\n<td class=\"element\">Bivolt<\/td>\n<\/tr>\n<tr class=\"attribute level1 odd\">\n<td class=\"name\">Alimenta\u00e7\u00e3o<\/td>\n<td class=\"element\">Bateria<\/td>\n<\/tr>\n<tr class=\"attribute level1 even\">\n<td class=\"name\">Cor<\/td>\n<td class=\"element\">Branco<\/td>\n<\/tr>\n<tr class=\"attribute level1 odd\">\n<td class=\"name\">Certifica\u00e7\u00f5es<\/td>\n<td class=\"element\">BRA21\/00312<\/td>\n<\/tr>\n<tr class=\"attribute level1 even\">\n<td class=\"name\">Peso do produto<\/td>\n<td class=\"element\">130g<\/td>\n<\/tr>\n<tr class=\"attribute level1 odd\">\n<td class=\"name\">Peso do produto com embalagem<\/td>\n<td class=\"element\">710g<\/td>\n<\/tr>\n<tr class=\"attribute level1 even\">\n<td class=\"name\">Dimens\u00f5es do produto<\/td>\n<td class=\"element\">Largura: 4,4cm Altura: 17cm Profundidade: 4,2cm<\/td>\n<\/tr>\n<tr class=\"attribute level1 odd\">\n<td class=\"name\">Dimens\u00f5es do produto com embalagem<\/td>\n<td class=\"element\">Largura: 8,7cm Altura: 21cm Profundidade: 25,2cm<\/td>\n<\/tr>\n<tr class=\"attribute level1 even\">\n<td class=\"name\">Prazo de garantia<\/td>\n<td class=\"element\">1 ano ( 3 meses de garantia legal e mais 9 meses de garantia especial concedida pelo fabricante)<\/td>\n<\/tr>\n<tr class=\"attribute level1 odd\">\n<td class=\"name\">SAC do fornecedor<\/td>\n<td class=\"element\">sac@emondial.com<\/td>\n<\/tr>\n<tr class=\"attribute level1 even\">\n<td class=\"name\">Conte\u00fado da embalagem<\/td>\n<td class=\"element\">1 Aparador de Pelos<\/td>\n<\/tr>\n<\/tbody>\n<\/table>\n<\/div>\n<\/div>\n<\/div>\n<\/div>\n<\/div>\n<div class=\"row recomm-white-box recomm-cross\">\n<div class=\"row-fluid recomm-content\">\n<div class=\"row-header\"><\/div>\n<\/div>\n<\/div>\n<\/div>\n","protected":false},"excerpt":{"rendered":"<p>Um combo completo, o Super Groom 10 BG-08 na cor branca da Mondial te oferece um aparelho 10 em 1. Aparador de cabelo, aparador de barba e bigode, pentes de corte, pente ajust\u00e1vel, aparador para nariz e orelha, aparador de precis\u00e3o e microbarbeador, tudo em um s\u00f3 produto.<\/p>\n","protected":false},"featured_media":3607,"comment_status":"open","ping_status":"closed","template":"","meta":[],"product_brand":[],"product_cat":[605,447,444,419,16,606,445,446],"product_tag":[],"class_list":{"0":"post-3606","1":"product","2":"type-product","3":"status-publish","4":"has-post-thumbnail","6":"product_cat-lojas","7":"product_cat-acessorios-barbearia","8":"product_cat-barbeador-aparador-de-pelos","9":"product_cat-barbearia","10":"product_cat-beleza-bem-estar-e-saude","11":"product_cat-magalu","12":"product_cat-maquina-de-cortar-cabelo","13":"product_cat-produtos-para-barba","15":"first","16":"instock","17":"shipping-taxable","18":"product-type-external"},"_links":{"self":[{"href":"https:\/\/barzo.com.br\/shop\/wp-json\/wp\/v2\/product\/3606","targetHints":{"allow":["GET"]}}],"collection":[{"href":"https:\/\/barzo.com.br\/shop\/wp-json\/wp\/v2\/product"}],"about":[{"href":"https:\/\/barzo.com.br\/shop\/wp-json\/wp\/v2\/types\/product"}],"replies":[{"embeddable":true,"href":"https:\/\/barzo.com.br\/shop\/wp-json\/wp\/v2\/comments?post=3606"}],"wp:featuredmedia":[{"embeddable":true,"href":"https:\/\/barzo.com.br\/shop\/wp-json\/wp\/v2\/media\/3607"}],"wp:attachment":[{"href":"https:\/\/barzo.com.br\/shop\/wp-json\/wp\/v2\/media?parent=3606"}],"wp:term":[{"taxonomy":"product_brand","embeddable":true,"href":"https:\/\/barzo.com.br\/shop\/wp-json\/wp\/v2\/product_brand?post=3606"},{"taxonomy":"product_cat","embeddable":true,"href":"https:\/\/barzo.com.br\/shop\/wp-json\/wp\/v2\/product_cat?post=3606"},{"taxonomy":"product_tag","embeddable":true,"href":"https:\/\/barzo.com.br\/shop\/wp-json\/wp\/v2\/product_tag?post=3606"}],"curies":[{"name":"wp","href":"https:\/\/api.w.org\/{rel}","templated":true}]}}