{"id":3602,"date":"2022-12-08T03:08:27","date_gmt":"2022-12-08T06:08:27","guid":{"rendered":"https:\/\/barzo.com.br\/shop\/?post_type=product&#038;p=3602"},"modified":"2022-12-08T03:08:27","modified_gmt":"2022-12-08T06:08:27","slug":"ar-condicionado-split-tcl-12-000-btus-frio-elite-a1-tac-12csa1","status":"publish","type":"product","link":"https:\/\/barzo.com.br\/shop\/produto\/ar-condicionado-split-tcl-12-000-btus-frio-elite-a1-tac-12csa1\/","title":{"rendered":"Ar-condicionado Split TCL 12.000 BTUs Frio &#8211; Elite A1 TAC-12CSA1"},"content":{"rendered":"<div class=\"product\">\n<div class=\"ptabs\">\n<div class=\"product-factsheet \" data-factsheet-id=\"228860600\">\n<div class=\"tab-content\">\n<div id=\"tab-descricao228860600\" class=\"tab-pane active\">\n<table class=\"tab descricao\">\n<tbody>\n<tr class=\"attribute level1\">\n<td>Nos meses mais quentes do ano, um Pa\u00eds tropical como o nosso sofre com as altas temperaturas. Para amenizar o clima dentro de nossas casas ou trabalho, um Ar-condicionado pode fazer toda a diferen\u00e7a n\u00e3o \u00e9 mesmo? Por isso vale muito a pena conhecer o Ar-condicionado Elite A1 TAC-12CSA1 da TCL. Trata-se de um ar-condicionado do tipo split que conta com uma incr\u00edvel refrigera\u00e7\u00e3o de 12.000 BTUs que com certeza vai deixar o clima muito agrad\u00e1vel no c\u00f4modo instalado. Com ciclo frio, esse ar certamente far\u00e1 parte do conforto de todos ao redor pela qualidade do produto.<\/td>\n<\/tr>\n<\/tbody>\n<\/table>\n<\/div>\n<\/div>\n<\/div>\n<\/div>\n<\/div>\n<div class=\"row-header\"><\/div>\n<div>Ficha T\u00e9cnica:<\/div>\n<div>\n<div class=\"product\">\n<div class=\"ptabs\">\n<div class=\"product-factsheet \" data-factsheet-id=\"228860600\">\n<div class=\"tab-content\">\n<div id=\"tab-ficha-tecnica228860600\" class=\"tab-pane active\">\n<table class=\"tab ficha-tecnica\">\n<tbody>\n<tr class=\"attribute level1 odd\">\n<td class=\"name\">Marca<\/td>\n<td class=\"element\">TCL<\/td>\n<\/tr>\n<tr class=\"attribute level1 even\">\n<td class=\"name\">Refer\u00eancia da Condensadora<\/td>\n<td class=\"element\">TAC-12CSA1<\/td>\n<\/tr>\n<tr class=\"attribute level1 odd\">\n<td class=\"name\">Refer\u00eancia da Evaporadora<\/td>\n<td class=\"element\">TAC-12CSA1<\/td>\n<\/tr>\n<tr class=\"attribute level1 even\">\n<td class=\"name\">Modelo<\/td>\n<td class=\"element\">TAC-12CSA1<\/td>\n<\/tr>\n<tr class=\"attribute level1 odd\">\n<td class=\"name\">Linha<\/td>\n<td class=\"element\">Elite A1<\/td>\n<\/tr>\n<tr class=\"attribute level1 even\">\n<td class=\"name\">Tipo<\/td>\n<td class=\"element\">Split<\/td>\n<\/tr>\n<tr class=\"attribute level1 odd\">\n<td class=\"name\">Capacidade de Refrigera\u00e7\u00e3o<\/td>\n<td class=\"element\">12000 BTUs<\/td>\n<\/tr>\n<tr class=\"attribute level1 even\">\n<td class=\"name\">Capacidade de Refrigera\u00e7\u00e3o Nominal<\/td>\n<td class=\"element\">2637W<\/td>\n<\/tr>\n<tr class=\"attribute level1 odd\">\n<td class=\"name\">Tamanho do Ambiente<\/td>\n<td class=\"element\">24m\u00b2<\/td>\n<\/tr>\n<tr class=\"attribute level1 even\">\n<td class=\"name\">Aten\u00e7\u00e3o<\/td>\n<td class=\"element\">O tamanho do ambiente \u00e9 apenas uma refer\u00eancia. Para maior exatid\u00e3o chame um t\u00e9cnico.<\/td>\n<\/tr>\n<tr class=\"attribute level1 odd\">\n<td class=\"name\">Ciclo<\/td>\n<td class=\"element\">Frio<\/td>\n<\/tr>\n<tr class=\"attribute level1 even\">\n<td class=\"name\">Efici\u00eancia Energ\u00e9tica<\/td>\n<td class=\"element\">Classe A<\/td>\n<\/tr>\n<tr class=\"attribute level1 odd\">\n<td class=\"name\">Modos de Opera\u00e7\u00e3o<\/td>\n<td class=\"element\">&#8211; Modo Oscilar &#8211; Controle do Fluxo de Ar<br \/>\n&#8211; Modo Resfriamento<br \/>\n&#8211; Modo Aquecimento<br \/>\n&#8211; Modo Timer &#8211; Acionamento autom\u00e1tico<br \/>\n&#8211; Modo Timer &#8211; Desligamento autom\u00e1tico<br \/>\n&#8211; Modo Ventila\u00e7\u00e3o<br \/>\n&#8211; Desumidificar<br \/>\n&#8211; Dormir<br \/>\n&#8211; Modo Autom\u00e1tico<br \/>\n&#8211; Modo ECO<br \/>\n&#8211; Display<br \/>\n&#8211; Auto Limpeza<br \/>\n&#8211; Modo Sil\u00eancio<\/td>\n<\/tr>\n<tr class=\"attribute level1 even\">\n<td class=\"name\">Filtro<\/td>\n<td class=\"element\">Filtro HD Silver + Carv\u00e3o Ativado<\/td>\n<\/tr>\n<tr class=\"attribute level1 odd\">\n<td class=\"name\">Temperatura<\/td>\n<td class=\"element\">16\u00b0C a 31\u00b0C<\/td>\n<\/tr>\n<tr class=\"attribute level1 even\">\n<td class=\"name\">Vaz\u00e3o de Ar<\/td>\n<td class=\"element\">10m\u00b3\/min<\/td>\n<\/tr>\n<tr class=\"attribute level1 odd\">\n<td class=\"name\">Tipo de G\u00e1s Refrigerante<\/td>\n<td class=\"element\">R410A<\/td>\n<\/tr>\n<tr class=\"attribute level1 even\">\n<td class=\"name\">Tipo de Compressor<\/td>\n<td class=\"element\">Rotativo<\/td>\n<\/tr>\n<tr class=\"attribute level1 odd\">\n<td class=\"name\">Sa\u00edda de Ar<\/td>\n<td class=\"element\">Multidirecional<\/td>\n<\/tr>\n<tr class=\"attribute level1 even\">\n<td class=\"name\">N\u00edvel de Ru\u00eddo<\/td>\n<td class=\"element\">&#8211; Externo: 52Db<br \/>\n&#8211; Interno 33Db<\/td>\n<\/tr>\n<tr class=\"attribute level1 odd\">\n<td class=\"name\">Recircula\u00e7\u00e3o de Ar<\/td>\n<td class=\"element\">600m\u00b3\/h<\/td>\n<\/tr>\n<tr class=\"attribute level1 even\">\n<td class=\"name\">Formato da Condensadora<\/td>\n<td class=\"element\">Retangular<\/td>\n<\/tr>\n<tr class=\"attribute level1 odd\">\n<td class=\"name\">Material da Serpentina<\/td>\n<td class=\"element\">Cobre<\/td>\n<\/tr>\n<tr class=\"attribute level1 even\">\n<td class=\"name\">Material<\/td>\n<td class=\"element\">&#8211; A\u00e7o<br \/>\n&#8211; Alum\u00ednio<br \/>\n&#8211; Pl\u00e1stico<br \/>\n&#8211; Cobre<\/td>\n<\/tr>\n<tr class=\"attribute level1 odd\">\n<td class=\"name\">Pot\u00eancia<\/td>\n<td class=\"element\">1404W<\/td>\n<\/tr>\n<tr class=\"attribute level1 even\">\n<td class=\"name\">Voltagem<\/td>\n<td class=\"element\">220 Volts<\/td>\n<\/tr>\n<tr class=\"attribute level1 odd\">\n<td class=\"name\">Consumo Aproximado de Energia<\/td>\n<td class=\"element\">22,8 Kw\/H<\/td>\n<\/tr>\n<tr class=\"attribute level1 even\">\n<td class=\"name\">Frequ\u00eancia<\/td>\n<td class=\"element\">60Hz<\/td>\n<\/tr>\n<tr class=\"attribute level1 odd\">\n<td class=\"name\">Cor<\/td>\n<td class=\"element\">Branco<\/td>\n<\/tr>\n<tr class=\"attribute level1 even\">\n<td class=\"name\">Certifica\u00e7\u00f5es<\/td>\n<td class=\"element\">Inmetro 810575<\/td>\n<\/tr>\n<tr class=\"attribute level1 odd\">\n<td class=\"name\">Dimens\u00f5es do produto &#8211; Largura<\/td>\n<td class=\"element\">&#8211; Evaporadora: 20,8cm<br \/>\n&#8211; Condensadora: 29cm<\/td>\n<\/tr>\n<tr class=\"attribute level1 even\">\n<td class=\"name\">Dimens\u00f5es do produto &#8211; Altura<\/td>\n<td class=\"element\">&#8211; Evaporadora: 29,2cm<br \/>\n&#8211; Condensadora: 49,8cm<\/td>\n<\/tr>\n<tr class=\"attribute level1 odd\">\n<td class=\"name\">Dimens\u00f5es do produto &#8211; Profundidade<\/td>\n<td class=\"element\">&#8211; Evaporadora: 80,8cm<br \/>\n&#8211; Condensadora: 77,7cm<\/td>\n<\/tr>\n<tr class=\"attribute level1 even\">\n<td class=\"name\">Dimens\u00f5es da embalagem &#8211; Largura<\/td>\n<td class=\"element\">&#8211; Evaporadora: 37cm<br \/>\n&#8211; Condensadora: 32,9cm<\/td>\n<\/tr>\n<tr class=\"attribute level1 odd\">\n<td class=\"name\">Dimens\u00f5es da embalagem &#8211; Altura<\/td>\n<td class=\"element\">&#8211; Evaporadora: 28,7cm<br \/>\n&#8211; Condensadora: 52,7cm<\/td>\n<\/tr>\n<tr class=\"attribute level1 even\">\n<td class=\"name\">Dimens\u00f5es da embalagem &#8211; Profundidade<\/td>\n<td class=\"element\">&#8211; Evaporadora: 88,9cm<br \/>\n&#8211; Condensadora: 82,2cm<\/td>\n<\/tr>\n<tr class=\"attribute level1 odd\">\n<td class=\"name\">Peso do Produto<\/td>\n<td class=\"element\">&#8211; Evaporadora: 9kg<br \/>\n&#8211; Condensadora: 26kg<\/td>\n<\/tr>\n<tr class=\"attribute level1 even\">\n<td class=\"name\">Peso do Produto com Embalagem<\/td>\n<td class=\"element\">&#8211; Evaporadora: 12kg<br \/>\n&#8211; Condensadora: 30kg<\/td>\n<\/tr>\n<tr class=\"attribute level1 odd\">\n<td class=\"name\">Prazo de Garantia<\/td>\n<td class=\"element\">02 anos (3 meses de garantia legal e mais 21 meses de garantia especial concedida pelo fabricante). N\u00e3o dispense a presen\u00e7a de um t\u00e9cnico credenciado ou autorizado pelo o fabricante, assegurando os prazos de garantia estendida do produto, garantimos seu produto contra defeitos de fabrica\u00e7\u00e3o pelo per\u00edodo de 03 meses (Garantia Legal). Leia o o manual de instala\u00e7\u00e3o e opere de acordo com o manual do propriet\u00e1rio<\/td>\n<\/tr>\n<tr class=\"attribute level1 even\">\n<td class=\"name\">SAC do Fornecedor<\/td>\n<td class=\"element\">sac@semptcl.com.br<\/td>\n<\/tr>\n<tr class=\"attribute level1 odd\">\n<td class=\"name\">Conte\u00fado da Embalagem<\/td>\n<td class=\"element\">&#8211; 1 Ar-condicionado<\/td>\n<\/tr>\n<\/tbody>\n<\/table>\n<\/div>\n<\/div>\n<\/div>\n<\/div>\n<\/div>\n<div class=\"row recomm-white-box recomm-cross\">\n<div class=\"row-fluid recomm-content\">\n<div class=\"row-header\"><\/div>\n<\/div>\n<\/div>\n<\/div>\n","protected":false},"excerpt":{"rendered":"<p>Nos meses mais quentes do ano, um Pa\u00eds tropical como o nosso sofre com as altas temperaturas. Para amenizar o clima dentro de nossas casas ou trabalho, um Ar-condicionado pode fazer toda a diferen\u00e7a n\u00e3o \u00e9 mesmo? Por isso vale muito a pena conhecer o Ar-condicionado Elite A1 TAC-12CSA1 da TCL.<\/p>\n","protected":false},"featured_media":3603,"comment_status":"open","ping_status":"closed","template":"","meta":[],"product_brand":[],"product_cat":[605,68,19,606],"product_tag":[],"class_list":{"0":"post-3602","1":"product","2":"type-product","3":"status-publish","4":"has-post-thumbnail","6":"product_cat-lojas","7":"product_cat-ar-condicionado-e-ventilacao","8":"product_cat-casa-e-jardim","9":"product_cat-magalu","11":"first","12":"instock","13":"shipping-taxable","14":"product-type-external"},"_links":{"self":[{"href":"https:\/\/barzo.com.br\/shop\/wp-json\/wp\/v2\/product\/3602","targetHints":{"allow":["GET"]}}],"collection":[{"href":"https:\/\/barzo.com.br\/shop\/wp-json\/wp\/v2\/product"}],"about":[{"href":"https:\/\/barzo.com.br\/shop\/wp-json\/wp\/v2\/types\/product"}],"replies":[{"embeddable":true,"href":"https:\/\/barzo.com.br\/shop\/wp-json\/wp\/v2\/comments?post=3602"}],"wp:featuredmedia":[{"embeddable":true,"href":"https:\/\/barzo.com.br\/shop\/wp-json\/wp\/v2\/media\/3603"}],"wp:attachment":[{"href":"https:\/\/barzo.com.br\/shop\/wp-json\/wp\/v2\/media?parent=3602"}],"wp:term":[{"taxonomy":"product_brand","embeddable":true,"href":"https:\/\/barzo.com.br\/shop\/wp-json\/wp\/v2\/product_brand?post=3602"},{"taxonomy":"product_cat","embeddable":true,"href":"https:\/\/barzo.com.br\/shop\/wp-json\/wp\/v2\/product_cat?post=3602"},{"taxonomy":"product_tag","embeddable":true,"href":"https:\/\/barzo.com.br\/shop\/wp-json\/wp\/v2\/product_tag?post=3602"}],"curies":[{"name":"wp","href":"https:\/\/api.w.org\/{rel}","templated":true}]}}